{"id":5946,"date":"2024-07-15T08:20:08","date_gmt":"2024-07-15T08:20:08","guid":{"rendered":"https:\/\/www.vadaszboltcsorna.hu\/?post_type=product&#038;p=5946"},"modified":"2025-04-07T12:06:47","modified_gmt":"2025-04-07T12:06:47","slug":"brenneke-basic-8x57-js","status":"publish","type":"product","link":"https:\/\/www.vadaszboltcsorna.hu\/index.php\/termek\/brenneke-basic-8x57-js\/","title":{"rendered":"Brenneke Basic 8&#215;57 JS"},"content":{"rendered":"<h2 style=\"text-align: center;\"><strong>Brenneke Basic 8&#215;57 JS<\/strong><\/h2>\n<p>&nbsp;<\/p>\n<h3 class=\"\" data-start=\"305\" data-end=\"374\">\ud83c\udfaf BRENNEKE BASIC 8&#215;57 JS 13,0g \/ 200gr \u2013 Pontoss\u00e1g el\u00e9rhet\u0151 \u00e1ron<\/h3>\n<p class=\"\" data-start=\"376\" data-end=\"785\"><strong data-start=\"376\" data-end=\"437\">Megb\u00edzhat\u00f3, prec\u00edz \u00e9s megfizethet\u0151 \u2013 ez a BRENNEKE BASIC.<\/strong><br data-start=\"437\" data-end=\"440\" \/>A n\u00e9met BRENNEKE gy\u00e1rt\u00f3 bel\u00e9p\u0151 szint\u0171, m\u00e9gis professzion\u00e1lis min\u0151s\u00e9g\u0171 l\u0151szere <strong data-start=\"518\" data-end=\"557\">r\u00e9szleges sz\u00e9tt\u00f6redez\u00e9s\u0171 l\u00f6ved\u00e9kkel<\/strong> \u00e9s <strong data-start=\"561\" data-end=\"605\">klasszikus tombak k\u00f6penyes kialak\u00edt\u00e1ssal<\/strong> rendelkezik. A BASIC l\u00f6ved\u00e9k t\u00f6k\u00e9letes v\u00e1laszt\u00e1s <strong data-start=\"655\" data-end=\"690\">kisebb \u00e9s k\u00f6zepes test\u0171 vadakra<\/strong> (max. 50 kg-ig), ahol az ir\u00e1ny\u00edtott energia\u00e1tad\u00e1s \u00e9s a v\u00e9rnyom k\u00f6vethet\u0151s\u00e9ge k\u00fcl\u00f6n\u00f6sen fontos.<\/p>\n<h4 class=\"\" data-start=\"787\" data-end=\"810\">\ud83d\udd0d F\u0151bb jellemz\u0151k:<\/h4>\n<ul data-start=\"812\" data-end=\"1133\">\n<li class=\"\" data-start=\"812\" data-end=\"836\">\n<p class=\"\" data-start=\"814\" data-end=\"836\"><strong data-start=\"814\" data-end=\"826\">Kaliber:<\/strong> 8&#215;57 JS<\/p>\n<\/li>\n<li class=\"\" data-start=\"837\" data-end=\"879\">\n<p class=\"\" data-start=\"839\" data-end=\"879\"><strong data-start=\"839\" data-end=\"858\">L\u00f6ved\u00e9k t\u00f6mege:<\/strong> 13,0 g \/ 200 grain<\/p>\n<\/li>\n<li class=\"\" data-start=\"880\" data-end=\"968\">\n<p class=\"\" data-start=\"882\" data-end=\"968\"><strong data-start=\"882\" data-end=\"904\">L\u00f6ved\u00e9kkialak\u00edt\u00e1s:<\/strong> r\u00e9szleges fragment\u00e1ci\u00f3 \u2013 az el\u00fcls\u0151 mag t\u00f6rik, a h\u00e1ts\u00f3 \u00e1thatol<\/p>\n<\/li>\n<li class=\"\" data-start=\"969\" data-end=\"1004\">\n<p class=\"\" data-start=\"971\" data-end=\"1004\"><strong data-start=\"971\" data-end=\"982\">K\u00f6peny:<\/strong> tombak (r\u00e9z\u00f6tv\u00f6zet)<\/p>\n<\/li>\n<li class=\"\" data-start=\"1005\" data-end=\"1064\">\n<p class=\"\" data-start=\"1007\" data-end=\"1064\"><strong data-start=\"1007\" data-end=\"1032\">Speci\u00e1lis \u00f3lom\u00f6tv\u00f6zet<\/strong> \u2013 optimaliz\u00e1lt t\u00f6megmegtart\u00e1s<\/p>\n<\/li>\n<li class=\"\" data-start=\"1065\" data-end=\"1133\">\n<p class=\"\" data-start=\"1067\" data-end=\"1133\"><strong data-start=\"1067\" data-end=\"1082\">\u00c9les v\u00e1g\u00f3\u00e9l<\/strong> \u2013 tiszta bemeneti seb \u00e9s k\u00f6nnyen k\u00f6vethet\u0151 v\u00e9rnyom<\/p>\n<\/li>\n<\/ul>\n<hr class=\"\" data-start=\"1135\" data-end=\"1138\" \/>\n<h3 class=\"\" data-start=\"1140\" data-end=\"1172\">\ud83d\udca1 Mi\u00e9rt \u00e9rdemes v\u00e1lasztani?<\/h3>\n<ul data-start=\"1174\" data-end=\"1411\">\n<li class=\"\" data-start=\"1174\" data-end=\"1221\">\n<p class=\"\" data-start=\"1176\" data-end=\"1221\"><strong data-start=\"1176\" data-end=\"1195\">Megfizethet\u0151 \u00e1r<\/strong>, m\u00e9gis BRENNEKE min\u0151s\u00e9g<\/p>\n<\/li>\n<li class=\"\" data-start=\"1222\" data-end=\"1277\">\n<p class=\"\" data-start=\"1224\" data-end=\"1277\"><strong data-start=\"1224\" data-end=\"1248\">Stabil energia\u00e1tad\u00e1s<\/strong> kisebb \u00e9s k\u00f6zepes vadakn\u00e1l<\/p>\n<\/li>\n<li class=\"\" data-start=\"1278\" data-end=\"1349\">\n<p class=\"\" data-start=\"1280\" data-end=\"1349\"><strong data-start=\"1280\" data-end=\"1305\">K\u00f6nny\u0171 v\u00e9rnyomk\u00f6vet\u00e9s<\/strong> a BRENNEKE eredeti v\u00e1g\u00f3\u00e9lnek k\u00f6sz\u00f6nhet\u0151en<\/p>\n<\/li>\n<li class=\"\" data-start=\"1350\" data-end=\"1411\">\n<p class=\"\" data-start=\"1352\" data-end=\"1411\"><strong data-start=\"1352\" data-end=\"1363\">Ide\u00e1lis<\/strong>: \u0151z, r\u00f3ka, muflon, s\u00fcld\u0151 vaddiszn\u00f3 vad\u00e1szat\u00e1hoz<\/p>\n<\/li>\n<\/ul>\n<hr class=\"\" data-start=\"1413\" data-end=\"1416\" \/>\n<h3 class=\"\" data-start=\"1418\" data-end=\"1460\">\ud83d\udcca Ballisztikai adatok (8&#215;57 JS, 13g):<\/h3>\n<div class=\"overflow-x-auto contain-inline-size\">\n<table data-start=\"1462\" data-end=\"2100\">\n<thead data-start=\"1462\" data-end=\"1540\">\n<tr data-start=\"1462\" data-end=\"1540\">\n<th data-start=\"1462\" data-end=\"1477\">T\u00e1vols\u00e1g (m)<\/th>\n<th data-start=\"1477\" data-end=\"1491\">Energia (J)<\/th>\n<th data-start=\"1491\" data-end=\"1508\">Sebess\u00e9g (m\/s)<\/th>\n<th data-start=\"1508\" data-end=\"1540\">R\u00f6pp\u00e1lya (cm, 100m null\u00e1z\u00e1s)<\/th>\n<\/tr>\n<\/thead>\n<tbody data-start=\"1621\" data-end=\"2100\">\n<tr data-start=\"1621\" data-end=\"1700\">\n<td>0<\/td>\n<td>4108<\/td>\n<td>795<\/td>\n<td>-5,0<\/td>\n<\/tr>\n<tr data-start=\"1701\" data-end=\"1780\">\n<td>50<\/td>\n<td>3304<\/td>\n<td>713<\/td>\n<td>-0,8<\/td>\n<\/tr>\n<tr data-start=\"1781\" data-end=\"1860\">\n<td>100<\/td>\n<td>2953<\/td>\n<td>674<\/td>\n<td>0,0<\/td>\n<\/tr>\n<tr data-start=\"1861\" data-end=\"1940\">\n<td>150<\/td>\n<td>2629<\/td>\n<td>636<\/td>\n<td>-4,6<\/td>\n<\/tr>\n<tr data-start=\"1941\" data-end=\"2020\">\n<td>200<\/td>\n<td>2060<\/td>\n<td>563<\/td>\n<td>-14,5<\/td>\n<\/tr>\n<tr data-start=\"2021\" data-end=\"2100\">\n<td>300<\/td>\n<td>\u2014<\/td>\n<td>\u2014<\/td>\n<td>-53,0<\/td>\n<\/tr>\n<\/tbody>\n<\/table>\n<\/div>\n<p class=\"\" data-start=\"2102\" data-end=\"2139\">\ud83d\udd0d <strong data-start=\"2105\" data-end=\"2133\">GEE (z\u00e9r\u00f3z\u00e1si t\u00e1vols\u00e1g):<\/strong> 162 m<\/p>\n<hr class=\"\" data-start=\"2141\" data-end=\"2144\" \/>\n<h3 class=\"\" data-start=\"2146\" data-end=\"2174\">\u26a0\ufe0f V\u00e1s\u00e1rl\u00e1si tudnival\u00f3k:<\/h3>\n<blockquote data-start=\"2176\" data-end=\"2604\">\n<p class=\"\" data-start=\"2178\" data-end=\"2604\">\ud83d\udccd Az adatok <strong data-start=\"2191\" data-end=\"2216\">t\u00e1j\u00e9koztat\u00f3 jelleg\u0171ek<\/strong>, egyes t\u00edpusokn\u00e1l elt\u00e9r\u00e9s lehets\u00e9ges.<br data-start=\"2254\" data-end=\"2257\" \/>\ud83d\udcde <strong data-start=\"2262\" data-end=\"2296\">\u00c1rak, k\u00e9szlet, egy\u00e9b r\u00e9szletek<\/strong> \u00fcgy\u00e9ben \u00e9rdekl\u0151dj \u00fczlet\u00fcnkben vagy telefonon!<br data-start=\"2342\" data-end=\"2345\" \/>\ud83d\uded1 <strong data-start=\"2350\" data-end=\"2432\">Fegyvert \u00e9s l\u0151szert kiz\u00e1r\u00f3lag szem\u00e9lyesen, \u00e9rv\u00e9nyes fegyvertart\u00e1si enged\u00e9llyel<\/strong> v\u00e1s\u00e1rolhat\u00f3 meg.<br data-start=\"2449\" data-end=\"2452\" \/>\ud83d\ude9a <strong data-start=\"2457\" data-end=\"2503\">Webshopos rendel\u00e9s nem j\u00e1r kisz\u00e1ll\u00edt\u00e1ssal!<\/strong><br data-start=\"2503\" data-end=\"2506\" \/>\ud83d\udcac Az \u00e1rak <strong data-start=\"2519\" data-end=\"2563\">nem min\u0151s\u00fclnek hivatalos aj\u00e1nlatt\u00e9telnek<\/strong>, az <strong data-start=\"2568\" data-end=\"2604\">\u00e1rv\u00e1ltoztat\u00e1s jog\u00e1t fenntartjuk.<\/strong><\/p>\n<\/blockquote>\n","protected":false},"excerpt":{"rendered":"<p>Brenneke Basic 8&#215;57 JS &nbsp; \ud83c\udfaf BRENNEKE BASIC 8&#215;57 JS 13,0g \/ 200gr \u2013 Pontoss\u00e1g el\u00e9rhet\u0151 \u00e1ron Megb\u00edzhat\u00f3, prec\u00edz \u00e9s megfizethet\u0151 \u2013 ez a BRENNEKE BASIC.A n\u00e9met BRENNEKE gy\u00e1rt\u00f3 bel\u00e9p\u0151 szint\u0171, m\u00e9gis professzion\u00e1lis min\u0151s\u00e9g\u0171 l\u0151szere r\u00e9szleges sz\u00e9tt\u00f6redez\u00e9s\u0171 l\u00f6ved\u00e9kkel \u00e9s klasszikus tombak k\u00f6penyes kialak\u00edt\u00e1ssal rendelkezik. A BASIC l\u00f6ved\u00e9k t\u00f6k\u00e9letes v\u00e1laszt\u00e1s kisebb \u00e9s k\u00f6zepes test\u0171 vadakra (max. [&hellip;]<\/p>\n","protected":false},"featured_media":7344,"comment_status":"open","ping_status":"closed","template":"","meta":{"_et_pb_use_builder":"","_et_pb_old_content":"","_et_gb_content_width":"","om_disable_all_campaigns":false},"product_brand":[],"product_cat":[21,243,199,200],"product_tag":[1429,205],"class_list":{"0":"post-5946","1":"product","2":"type-product","3":"status-publish","4":"has-post-thumbnail","6":"product_cat-uj","7":"product_cat-8x57-is","8":"product_cat-golyos-loszerek","9":"product_cat-kaliber","10":"product_tag-brenneke-basic-8x57-js","11":"product_tag-golyos-loszer","13":"first","14":"instock","15":"taxable","16":"shipping-taxable","17":"purchasable","18":"product-type-simple"},"_links":{"self":[{"href":"https:\/\/www.vadaszboltcsorna.hu\/index.php\/wp-json\/wp\/v2\/product\/5946","targetHints":{"allow":["GET"]}}],"collection":[{"href":"https:\/\/www.vadaszboltcsorna.hu\/index.php\/wp-json\/wp\/v2\/product"}],"about":[{"href":"https:\/\/www.vadaszboltcsorna.hu\/index.php\/wp-json\/wp\/v2\/types\/product"}],"replies":[{"embeddable":true,"href":"https:\/\/www.vadaszboltcsorna.hu\/index.php\/wp-json\/wp\/v2\/comments?post=5946"}],"wp:featuredmedia":[{"embeddable":true,"href":"https:\/\/www.vadaszboltcsorna.hu\/index.php\/wp-json\/wp\/v2\/media\/7344"}],"wp:attachment":[{"href":"https:\/\/www.vadaszboltcsorna.hu\/index.php\/wp-json\/wp\/v2\/media?parent=5946"}],"wp:term":[{"taxonomy":"product_brand","embeddable":true,"href":"https:\/\/www.vadaszboltcsorna.hu\/index.php\/wp-json\/wp\/v2\/product_brand?post=5946"},{"taxonomy":"product_cat","embeddable":true,"href":"https:\/\/www.vadaszboltcsorna.hu\/index.php\/wp-json\/wp\/v2\/product_cat?post=5946"},{"taxonomy":"product_tag","embeddable":true,"href":"https:\/\/www.vadaszboltcsorna.hu\/index.php\/wp-json\/wp\/v2\/product_tag?post=5946"}],"curies":[{"name":"wp","href":"https:\/\/api.w.org\/{rel}","templated":true}]}}