{"id":5942,"date":"2024-07-15T08:07:56","date_gmt":"2024-07-15T08:07:56","guid":{"rendered":"https:\/\/www.vadaszboltcsorna.hu\/?post_type=product&#038;p=5942"},"modified":"2025-04-07T11:56:09","modified_gmt":"2025-04-07T11:56:09","slug":"norma-tipstrike-8x57-js-117g-180gr","status":"publish","type":"product","link":"https:\/\/www.vadaszboltcsorna.hu\/index.php\/termek\/norma-tipstrike-8x57-js-117g-180gr\/","title":{"rendered":"Norma Tipstrike 8&#215;57 JS 11,7g\/180gr"},"content":{"rendered":"<h3 class=\"\" data-start=\"267\" data-end=\"344\">\ud83d\udca5 Norma Tipstrike 8&#215;57 JS 180gr \u2013 Brut\u00e1lis stophat\u00e1s, maxim\u00e1lis kontroll<\/h3>\n<p class=\"\" data-start=\"346\" data-end=\"689\"><strong data-start=\"346\" data-end=\"414\">Ha azonnali hat\u00e1sra van sz\u00fcks\u00e9ged, v\u00e1laszd a Norma Tipstrike-ot!<\/strong><br data-start=\"414\" data-end=\"417\" \/>Ez a modern vad\u00e1szl\u0151szer <strong data-start=\"442\" data-end=\"466\">kimagasl\u00f3 sokkhat\u00e1st<\/strong> biztos\u00edt, k\u00f6sz\u00f6nhet\u0151en a <strong data-start=\"492\" data-end=\"530\">polimer hegy\u0171 (tippes) l\u00f6ved\u00e9k\u00e9nek<\/strong> \u00e9s a mechanikus \u00f3lomz\u00e1rnak. A <strong data-start=\"561\" data-end=\"575\">Tipstrike\u2122<\/strong> kiv\u00e1l\u00f3 v\u00e1laszt\u00e1s hajt\u00e1sra, vagy minden olyan helyzetben, ahol a gyors meg\u00e1ll\u00edt\u00e1s \u00e9s magas \u00fct\u0151er\u0151 kulcsfontoss\u00e1g\u00fa.<\/p>\n<h4 class=\"\" data-start=\"691\" data-end=\"714\">\ud83d\udd0d F\u0151bb jellemz\u0151k:<\/h4>\n<ul data-start=\"716\" data-end=\"1023\">\n<li class=\"\" data-start=\"716\" data-end=\"740\">\n<p class=\"\" data-start=\"718\" data-end=\"740\"><strong data-start=\"718\" data-end=\"729\">Kaliber<\/strong>: 8&#215;57 JS<\/p>\n<\/li>\n<li class=\"\" data-start=\"741\" data-end=\"803\">\n<p class=\"\" data-start=\"743\" data-end=\"803\"><strong data-start=\"743\" data-end=\"761\">L\u00f6ved\u00e9k t\u00edpusa<\/strong>: m\u0171anyag hegy\u0171 (polimer tippes) \u00f3lommag<\/p>\n<\/li>\n<li class=\"\" data-start=\"804\" data-end=\"841\">\n<p class=\"\" data-start=\"806\" data-end=\"841\"><strong data-start=\"806\" data-end=\"815\">T\u00f6meg<\/strong>: 180 grain \/ 11,7 gramm<\/p>\n<\/li>\n<li class=\"\" data-start=\"842\" data-end=\"921\">\n<p class=\"\" data-start=\"844\" data-end=\"921\"><strong data-start=\"844\" data-end=\"876\">BC (ballisztikai egy\u00fctthat\u00f3)<\/strong>: 0,361 \u2013 kiv\u00e1l\u00f3 aerodinamikai teljes\u00edtm\u00e9ny<\/p>\n<\/li>\n<li class=\"\" data-start=\"922\" data-end=\"957\">\n<p class=\"\" data-start=\"924\" data-end=\"957\"><strong data-start=\"924\" data-end=\"946\">Torkolati sebess\u00e9g<\/strong>: 800 m\/s<\/p>\n<\/li>\n<li class=\"\" data-start=\"958\" data-end=\"991\">\n<p class=\"\" data-start=\"960\" data-end=\"991\"><strong data-start=\"960\" data-end=\"981\">Torkolati energia<\/strong>: 3744 J<\/p>\n<\/li>\n<li class=\"\" data-start=\"992\" data-end=\"1023\">\n<p class=\"\" data-start=\"994\" data-end=\"1023\"><strong data-start=\"994\" data-end=\"1008\">Kiszerel\u00e9s<\/strong>: 20 db\/doboz<\/p>\n<\/li>\n<\/ul>\n<h4 class=\"\" data-start=\"1025\" data-end=\"1054\">\ud83d\ude80 Technol\u00f3giai el\u0151ny\u00f6k:<\/h4>\n<ul data-start=\"1056\" data-end=\"1356\">\n<li class=\"\" data-start=\"1056\" data-end=\"1159\">\n<p class=\"\" data-start=\"1058\" data-end=\"1159\"><strong data-start=\"1058\" data-end=\"1074\">Polimer hegy<\/strong> \u2013 pontosabb r\u00f6pp\u00e1lya, \u00e9s enyhe k\u00e9sleltet\u00e9s az expand\u00e1ci\u00f3ban a m\u00e9lyebb behatol\u00e1s\u00e9rt<\/p>\n<\/li>\n<li class=\"\" data-start=\"1160\" data-end=\"1238\">\n<p class=\"\" data-start=\"1162\" data-end=\"1238\"><strong data-start=\"1162\" data-end=\"1184\">Puszt\u00edt\u00f3 stophat\u00e1s<\/strong> \u2013 a burok sz\u00e9trobban\u00e1sa massz\u00edv bels\u0151 s\u00e9r\u00fcl\u00e9st okoz<\/p>\n<\/li>\n<li class=\"\" data-start=\"1239\" data-end=\"1356\">\n<p class=\"\" data-start=\"1241\" data-end=\"1356\"><strong data-start=\"1241\" data-end=\"1282\">Mechanikus \u00f3lomz\u00e1r \u00e9s er\u0151s h\u00e1ts\u00f3 r\u00e9sz<\/strong> \u2013 megakad\u00e1lyozza a sz\u00e9tcs\u00fasz\u00e1st, biztos\u00edtva a t\u00f6meg \u00e9s energia meg\u0151rz\u00e9s\u00e9t<\/p>\n<\/li>\n<\/ul>\n<p class=\"\" data-start=\"1358\" data-end=\"1527\">\u2705 Kifejezetten <strong data-start=\"1373\" data-end=\"1403\">k\u00f6zepes \u00e9s nagytest\u0171 vadra<\/strong> aj\u00e1nlott, pl. <strong data-start=\"1418\" data-end=\"1456\">g\u00edmszarvas, vaddiszn\u00f3, d\u00e1m, muflon<\/strong><br data-start=\"1456\" data-end=\"1459\" \/>\u2705 T\u00f6k\u00e9letes <strong data-start=\"1471\" data-end=\"1496\">hajt\u00e1sos vad\u00e1szatokon<\/strong>, ahol a gyors meg\u00e1ll\u00edt\u00e1s a c\u00e9l<\/p>\n<hr class=\"\" data-start=\"1529\" data-end=\"1532\" \/>\n<h3 class=\"\" data-start=\"1534\" data-end=\"1563\">\u26a0\ufe0f V\u00e1s\u00e1rl\u00e1si inform\u00e1ci\u00f3k:<\/h3>\n<blockquote data-start=\"1565\" data-end=\"2040\">\n<p class=\"\" data-start=\"1567\" data-end=\"2040\">\ud83d\udcac <strong data-start=\"1570\" data-end=\"1581\">Fontos:<\/strong> A term\u00e9k <strong data-start=\"1591\" data-end=\"1633\">online nem v\u00e1s\u00e1rolhat\u00f3 meg k\u00f6zvetlen\u00fcl<\/strong>, kiz\u00e1r\u00f3lag <strong data-start=\"1645\" data-end=\"1669\">szem\u00e9lyes \u00e1tv\u00e9tellel<\/strong>, \u00e9rv\u00e9nyes <strong data-start=\"1680\" data-end=\"1710\">fegyvertart\u00e1si enged\u00e9llyel<\/strong> \u00e9rt\u00e9kes\u00edthet\u0151!<br data-start=\"1725\" data-end=\"1728\" \/>\ud83d\udccd Az \u00e1rak \u00e9s k\u00e9szletadatok <strong data-start=\"1758\" data-end=\"1783\">t\u00e1j\u00e9koztat\u00f3 jelleg\u0171ek<\/strong>, <strong data-start=\"1785\" data-end=\"1829\">nem min\u0151s\u00fclnek nyilv\u00e1nos aj\u00e1nlatt\u00e9telnek<\/strong>.<br data-start=\"1830\" data-end=\"1833\" \/>\ud83d\udcde Tov\u00e1bbi inform\u00e1ci\u00f3\u00e9rt k\u00e9rj\u00fck, \u00e9rdekl\u0151dj\u00f6n \u00fczlet\u00fcnkben vagy telefonon.<br data-start=\"1907\" data-end=\"1910\" \/>\ud83d\udeab A webshopban megrendelt fegyverek \u00e9s l\u0151szerek <strong data-start=\"1961\" data-end=\"1991\">nem ker\u00fclnek kisz\u00e1ll\u00edt\u00e1sra<\/strong>!<br data-start=\"1992\" data-end=\"1995\" \/>\ud83d\udee1\ufe0f Az <strong data-start=\"2004\" data-end=\"2040\">\u00e1rv\u00e1ltoztat\u00e1s jog\u00e1t fenntartjuk.<\/strong><\/p>\n<\/blockquote>\n","protected":false},"excerpt":{"rendered":"<p>\ud83d\udca5 Norma Tipstrike 8&#215;57 JS 180gr \u2013 Brut\u00e1lis stophat\u00e1s, maxim\u00e1lis kontroll Ha azonnali hat\u00e1sra van sz\u00fcks\u00e9ged, v\u00e1laszd a Norma Tipstrike-ot!Ez a modern vad\u00e1szl\u0151szer kimagasl\u00f3 sokkhat\u00e1st biztos\u00edt, k\u00f6sz\u00f6nhet\u0151en a polimer hegy\u0171 (tippes) l\u00f6ved\u00e9k\u00e9nek \u00e9s a mechanikus \u00f3lomz\u00e1rnak. A Tipstrike\u2122 kiv\u00e1l\u00f3 v\u00e1laszt\u00e1s hajt\u00e1sra, vagy minden olyan helyzetben, ahol a gyors meg\u00e1ll\u00edt\u00e1s \u00e9s magas \u00fct\u0151er\u0151 kulcsfontoss\u00e1g\u00fa. \ud83d\udd0d F\u0151bb [&hellip;]<\/p>\n","protected":false},"featured_media":7216,"comment_status":"open","ping_status":"closed","template":"","meta":{"_et_pb_use_builder":"","_et_pb_old_content":"","_et_gb_content_width":"","om_disable_all_campaigns":false},"product_brand":[],"product_cat":[21,243,199,200],"product_tag":[1366,1428],"class_list":{"0":"post-5942","1":"product","2":"type-product","3":"status-publish","4":"has-post-thumbnail","6":"product_cat-uj","7":"product_cat-8x57-is","8":"product_cat-golyos-loszerek","9":"product_cat-kaliber","10":"product_tag-7g-180gr","11":"product_tag-norma-tipstrike-8x57-js-11","13":"first","14":"instock","15":"taxable","16":"shipping-taxable","17":"purchasable","18":"product-type-simple"},"_links":{"self":[{"href":"https:\/\/www.vadaszboltcsorna.hu\/index.php\/wp-json\/wp\/v2\/product\/5942","targetHints":{"allow":["GET"]}}],"collection":[{"href":"https:\/\/www.vadaszboltcsorna.hu\/index.php\/wp-json\/wp\/v2\/product"}],"about":[{"href":"https:\/\/www.vadaszboltcsorna.hu\/index.php\/wp-json\/wp\/v2\/types\/product"}],"replies":[{"embeddable":true,"href":"https:\/\/www.vadaszboltcsorna.hu\/index.php\/wp-json\/wp\/v2\/comments?post=5942"}],"wp:featuredmedia":[{"embeddable":true,"href":"https:\/\/www.vadaszboltcsorna.hu\/index.php\/wp-json\/wp\/v2\/media\/7216"}],"wp:attachment":[{"href":"https:\/\/www.vadaszboltcsorna.hu\/index.php\/wp-json\/wp\/v2\/media?parent=5942"}],"wp:term":[{"taxonomy":"product_brand","embeddable":true,"href":"https:\/\/www.vadaszboltcsorna.hu\/index.php\/wp-json\/wp\/v2\/product_brand?post=5942"},{"taxonomy":"product_cat","embeddable":true,"href":"https:\/\/www.vadaszboltcsorna.hu\/index.php\/wp-json\/wp\/v2\/product_cat?post=5942"},{"taxonomy":"product_tag","embeddable":true,"href":"https:\/\/www.vadaszboltcsorna.hu\/index.php\/wp-json\/wp\/v2\/product_tag?post=5942"}],"curies":[{"name":"wp","href":"https:\/\/api.w.org\/{rel}","templated":true}]}}