{"id":5923,"date":"2024-07-12T10:52:53","date_gmt":"2024-07-12T10:52:53","guid":{"rendered":"https:\/\/www.vadaszboltcsorna.hu\/?post_type=product&#038;p=5923"},"modified":"2025-04-07T11:23:17","modified_gmt":"2025-04-07T11:23:17","slug":"norma-vulkan-8x57-js","status":"publish","type":"product","link":"https:\/\/www.vadaszboltcsorna.hu\/index.php\/termek\/norma-vulkan-8x57-js\/","title":{"rendered":"Norma Vulkan 8&#215;57 JS"},"content":{"rendered":"<h2 style=\"text-align: center;\"><strong>Norma Vulkan 8&#215;57 JS<\/strong><\/h2>\n<p>&nbsp;<\/p>\n<h3><strong>Le\u00edr\u00e1s:<\/strong>Norma Vulkan 8X57 JS 196gr \/ 12,7g<\/h3>\n<p>A Norma Vulkan egy klasszikus vad\u00e1szl\u0151szer v\u00e9kony el\u00fcls\u0151 kab\u00e1ttal a gyors t\u00e1gul\u00e1shoz \u00e9s nagy energiafelszabad\u00edt\u00e1shoz. A k\u00f6peny a tetej\u00e9n tal\u00e1lhat\u00f3, hogy megv\u00e9dje az \u00f3lommagot a t\u00e1rban l\u00e9v\u0151 visszar\u00fag\u00e1st\u00f3l. N\u00e9pszer\u0171 \u00e9s megb\u00edzhat\u00f3 goly\u00f3 t\u00f6bbek k\u00f6z\u00f6tt vaddiszn\u00f3 \u00e9s szarvas vad\u00e1szat\u00e1hoz.<\/p>\n<p>A le\u00edr\u00e1sban szerepl\u0151 adatok t\u00e1j\u00e9koztat\u00f3 jelleg\u0171ek, t\u00edpusonk\u00e9nt v\u00e1ltozhat!<br \/>\nKaliberekr\u0151l aktu\u00e1lis \u00e1rakr\u00f3l \u00e9s egy\u00e9b inform\u00e1ci\u00f3kr\u00f3l k\u00e9rj\u00fck<br \/>\n\u00e9rdekl\u0151dj\u00f6n!<br \/>\nA fegyvert\u00f6rv\u00e9ny \u00e9rtelm\u00e9ben, fegyvert, l\u0151szert kiz\u00e1r\u00f3lag szem\u00e9lyesen,az \u00fczletben fegyvertart\u00e1si enged\u00e9ly birtok\u00e1ban lehet v\u00e1s\u00e1rolni!<br \/>\nA webshopban megrendelt fegyverek \u00e9s l\u0151szerek NEM ker\u00fclnek kisz\u00e1ll\u00edt\u00e1sra! Tov\u00e1bbi inform\u00e1ci\u00f3\u00e9rt l\u00e1togasson el boltunkba!<br \/>\nAz \u00e1rak t\u00e1j\u00e9koztat\u00f3<br \/>\njelleg\u0171ek nem min\u0151s\u00fcl hivatalos aj\u00e1nlat t\u00e9telnek!<br \/>\nAz \u00e1rv\u00e1ltoz\u00e1s jog\u00e1t fenntartjuk!<\/p>\n","protected":false},"excerpt":{"rendered":"<p>Norma Vulkan 8&#215;57 JS &nbsp; Le\u00edr\u00e1s:Norma Vulkan 8X57 JS 196gr \/ 12,7g A Norma Vulkan egy klasszikus vad\u00e1szl\u0151szer v\u00e9kony el\u00fcls\u0151 kab\u00e1ttal a gyors t\u00e1gul\u00e1shoz \u00e9s nagy energiafelszabad\u00edt\u00e1shoz. A k\u00f6peny a tetej\u00e9n tal\u00e1lhat\u00f3, hogy megv\u00e9dje az \u00f3lommagot a t\u00e1rban l\u00e9v\u0151 visszar\u00fag\u00e1st\u00f3l. N\u00e9pszer\u0171 \u00e9s megb\u00edzhat\u00f3 goly\u00f3 t\u00f6bbek k\u00f6z\u00f6tt vaddiszn\u00f3 \u00e9s szarvas vad\u00e1szat\u00e1hoz. A le\u00edr\u00e1sban szerepl\u0151 adatok t\u00e1j\u00e9koztat\u00f3 [&hellip;]<\/p>\n","protected":false},"featured_media":7340,"comment_status":"open","ping_status":"closed","template":"","meta":{"_et_pb_use_builder":"","_et_pb_old_content":"","_et_gb_content_width":"","om_disable_all_campaigns":false},"product_brand":[],"product_cat":[21,243,199,200],"product_tag":[1422],"class_list":{"0":"post-5923","1":"product","2":"type-product","3":"status-publish","4":"has-post-thumbnail","6":"product_cat-uj","7":"product_cat-8x57-is","8":"product_cat-golyos-loszerek","9":"product_cat-kaliber","10":"product_tag-norma-vulkan-8x57-js","12":"first","13":"instock","14":"taxable","15":"shipping-taxable","16":"purchasable","17":"product-type-simple"},"_links":{"self":[{"href":"https:\/\/www.vadaszboltcsorna.hu\/index.php\/wp-json\/wp\/v2\/product\/5923","targetHints":{"allow":["GET"]}}],"collection":[{"href":"https:\/\/www.vadaszboltcsorna.hu\/index.php\/wp-json\/wp\/v2\/product"}],"about":[{"href":"https:\/\/www.vadaszboltcsorna.hu\/index.php\/wp-json\/wp\/v2\/types\/product"}],"replies":[{"embeddable":true,"href":"https:\/\/www.vadaszboltcsorna.hu\/index.php\/wp-json\/wp\/v2\/comments?post=5923"}],"wp:featuredmedia":[{"embeddable":true,"href":"https:\/\/www.vadaszboltcsorna.hu\/index.php\/wp-json\/wp\/v2\/media\/7340"}],"wp:attachment":[{"href":"https:\/\/www.vadaszboltcsorna.hu\/index.php\/wp-json\/wp\/v2\/media?parent=5923"}],"wp:term":[{"taxonomy":"product_brand","embeddable":true,"href":"https:\/\/www.vadaszboltcsorna.hu\/index.php\/wp-json\/wp\/v2\/product_brand?post=5923"},{"taxonomy":"product_cat","embeddable":true,"href":"https:\/\/www.vadaszboltcsorna.hu\/index.php\/wp-json\/wp\/v2\/product_cat?post=5923"},{"taxonomy":"product_tag","embeddable":true,"href":"https:\/\/www.vadaszboltcsorna.hu\/index.php\/wp-json\/wp\/v2\/product_tag?post=5923"}],"curies":[{"name":"wp","href":"https:\/\/api.w.org\/{rel}","templated":true}]}}