{"id":5917,"date":"2024-07-12T10:07:37","date_gmt":"2024-07-12T10:07:37","guid":{"rendered":"https:\/\/www.vadaszboltcsorna.hu\/?post_type=product&#038;p=5917"},"modified":"2025-04-07T10:58:36","modified_gmt":"2025-04-07T10:58:36","slug":"norma-vulkan-8x68-s","status":"publish","type":"product","link":"https:\/\/www.vadaszboltcsorna.hu\/index.php\/termek\/norma-vulkan-8x68-s\/","title":{"rendered":"Norma Vulkan 8&#215;68 S"},"content":{"rendered":"<h2 style=\"text-align: center;\"><strong>Norma Vulkan 8&#215;68 S<\/strong><\/h2>\n<p>&nbsp;<\/p>\n<h3>12,7g.\/196gr.<\/h3>\n<h3 class=\"\" data-start=\"213\" data-end=\"283\">\ud83c\udfaf Norma Vulkan \u2013 Klasszikus vad\u00e1szl\u0151szer vaddiszn\u00f3ra \u00e9s szarvasra<\/h3>\n<p class=\"\" data-start=\"285\" data-end=\"547\">A <strong data-start=\"287\" data-end=\"303\">Norma Vulkan<\/strong> a <strong data-start=\"306\" data-end=\"363\">skandin\u00e1v vad\u00e1sztrad\u00edci\u00f3 egyik legkedveltebb l\u00f6ved\u00e9ke<\/strong>, amely t\u00f6k\u00e9letes v\u00e1laszt\u00e1s <strong data-start=\"391\" data-end=\"404\">vaddiszn\u00f3<\/strong> \u00e9s <strong data-start=\"408\" data-end=\"422\">g\u00edmszarvas<\/strong> vad\u00e1szat\u00e1ra. A k\u00fcl\u00f6nleges kialak\u00edt\u00e1s\u00fa l\u00f6ved\u00e9k kiv\u00e1l\u00f3an egyes\u00edti a megb\u00edzhat\u00f3s\u00e1got, a precizit\u00e1st \u00e9s a hal\u00e1los hat\u00e9konys\u00e1got.<\/p>\n<h4 class=\"\" data-start=\"549\" data-end=\"572\">\ud83d\udd0d F\u0151bb jellemz\u0151k:<\/h4>\n<ul data-start=\"574\" data-end=\"1112\">\n<li class=\"\" data-start=\"574\" data-end=\"691\">\n<p class=\"\" data-start=\"576\" data-end=\"691\"><strong data-start=\"576\" data-end=\"609\">Soft Point jelleg\u0171 kialak\u00edt\u00e1s<\/strong> \u2013 de a cs\u00facsb\u00f3l nem l\u00f3g ki az \u00f3lom, a tombak k\u00f6peny visszahajtva v\u00e9di a l\u00f6ved\u00e9ket<\/p>\n<\/li>\n<li class=\"\" data-start=\"692\" data-end=\"770\">\n<p class=\"\" data-start=\"694\" data-end=\"770\"><strong data-start=\"694\" data-end=\"718\">V\u00e9kony el\u00fcls\u0151 k\u00f6peny<\/strong> \u2013 gyors \u00e9s er\u0151teljes gomb\u00e1sod\u00e1s, nagy energiak\u00f6zl\u00e9s<\/p>\n<\/li>\n<li class=\"\" data-start=\"771\" data-end=\"898\">\n<p class=\"\" data-start=\"773\" data-end=\"898\"><strong data-start=\"773\" data-end=\"798\">Vulkan &#8222;kr\u00e1ter&#8221; forma<\/strong> \u2013 a cs\u00facs kialak\u00edt\u00e1sa a gyors deform\u00e1ci\u00f3t seg\u00edti el\u0151, \u00e9s n\u00f6veli a hat\u00e9konys\u00e1got vadtest tal\u00e1latakor<\/p>\n<\/li>\n<li class=\"\" data-start=\"899\" data-end=\"1021\">\n<p class=\"\" data-start=\"901\" data-end=\"1021\"><strong data-start=\"901\" data-end=\"923\">T\u00e1rban biztons\u00e1gos<\/strong> \u2013 a visszahajtott k\u00f6peny megakad\u00e1lyozza a l\u00f6ved\u00e9kcs\u00facs s\u00e9r\u00fcl\u00e9s\u00e9t a pusk\u00e1b\u00f3l val\u00f3 h\u00e1trar\u00fag\u00e1s sor\u00e1n<\/p>\n<\/li>\n<li class=\"\" data-start=\"1022\" data-end=\"1112\">\n<p class=\"\" data-start=\"1024\" data-end=\"1112\"><strong data-start=\"1024\" data-end=\"1073\">Kedvelt v\u00e1laszt\u00e1s tapasztalt vad\u00e1szok k\u00f6r\u00e9ben<\/strong> \u2013 kiv\u00e1l\u00f3 eredm\u00e9nyess\u00e9g, gyors \u00f6l\u0151hat\u00e1s<\/p>\n<\/li>\n<\/ul>\n<p class=\"\" data-start=\"1114\" data-end=\"1281\">\u2705 <strong data-start=\"1116\" data-end=\"1153\">Ide\u00e1lis k\u00f6z\u00e9p- \u00e9s nagytest\u0171 vadra<\/strong> \u2013 a Vulkan rendk\u00edv\u00fcl hat\u00e9kony vaddiszn\u00f3 \u00e9s szarvas elejt\u00e9s\u00e9re, ak\u00e1r s\u0171r\u0171bb erd\u0151ben vagy gyors reakci\u00f3t ig\u00e9nyl\u0151 helyzetekben is.<\/p>\n<hr class=\"\" data-start=\"1283\" data-end=\"1286\" \/>\n<h3 class=\"\" data-start=\"1288\" data-end=\"1335\">\u26a0\ufe0f V\u00e1s\u00e1rl\u00e1s el\u0151tt, k\u00e9rj\u00fck, vedd figyelembe:<\/h3>\n<blockquote data-start=\"1337\" data-end=\"1862\">\n<p class=\"\" data-start=\"1339\" data-end=\"1862\">\ud83d\udccd A fenti le\u00edr\u00e1s <strong data-start=\"1357\" data-end=\"1380\">t\u00e1j\u00e9koztat\u00f3 jelleg\u0171<\/strong>, a m\u0171szaki adatok t\u00edpusonk\u00e9nt elt\u00e9rhetnek.<br data-start=\"1423\" data-end=\"1426\" \/>\ud83d\udcde <strong data-start=\"1431\" data-end=\"1470\">Kaliberekr\u0151l, \u00e1rakr\u00f3l \u00e9s k\u00e9szletr\u0151l<\/strong> \u00e9rdekl\u0151dj \u00fczlet\u00fcnkben vagy telefonon!<br data-start=\"1508\" data-end=\"1511\" \/>\ud83d\uded1 <strong data-start=\"1516\" data-end=\"1598\">Fegyvert \u00e9s l\u0151szert kiz\u00e1r\u00f3lag szem\u00e9lyesen, \u00e9rv\u00e9nyes fegyvertart\u00e1si enged\u00e9llyel<\/strong> lehet v\u00e1s\u00e1rolni az \u00fczletben, a <strong data-start=\"1630\" data-end=\"1666\">fegyvert\u00f6rv\u00e9ny el\u0151\u00edr\u00e1sai szerint<\/strong>.<br data-start=\"1667\" data-end=\"1670\" \/>\ud83d\ude9a A webshopon kereszt\u00fcl <strong data-start=\"1697\" data-end=\"1760\">megrendelt fegyverek \u00e9s l\u0151szerek NEM ker\u00fclnek kisz\u00e1ll\u00edt\u00e1sra<\/strong>!<br data-start=\"1761\" data-end=\"1764\" \/>\ud83d\udcac Az \u00e1rak <strong data-start=\"1777\" data-end=\"1821\">nem min\u0151s\u00fclnek hivatalos aj\u00e1nlatt\u00e9telnek<\/strong>, az <strong data-start=\"1826\" data-end=\"1861\">\u00e1rv\u00e1ltoztat\u00e1s jog\u00e1t fenntartjuk<\/strong>.<\/p>\n<\/blockquote>\n<p>&nbsp;<\/p>\n<p>&nbsp;<\/p>\n","protected":false},"excerpt":{"rendered":"<p>Norma Vulkan 8&#215;68 S &nbsp; 12,7g.\/196gr. \ud83c\udfaf Norma Vulkan \u2013 Klasszikus vad\u00e1szl\u0151szer vaddiszn\u00f3ra \u00e9s szarvasra A Norma Vulkan a skandin\u00e1v vad\u00e1sztrad\u00edci\u00f3 egyik legkedveltebb l\u00f6ved\u00e9ke, amely t\u00f6k\u00e9letes v\u00e1laszt\u00e1s vaddiszn\u00f3 \u00e9s g\u00edmszarvas vad\u00e1szat\u00e1ra. A k\u00fcl\u00f6nleges kialak\u00edt\u00e1s\u00fa l\u00f6ved\u00e9k kiv\u00e1l\u00f3an egyes\u00edti a megb\u00edzhat\u00f3s\u00e1got, a precizit\u00e1st \u00e9s a hal\u00e1los hat\u00e9konys\u00e1got. \ud83d\udd0d F\u0151bb jellemz\u0151k: Soft Point jelleg\u0171 kialak\u00edt\u00e1s \u2013 de a [&hellip;]<\/p>\n","protected":false},"featured_media":7335,"comment_status":"open","ping_status":"closed","template":"","meta":{"_et_pb_use_builder":"","_et_pb_old_content":"","_et_gb_content_width":"","om_disable_all_campaigns":false},"product_brand":[],"product_cat":[21,288,199],"product_tag":[205,1417],"class_list":{"0":"post-5917","1":"product","2":"type-product","3":"status-publish","4":"has-post-thumbnail","6":"product_cat-uj","7":"product_cat-8-x-68-s","8":"product_cat-golyos-loszerek","9":"product_tag-golyos-loszer","10":"product_tag-norma-vulkan-8x68-s","12":"first","13":"instock","14":"taxable","15":"shipping-taxable","16":"purchasable","17":"product-type-simple"},"_links":{"self":[{"href":"https:\/\/www.vadaszboltcsorna.hu\/index.php\/wp-json\/wp\/v2\/product\/5917","targetHints":{"allow":["GET"]}}],"collection":[{"href":"https:\/\/www.vadaszboltcsorna.hu\/index.php\/wp-json\/wp\/v2\/product"}],"about":[{"href":"https:\/\/www.vadaszboltcsorna.hu\/index.php\/wp-json\/wp\/v2\/types\/product"}],"replies":[{"embeddable":true,"href":"https:\/\/www.vadaszboltcsorna.hu\/index.php\/wp-json\/wp\/v2\/comments?post=5917"}],"wp:featuredmedia":[{"embeddable":true,"href":"https:\/\/www.vadaszboltcsorna.hu\/index.php\/wp-json\/wp\/v2\/media\/7335"}],"wp:attachment":[{"href":"https:\/\/www.vadaszboltcsorna.hu\/index.php\/wp-json\/wp\/v2\/media?parent=5917"}],"wp:term":[{"taxonomy":"product_brand","embeddable":true,"href":"https:\/\/www.vadaszboltcsorna.hu\/index.php\/wp-json\/wp\/v2\/product_brand?post=5917"},{"taxonomy":"product_cat","embeddable":true,"href":"https:\/\/www.vadaszboltcsorna.hu\/index.php\/wp-json\/wp\/v2\/product_cat?post=5917"},{"taxonomy":"product_tag","embeddable":true,"href":"https:\/\/www.vadaszboltcsorna.hu\/index.php\/wp-json\/wp\/v2\/product_tag?post=5917"}],"curies":[{"name":"wp","href":"https:\/\/api.w.org\/{rel}","templated":true}]}}