{"id":5913,"date":"2024-07-12T08:35:00","date_gmt":"2024-07-12T08:35:00","guid":{"rendered":"https:\/\/www.vadaszboltcsorna.hu\/?post_type=product&#038;p=5913"},"modified":"2025-04-07T10:34:29","modified_gmt":"2025-04-07T10:34:29","slug":"brenneke-8x68-s-tog-142g","status":"publish","type":"product","link":"https:\/\/www.vadaszboltcsorna.hu\/index.php\/termek\/brenneke-8x68-s-tog-142g\/","title":{"rendered":"BRENNEKE 8X68 S TOG 14,2g"},"content":{"rendered":"<h2 style=\"text-align: center;\"><strong>BRENNEKE 8X68 S TOG 14,2g<\/strong><\/h2>\n<h3 class=\"\" data-start=\"198\" data-end=\"273\">\ud83e\udd8c BRENNEKE 8&#215;68 S TOG 14,2g \u2013 M\u00e9ly behatol\u00e1s, prec\u00edz tal\u00e1lat nagyvadra<\/h3>\n<p class=\"\" data-start=\"275\" data-end=\"483\"><strong data-start=\"275\" data-end=\"318\">A BRENNEKE TOG (Torpedo Optimal Bullet)<\/strong> l\u0151szer 8&#215;68 S kaliberben a <strong data-start=\"346\" data-end=\"404\">professzion\u00e1lis nagyvad vad\u00e1szok els\u0151 sz\u00e1m\u00fa v\u00e1laszt\u00e1sa<\/strong>, ha megb\u00edzhat\u00f3, ir\u00e1ny\u00edtott expanzi\u00f3ra \u00e9s hat\u00e9kony energiak\u00f6zl\u00e9sre van sz\u00fcks\u00e9g.<\/p>\n<h4 class=\"\" data-start=\"485\" data-end=\"527\">\ud83d\udd0d Jellemz\u0151k, amik miatt kiemelkedik:<\/h4>\n<ul data-start=\"529\" data-end=\"965\">\n<li class=\"\" data-start=\"529\" data-end=\"597\">\n<p class=\"\" data-start=\"531\" data-end=\"597\"><strong data-start=\"531\" data-end=\"542\">Kaliber<\/strong>: 8&#215;68 S \u2013 nagy erej\u0171, nagy hat\u00f3t\u00e1vols\u00e1g\u00fa vad\u00e1szkaliber<\/p>\n<\/li>\n<li class=\"\" data-start=\"598\" data-end=\"658\">\n<p class=\"\" data-start=\"600\" data-end=\"658\"><strong data-start=\"600\" data-end=\"610\">T\u00f6ltet<\/strong>: 14,2g expanz\u00edv l\u00f6ved\u00e9k \u2013 prec\u00edzen f\u00fart heggyel<\/p>\n<\/li>\n<li class=\"\" data-start=\"659\" data-end=\"771\">\n<p class=\"\" data-start=\"661\" data-end=\"771\"><strong data-start=\"661\" data-end=\"680\">TOG technol\u00f3gia<\/strong>: szab\u00e1lyozott t\u00e1gul\u00e1s \u2013 c\u00e9lzott energia\u00e1tad\u00e1s, minim\u00e1lis t\u00f6megveszt\u00e9s, maxim\u00e1lis \u00e1thatol\u00e1s<\/p>\n<\/li>\n<li class=\"\" data-start=\"772\" data-end=\"852\">\n<p class=\"\" data-start=\"774\" data-end=\"852\"><strong data-start=\"774\" data-end=\"786\">V\u00e1g\u00f3\u00e9lek<\/strong>: nagy bemeneti ny\u00edl\u00e1st eredm\u00e9nyeznek, n\u00f6velve a seb hat\u00e9konys\u00e1g\u00e1t<\/p>\n<\/li>\n<li class=\"\" data-start=\"853\" data-end=\"965\">\n<p class=\"\" data-start=\"855\" data-end=\"965\"><strong data-start=\"855\" data-end=\"880\">Stabil maradv\u00e1nyt\u00f6meg<\/strong>: garant\u00e1lt kil\u00e9p\u00e9si sebess\u00e9g \u00e9s m\u00e9ly behatol\u00e1s m\u00e9g massz\u00edv csontstrukt\u00far\u00e1k eset\u00e9n is<\/p>\n<\/li>\n<\/ul>\n<p class=\"\" data-start=\"967\" data-end=\"1183\">\ud83d\udca1 A TOG l\u00f6ved\u00e9kek l\u00e9nyege, hogy <strong data-start=\"1000\" data-end=\"1042\">a c\u00e9l ellen\u00e1ll\u00e1s\u00e1hoz igazodva t\u00e1gulnak<\/strong>, \u00edgy kiv\u00e1l\u00f3ak <strong data-start=\"1057\" data-end=\"1076\">nagytest\u0171 vadak<\/strong> (pl. g\u00edmszarvas, vaddiszn\u00f3, b\u00f6l\u00e9ny) elejt\u00e9s\u00e9hez, ahol <strong data-start=\"1131\" data-end=\"1174\">m\u00e9ly behatol\u00e1s \u00e9s hat\u00e1sos energiak\u00f6zl\u00e9s<\/strong> a kulcs.<\/p>\n<hr class=\"\" data-start=\"1185\" data-end=\"1188\" \/>\n<h3 class=\"\" data-start=\"1190\" data-end=\"1230\">\u26a0\ufe0f Fontos inform\u00e1ci\u00f3k a v\u00e1s\u00e1rl\u00e1shoz:<\/h3>\n<blockquote data-start=\"1232\" data-end=\"1749\">\n<p class=\"\" data-start=\"1234\" data-end=\"1749\">\ud83d\udccd A fent le\u00edrt inform\u00e1ci\u00f3k <strong data-start=\"1262\" data-end=\"1287\">t\u00e1j\u00e9koztat\u00f3 jelleg\u0171ek<\/strong>, egyes t\u00edpusokn\u00e1l elt\u00e9r\u00e9sek lehetnek.<br data-start=\"1325\" data-end=\"1328\" \/>\ud83d\udcde <strong data-start=\"1333\" data-end=\"1392\">Aktu\u00e1lis \u00e1rakr\u00f3l, k\u00e9szletr\u0151l, kaliberek el\u00e9rhet\u0151s\u00e9g\u00e9r\u0151l<\/strong> \u00e9rdekl\u0151dj\u00f6n <strong data-start=\"1405\" data-end=\"1435\">\u00fczlet\u00fcnkben vagy telefonon<\/strong>.<br data-start=\"1436\" data-end=\"1439\" \/>\ud83d\uded1 <strong data-start=\"1444\" data-end=\"1524\">Fegyver \u00e9s l\u0151szer kiz\u00e1r\u00f3lag szem\u00e9lyesen, \u00e9rv\u00e9nyes fegyvertart\u00e1si enged\u00e9llyel<\/strong> v\u00e1s\u00e1rolhat\u00f3 meg, a <strong data-start=\"1544\" data-end=\"1562\">fegyvert\u00f6rv\u00e9ny<\/strong> \u00e9rtelm\u00e9ben.<br data-start=\"1574\" data-end=\"1577\" \/>\ud83d\ude9a A webshopon kereszt\u00fcl <strong data-start=\"1604\" data-end=\"1647\">megrendelt l\u0151szereket nem sz\u00e1ll\u00edtjuk ki<\/strong>!<br data-start=\"1648\" data-end=\"1651\" data-is-only-node=\"\" \/>\ud83d\udcac Az \u00e1rak <strong data-start=\"1664\" data-end=\"1708\">nem min\u0151s\u00fclnek hivatalos aj\u00e1nlatt\u00e9telnek<\/strong>, az <strong data-start=\"1713\" data-end=\"1748\">\u00e1rv\u00e1ltoztat\u00e1s jog\u00e1t fenntartjuk<\/strong>.<\/p>\n<\/blockquote>\n<p>&nbsp;<\/p>\n","protected":false},"excerpt":{"rendered":"<p>BRENNEKE 8X68 S TOG 14,2g \ud83e\udd8c BRENNEKE 8&#215;68 S TOG 14,2g \u2013 M\u00e9ly behatol\u00e1s, prec\u00edz tal\u00e1lat nagyvadra A BRENNEKE TOG (Torpedo Optimal Bullet) l\u0151szer 8&#215;68 S kaliberben a professzion\u00e1lis nagyvad vad\u00e1szok els\u0151 sz\u00e1m\u00fa v\u00e1laszt\u00e1sa, ha megb\u00edzhat\u00f3, ir\u00e1ny\u00edtott expanzi\u00f3ra \u00e9s hat\u00e9kony energiak\u00f6zl\u00e9sre van sz\u00fcks\u00e9g. \ud83d\udd0d Jellemz\u0151k, amik miatt kiemelkedik: Kaliber: 8&#215;68 S \u2013 nagy erej\u0171, nagy [&hellip;]<\/p>\n","protected":false},"featured_media":7333,"comment_status":"open","ping_status":"closed","template":"","meta":{"_et_pb_use_builder":"","_et_pb_old_content":"","_et_gb_content_width":"","om_disable_all_campaigns":false},"product_brand":[],"product_cat":[21,288,199],"product_tag":[1416,1415,205],"class_list":{"0":"post-5913","1":"product","2":"type-product","3":"status-publish","4":"has-post-thumbnail","6":"product_cat-uj","7":"product_cat-8-x-68-s","8":"product_cat-golyos-loszerek","9":"product_tag-2g","10":"product_tag-brenneke-8x68-s-tog-14","11":"product_tag-golyos-loszer","13":"first","14":"instock","15":"taxable","16":"shipping-taxable","17":"purchasable","18":"product-type-simple"},"_links":{"self":[{"href":"https:\/\/www.vadaszboltcsorna.hu\/index.php\/wp-json\/wp\/v2\/product\/5913","targetHints":{"allow":["GET"]}}],"collection":[{"href":"https:\/\/www.vadaszboltcsorna.hu\/index.php\/wp-json\/wp\/v2\/product"}],"about":[{"href":"https:\/\/www.vadaszboltcsorna.hu\/index.php\/wp-json\/wp\/v2\/types\/product"}],"replies":[{"embeddable":true,"href":"https:\/\/www.vadaszboltcsorna.hu\/index.php\/wp-json\/wp\/v2\/comments?post=5913"}],"wp:featuredmedia":[{"embeddable":true,"href":"https:\/\/www.vadaszboltcsorna.hu\/index.php\/wp-json\/wp\/v2\/media\/7333"}],"wp:attachment":[{"href":"https:\/\/www.vadaszboltcsorna.hu\/index.php\/wp-json\/wp\/v2\/media?parent=5913"}],"wp:term":[{"taxonomy":"product_brand","embeddable":true,"href":"https:\/\/www.vadaszboltcsorna.hu\/index.php\/wp-json\/wp\/v2\/product_brand?post=5913"},{"taxonomy":"product_cat","embeddable":true,"href":"https:\/\/www.vadaszboltcsorna.hu\/index.php\/wp-json\/wp\/v2\/product_cat?post=5913"},{"taxonomy":"product_tag","embeddable":true,"href":"https:\/\/www.vadaszboltcsorna.hu\/index.php\/wp-json\/wp\/v2\/product_tag?post=5913"}],"curies":[{"name":"wp","href":"https:\/\/api.w.org\/{rel}","templated":true}]}}