{"id":5902,"date":"2024-07-12T07:39:23","date_gmt":"2024-07-12T07:39:23","guid":{"rendered":"https:\/\/www.vadaszboltcsorna.hu\/?post_type=product&#038;p=5902"},"modified":"2025-03-31T10:09:12","modified_gmt":"2025-03-31T10:09:12","slug":"norma-ecostrike-338-win-mag-13g-200g","status":"publish","type":"product","link":"https:\/\/www.vadaszboltcsorna.hu\/index.php\/termek\/norma-ecostrike-338-win-mag-13g-200g\/","title":{"rendered":"Norma Ecostrike 338 Win.Mag. 13g\/200g"},"content":{"rendered":"<h2 style=\"text-align: center;\"><strong>Norma Ecostrike 338 Win.Mag. 13g\/200g<\/strong><\/h2>\n<p>&nbsp;<\/p>\n<h3><b>Term\u00e9k le\u00edr\u00e1s<\/b><\/h3>\n<h3 class=\"termek-leiras\">Az ECOSTRIKE\u2122 a leg\u00fajabb \u00f3lommentes goly\u00f3s l\u00f6ved\u00e9k technol\u00f3gi\u00e1t k\u00edn\u00e1lja. Nikkelbevonat\u00fa r\u00e9zl\u00f6ved\u00e9k m\u00e9ly behatol\u00e1st, k\u00f6zel 100%-os s\u00falymegtart\u00e1st \u00e9s elk\u00e9peszt\u0151 pontoss\u00e1got biztos\u00edt m\u00e9g nagyobb t\u00e1vols\u00e1gokon is.<\/h3>\n<h3>Az ECOSTRIKE\u2122 az \u00f3lommentes v\u00e1laszt\u00e1s k\u00f6zepes \u00e9s nagyvadak vad\u00e1szat\u00e1hoz, kiv\u00e1l\u00f3 expanzi\u00f3s k\u00e9pess\u00e9g\u00e9nek k\u00f6sz\u00f6nhet\u0151en kis \u00e9s nagy sebess\u00e9gn\u00e9l egyar\u00e1nt. Az ECOSTRIKE\u2122 seg\u00edts\u00e9g\u00e9vel a legk\u00fcl\u00f6nf\u00e9l\u00e9bb vad\u00e1szatok minden ig\u00e9ny\u00e9t kiel\u00e9g\u00edti, \u00edgy ez a t\u00f6k\u00e9letes \u00f3lommentes sokoldal\u00fa goly\u00f3.<\/h3>\n<h3>Jellemz\u0151k<br \/>\n&#8211; \u00fagy tervezt\u00e9k, fel\u00fclm\u00falja legn\u00e9pszer\u0171bb ORYX \u00f3loml\u00f6ved\u00e9k tulajdons\u00e1gait<br \/>\n&#8211; a magas ballisztikai egy\u00fctthat\u00f3 \u00e9s a maxim\u00e1lis sebess\u00e9g \u00e9rdek\u00e9ben nagy energi\u00e1t biztos\u00edt az \u00fctk\u00f6z\u00e9s sor\u00e1n<br \/>\n&#8211; a r\u00e9zl\u00f6ved\u00e9k k\u00f6zel 100%-os s\u00falymegtart\u00e1sa<\/h3>\n<h3>L\u00f6ved\u00e9k t\u00edpusa: \u00f3lommentes mag<br \/>\nL\u00f6ved\u00e9k t\u00f6mege: 200 gr\/ 13 g<br \/>\nB.C.(ballisztikai egy\u00fctthat\u00f3): .441<br \/>\nCs\u0151torkolati sebess\u00e9g: 900 m\/s<br \/>\nCs\u0151torkolati energia: 5265 J<br \/>\nKaliber: 338 Win.Mag.<br \/>\nKiszerel\u00e9s: 20<\/h3>\n<h3><\/h3>\n<h4 style=\"text-align: center;\"><em><strong>A le\u00edr\u00e1sban szerepl\u0151 adatok t\u00e1j\u00e9koztat\u00f3 jelleg\u0171ek, t\u00edpusonk\u00e9nt v\u00e1ltozhat!<\/strong><\/em><br \/>\n<em><strong>Kaliberekr\u0151l aktu\u00e1lis \u00e1rakr\u00f3l \u00e9s egy\u00e9b inform\u00e1ci\u00f3kr\u00f3l k\u00e9rj\u00fck \u00e9rdekl\u0151dj\u00f6n!<\/strong><\/em><br \/>\n<em><strong>A fegyvert\u00f6rv\u00e9ny \u00e9rtelm\u00e9ben, fegyvert, l\u0151szert kiz\u00e1r\u00f3lag szem\u00e9lyesen,az \u00fczletben fegyvertart\u00e1si enged\u00e9ly birtok\u00e1ban lehet v\u00e1s\u00e1rolni!<\/strong><\/em><br \/>\n<em><strong>A webshopban megrendelt fegyverek \u00e9s l\u0151szerek NEM ker\u00fclnek kisz\u00e1ll\u00edt\u00e1sra! Tov\u00e1bbi inform\u00e1ci\u00f3\u00e9rt l\u00e1togasson el boltunkba!<\/strong><\/em><br \/>\n<em><strong>Az \u00e1rak t\u00e1j\u00e9koztat\u00f3 jelleg\u0171ek nem min\u0151s\u00fcl hivatalos aj\u00e1nlat t\u00e9telnek!<\/strong><\/em><br \/>\n<em><strong>Az \u00e1rv\u00e1ltoz\u00e1s jog\u00e1t fenntartjuk!<\/strong><\/em><\/h4>\n","protected":false},"excerpt":{"rendered":"<p>Norma Ecostrike 338 Win.Mag. 13g\/200g &nbsp; Term\u00e9k le\u00edr\u00e1s Az ECOSTRIKE\u2122 a leg\u00fajabb \u00f3lommentes goly\u00f3s l\u00f6ved\u00e9k technol\u00f3gi\u00e1t k\u00edn\u00e1lja. Nikkelbevonat\u00fa r\u00e9zl\u00f6ved\u00e9k m\u00e9ly behatol\u00e1st, k\u00f6zel 100%-os s\u00falymegtart\u00e1st \u00e9s elk\u00e9peszt\u0151 pontoss\u00e1got biztos\u00edt m\u00e9g nagyobb t\u00e1vols\u00e1gokon is. Az ECOSTRIKE\u2122 az \u00f3lommentes v\u00e1laszt\u00e1s k\u00f6zepes \u00e9s nagyvadak vad\u00e1szat\u00e1hoz, kiv\u00e1l\u00f3 expanzi\u00f3s k\u00e9pess\u00e9g\u00e9nek k\u00f6sz\u00f6nhet\u0151en kis \u00e9s nagy sebess\u00e9gn\u00e9l egyar\u00e1nt. Az ECOSTRIKE\u2122 seg\u00edts\u00e9g\u00e9vel a legk\u00fcl\u00f6nf\u00e9l\u00e9bb [&hellip;]<\/p>\n","protected":false},"featured_media":7251,"comment_status":"open","ping_status":"closed","template":"","meta":{"_et_pb_use_builder":"","_et_pb_old_content":"","_et_gb_content_width":"","om_disable_all_campaigns":false},"product_brand":[],"product_cat":[21,259,199,200],"product_tag":[1412],"class_list":{"0":"post-5902","1":"product","2":"type-product","3":"status-publish","4":"has-post-thumbnail","6":"product_cat-uj","7":"product_cat-338-win","8":"product_cat-golyos-loszerek","9":"product_cat-kaliber","10":"product_tag-norma-ecostrike-338-win-mag-13g-200g","12":"first","13":"instock","14":"taxable","15":"shipping-taxable","16":"purchasable","17":"product-type-simple"},"_links":{"self":[{"href":"https:\/\/www.vadaszboltcsorna.hu\/index.php\/wp-json\/wp\/v2\/product\/5902","targetHints":{"allow":["GET"]}}],"collection":[{"href":"https:\/\/www.vadaszboltcsorna.hu\/index.php\/wp-json\/wp\/v2\/product"}],"about":[{"href":"https:\/\/www.vadaszboltcsorna.hu\/index.php\/wp-json\/wp\/v2\/types\/product"}],"replies":[{"embeddable":true,"href":"https:\/\/www.vadaszboltcsorna.hu\/index.php\/wp-json\/wp\/v2\/comments?post=5902"}],"wp:featuredmedia":[{"embeddable":true,"href":"https:\/\/www.vadaszboltcsorna.hu\/index.php\/wp-json\/wp\/v2\/media\/7251"}],"wp:attachment":[{"href":"https:\/\/www.vadaszboltcsorna.hu\/index.php\/wp-json\/wp\/v2\/media?parent=5902"}],"wp:term":[{"taxonomy":"product_brand","embeddable":true,"href":"https:\/\/www.vadaszboltcsorna.hu\/index.php\/wp-json\/wp\/v2\/product_brand?post=5902"},{"taxonomy":"product_cat","embeddable":true,"href":"https:\/\/www.vadaszboltcsorna.hu\/index.php\/wp-json\/wp\/v2\/product_cat?post=5902"},{"taxonomy":"product_tag","embeddable":true,"href":"https:\/\/www.vadaszboltcsorna.hu\/index.php\/wp-json\/wp\/v2\/product_tag?post=5902"}],"curies":[{"name":"wp","href":"https:\/\/api.w.org\/{rel}","templated":true}]}}