{"id":5893,"date":"2024-07-11T10:49:02","date_gmt":"2024-07-11T10:49:02","guid":{"rendered":"https:\/\/www.vadaszboltcsorna.hu\/?post_type=product&#038;p=5893"},"modified":"2026-01-13T11:11:23","modified_gmt":"2026-01-13T11:11:23","slug":"technik-l10-technikus-zseblampa-mt-l10","status":"publish","type":"product","link":"https:\/\/www.vadaszboltcsorna.hu\/index.php\/termek\/technik-l10-technikus-zseblampa-mt-l10\/","title":{"rendered":"Technik L10 technikus zsebl\u00e1mpa MT-L10"},"content":{"rendered":"<h2 style=\"text-align: center;\">Technik L10 technikus zsebl\u00e1mpa MT-L10<\/h2>\n<p>&nbsp;<\/p>\n<h3><strong>Le\u00edr\u00e1s:<\/strong><\/h3>\n<h3>Technik L10 technikus zsebl\u00e1mpa (1&#215;18650 2600mAh) SST25 + USB-C 1000 lm (MT-L10)<\/h3>\n<h3>A sokoldal\u00fa Technik L10 zsebl\u00e1mpa v\u00e1ltozatos felhaszn\u00e1l\u00e1si lehet\u0151s\u00e9geket k\u00edn\u00e1l a mindennapi tev\u00e9kenys\u00e9gekben, kialak\u00edt\u00e1s\u00e1nak k\u00f6sz\u00f6nhet\u0151en nem csak k\u00e9zben, hanem fejl\u00e1mpak\u00e9nt is haszn\u00e1lhat\u00f3.<\/h3>\n<h3>SST25 f\u00e9nyforr\u00e1ssal van felszerelve, amely maximum 1000 lumen f\u00e9ny\u00e1ramot bocs\u00e1t ki. 3 el\u0151re programozott f\u00e9nyer\u0151ss\u00e9ggel , SOS funkci\u00f3val \u00e9s pirosan villog\u00f3 l\u00e1mp\u00e1val rendelkezik. H\u00e1rom piros f\u00e9nnyel vil\u00e1g\u00edt\u00f3 program \u00e9rhet\u0151 el dupla kapcsol\u00f3val . A f\u0151 f\u00e9nyforr\u00e1s f\u00e9nyt\u00e1vols\u00e1ga k\u00f6r\u00fclbel\u00fcl 100 m\u00e9ter .<\/h3>\n<h3>A zsebl\u00e1mpa teste alum\u00edniumb\u00f3l k\u00e9sz\u00fclt , aminek k\u00f6sz\u00f6nhet\u0151en teljesen v\u00e9dett az 1 m\u00e9teres magass\u00e1gig t\u00f6rt\u00e9n\u0151 lees\u00e9st\u0151l . IPX4 min\u0151s\u00edt\u00e9ssel (es\u0151ben is haszn\u00e1lhat\u00f3).<\/h3>\n<h3>Bel\u00fcl egy 18650-es \u00fajrat\u00f6lthet\u0151, 2600 mAh-s akkumul\u00e1tor tal\u00e1lhat\u00f3, amely az USB-C csatlakoz\u00f3n kereszt\u00fcl 4\u20135 \u00f3ra alatt teljesen felt\u00f6lthet\u0151. Ezzel a maxim\u00e1lis \u00fczemid\u0151 4\u20135 \u00f3ra . Az akkumul\u00e1tor \u00e1llapota a fels\u0151 gombon k\u00f6vethet\u0151, ha pirosan villog, az akkumul\u00e1tor kezd lemer\u00fclni.<\/h3>\n<h3>A talpon egy er\u0151s m\u00e1gnes tal\u00e1lhat\u00f3, mellyel a zsebl\u00e1mpa f\u00e9m fel\u00fcletekre r\u00f6gz\u00edthet\u0151. H\u00e1tul van egy nagyobb csat , ami helyzetnek megfelel\u0151en r\u00f6gz\u00edthet\u0151.<\/h3>\n<h3>A csomag tartalmaz egy gum\u00edrozott fejp\u00e1ntot is, amely fejl\u00e1mpak\u00e9nt is haszn\u00e1lhat\u00f3.<\/h3>\n<h3>M\u00e9retek (Ma x Sz x M\u00e9): 100 \u00d7 25 \u00d7 25 mm<br \/>\nS\u00faly: 102,5 g<\/h3>\n","protected":false},"excerpt":{"rendered":"<p>Technik L10 technikus zsebl\u00e1mpa MT-L10 &nbsp; Le\u00edr\u00e1s: Technik L10 technikus zsebl\u00e1mpa (1&#215;18650 2600mAh) SST25 + USB-C 1000 lm (MT-L10) A sokoldal\u00fa Technik L10 zsebl\u00e1mpa v\u00e1ltozatos felhaszn\u00e1l\u00e1si lehet\u0151s\u00e9geket k\u00edn\u00e1l a mindennapi tev\u00e9kenys\u00e9gekben, kialak\u00edt\u00e1s\u00e1nak k\u00f6sz\u00f6nhet\u0151en nem csak k\u00e9zben, hanem fejl\u00e1mpak\u00e9nt is haszn\u00e1lhat\u00f3. SST25 f\u00e9nyforr\u00e1ssal van felszerelve, amely maximum 1000 lumen f\u00e9ny\u00e1ramot bocs\u00e1t ki. 3 el\u0151re programozott f\u00e9nyer\u0151ss\u00e9ggel [&hellip;]<\/p>\n","protected":false},"featured_media":5894,"comment_status":"open","ping_status":"closed","template":"","meta":{"_et_pb_use_builder":"","_et_pb_old_content":"","_et_gb_content_width":"","om_disable_all_campaigns":false},"product_brand":[],"product_cat":[21,1039,472],"product_tag":[1410],"class_list":{"0":"post-5893","1":"product","2":"type-product","3":"status-publish","4":"has-post-thumbnail","6":"product_cat-uj","7":"product_cat-kezi-lampa","8":"product_cat-lampa","9":"product_tag-technik-l10-technikus-zseblampa-mt-l10","11":"first","12":"instock","13":"taxable","14":"shipping-taxable","15":"purchasable","16":"product-type-simple"},"_links":{"self":[{"href":"https:\/\/www.vadaszboltcsorna.hu\/index.php\/wp-json\/wp\/v2\/product\/5893","targetHints":{"allow":["GET"]}}],"collection":[{"href":"https:\/\/www.vadaszboltcsorna.hu\/index.php\/wp-json\/wp\/v2\/product"}],"about":[{"href":"https:\/\/www.vadaszboltcsorna.hu\/index.php\/wp-json\/wp\/v2\/types\/product"}],"replies":[{"embeddable":true,"href":"https:\/\/www.vadaszboltcsorna.hu\/index.php\/wp-json\/wp\/v2\/comments?post=5893"}],"wp:featuredmedia":[{"embeddable":true,"href":"https:\/\/www.vadaszboltcsorna.hu\/index.php\/wp-json\/wp\/v2\/media\/5894"}],"wp:attachment":[{"href":"https:\/\/www.vadaszboltcsorna.hu\/index.php\/wp-json\/wp\/v2\/media?parent=5893"}],"wp:term":[{"taxonomy":"product_brand","embeddable":true,"href":"https:\/\/www.vadaszboltcsorna.hu\/index.php\/wp-json\/wp\/v2\/product_brand?post=5893"},{"taxonomy":"product_cat","embeddable":true,"href":"https:\/\/www.vadaszboltcsorna.hu\/index.php\/wp-json\/wp\/v2\/product_cat?post=5893"},{"taxonomy":"product_tag","embeddable":true,"href":"https:\/\/www.vadaszboltcsorna.hu\/index.php\/wp-json\/wp\/v2\/product_tag?post=5893"}],"curies":[{"name":"wp","href":"https:\/\/api.w.org\/{rel}","templated":true}]}}