{"id":5884,"date":"2024-07-04T07:27:54","date_gmt":"2024-07-04T07:27:54","guid":{"rendered":"https:\/\/www.vadaszboltcsorna.hu\/?post_type=product&#038;p=5884"},"modified":"2026-01-13T13:43:59","modified_gmt":"2026-01-13T13:43:59","slug":"winchester-power-max-bonded-300-win-mag","status":"publish","type":"product","link":"https:\/\/www.vadaszboltcsorna.hu\/index.php\/termek\/winchester-power-max-bonded-300-win-mag\/","title":{"rendered":"Winchester Power Max Bonded .300 Win.Mag."},"content":{"rendered":"<h2 style=\"text-align: center;\"><strong>Winchester Power Max Bonded .300 Win.Mag.<\/strong><\/h2>\n<p>&nbsp;<\/p>\n<h3>Egy Hatalmasan T\u00e1gul\u00f3 L\u00f6ved\u00e9k, amely Megfelel a Nagyvadaknak<br \/>\nA Winchester POWER MAX BONDED folytatja a legend\u00e1s kiv\u00e1l\u00f3s\u00e1g hagyom\u00e1ny\u00e1t egy saj\u00e1tos k\u00f6t\u00e9si elj\u00e1r\u00e1ssal, amely hatalmas t\u00e1gul\u00e1st, hossz\u00fa t\u00e1v\u00fa pontoss\u00e1got \u00e9s maxim\u00e1lis ki\u00fct\u0151er\u0151t biztos\u00edt. A form\u00e1zott k\u00f6peny optim\u00e1lis teljes\u00edtm\u00e9nyre van programozva a k\u00f6t\u00f6tt maggal. Az \u00f3lommag a k\u00f6penyhez van k\u00f6tve a maxim\u00e1lis meg\u0151rz\u00f6tt s\u00faly \u00e9rdek\u00e9ben, robban\u00e1sszer\u0171 hat\u00e1st biztos\u00edtva a vastag csontokon \u00e9s b\u0151r\u00f6n. A v\u00e9dett \u00fcreges hegy el\u0151seg\u00edti a gyors t\u00e1gul\u00e1st.<\/h3>\n<ul>\n<li>\n<h3>Hatalmas Hat\u00e1s A k\u00f6t\u00f6tt \u00f3lommag maximaliz\u00e1lja a megtartott s\u00falyt \u00e9s az \u00e1thatol\u00e1st.<\/h3>\n<\/li>\n<li>\n<h3>Gyors T\u00e1gul\u00e1s A bev\u00e1gott l\u00f6ved\u00e9k k\u00f6peny gyorsan t\u00e1gul az azonnali energia\u00e1tad\u00e1s \u00e9rdek\u00e9ben.<\/h3>\n<\/li>\n<li>\n<h3>Megb\u00edzhat\u00f3s\u00e1g A k\u00f6t\u00f6tt mag technol\u00f3gia \u00e1thatol a kem\u00e9ny b\u0151r\u00f6n \u00e9s csonton, hogy leter\u00edtse a nagyvadat.<\/h3>\n<\/li>\n<li>\n<h3>S\u00faly: 180 grain<\/h3>\n<\/li>\n<\/ul>\n<h4 style=\"text-align: center;\"><em>Kaliberekr\u0151l ,\u00e1rakr\u00f3l \u00e9s egy\u00e9b inform\u00e1ci\u00f3kr\u00f3l k\u00e9rj\u00fck \u00e9rdekl\u0151dj\u00f6n!<\/em><br \/>\n<em>A fegyvert\u00f6rv\u00e9ny \u00e9rtelm\u00e9ben, fegyvert, l\u0151szert kiz\u00e1r\u00f3lag szem\u00e9lyesen,az \u00fczletben fegyvertart\u00e1si enged\u00e9ly birtok\u00e1ban lehet v\u00e1s\u00e1rolni!<\/em><br \/>\n<em>A webshopban megrendelt fegyverek \u00e9s l\u0151szerek NEM ker\u00fclnek kisz\u00e1ll\u00edt\u00e1sra! Tov\u00e1bbi inform\u00e1ci\u00f3\u00e9rt l\u00e1togasson el boltunkba!<\/em><br \/>\n<em>Az \u00e1rak t\u00e1j\u00e9koztat\u00f3 jelleg\u0171ek nem min\u0151s\u00fcl hivatalos aj\u00e1nlat t\u00e9telnek!<\/em><br \/>\n<em>Az \u00e1rv\u00e1ltoz\u00e1s jog\u00e1t fenntartjuk!<\/em><\/h4>\n","protected":false},"excerpt":{"rendered":"<p>Winchester Power Max Bonded .300 Win.Mag. &nbsp; Egy Hatalmasan T\u00e1gul\u00f3 L\u00f6ved\u00e9k, amely Megfelel a Nagyvadaknak A Winchester POWER MAX BONDED folytatja a legend\u00e1s kiv\u00e1l\u00f3s\u00e1g hagyom\u00e1ny\u00e1t egy saj\u00e1tos k\u00f6t\u00e9si elj\u00e1r\u00e1ssal, amely hatalmas t\u00e1gul\u00e1st, hossz\u00fa t\u00e1v\u00fa pontoss\u00e1got \u00e9s maxim\u00e1lis ki\u00fct\u0151er\u0151t biztos\u00edt. A form\u00e1zott k\u00f6peny optim\u00e1lis teljes\u00edtm\u00e9nyre van programozva a k\u00f6t\u00f6tt maggal. Az \u00f3lommag a k\u00f6penyhez van k\u00f6tve [&hellip;]<\/p>\n","protected":false},"featured_media":7248,"comment_status":"open","ping_status":"closed","template":"","meta":{"_et_pb_use_builder":"","_et_pb_old_content":"","_et_gb_content_width":"","om_disable_all_campaigns":false},"product_brand":[],"product_cat":[21,266,199,200],"product_tag":[221,1408],"class_list":{"0":"post-5884","1":"product","2":"type-product","3":"status-publish","4":"has-post-thumbnail","6":"product_cat-uj","7":"product_cat-300-win-mag","8":"product_cat-golyos-loszerek","9":"product_cat-kaliber","10":"product_tag-vadaszloszer","11":"product_tag-winchester-power-max-bonded-300-win-mag","13":"first","14":"instock","15":"sale","16":"taxable","17":"shipping-taxable","18":"purchasable","19":"product-type-simple"},"_links":{"self":[{"href":"https:\/\/www.vadaszboltcsorna.hu\/index.php\/wp-json\/wp\/v2\/product\/5884","targetHints":{"allow":["GET"]}}],"collection":[{"href":"https:\/\/www.vadaszboltcsorna.hu\/index.php\/wp-json\/wp\/v2\/product"}],"about":[{"href":"https:\/\/www.vadaszboltcsorna.hu\/index.php\/wp-json\/wp\/v2\/types\/product"}],"replies":[{"embeddable":true,"href":"https:\/\/www.vadaszboltcsorna.hu\/index.php\/wp-json\/wp\/v2\/comments?post=5884"}],"wp:featuredmedia":[{"embeddable":true,"href":"https:\/\/www.vadaszboltcsorna.hu\/index.php\/wp-json\/wp\/v2\/media\/7248"}],"wp:attachment":[{"href":"https:\/\/www.vadaszboltcsorna.hu\/index.php\/wp-json\/wp\/v2\/media?parent=5884"}],"wp:term":[{"taxonomy":"product_brand","embeddable":true,"href":"https:\/\/www.vadaszboltcsorna.hu\/index.php\/wp-json\/wp\/v2\/product_brand?post=5884"},{"taxonomy":"product_cat","embeddable":true,"href":"https:\/\/www.vadaszboltcsorna.hu\/index.php\/wp-json\/wp\/v2\/product_cat?post=5884"},{"taxonomy":"product_tag","embeddable":true,"href":"https:\/\/www.vadaszboltcsorna.hu\/index.php\/wp-json\/wp\/v2\/product_tag?post=5884"}],"curies":[{"name":"wp","href":"https:\/\/api.w.org\/{rel}","templated":true}]}}