{"id":5873,"date":"2024-07-02T11:25:45","date_gmt":"2024-07-02T11:25:45","guid":{"rendered":"https:\/\/www.vadaszboltcsorna.hu\/?post_type=product&#038;p=5873"},"modified":"2025-03-27T12:05:55","modified_gmt":"2025-03-27T12:05:55","slug":"norma-tipstrike-300-win-mag-110g-170gr","status":"publish","type":"product","link":"https:\/\/www.vadaszboltcsorna.hu\/index.php\/termek\/norma-tipstrike-300-win-mag-110g-170gr\/","title":{"rendered":"Norma Tipstrike 300 Win.Mag. 11,0g\/170gr"},"content":{"rendered":"<h2 style=\"text-align: center;\"><strong>Norma Tipstrike 300 Win.Mag. 11,0g\/170gr<\/strong><\/h2>\n<p>&nbsp;<\/p>\n<h2 class=\"\" data-start=\"245\" data-end=\"333\"><strong data-start=\"248\" data-end=\"333\">Norma Tipstrike\u2122 .300 Win. Mag. \u2013 Puszt\u00edt\u00f3 erej\u0171 precizit\u00e1s hajt\u00e1sra \u00e9s nagyvadra<\/strong><\/h2>\n<p class=\"\" data-start=\"335\" data-end=\"604\">A <strong data-start=\"337\" data-end=\"372\">Norma Tipstrike\u2122 .300 Win. Mag.<\/strong> a <strong data-start=\"375\" data-end=\"400\">kimagasl\u00f3 stophat\u00e1sra<\/strong> lett tervezve. Ez a l\u0151szer <strong data-start=\"428\" data-end=\"495\">gyors, ir\u00e1ny\u00edtott energia-lead\u00e1s\u00e1val \u00e9s er\u0151teljes behatol\u00e1s\u00e1val<\/strong> ide\u00e1lis t\u00e1rs a hajt\u00f3vad\u00e1szatokon \u00e9s olyan vad\u00e1szati szitu\u00e1ci\u00f3kban, ahol <strong data-start=\"568\" data-end=\"593\">azonnali leter\u00edt\u0151 er\u0151<\/strong> sz\u00fcks\u00e9ges.<\/p>\n<p class=\"\" data-start=\"606\" data-end=\"877\">A <strong data-start=\"608\" data-end=\"647\">vil\u00e1gos narancs sz\u00edn\u0171 polimer cs\u00facs<\/strong> nemcsak a ballisztik\u00e1t jav\u00edtja, de <strong data-start=\"683\" data-end=\"707\">fokozott expand\u00e1ci\u00f3t<\/strong> is biztos\u00edt. A <strong data-start=\"723\" data-end=\"768\">belsej\u00e9ben elhelyezett mechanikus \u00f3lomz\u00e1r<\/strong> \u00e9s az <strong data-start=\"775\" data-end=\"794\">er\u0151s h\u00e1ts\u00f3 r\u00e9sz<\/strong> garant\u00e1lja a kiv\u00e1l\u00f3 t\u00f6megmegmarad\u00e1st \u00e9s a m\u00e9ly behatol\u00e1st m\u00e9g nagytest\u0171 vadn\u00e1l is.<\/p>\n<hr class=\"\" data-start=\"879\" data-end=\"882\" \/>\n<h3 class=\"\" data-start=\"884\" data-end=\"925\">\ud83d\udca5 <strong data-start=\"891\" data-end=\"925\">Mi\u00e9rt v\u00e1laszd a Tipstrike\u2122-ot?<\/strong><\/h3>\n<ul data-start=\"926\" data-end=\"1284\">\n<li class=\"\" data-start=\"926\" data-end=\"993\">\n<p class=\"\" data-start=\"928\" data-end=\"993\"><strong data-start=\"928\" data-end=\"944\">Polimer tipp<\/strong> \u2013 jav\u00edtott aerodinamika, ir\u00e1ny\u00edtott gomb\u00e1sod\u00e1s<\/p>\n<\/li>\n<li class=\"\" data-start=\"994\" data-end=\"1074\">\n<p class=\"\" data-start=\"996\" data-end=\"1074\"><strong data-start=\"996\" data-end=\"1030\">Enyh\u00e9n k\u00e9sleltetett expand\u00e1ci\u00f3<\/strong> \u2013 jobb \u00e1thatol\u00e1s, kontroll\u00e1lt sebcsatorna<\/p>\n<\/li>\n<li class=\"\" data-start=\"1075\" data-end=\"1156\">\n<p class=\"\" data-start=\"1077\" data-end=\"1156\"><strong data-start=\"1077\" data-end=\"1099\">Mechanikus \u00f3lomz\u00e1r<\/strong> \u2013 biztos\u00edtja a magas t\u00f6megmeg\u0151rz\u00e9st becsap\u00f3d\u00e1s ut\u00e1n is<\/p>\n<\/li>\n<li class=\"\" data-start=\"1157\" data-end=\"1223\">\n<p class=\"\" data-start=\"1159\" data-end=\"1223\"><strong data-start=\"1159\" data-end=\"1182\">Er\u0151teljes stophat\u00e1s<\/strong> \u2013 minimaliz\u00e1lja a sebz\u00e9s ut\u00e1ni mozg\u00e1st<\/p>\n<\/li>\n<li class=\"\" data-start=\"1224\" data-end=\"1284\">\n<p class=\"\" data-start=\"1226\" data-end=\"1284\"><strong data-start=\"1226\" data-end=\"1253\">Nagy sebess\u00e9g &amp; energia<\/strong> \u2013 kiv\u00e1l\u00f3 hat\u00e1s minden l\u00f6v\u00e9sn\u00e9l<\/p>\n<\/li>\n<\/ul>\n<p><iframe loading=\"lazy\" title=\"Norma TIPSTRIKE\" width=\"1080\" height=\"608\" src=\"https:\/\/www.youtube.com\/embed\/2FvX2Vn1H8Q?feature=oembed\"  allow=\"accelerometer; autoplay; clipboard-write; encrypted-media; gyroscope; picture-in-picture; web-share\" referrerpolicy=\"strict-origin-when-cross-origin\" allowfullscreen><\/iframe><\/p>\n<hr class=\"\" data-start=\"1286\" data-end=\"1289\" \/>\n<h3 class=\"\" data-start=\"1291\" data-end=\"1317\">\ud83d\udd0d <strong data-start=\"1298\" data-end=\"1317\">M\u0171szaki adatok:<\/strong><\/h3>\n<ul data-start=\"1318\" data-end=\"1593\">\n<li class=\"\" data-start=\"1318\" data-end=\"1349\">\n<p class=\"\" data-start=\"1320\" data-end=\"1349\"><strong data-start=\"1320\" data-end=\"1332\">Kaliber:<\/strong> .300 Win. Mag.<\/p>\n<\/li>\n<li class=\"\" data-start=\"1350\" data-end=\"1403\">\n<p class=\"\" data-start=\"1352\" data-end=\"1403\"><strong data-start=\"1352\" data-end=\"1369\">L\u00f6ved\u00e9kt\u00edpus:<\/strong> Polimer hegy\u0171, bels\u0151 \u00f3lomz\u00e1rral<\/p>\n<\/li>\n<li class=\"\" data-start=\"1404\" data-end=\"1441\">\n<p class=\"\" data-start=\"1406\" data-end=\"1441\"><strong data-start=\"1406\" data-end=\"1423\">L\u00f6ved\u00e9kt\u00f6meg:<\/strong> 170 gr \/ 11,0 g<\/p>\n<\/li>\n<li class=\"\" data-start=\"1442\" data-end=\"1485\">\n<p class=\"\" data-start=\"1444\" data-end=\"1485\"><strong data-start=\"1444\" data-end=\"1477\">Ballisztikai egy\u00fctthat\u00f3 (BC):<\/strong> 0,454<\/p>\n<\/li>\n<li class=\"\" data-start=\"1486\" data-end=\"1524\">\n<p class=\"\" data-start=\"1488\" data-end=\"1524\"><strong data-start=\"1488\" data-end=\"1514\">Cs\u0151torkolati sebess\u00e9g:<\/strong> 960 m\/s<\/p>\n<\/li>\n<li class=\"\" data-start=\"1525\" data-end=\"1561\">\n<p class=\"\" data-start=\"1527\" data-end=\"1561\"><strong data-start=\"1527\" data-end=\"1552\">Cs\u0151torkolati energia:<\/strong> 5071 J<\/p>\n<\/li>\n<li class=\"\" data-start=\"1562\" data-end=\"1593\">\n<p class=\"\" data-start=\"1564\" data-end=\"1593\"><strong data-start=\"1564\" data-end=\"1579\">Kiszerel\u00e9s:<\/strong> 20 db\/doboz<\/p>\n<\/li>\n<\/ul>\n<hr class=\"\" data-start=\"1595\" data-end=\"1598\" \/>\n<h3 class=\"\" data-start=\"1600\" data-end=\"1629\">\ud83e\udd8c <strong data-start=\"1607\" data-end=\"1629\">Aj\u00e1nlott vadfajok:<\/strong><\/h3>\n<ul data-start=\"1630\" data-end=\"1716\">\n<li class=\"\" data-start=\"1630\" data-end=\"1644\">\n<p class=\"\" data-start=\"1632\" data-end=\"1644\">G\u00edmszarvas<\/p>\n<\/li>\n<li class=\"\" data-start=\"1645\" data-end=\"1658\">\n<p class=\"\" data-start=\"1647\" data-end=\"1658\">Vaddiszn\u00f3<\/p>\n<\/li>\n<li class=\"\" data-start=\"1659\" data-end=\"1665\">\n<p class=\"\" data-start=\"1661\" data-end=\"1665\">\u0150z<\/p>\n<\/li>\n<li class=\"\" data-start=\"1666\" data-end=\"1675\">\n<p class=\"\" data-start=\"1668\" data-end=\"1675\">Medve<\/p>\n<\/li>\n<li class=\"\" data-start=\"1676\" data-end=\"1716\">\n<p class=\"\" data-start=\"1678\" data-end=\"1716\">J\u00e1vorszarvas (megfelel\u0151 l\u0151t\u00e1von bel\u00fcl)<\/p>\n<\/li>\n<\/ul>\n<hr class=\"\" data-start=\"1718\" data-end=\"1721\" \/>\n<p class=\"\" data-start=\"1723\" data-end=\"1914\">A <strong data-start=\"1725\" data-end=\"1760\">Norma Tipstrike\u2122 .300 Win. Mag.<\/strong> a <strong data-start=\"1763\" data-end=\"1785\">dinamikus vad\u00e1szat<\/strong> \u00e9s <strong data-start=\"1789\" data-end=\"1812\">gyors d\u00f6nt\u00e9shozatal<\/strong> eszk\u00f6ze. T\u00f6k\u00e9letes v\u00e1laszt\u00e1s minden olyan helyzetben, ahol <strong data-start=\"1872\" data-end=\"1907\">egy l\u00f6v\u00e9s \u2013 egy biztos eredm\u00e9ny<\/strong> a c\u00e9l.<\/p>\n<p>&nbsp;<\/p>\n<h5 style=\"text-align: center;\"><em><strong>A le\u00edr\u00e1sban szerepl\u0151 adatok t\u00e1j\u00e9koztat\u00f3 jelleg\u0171ek, t\u00edpusonk\u00e9nt v\u00e1ltozhat!<\/strong><\/em><br \/>\n<em><strong>Kaliberekr\u0151l, \u00e1rakr\u00f3l \u00e9s egy\u00e9b inform\u00e1ci\u00f3kr\u00f3l k\u00e9rj\u00fck \u00e9rdekl\u0151dj\u00f6n!<\/strong><\/em><\/h5>\n<h5 style=\"text-align: center;\"><em><strong>A fegyvert\u00f6rv\u00e9ny \u00e9rtelm\u00e9ben, fegyvert, l\u0151szert kiz\u00e1r\u00f3lag szem\u00e9lyesen,az \u00fczletben fegyvertart\u00e1si enged\u00e9ly birtok\u00e1ban lehet v\u00e1s\u00e1rolni!<\/strong><\/em><br \/>\n<em><strong>A webshopban megrendelt fegyverek \u00e9s l\u0151szerek NEM ker\u00fclnek kisz\u00e1ll\u00edt\u00e1sra!\u00a0 Tov\u00e1bbi inform\u00e1ci\u00f3\u00e9rt l\u00e1togasson el boltunkba!<\/strong><\/em><\/h5>\n<h5 style=\"text-align: center;\"><em><strong>Az \u00e1rak t\u00e1j\u00e9koztat\u00f3 jelleg\u0171ek nem min\u0151s\u00fcl hivatalos aj\u00e1nlat t\u00e9telnek!<\/strong><\/em><br \/>\n<em><strong>Az \u00e1rv\u00e1ltoz\u00e1s jog\u00e1t fenntartjuk!<\/strong><\/em><\/h5>\n","protected":false},"excerpt":{"rendered":"<p>Norma Tipstrike 300 Win.Mag. 11,0g\/170gr &nbsp; Norma Tipstrike\u2122 .300 Win. Mag. \u2013 Puszt\u00edt\u00f3 erej\u0171 precizit\u00e1s hajt\u00e1sra \u00e9s nagyvadra A Norma Tipstrike\u2122 .300 Win. Mag. a kimagasl\u00f3 stophat\u00e1sra lett tervezve. Ez a l\u0151szer gyors, ir\u00e1ny\u00edtott energia-lead\u00e1s\u00e1val \u00e9s er\u0151teljes behatol\u00e1s\u00e1val ide\u00e1lis t\u00e1rs a hajt\u00f3vad\u00e1szatokon \u00e9s olyan vad\u00e1szati szitu\u00e1ci\u00f3kban, ahol azonnali leter\u00edt\u0151 er\u0151 sz\u00fcks\u00e9ges. A vil\u00e1gos narancs sz\u00edn\u0171 [&hellip;]<\/p>\n","protected":false},"featured_media":7216,"comment_status":"open","ping_status":"closed","template":"","meta":{"_et_pb_use_builder":"","_et_pb_old_content":"","_et_gb_content_width":"","om_disable_all_campaigns":false},"product_brand":[],"product_cat":[21,266,199,200],"product_tag":[1405,221],"class_list":{"0":"post-5873","1":"product","2":"type-product","3":"status-publish","4":"has-post-thumbnail","6":"product_cat-uj","7":"product_cat-300-win-mag","8":"product_cat-golyos-loszerek","9":"product_cat-kaliber","10":"product_tag-norma-tipstrike-300-win-mag","11":"product_tag-vadaszloszer","13":"first","14":"instock","15":"taxable","16":"shipping-taxable","17":"purchasable","18":"product-type-simple"},"_links":{"self":[{"href":"https:\/\/www.vadaszboltcsorna.hu\/index.php\/wp-json\/wp\/v2\/product\/5873","targetHints":{"allow":["GET"]}}],"collection":[{"href":"https:\/\/www.vadaszboltcsorna.hu\/index.php\/wp-json\/wp\/v2\/product"}],"about":[{"href":"https:\/\/www.vadaszboltcsorna.hu\/index.php\/wp-json\/wp\/v2\/types\/product"}],"replies":[{"embeddable":true,"href":"https:\/\/www.vadaszboltcsorna.hu\/index.php\/wp-json\/wp\/v2\/comments?post=5873"}],"wp:featuredmedia":[{"embeddable":true,"href":"https:\/\/www.vadaszboltcsorna.hu\/index.php\/wp-json\/wp\/v2\/media\/7216"}],"wp:attachment":[{"href":"https:\/\/www.vadaszboltcsorna.hu\/index.php\/wp-json\/wp\/v2\/media?parent=5873"}],"wp:term":[{"taxonomy":"product_brand","embeddable":true,"href":"https:\/\/www.vadaszboltcsorna.hu\/index.php\/wp-json\/wp\/v2\/product_brand?post=5873"},{"taxonomy":"product_cat","embeddable":true,"href":"https:\/\/www.vadaszboltcsorna.hu\/index.php\/wp-json\/wp\/v2\/product_cat?post=5873"},{"taxonomy":"product_tag","embeddable":true,"href":"https:\/\/www.vadaszboltcsorna.hu\/index.php\/wp-json\/wp\/v2\/product_tag?post=5873"}],"curies":[{"name":"wp","href":"https:\/\/api.w.org\/{rel}","templated":true}]}}