{"id":5870,"date":"2024-07-02T11:16:38","date_gmt":"2024-07-02T11:16:38","guid":{"rendered":"https:\/\/www.vadaszboltcsorna.hu\/?post_type=product&#038;p=5870"},"modified":"2025-03-27T10:57:17","modified_gmt":"2025-03-27T10:57:17","slug":"norma-300-win-mag-plastic-point-117g-180gr","status":"publish","type":"product","link":"https:\/\/www.vadaszboltcsorna.hu\/index.php\/termek\/norma-300-win-mag-plastic-point-117g-180gr\/","title":{"rendered":"Norma 300 Win.Mag. Plastic Point 11,7g\/180gr"},"content":{"rendered":"<h2 style=\"text-align: center;\"><strong>Norma 300 Win.Mag. Plastic Point 11,7g\/180gr<\/strong><\/h2>\n<p>&nbsp;<\/p>\n<h2 class=\"\" data-start=\"250\" data-end=\"340\"><strong data-start=\"253\" data-end=\"340\">Norma Oryx\u2122 .300 Win. Mag. \u2013 Maxim\u00e1lis t\u00f6megmegtart\u00e1s, m\u00e9ly behatol\u00e1s, biztos hat\u00e1s<\/strong><\/h2>\n<p class=\"\" data-start=\"342\" data-end=\"732\">A <strong data-start=\"344\" data-end=\"359\">Norma Oryx\u2122<\/strong> az egyik <strong data-start=\"369\" data-end=\"412\">legmegb\u00edzhat\u00f3bb Soft Point (SP) l\u00f6ved\u00e9k<\/strong> a vad\u00e1szpiacon. A <strong data-start=\"431\" data-end=\"469\">k\u00e9miailag k\u00f6t\u00f6tt k\u00f6peny \u00e9s \u00f3lommag<\/strong> kombin\u00e1ci\u00f3ja megakad\u00e1lyozza a l\u00f6ved\u00e9k sz\u00e9tv\u00e1l\u00e1s\u00e1t, \u00edgy <strong data-start=\"525\" data-end=\"572\">az eredeti t\u00f6meg t\u00f6bb mint 90%-\u00e1t megtartja<\/strong> m\u00e9g becsap\u00f3d\u00e1s ut\u00e1n is. Ez az egyik kulcsa annak, hogy <strong data-start=\"628\" data-end=\"644\">m\u00e9lyen hatol<\/strong>, mik\u00f6zben a <strong data-start=\"657\" data-end=\"691\">gyors \u00e9s ir\u00e1ny\u00edtott gomb\u00e1sod\u00e1s<\/strong> biztos, hal\u00e1los sebcsatorn\u00e1t eredm\u00e9nyez.<\/p>\n<p class=\"\" data-start=\"734\" data-end=\"937\">A <strong data-start=\"736\" data-end=\"764\">180 grain \/ 11,7 grammos<\/strong> v\u00e1ltozat t\u00f6k\u00e9letes egyens\u00falyt k\u00edn\u00e1l a sebess\u00e9g, az energia \u00e9s a m\u00e9lys\u00e9gi hat\u00e1s k\u00f6z\u00f6tt \u2013 <strong data-start=\"853\" data-end=\"936\">kiv\u00e1l\u00f3 v\u00e1laszt\u00e1s k\u00f6zepes \u00e9s nagytest\u0171 vadak ellen, ak\u00e1r nagyobb t\u00e1vols\u00e1gokon is<\/strong>.<\/p>\n<hr class=\"\" data-start=\"939\" data-end=\"942\" \/>\n<h3 class=\"\" data-start=\"944\" data-end=\"991\">\ud83c\udfaf <strong data-start=\"951\" data-end=\"991\">Mi\u00e9rt v\u00e1laszd a Norma Oryx\u2122 180gr-t?<\/strong><\/h3>\n<ul data-start=\"992\" data-end=\"1371\">\n<li class=\"\" data-start=\"992\" data-end=\"1069\">\n<p class=\"\" data-start=\"994\" data-end=\"1069\"><strong data-start=\"994\" data-end=\"1032\">K\u00e9miailag k\u00f6t\u00f6tt k\u00f6peny \u00e9s \u00f3lommag<\/strong> \u2013 nincs sz\u00e9tv\u00e1l\u00e1s, nincs vesztes\u00e9g<\/p>\n<\/li>\n<li class=\"\" data-start=\"1070\" data-end=\"1155\">\n<p class=\"\" data-start=\"1072\" data-end=\"1155\"><strong data-start=\"1072\" data-end=\"1104\">Gyors, ir\u00e1ny\u00edtott gomb\u00e1sod\u00e1s<\/strong> \u2013 hat\u00e9kony energiak\u00f6zl\u00e9s a l\u00e9tfontoss\u00e1g\u00fa z\u00f3n\u00e1ban<\/p>\n<\/li>\n<li class=\"\" data-start=\"1156\" data-end=\"1220\">\n<p class=\"\" data-start=\"1158\" data-end=\"1220\"><strong data-start=\"1158\" data-end=\"1180\">&gt;90% t\u00f6megmeg\u0151rz\u00e9s<\/strong> \u2013 m\u00e9ly behatol\u00e1s, er\u0151teljes stophat\u00e1s<\/p>\n<\/li>\n<li class=\"\" data-start=\"1221\" data-end=\"1290\">\n<p class=\"\" data-start=\"1223\" data-end=\"1290\"><strong data-start=\"1223\" data-end=\"1249\">Prec\u00edzi\u00f3s NORMA t\u00f6ltet<\/strong> \u2013 \u00e1lland\u00f3 teljes\u00edtm\u00e9ny minden l\u00f6v\u00e9sn\u00e9l<\/p>\n<\/li>\n<li class=\"\" data-start=\"1291\" data-end=\"1371\">\n<p class=\"\" data-start=\"1293\" data-end=\"1371\"><strong data-start=\"1293\" data-end=\"1315\">Stabil ballisztika<\/strong> \u2013 .354 BC \u00e9rt\u00e9kkel j\u00f3l viselkedik nagyobb t\u00e1vols\u00e1gon is<\/p>\n<\/li>\n<\/ul>\n<hr class=\"\" data-start=\"1373\" data-end=\"1376\" \/>\n<h3 class=\"\" data-start=\"1378\" data-end=\"1404\">\ud83d\udd0d <strong data-start=\"1385\" data-end=\"1404\">M\u0171szaki adatok:<\/strong><\/h3>\n<ul data-start=\"1405\" data-end=\"1683\">\n<li class=\"\" data-start=\"1405\" data-end=\"1436\">\n<p class=\"\" data-start=\"1407\" data-end=\"1436\"><strong data-start=\"1407\" data-end=\"1419\">Kaliber:<\/strong> .300 Win. Mag.<\/p>\n<\/li>\n<li class=\"\" data-start=\"1437\" data-end=\"1495\">\n<p class=\"\" data-start=\"1439\" data-end=\"1495\"><strong data-start=\"1439\" data-end=\"1456\">L\u00f6ved\u00e9kt\u00edpus:<\/strong> Soft Point, bonded (k\u00f6t\u00f6tt k\u00f6penyes)<\/p>\n<\/li>\n<li class=\"\" data-start=\"1496\" data-end=\"1533\">\n<p class=\"\" data-start=\"1498\" data-end=\"1533\"><strong data-start=\"1498\" data-end=\"1515\">L\u00f6ved\u00e9kt\u00f6meg:<\/strong> 180 gr \/ 11,7 g<\/p>\n<\/li>\n<li class=\"\" data-start=\"1534\" data-end=\"1577\">\n<p class=\"\" data-start=\"1536\" data-end=\"1577\"><strong data-start=\"1536\" data-end=\"1569\">Ballisztikai egy\u00fctthat\u00f3 (BC):<\/strong> 0,354<\/p>\n<\/li>\n<li class=\"\" data-start=\"1578\" data-end=\"1616\">\n<p class=\"\" data-start=\"1580\" data-end=\"1616\"><strong data-start=\"1580\" data-end=\"1606\">Cs\u0151torkolati sebess\u00e9g:<\/strong> 890 m\/s<\/p>\n<\/li>\n<li class=\"\" data-start=\"1617\" data-end=\"1653\">\n<p class=\"\" data-start=\"1619\" data-end=\"1653\"><strong data-start=\"1619\" data-end=\"1644\">Cs\u0151torkolati energia:<\/strong> 4636 J<\/p>\n<\/li>\n<li class=\"\" data-start=\"1654\" data-end=\"1683\">\n<p class=\"\" data-start=\"1656\" data-end=\"1683\"><strong data-start=\"1656\" data-end=\"1671\">Kiszerel\u00e9s:<\/strong> 20 db\/doboz<\/p>\n<\/li>\n<\/ul>\n<hr class=\"\" data-start=\"1685\" data-end=\"1688\" \/>\n<h3 class=\"\" data-start=\"1690\" data-end=\"1719\">\ud83e\udd8c <strong data-start=\"1697\" data-end=\"1719\">Aj\u00e1nlott vadfajok:<\/strong><\/h3>\n<ul data-start=\"1720\" data-end=\"1807\">\n<li class=\"\" data-start=\"1720\" data-end=\"1734\">\n<p class=\"\" data-start=\"1722\" data-end=\"1734\">G\u00edmszarvas<\/p>\n<\/li>\n<li class=\"\" data-start=\"1735\" data-end=\"1748\">\n<p class=\"\" data-start=\"1737\" data-end=\"1748\">Vaddiszn\u00f3<\/p>\n<\/li>\n<li class=\"\" data-start=\"1749\" data-end=\"1765\">\n<p class=\"\" data-start=\"1751\" data-end=\"1765\">J\u00e1vorszarvas<\/p>\n<\/li>\n<li class=\"\" data-start=\"1766\" data-end=\"1775\">\n<p class=\"\" data-start=\"1768\" data-end=\"1775\">Medve<\/p>\n<\/li>\n<li class=\"\" data-start=\"1776\" data-end=\"1807\">\n<p class=\"\" data-start=\"1778\" data-end=\"1807\">Zerge (nagyobb t\u00e1vols\u00e1gokr\u00f3l)<\/p>\n<\/li>\n<\/ul>\n<hr class=\"\" data-start=\"1809\" data-end=\"1812\" \/>\n<p class=\"\" data-start=\"1814\" data-end=\"1987\">A <strong data-start=\"1816\" data-end=\"1837\">Norma Oryx\u2122 180gr<\/strong> egy igazi <em data-start=\"1848\" data-end=\"1867\">&#8222;mindenes l\u0151szer&#8221;<\/em>, amely <strong data-start=\"1875\" data-end=\"1910\">a klasszikus vad\u00e1szelv\u00e1r\u00e1soknak<\/strong> is megfelel, mik\u00f6zben <strong data-start=\"1933\" data-end=\"1966\">a modern technol\u00f3gia el\u0151nyeit<\/strong> is mag\u00e1ban hordozza.<\/p>\n<h5 style=\"text-align: center;\"><em>A le\u00edr\u00e1sban szerepl\u0151 adatok t\u00e1j\u00e9koztat\u00f3 jelleg\u0171ek, t\u00edpusonk\u00e9nt v\u00e1ltozhat!<\/em><br \/>\n<em>Kaliberekr\u0151l, \u00e1rakr\u00f3l \u00e9s egy\u00e9b inform\u00e1ci\u00f3kr\u00f3l k\u00e9rj\u00fck \u00e9rdekl\u0151dj\u00f6n!<\/em><\/h5>\n<h5 style=\"text-align: center;\"><em><strong>A fegyvert\u00f6rv\u00e9ny \u00e9rtelm\u00e9ben, fegyvert, l\u0151szert kiz\u00e1r\u00f3lag szem\u00e9lyesen,az \u00fczletben fegyvertart\u00e1si enged\u00e9ly birtok\u00e1ban lehet v\u00e1s\u00e1rolni!<\/strong><\/em><br \/>\n<em><strong>A webshopban megrendelt fegyverek \u00e9s l\u0151szerek NEM ker\u00fclnek kisz\u00e1ll\u00edt\u00e1sra!\u00a0 Tov\u00e1bbi inform\u00e1ci\u00f3\u00e9rt l\u00e1togasson el boltunkba!<\/strong><\/em><\/h5>\n<h5 style=\"text-align: center;\"><em>Az \u00e1rak t\u00e1j\u00e9koztat\u00f3 jelleg\u0171ek nem min\u0151s\u00fcl hivatalos aj\u00e1nlat t\u00e9telnek!<\/em><br \/>\n<em>Az \u00e1rv\u00e1ltoz\u00e1s jog\u00e1t fenntartjuk!<\/em><\/h5>\n<h5 class=\"fb-like fb_iframe_widget\" style=\"text-align: center;\" data-href=\"https:\/\/magnumvadasz.hu\/termek_reszletek\/_21379\" data-layout=\"button\" data-action=\"like\" data-show-faces=\"false\" data-share=\"true\"><\/h5>\n","protected":false},"excerpt":{"rendered":"<p>Norma 300 Win.Mag. Plastic Point 11,7g\/180gr &nbsp; Norma Oryx\u2122 .300 Win. Mag. \u2013 Maxim\u00e1lis t\u00f6megmegtart\u00e1s, m\u00e9ly behatol\u00e1s, biztos hat\u00e1s A Norma Oryx\u2122 az egyik legmegb\u00edzhat\u00f3bb Soft Point (SP) l\u00f6ved\u00e9k a vad\u00e1szpiacon. A k\u00e9miailag k\u00f6t\u00f6tt k\u00f6peny \u00e9s \u00f3lommag kombin\u00e1ci\u00f3ja megakad\u00e1lyozza a l\u00f6ved\u00e9k sz\u00e9tv\u00e1l\u00e1s\u00e1t, \u00edgy az eredeti t\u00f6meg t\u00f6bb mint 90%-\u00e1t megtartja m\u00e9g becsap\u00f3d\u00e1s ut\u00e1n is. Ez [&hellip;]<\/p>\n","protected":false},"featured_media":7193,"comment_status":"open","ping_status":"closed","template":"","meta":{"_et_pb_use_builder":"","_et_pb_old_content":"","_et_gb_content_width":"","om_disable_all_campaigns":false},"product_brand":[],"product_cat":[21,266,199,200],"product_tag":[1404,221],"class_list":{"0":"post-5870","1":"product","2":"type-product","3":"status-publish","4":"has-post-thumbnail","6":"product_cat-uj","7":"product_cat-300-win-mag","8":"product_cat-golyos-loszerek","9":"product_cat-kaliber","10":"product_tag-norma-300-win-mag-plastic-poin","11":"product_tag-vadaszloszer","13":"first","14":"instock","15":"taxable","16":"shipping-taxable","17":"purchasable","18":"product-type-simple"},"_links":{"self":[{"href":"https:\/\/www.vadaszboltcsorna.hu\/index.php\/wp-json\/wp\/v2\/product\/5870","targetHints":{"allow":["GET"]}}],"collection":[{"href":"https:\/\/www.vadaszboltcsorna.hu\/index.php\/wp-json\/wp\/v2\/product"}],"about":[{"href":"https:\/\/www.vadaszboltcsorna.hu\/index.php\/wp-json\/wp\/v2\/types\/product"}],"replies":[{"embeddable":true,"href":"https:\/\/www.vadaszboltcsorna.hu\/index.php\/wp-json\/wp\/v2\/comments?post=5870"}],"wp:featuredmedia":[{"embeddable":true,"href":"https:\/\/www.vadaszboltcsorna.hu\/index.php\/wp-json\/wp\/v2\/media\/7193"}],"wp:attachment":[{"href":"https:\/\/www.vadaszboltcsorna.hu\/index.php\/wp-json\/wp\/v2\/media?parent=5870"}],"wp:term":[{"taxonomy":"product_brand","embeddable":true,"href":"https:\/\/www.vadaszboltcsorna.hu\/index.php\/wp-json\/wp\/v2\/product_brand?post=5870"},{"taxonomy":"product_cat","embeddable":true,"href":"https:\/\/www.vadaszboltcsorna.hu\/index.php\/wp-json\/wp\/v2\/product_cat?post=5870"},{"taxonomy":"product_tag","embeddable":true,"href":"https:\/\/www.vadaszboltcsorna.hu\/index.php\/wp-json\/wp\/v2\/product_tag?post=5870"}],"curies":[{"name":"wp","href":"https:\/\/api.w.org\/{rel}","templated":true}]}}