{"id":5864,"date":"2024-07-02T11:04:11","date_gmt":"2024-07-02T11:04:11","guid":{"rendered":"https:\/\/www.vadaszboltcsorna.hu\/?post_type=product&#038;p=5864"},"modified":"2025-03-27T10:26:42","modified_gmt":"2025-03-27T10:26:42","slug":"norma-oryx-300-win-mag-130g-200gr","status":"publish","type":"product","link":"https:\/\/www.vadaszboltcsorna.hu\/index.php\/termek\/norma-oryx-300-win-mag-130g-200gr\/","title":{"rendered":"Norma Oryx 300 Win.Mag. 13,0g\/200gr"},"content":{"rendered":"<h2 style=\"text-align: center;\"><strong>Norma Oryx 300 Win.Mag. 13,0g\/200gr<\/strong><\/h2>\n<p>&nbsp;<\/p>\n<h2 class=\"\" data-start=\"212\" data-end=\"287\"><strong data-start=\"215\" data-end=\"287\">Norma Oryx\u2122 .300 Win. Mag. \u2013 M\u00e9ly behatol\u00e1s, maxim\u00e1lis t\u00f6megmeg\u0151rz\u00e9s<\/strong><\/h2>\n<p class=\"\" data-start=\"289\" data-end=\"678\">A <strong data-start=\"291\" data-end=\"305\">Norma Oryx<\/strong> a <strong data-start=\"308\" data-end=\"361\">klasszikus Soft Point l\u00f6ved\u00e9kek pr\u00e9mium v\u00e1ltozata<\/strong>, amelyet \u00fagy terveztek, hogy <em data-start=\"391\" data-end=\"461\">\u00fctk\u00f6z\u00e9skor ne csak meg\u00e1ll\u00edtsa, hanem kontroll\u00e1ltan leter\u00edtse a vadat<\/em> \u2013 m\u00e9g nagytest\u0171 fajok eset\u00e9ben is. A l\u00f6ved\u00e9k <strong data-start=\"507\" data-end=\"570\">\u00f3lommagja k\u00e9miai elj\u00e1r\u00e1ssal van r\u00f6gz\u00edtve a tombak k\u00f6penyhez<\/strong>, \u00edgy becsap\u00f3d\u00e1skor nem v\u00e1lik sz\u00e9t, <strong data-start=\"606\" data-end=\"654\">megtartja eredeti t\u00f6meg\u00e9nek t\u00f6bb mint 90%-\u00e1t<\/strong>, \u00e9s <strong data-start=\"659\" data-end=\"677\">m\u00e9lyen behatol<\/strong>.<\/p>\n<p class=\"\" data-start=\"680\" data-end=\"927\">A <strong data-start=\"682\" data-end=\"717\">csapott, \u00f3lomcs\u00facsos kialak\u00edt\u00e1s<\/strong> gyors gomb\u00e1sod\u00e1st biztos\u00edt, ugyanakkor kiv\u00e1l\u00f3 aerodinamikai tulajdons\u00e1gokat is k\u00edn\u00e1l, a <strong data-start=\"806\" data-end=\"826\">.338-as BC \u00e9rt\u00e9k<\/strong> r\u00e9v\u00e9n. A v\u00e9geredm\u00e9ny: <em data-start=\"849\" data-end=\"885\">nagy energi\u00e1j\u00fa, ir\u00e1ny\u00edtott tal\u00e1lat<\/em>, ami <strong data-start=\"891\" data-end=\"926\">meg\u00e1ll\u00edtja a vadat egy l\u00f6v\u00e9ssel<\/strong>.<\/p>\n<hr class=\"\" data-start=\"929\" data-end=\"932\" \/>\n<h3 class=\"\" data-start=\"934\" data-end=\"976\">\ud83c\udfaf <strong data-start=\"941\" data-end=\"976\">Mi\u00e9rt v\u00e1laszd a Norma Oryx\u2122-ot?<\/strong><\/h3>\n<ul data-start=\"977\" data-end=\"1357\">\n<li class=\"\" data-start=\"977\" data-end=\"1067\">\n<p class=\"\" data-start=\"979\" data-end=\"1067\"><strong data-start=\"979\" data-end=\"1006\">Bonded Core technol\u00f3gia<\/strong>: \u00f3lommag k\u00e9miailag r\u00f6gz\u00edtve a k\u00f6penyhez, a sz\u00e9tv\u00e1l\u00e1s ellen<\/p>\n<\/li>\n<li class=\"\" data-start=\"1068\" data-end=\"1147\">\n<p class=\"\" data-start=\"1070\" data-end=\"1147\"><strong data-start=\"1070\" data-end=\"1091\">Kiv\u00e1l\u00f3 gomb\u00e1sod\u00e1s<\/strong>: biztos \u00e9s m\u00e9ly sebet okoz, b\u00e1rmilyen vadm\u00e9ret eset\u00e9n<\/p>\n<\/li>\n<li class=\"\" data-start=\"1148\" data-end=\"1220\">\n<p class=\"\" data-start=\"1150\" data-end=\"1220\"><strong data-start=\"1150\" data-end=\"1172\">&gt;90% t\u00f6megmeg\u0151rz\u00e9s<\/strong>: hat\u00e9kony energiak\u00f6zl\u00e9s \u00e9s m\u00e9lys\u00e9gi behatol\u00e1s<\/p>\n<\/li>\n<li class=\"\" data-start=\"1221\" data-end=\"1290\">\n<p class=\"\" data-start=\"1223\" data-end=\"1290\"><strong data-start=\"1223\" data-end=\"1247\">Stabil, pontos l\u00f6v\u00e9s<\/strong>: megb\u00edzhat\u00f3 teljes\u00edtm\u00e9ny minden l\u00f6v\u00e9sn\u00e9l<\/p>\n<\/li>\n<li class=\"\" data-start=\"1291\" data-end=\"1357\">\n<p class=\"\" data-start=\"1293\" data-end=\"1357\"><strong data-start=\"1293\" data-end=\"1325\">Tart\u00f3s NORMA s\u00e1rgar\u00e9z h\u00fcvely<\/strong> \u2013 \u00fajrat\u00f6lthet\u0151, pr\u00e9mium min\u0151s\u00e9g<\/p>\n<\/li>\n<\/ul>\n<p><iframe loading=\"lazy\" title=\"Oryx NORMA AMMO\" width=\"1080\" height=\"608\" src=\"https:\/\/www.youtube.com\/embed\/-jCVxkCKJLw?feature=oembed\"  allow=\"accelerometer; autoplay; clipboard-write; encrypted-media; gyroscope; picture-in-picture; web-share\" referrerpolicy=\"strict-origin-when-cross-origin\" allowfullscreen><\/iframe><\/p>\n<hr class=\"\" data-start=\"1359\" data-end=\"1362\" \/>\n<h3 class=\"\" data-start=\"1364\" data-end=\"1390\">\ud83d\udd0d <strong data-start=\"1371\" data-end=\"1390\">M\u0171szaki adatok:<\/strong><\/h3>\n<ul data-start=\"1391\" data-end=\"1669\">\n<li class=\"\" data-start=\"1391\" data-end=\"1422\">\n<p class=\"\" data-start=\"1393\" data-end=\"1422\"><strong data-start=\"1393\" data-end=\"1405\">Kaliber:<\/strong> .300 Win. Mag.<\/p>\n<\/li>\n<li class=\"\" data-start=\"1423\" data-end=\"1481\">\n<p class=\"\" data-start=\"1425\" data-end=\"1481\"><strong data-start=\"1425\" data-end=\"1442\">L\u00f6ved\u00e9kt\u00edpus:<\/strong> Soft Point, bonded (k\u00f6t\u00f6tt k\u00f6penyes)<\/p>\n<\/li>\n<li class=\"\" data-start=\"1482\" data-end=\"1519\">\n<p class=\"\" data-start=\"1484\" data-end=\"1519\"><strong data-start=\"1484\" data-end=\"1501\">L\u00f6ved\u00e9kt\u00f6meg:<\/strong> 200 gr \/ 13,0 g<\/p>\n<\/li>\n<li class=\"\" data-start=\"1520\" data-end=\"1563\">\n<p class=\"\" data-start=\"1522\" data-end=\"1563\"><strong data-start=\"1522\" data-end=\"1555\">Ballisztikai egy\u00fctthat\u00f3 (BC):<\/strong> 0,338<\/p>\n<\/li>\n<li class=\"\" data-start=\"1564\" data-end=\"1602\">\n<p class=\"\" data-start=\"1566\" data-end=\"1602\"><strong data-start=\"1566\" data-end=\"1592\">Cs\u0151torkolati sebess\u00e9g:<\/strong> 850 m\/s<\/p>\n<\/li>\n<li class=\"\" data-start=\"1603\" data-end=\"1639\">\n<p class=\"\" data-start=\"1605\" data-end=\"1639\"><strong data-start=\"1605\" data-end=\"1630\">Cs\u0151torkolati energia:<\/strong> 4698 J<\/p>\n<\/li>\n<li class=\"\" data-start=\"1640\" data-end=\"1669\">\n<p class=\"\" data-start=\"1642\" data-end=\"1669\"><strong data-start=\"1642\" data-end=\"1657\">Kiszerel\u00e9s:<\/strong> 20 db\/doboz<\/p>\n<\/li>\n<\/ul>\n<hr class=\"\" data-start=\"1671\" data-end=\"1674\" \/>\n<h3 class=\"\" data-start=\"1676\" data-end=\"1705\">\ud83e\udd8c <strong data-start=\"1683\" data-end=\"1705\">Aj\u00e1nlott vadfajok:<\/strong><\/h3>\n<ul data-start=\"1706\" data-end=\"1788\">\n<li class=\"\" data-start=\"1706\" data-end=\"1720\">\n<p class=\"\" data-start=\"1708\" data-end=\"1720\">G\u00edmszarvas<\/p>\n<\/li>\n<li class=\"\" data-start=\"1721\" data-end=\"1734\">\n<p class=\"\" data-start=\"1723\" data-end=\"1734\">Vaddiszn\u00f3<\/p>\n<\/li>\n<li class=\"\" data-start=\"1735\" data-end=\"1751\">\n<p class=\"\" data-start=\"1737\" data-end=\"1751\">J\u00e1vorszarvas<\/p>\n<\/li>\n<li class=\"\" data-start=\"1752\" data-end=\"1761\">\n<p class=\"\" data-start=\"1754\" data-end=\"1761\">Medve<\/p>\n<\/li>\n<li class=\"\" data-start=\"1762\" data-end=\"1788\">\n<p class=\"\" data-start=\"1764\" data-end=\"1788\">Zerge (nagy t\u00e1vols\u00e1gr\u00f3l)<\/p>\n<\/li>\n<\/ul>\n<hr class=\"\" data-start=\"1790\" data-end=\"1793\" \/>\n<p class=\"\" data-start=\"1795\" data-end=\"1943\">Ha <strong data-start=\"1798\" data-end=\"1863\">stabil, megb\u00edzhat\u00f3 \u00e9s m\u00e9lyen hatol\u00f3 l\u0151szert keresel nagyvadra<\/strong>, akkor a <strong data-start=\"1873\" data-end=\"1887\">Norma Oryx<\/strong> pontosan az, amit vad\u00e1szatod siker\u00e9hez haszn\u00e1lnod kell.<\/p>\n<p data-start=\"1795\" data-end=\"1943\">\n<h5 style=\"text-align: center;\"><em><strong>A le\u00edr\u00e1sban szerepl\u0151 adatok t\u00e1j\u00e9koztat\u00f3 jelleg\u0171ek, t\u00edpusonk\u00e9nt v\u00e1ltozhat!<\/strong><\/em><br \/>\n<em><strong>Kaliberekr\u0151l, \u00e1rakr\u00f3l \u00e9s egy\u00e9b inform\u00e1ci\u00f3kr\u00f3l k\u00e9rj\u00fck \u00e9rdekl\u0151dj\u00f6n!<\/strong><\/em><\/h5>\n<h5 style=\"text-align: center;\"><em><strong>A fegyvert\u00f6rv\u00e9ny \u00e9rtelm\u00e9ben, fegyvert, l\u0151szert kiz\u00e1r\u00f3lag szem\u00e9lyesen,az \u00fczletben fegyvertart\u00e1si enged\u00e9ly birtok\u00e1ban lehet v\u00e1s\u00e1rolni!<\/strong><\/em><br \/>\n<em><strong>A webshopban megrendelt fegyverek \u00e9s l\u0151szerek NEM ker\u00fclnek kisz\u00e1ll\u00edt\u00e1sra!\u00a0 Tov\u00e1bbi inform\u00e1ci\u00f3\u00e9rt l\u00e1togasson el boltunkba!<\/strong><\/em><\/h5>\n<h5 style=\"text-align: center;\"><em><strong>Az \u00e1rak t\u00e1j\u00e9koztat\u00f3 jelleg\u0171ek nem min\u0151s\u00fcl hivatalos aj\u00e1nlat t\u00e9telnek!<\/strong><\/em><br \/>\n<em><strong>Az \u00e1rv\u00e1ltoz\u00e1s jog\u00e1t fenntartjuk!<\/strong><\/em><\/h5>\n","protected":false},"excerpt":{"rendered":"<p>Norma Oryx 300 Win.Mag. 13,0g\/200gr &nbsp; Norma Oryx\u2122 .300 Win. Mag. \u2013 M\u00e9ly behatol\u00e1s, maxim\u00e1lis t\u00f6megmeg\u0151rz\u00e9s A Norma Oryx a klasszikus Soft Point l\u00f6ved\u00e9kek pr\u00e9mium v\u00e1ltozata, amelyet \u00fagy terveztek, hogy \u00fctk\u00f6z\u00e9skor ne csak meg\u00e1ll\u00edtsa, hanem kontroll\u00e1ltan leter\u00edtse a vadat \u2013 m\u00e9g nagytest\u0171 fajok eset\u00e9ben is. A l\u00f6ved\u00e9k \u00f3lommagja k\u00e9miai elj\u00e1r\u00e1ssal van r\u00f6gz\u00edtve a tombak k\u00f6penyhez, [&hellip;]<\/p>\n","protected":false},"featured_media":7198,"comment_status":"open","ping_status":"closed","template":"","meta":{"_et_pb_use_builder":"","_et_pb_old_content":"","_et_gb_content_width":"","om_disable_all_campaigns":false},"product_brand":[],"product_cat":[21,266,199,200],"product_tag":[1402],"class_list":{"0":"post-5864","1":"product","2":"type-product","3":"status-publish","4":"has-post-thumbnail","6":"product_cat-uj","7":"product_cat-300-win-mag","8":"product_cat-golyos-loszerek","9":"product_cat-kaliber","10":"product_tag-norma-oryx-300-win-mag","12":"first","13":"instock","14":"taxable","15":"shipping-taxable","16":"purchasable","17":"product-type-simple"},"_links":{"self":[{"href":"https:\/\/www.vadaszboltcsorna.hu\/index.php\/wp-json\/wp\/v2\/product\/5864","targetHints":{"allow":["GET"]}}],"collection":[{"href":"https:\/\/www.vadaszboltcsorna.hu\/index.php\/wp-json\/wp\/v2\/product"}],"about":[{"href":"https:\/\/www.vadaszboltcsorna.hu\/index.php\/wp-json\/wp\/v2\/types\/product"}],"replies":[{"embeddable":true,"href":"https:\/\/www.vadaszboltcsorna.hu\/index.php\/wp-json\/wp\/v2\/comments?post=5864"}],"wp:featuredmedia":[{"embeddable":true,"href":"https:\/\/www.vadaszboltcsorna.hu\/index.php\/wp-json\/wp\/v2\/media\/7198"}],"wp:attachment":[{"href":"https:\/\/www.vadaszboltcsorna.hu\/index.php\/wp-json\/wp\/v2\/media?parent=5864"}],"wp:term":[{"taxonomy":"product_brand","embeddable":true,"href":"https:\/\/www.vadaszboltcsorna.hu\/index.php\/wp-json\/wp\/v2\/product_brand?post=5864"},{"taxonomy":"product_cat","embeddable":true,"href":"https:\/\/www.vadaszboltcsorna.hu\/index.php\/wp-json\/wp\/v2\/product_cat?post=5864"},{"taxonomy":"product_tag","embeddable":true,"href":"https:\/\/www.vadaszboltcsorna.hu\/index.php\/wp-json\/wp\/v2\/product_tag?post=5864"}],"curies":[{"name":"wp","href":"https:\/\/api.w.org\/{rel}","templated":true}]}}