{"id":5859,"date":"2024-07-02T10:56:01","date_gmt":"2024-07-02T10:56:01","guid":{"rendered":"https:\/\/www.vadaszboltcsorna.hu\/?post_type=product&#038;p=5859"},"modified":"2025-03-27T10:20:38","modified_gmt":"2025-03-27T10:20:38","slug":"norma-300-win-mag-bondstrike-extreme-117g-180gr","status":"publish","type":"product","link":"https:\/\/www.vadaszboltcsorna.hu\/index.php\/termek\/norma-300-win-mag-bondstrike-extreme-117g-180gr\/","title":{"rendered":"Norma 300 Win.Mag. Bondstrike Extreme 11,7g\/180gr"},"content":{"rendered":"<h2 style=\"text-align: center;\"><strong>Norma 300 Win.Mag. Bondstrike Extreme 11,7g\/180gr<\/strong><\/h2>\n<p>&nbsp;<\/p>\n<h2 class=\"\" data-start=\"316\" data-end=\"399\"><strong data-start=\"319\" data-end=\"399\">Norma Bondstrike\u2122 Extreme .300 Win. Mag. \u2013 Extr\u00e9m pontoss\u00e1g, maxim\u00e1lis hat\u00e1s<\/strong><\/h2>\n<p class=\"\" data-start=\"401\" data-end=\"620\">A <strong data-start=\"403\" data-end=\"431\">Norma Bondstrike Extreme<\/strong> l\u0151szer a <strong data-start=\"441\" data-end=\"467\">t\u00e1vl\u00f6v\u00e9szet \u00faj szintje<\/strong>. Kiemelked\u0151 <strong data-start=\"480\" data-end=\"526\">0,615-\u00f6s ballisztikai egy\u00fctthat\u00f3j\u00e1val (BC)<\/strong> \u00e9s fejlett konstrukci\u00f3j\u00e1val ez a patron nemcsak a c\u00e9lt tal\u00e1lja el \u2013 <strong data-start=\"595\" data-end=\"619\">\u00e1t is viszi a sikert<\/strong>.<\/p>\n<p class=\"\" data-start=\"622\" data-end=\"860\">A <strong data-start=\"624\" data-end=\"659\">vil\u00e1g\u00edt\u00f3 kir\u00e1lyk\u00e9k polimer hegy<\/strong> \u00e9s a <strong data-start=\"665\" data-end=\"695\">Boat-Tail h\u00e1ts\u00f3 kialak\u00edt\u00e1s<\/strong> nem csup\u00e1n eszt\u00e9tikai \u00e9lm\u00e9nyt ny\u00fajt, hanem ballisztikai el\u0151ny\u00f6k garmad\u00e1j\u00e1t: stabil r\u00f6pp\u00e1lya, kiv\u00e1l\u00f3 l\u00e9gellen\u00e1ll\u00e1s, leny\u0171g\u00f6z\u0151 pontoss\u00e1g ak\u00e1r <strong data-start=\"836\" data-end=\"859\">1000 m\u00e9teren t\u00fal is<\/strong>.<\/p>\n<hr class=\"\" data-start=\"862\" data-end=\"865\" \/>\n<h3 class=\"\" data-start=\"867\" data-end=\"942\">\ud83d\ude80 <strong data-start=\"874\" data-end=\"942\">F\u0151bb el\u0151ny\u00f6k, ami\u00e9rt a vad\u00e1szok \u00e9s sportl\u00f6v\u00e9szek ezt v\u00e1lasztj\u00e1k:<\/strong><\/h3>\n<ul data-start=\"943\" data-end=\"1339\">\n<li class=\"\" data-start=\"943\" data-end=\"1029\">\n<p class=\"\" data-start=\"945\" data-end=\"1029\"><strong data-start=\"945\" data-end=\"970\">Boat-Tail kialak\u00edt\u00e1s:<\/strong> prec\u00edz ir\u00e1nytart\u00e1s, lapos r\u00f6pp\u00e1lya, extr\u00e9m t\u00e1vols\u00e1gon is<\/p>\n<\/li>\n<li class=\"\" data-start=\"1030\" data-end=\"1115\">\n<p class=\"\" data-start=\"1032\" data-end=\"1115\"><strong data-start=\"1032\" data-end=\"1065\">Gyors, ir\u00e1ny\u00edtott gomb\u00e1sod\u00e1s:<\/strong> hal\u00e1los sebcsatorna minden sebess\u00e9gtartom\u00e1nyban<\/p>\n<\/li>\n<li class=\"\" data-start=\"1116\" data-end=\"1199\">\n<p class=\"\" data-start=\"1118\" data-end=\"1199\"><strong data-start=\"1118\" data-end=\"1155\">Magas marad\u00e9ks\u00faly &amp; m\u00e9lys\u00e9ghat\u00e1s:<\/strong> biztos behatol\u00e1s m\u00e9g nagy test\u0171 vadn\u00e1l is<\/p>\n<\/li>\n<li class=\"\" data-start=\"1200\" data-end=\"1267\">\n<p class=\"\" data-start=\"1202\" data-end=\"1267\"><strong data-start=\"1202\" data-end=\"1227\">Rendk\u00edv\u00fcli stophat\u00e1s:<\/strong> minim\u00e1lis ut\u00e1nkeres\u00e9s, gyors eredm\u00e9ny<\/p>\n<\/li>\n<li class=\"\" data-start=\"1268\" data-end=\"1339\">\n<p class=\"\" data-start=\"1270\" data-end=\"1339\"><strong data-start=\"1270\" data-end=\"1289\">0,615 BC \u00e9rt\u00e9k:<\/strong> kateg\u00f3ri\u00e1j\u00e1ban vil\u00e1gels\u0151 a 30-as kaliberek k\u00f6z\u00f6tt<\/p>\n<\/li>\n<\/ul>\n<hr class=\"\" data-start=\"1341\" data-end=\"1344\" \/>\n<h3 class=\"\" data-start=\"1346\" data-end=\"1372\">\ud83d\udd0d <strong data-start=\"1353\" data-end=\"1372\">M\u0171szaki adatok:<\/strong><\/h3>\n<ul data-start=\"1373\" data-end=\"1648\">\n<li class=\"\" data-start=\"1373\" data-end=\"1404\">\n<p class=\"\" data-start=\"1375\" data-end=\"1404\"><strong data-start=\"1375\" data-end=\"1387\">Kaliber:<\/strong> .300 Win. Mag.<\/p>\n<\/li>\n<li class=\"\" data-start=\"1405\" data-end=\"1460\">\n<p class=\"\" data-start=\"1407\" data-end=\"1460\"><strong data-start=\"1407\" data-end=\"1424\">L\u00f6ved\u00e9kt\u00edpus:<\/strong> M\u0171anyag hegy\u0171, Bondstrike Extreme<\/p>\n<\/li>\n<li class=\"\" data-start=\"1461\" data-end=\"1498\">\n<p class=\"\" data-start=\"1463\" data-end=\"1498\"><strong data-start=\"1463\" data-end=\"1480\">L\u00f6ved\u00e9kt\u00f6meg:<\/strong> 180 gr \/ 11,7 g<\/p>\n<\/li>\n<li class=\"\" data-start=\"1499\" data-end=\"1542\">\n<p class=\"\" data-start=\"1501\" data-end=\"1542\"><strong data-start=\"1501\" data-end=\"1534\">Ballisztikai egy\u00fctthat\u00f3 (BC):<\/strong> 0,615<\/p>\n<\/li>\n<li class=\"\" data-start=\"1543\" data-end=\"1581\">\n<p class=\"\" data-start=\"1545\" data-end=\"1581\"><strong data-start=\"1545\" data-end=\"1571\">Cs\u0151torkolati sebess\u00e9g:<\/strong> 940 m\/s<\/p>\n<\/li>\n<li class=\"\" data-start=\"1582\" data-end=\"1618\">\n<p class=\"\" data-start=\"1584\" data-end=\"1618\"><strong data-start=\"1584\" data-end=\"1609\">Cs\u0151torkolati energia:<\/strong> 5171 J<\/p>\n<\/li>\n<li class=\"\" data-start=\"1619\" data-end=\"1648\">\n<p class=\"\" data-start=\"1621\" data-end=\"1648\"><strong data-start=\"1621\" data-end=\"1636\">Kiszerel\u00e9s:<\/strong> 20 db\/doboz<\/p>\n<\/li>\n<\/ul>\n<hr class=\"\" data-start=\"1650\" data-end=\"1653\" \/>\n<h3 class=\"\" data-start=\"1655\" data-end=\"1684\">\ud83e\udd8c <strong data-start=\"1662\" data-end=\"1684\">Aj\u00e1nlott vadfajok:<\/strong><\/h3>\n<ul data-start=\"1685\" data-end=\"1745\">\n<li class=\"\" data-start=\"1685\" data-end=\"1699\">\n<p class=\"\" data-start=\"1687\" data-end=\"1699\">G\u00edmszarvas<\/p>\n<\/li>\n<li class=\"\" data-start=\"1700\" data-end=\"1706\">\n<p class=\"\" data-start=\"1702\" data-end=\"1706\">\u0150z<\/p>\n<\/li>\n<li class=\"\" data-start=\"1707\" data-end=\"1720\">\n<p class=\"\" data-start=\"1709\" data-end=\"1720\">Vaddiszn\u00f3<\/p>\n<\/li>\n<li class=\"\" data-start=\"1721\" data-end=\"1737\">\n<p class=\"\" data-start=\"1723\" data-end=\"1737\">J\u00e1vorszarvas<\/p>\n<\/li>\n<li class=\"\" data-start=\"1738\" data-end=\"1745\">\n<p class=\"\" data-start=\"1740\" data-end=\"1745\">Medve<\/p>\n<\/li>\n<\/ul>\n<hr class=\"\" data-start=\"1747\" data-end=\"1750\" \/>\n<p class=\"\" data-start=\"1752\" data-end=\"1931\"><strong data-start=\"1752\" data-end=\"1782\">A Norma Bondstrike Extreme<\/strong> t\u00f6k\u00e9letes t\u00e1rs a hossz\u00fat\u00e1v\u00fa, c\u00e9lzott \u00e9s hat\u00e9kony vad\u00e1szathoz. Ak\u00e1r ny\u00edlt mez\u0151n, ak\u00e1r hegyvid\u00e9ki terepen vad\u00e1szol \u2013 ez a l\u0151szer <strong data-start=\"1910\" data-end=\"1930\">nem hagy cserben<\/strong>.<\/p>\n<p><iframe loading=\"lazy\" title=\"Norma BONDSTRIKE Extreme Long-Range Hunting Ammunition\" width=\"1080\" height=\"608\" src=\"https:\/\/www.youtube.com\/embed\/HCiZoTq1D-A?feature=oembed\"  allow=\"accelerometer; autoplay; clipboard-write; encrypted-media; gyroscope; picture-in-picture; web-share\" referrerpolicy=\"strict-origin-when-cross-origin\" allowfullscreen><\/iframe><\/p>\n<p>&nbsp;<\/p>\n<h5 style=\"text-align: center;\"><em>A le\u00edr\u00e1sban szerepl\u0151 adatok t\u00e1j\u00e9koztat\u00f3 jelleg\u0171ek, t\u00edpusonk\u00e9nt v\u00e1ltozhat!<\/em><br \/>\n<em>Kaliberekr\u0151l, \u00e1rakr\u00f3l \u00e9s egy\u00e9b inform\u00e1ci\u00f3kr\u00f3l k\u00e9rj\u00fck \u00e9rdekl\u0151dj\u00f6n!<\/em><\/h5>\n<h5 style=\"text-align: center;\"><em><strong>A fegyvert\u00f6rv\u00e9ny \u00e9rtelm\u00e9ben, fegyvert, l\u0151szert kiz\u00e1r\u00f3lag szem\u00e9lyesen,az \u00fczletben fegyvertart\u00e1si enged\u00e9ly birtok\u00e1ban lehet v\u00e1s\u00e1rolni!<\/strong><\/em><br \/>\n<em><strong>A webshopban megrendelt fegyverek \u00e9s l\u0151szerek NEM ker\u00fclnek kisz\u00e1ll\u00edt\u00e1sra!\u00a0 Tov\u00e1bbi inform\u00e1ci\u00f3\u00e9rt l\u00e1togasson el boltunkba!<\/strong><\/em><\/h5>\n<h5 style=\"text-align: center;\"><em>Az \u00e1rak t\u00e1j\u00e9koztat\u00f3 jelleg\u0171ek nem min\u0151s\u00fcl hivatalos aj\u00e1nlat t\u00e9telnek!<\/em><br \/>\n<em>Az \u00e1rv\u00e1ltoz\u00e1s jog\u00e1t fenntartjuk!<\/em><\/h5>\n","protected":false},"excerpt":{"rendered":"<p>Norma 300 Win.Mag. Bondstrike Extreme 11,7g\/180gr &nbsp; Norma Bondstrike\u2122 Extreme .300 Win. Mag. \u2013 Extr\u00e9m pontoss\u00e1g, maxim\u00e1lis hat\u00e1s A Norma Bondstrike Extreme l\u0151szer a t\u00e1vl\u00f6v\u00e9szet \u00faj szintje. Kiemelked\u0151 0,615-\u00f6s ballisztikai egy\u00fctthat\u00f3j\u00e1val (BC) \u00e9s fejlett konstrukci\u00f3j\u00e1val ez a patron nemcsak a c\u00e9lt tal\u00e1lja el \u2013 \u00e1t is viszi a sikert. A vil\u00e1g\u00edt\u00f3 kir\u00e1lyk\u00e9k polimer hegy \u00e9s [&hellip;]<\/p>\n","protected":false},"featured_media":7221,"comment_status":"open","ping_status":"closed","template":"","meta":{"_et_pb_use_builder":"","_et_pb_old_content":"","_et_gb_content_width":"","om_disable_all_campaigns":false},"product_brand":[],"product_cat":[21,266,199,200],"product_tag":[1401,221],"class_list":{"0":"post-5859","1":"product","2":"type-product","3":"status-publish","4":"has-post-thumbnail","6":"product_cat-uj","7":"product_cat-300-win-mag","8":"product_cat-golyos-loszerek","9":"product_cat-kaliber","10":"product_tag-norma-300-win-mag-bondstrike-extreme","11":"product_tag-vadaszloszer","13":"first","14":"instock","15":"taxable","16":"shipping-taxable","17":"purchasable","18":"product-type-simple"},"_links":{"self":[{"href":"https:\/\/www.vadaszboltcsorna.hu\/index.php\/wp-json\/wp\/v2\/product\/5859","targetHints":{"allow":["GET"]}}],"collection":[{"href":"https:\/\/www.vadaszboltcsorna.hu\/index.php\/wp-json\/wp\/v2\/product"}],"about":[{"href":"https:\/\/www.vadaszboltcsorna.hu\/index.php\/wp-json\/wp\/v2\/types\/product"}],"replies":[{"embeddable":true,"href":"https:\/\/www.vadaszboltcsorna.hu\/index.php\/wp-json\/wp\/v2\/comments?post=5859"}],"wp:featuredmedia":[{"embeddable":true,"href":"https:\/\/www.vadaszboltcsorna.hu\/index.php\/wp-json\/wp\/v2\/media\/7221"}],"wp:attachment":[{"href":"https:\/\/www.vadaszboltcsorna.hu\/index.php\/wp-json\/wp\/v2\/media?parent=5859"}],"wp:term":[{"taxonomy":"product_brand","embeddable":true,"href":"https:\/\/www.vadaszboltcsorna.hu\/index.php\/wp-json\/wp\/v2\/product_brand?post=5859"},{"taxonomy":"product_cat","embeddable":true,"href":"https:\/\/www.vadaszboltcsorna.hu\/index.php\/wp-json\/wp\/v2\/product_cat?post=5859"},{"taxonomy":"product_tag","embeddable":true,"href":"https:\/\/www.vadaszboltcsorna.hu\/index.php\/wp-json\/wp\/v2\/product_tag?post=5859"}],"curies":[{"name":"wp","href":"https:\/\/api.w.org\/{rel}","templated":true}]}}