{"id":5851,"date":"2024-07-02T10:42:46","date_gmt":"2024-07-02T10:42:46","guid":{"rendered":"https:\/\/www.vadaszboltcsorna.hu\/?post_type=product&#038;p=5851"},"modified":"2025-03-27T10:13:20","modified_gmt":"2025-03-27T10:13:20","slug":"norma-whitetail-sp-300-win-mag-97g-150gr","status":"publish","type":"product","link":"https:\/\/www.vadaszboltcsorna.hu\/index.php\/termek\/norma-whitetail-sp-300-win-mag-97g-150gr\/","title":{"rendered":"Norma Whitetail SP 300 Win.Mag. 9,7g\/150gr"},"content":{"rendered":"<h2 style=\"text-align: center;\"><strong>Norma Whitetail SP 300 Win.Mag. 9,7g\/150gr<\/strong><\/h2>\n<p>&nbsp;<\/p>\n<h2 class=\"\" data-start=\"300\" data-end=\"379\"><strong data-start=\"303\" data-end=\"379\">Norma Whitetail\u2122 .300 Win. Mag. \u2013 Teljes\u00edtm\u00e9ny, amire mindig sz\u00e1m\u00edthatsz<\/strong><\/h2>\n<p class=\"\" data-start=\"381\" data-end=\"780\">A <strong data-start=\"383\" data-end=\"428\">Norma Whitetail .300 Win. Mag. Soft Point<\/strong> l\u0151szer <strong data-start=\"436\" data-end=\"478\">kimagasl\u00f3 pontoss\u00e1got \u00e9s biztos hat\u00e1st<\/strong> k\u00edn\u00e1l minden szarvasvad\u00e1sz sz\u00e1m\u00e1ra. <strong data-start=\"515\" data-end=\"547\">Gyors, ir\u00e1ny\u00edtott gomb\u00e1sod\u00e1s<\/strong>, <strong data-start=\"549\" data-end=\"566\">nagy sebess\u00e9g<\/strong> \u00e9s <strong data-start=\"570\" data-end=\"607\">kompromisszummentes megb\u00edzhat\u00f3s\u00e1g<\/strong> \u2013 mindez egyetlen patronban. A <strong data-start=\"639\" data-end=\"668\">nyitott \u00f3lomhegy\u0171 l\u00f6ved\u00e9k<\/strong> gyorsan leadja energi\u00e1j\u00e1t a vad test\u00e9ben, \u00edgy <strong data-start=\"715\" data-end=\"745\">etikus, hat\u00e9kony tal\u00e1latot<\/strong> biztos\u00edt, m\u00e9g nagy t\u00e1vols\u00e1gb\u00f3l is.<\/p>\n<hr class=\"\" data-start=\"782\" data-end=\"785\" \/>\n<h3 class=\"\" data-start=\"787\" data-end=\"848\">\ud83c\udfaf <strong data-start=\"794\" data-end=\"848\">Mi\u00e9rt v\u00e1laszd a Norma Whitetail .300 Win. Mag.-ot?<\/strong><\/h3>\n<ul data-start=\"849\" data-end=\"1142\">\n<li class=\"\" data-start=\"849\" data-end=\"920\">\n<p class=\"\" data-start=\"851\" data-end=\"920\"><strong data-start=\"851\" data-end=\"873\">Soft Point l\u00f6ved\u00e9k<\/strong>: ir\u00e1ny\u00edtott gomb\u00e1sod\u00e1s, gyors energia-lead\u00e1s<\/p>\n<\/li>\n<li class=\"\" data-start=\"921\" data-end=\"1008\">\n<p class=\"\" data-start=\"923\" data-end=\"1008\"><strong data-start=\"923\" data-end=\"964\">Magas cs\u0151torkolati sebess\u00e9g (990 m\/s)<\/strong>: lapos r\u00f6pp\u00e1lya, kevesebb c\u00e9lz\u00e1skorrekci\u00f3<\/p>\n<\/li>\n<li class=\"\" data-start=\"1009\" data-end=\"1078\">\n<p class=\"\" data-start=\"1011\" data-end=\"1078\"><strong data-start=\"1011\" data-end=\"1043\">Kiv\u00e1l\u00f3 NORMA s\u00e1rgar\u00e9z h\u00fcvely<\/strong>: \u00fajrat\u00f6lthet\u0151, hossz\u00fa \u00e9lettartam<\/p>\n<\/li>\n<li class=\"\" data-start=\"1079\" data-end=\"1142\">\n<p class=\"\" data-start=\"1081\" data-end=\"1142\"><strong data-start=\"1081\" data-end=\"1121\">Stabil teljes\u00edtm\u00e9ny l\u00f6v\u00e9sr\u0151l l\u00f6v\u00e9sre<\/strong> \u2013 sv\u00e9d precizit\u00e1ssal<\/p>\n<\/li>\n<\/ul>\n<hr class=\"\" data-start=\"1144\" data-end=\"1147\" \/>\n<h3 class=\"\" data-start=\"1149\" data-end=\"1175\">\ud83d\udd0d <strong data-start=\"1156\" data-end=\"1175\">M\u0171szaki adatok:<\/strong><\/h3>\n<ul data-start=\"1176\" data-end=\"1449\">\n<li class=\"\" data-start=\"1176\" data-end=\"1207\">\n<p class=\"\" data-start=\"1178\" data-end=\"1207\"><strong data-start=\"1178\" data-end=\"1190\">Kaliber:<\/strong> .300 Win. Mag.<\/p>\n<\/li>\n<li class=\"\" data-start=\"1208\" data-end=\"1260\">\n<p class=\"\" data-start=\"1210\" data-end=\"1260\"><strong data-start=\"1210\" data-end=\"1227\">L\u00f6ved\u00e9kt\u00edpus:<\/strong> Soft Point (SP), \u00f3lomhegy\u0171 mag<\/p>\n<\/li>\n<li class=\"\" data-start=\"1261\" data-end=\"1297\">\n<p class=\"\" data-start=\"1263\" data-end=\"1297\"><strong data-start=\"1263\" data-end=\"1280\">L\u00f6ved\u00e9kt\u00f6meg:<\/strong> 150 gr \/ 9,7 g<\/p>\n<\/li>\n<li class=\"\" data-start=\"1298\" data-end=\"1341\">\n<p class=\"\" data-start=\"1300\" data-end=\"1341\"><strong data-start=\"1300\" data-end=\"1333\">Ballisztikai egy\u00fctthat\u00f3 (BC):<\/strong> 0,274<\/p>\n<\/li>\n<li class=\"\" data-start=\"1342\" data-end=\"1380\">\n<p class=\"\" data-start=\"1344\" data-end=\"1380\"><strong data-start=\"1344\" data-end=\"1370\">Cs\u0151torkolati sebess\u00e9g:<\/strong> 990 m\/s<\/p>\n<\/li>\n<li class=\"\" data-start=\"1381\" data-end=\"1417\">\n<p class=\"\" data-start=\"1383\" data-end=\"1417\"><strong data-start=\"1383\" data-end=\"1408\">Cs\u0151torkolati energia:<\/strong> 4753 J<\/p>\n<\/li>\n<li class=\"\" data-start=\"1418\" data-end=\"1449\">\n<p class=\"\" data-start=\"1420\" data-end=\"1449\"><strong data-start=\"1420\" data-end=\"1435\">Kiszerel\u00e9s:<\/strong> 20 db\/doboz<\/p>\n<\/li>\n<\/ul>\n<hr class=\"\" data-start=\"1451\" data-end=\"1454\" \/>\n<h3 class=\"\" data-start=\"1456\" data-end=\"1506\">\ud83e\udd8c <strong data-start=\"1463\" data-end=\"1506\">Ide\u00e1lis v\u00e1laszt\u00e1s a k\u00f6vetkez\u0151 vadakhoz:<\/strong><\/h3>\n<ul data-start=\"1507\" data-end=\"1583\">\n<li class=\"\" data-start=\"1507\" data-end=\"1521\">\n<p class=\"\" data-start=\"1509\" data-end=\"1521\">G\u00edmszarvas<\/p>\n<\/li>\n<li class=\"\" data-start=\"1522\" data-end=\"1535\">\n<p class=\"\" data-start=\"1524\" data-end=\"1535\">Vaddiszn\u00f3<\/p>\n<\/li>\n<li class=\"\" data-start=\"1536\" data-end=\"1542\">\n<p class=\"\" data-start=\"1538\" data-end=\"1542\">\u0150z<\/p>\n<\/li>\n<li class=\"\" data-start=\"1543\" data-end=\"1583\">\n<p class=\"\" data-start=\"1545\" data-end=\"1583\">J\u00e1vorszarvas (megfelel\u0151 l\u0151t\u00e1von bel\u00fcl)<\/p>\n<\/li>\n<\/ul>\n<p><iframe loading=\"lazy\" title=\"Norma Whitetail | That\u2019s how our new Whitetail line performs  | Precise, effective, affordable\" width=\"1080\" height=\"608\" src=\"https:\/\/www.youtube.com\/embed\/7H4Alj6Co_Q?feature=oembed\"  allow=\"accelerometer; autoplay; clipboard-write; encrypted-media; gyroscope; picture-in-picture; web-share\" referrerpolicy=\"strict-origin-when-cross-origin\" allowfullscreen><\/iframe><\/p>\n<hr class=\"\" data-start=\"1585\" data-end=\"1588\" \/>\n<p class=\"\" data-start=\"1590\" data-end=\"1733\">A <strong data-start=\"1592\" data-end=\"1626\">Norma Whitetail .300 Win. Mag.<\/strong> l\u0151szer a <strong data-start=\"1636\" data-end=\"1665\">hossz\u00fa t\u00e1v\u00fa vad\u00e1szok \u00e1lma<\/strong>: pontos, er\u0151s, megb\u00edzhat\u00f3 \u2013 \u00e9s minden helyzetben meg\u00e1llja a hely\u00e9t.<\/p>\n<h6 style=\"text-align: center;\"><em><strong>A le\u00edr\u00e1sban szerepl\u0151 adatok t\u00e1j\u00e9koztat\u00f3 jelleg\u0171ek, t\u00edpusonk\u00e9nt v\u00e1ltozhat!<\/strong><\/em><br \/>\n<em><strong>Kaliberekr\u0151l, \u00e1rakr\u00f3l \u00e9s egy\u00e9b inform\u00e1ci\u00f3kr\u00f3l k\u00e9rj\u00fck \u00e9rdekl\u0151dj\u00f6n!<\/strong><\/em><\/h6>\n<h6 style=\"text-align: center;\"><em><strong>A fegyvert\u00f6rv\u00e9ny \u00e9rtelm\u00e9ben, fegyvert, l\u0151szert kiz\u00e1r\u00f3lag szem\u00e9lyesen,az \u00fczletben fegyvertart\u00e1si enged\u00e9ly birtok\u00e1ban lehet v\u00e1s\u00e1rolni!<\/strong><\/em><br \/>\n<em><strong>A webshopban megrendelt fegyverek \u00e9s l\u0151szerek NEM ker\u00fclnek kisz\u00e1ll\u00edt\u00e1sra!\u00a0 Tov\u00e1bbi inform\u00e1ci\u00f3\u00e9rt l\u00e1togasson el boltunkba!<\/strong><\/em><\/h6>\n<h6 style=\"text-align: center;\"><em><strong>Az \u00e1rak t\u00e1j\u00e9koztat\u00f3 jelleg\u0171ek nem min\u0151s\u00fcl hivatalos aj\u00e1nlat t\u00e9telnek!<\/strong><\/em><br \/>\n<em><strong>Az \u00e1rv\u00e1ltoz\u00e1s jog\u00e1t fenntartjuk!<\/strong><\/em><\/h6>\n","protected":false},"excerpt":{"rendered":"<p>Norma Whitetail SP 300 Win.Mag. 9,7g\/150gr &nbsp; Norma Whitetail\u2122 .300 Win. Mag. \u2013 Teljes\u00edtm\u00e9ny, amire mindig sz\u00e1m\u00edthatsz A Norma Whitetail .300 Win. Mag. Soft Point l\u0151szer kimagasl\u00f3 pontoss\u00e1got \u00e9s biztos hat\u00e1st k\u00edn\u00e1l minden szarvasvad\u00e1sz sz\u00e1m\u00e1ra. Gyors, ir\u00e1ny\u00edtott gomb\u00e1sod\u00e1s, nagy sebess\u00e9g \u00e9s kompromisszummentes megb\u00edzhat\u00f3s\u00e1g \u2013 mindez egyetlen patronban. A nyitott \u00f3lomhegy\u0171 l\u00f6ved\u00e9k gyorsan leadja energi\u00e1j\u00e1t a [&hellip;]<\/p>\n","protected":false},"featured_media":7212,"comment_status":"open","ping_status":"closed","template":"","meta":{"_et_pb_use_builder":"","_et_pb_old_content":"","_et_gb_content_width":"","om_disable_all_campaigns":false},"product_brand":[],"product_cat":[21,266,199,200],"product_tag":[1400],"class_list":{"0":"post-5851","1":"product","2":"type-product","3":"status-publish","4":"has-post-thumbnail","6":"product_cat-uj","7":"product_cat-300-win-mag","8":"product_cat-golyos-loszerek","9":"product_cat-kaliber","10":"product_tag-norma-whitetail","12":"first","13":"instock","14":"taxable","15":"shipping-taxable","16":"purchasable","17":"product-type-simple"},"_links":{"self":[{"href":"https:\/\/www.vadaszboltcsorna.hu\/index.php\/wp-json\/wp\/v2\/product\/5851","targetHints":{"allow":["GET"]}}],"collection":[{"href":"https:\/\/www.vadaszboltcsorna.hu\/index.php\/wp-json\/wp\/v2\/product"}],"about":[{"href":"https:\/\/www.vadaszboltcsorna.hu\/index.php\/wp-json\/wp\/v2\/types\/product"}],"replies":[{"embeddable":true,"href":"https:\/\/www.vadaszboltcsorna.hu\/index.php\/wp-json\/wp\/v2\/comments?post=5851"}],"wp:featuredmedia":[{"embeddable":true,"href":"https:\/\/www.vadaszboltcsorna.hu\/index.php\/wp-json\/wp\/v2\/media\/7212"}],"wp:attachment":[{"href":"https:\/\/www.vadaszboltcsorna.hu\/index.php\/wp-json\/wp\/v2\/media?parent=5851"}],"wp:term":[{"taxonomy":"product_brand","embeddable":true,"href":"https:\/\/www.vadaszboltcsorna.hu\/index.php\/wp-json\/wp\/v2\/product_brand?post=5851"},{"taxonomy":"product_cat","embeddable":true,"href":"https:\/\/www.vadaszboltcsorna.hu\/index.php\/wp-json\/wp\/v2\/product_cat?post=5851"},{"taxonomy":"product_tag","embeddable":true,"href":"https:\/\/www.vadaszboltcsorna.hu\/index.php\/wp-json\/wp\/v2\/product_tag?post=5851"}],"curies":[{"name":"wp","href":"https:\/\/api.w.org\/{rel}","templated":true}]}}