{"id":5846,"date":"2024-07-02T10:22:07","date_gmt":"2024-07-02T10:22:07","guid":{"rendered":"https:\/\/www.vadaszboltcsorna.hu\/?post_type=product&#038;p=5846"},"modified":"2026-01-13T13:41:37","modified_gmt":"2026-01-13T13:41:37","slug":"rws-93x62-evo-188g-291gr","status":"publish","type":"product","link":"https:\/\/www.vadaszboltcsorna.hu\/index.php\/termek\/rws-93x62-evo-188g-291gr\/","title":{"rendered":"RWS 9,3&#215;62 EVO 18,8g 291gr"},"content":{"rendered":"<h2 style=\"text-align: center;\"><strong>RWS 9,3&#215;62 EVO 18,8g 291gr<\/strong><\/h2>\n<p>&nbsp;<\/p>\n<h2 class=\"\" data-start=\"263\" data-end=\"317\"><strong data-start=\"266\" data-end=\"317\">RWS EVO 9,3&#215;62 \u2013 Pr\u00e9mium l\u0151szer a profik kez\u00e9be<\/strong><\/h2>\n<p class=\"\" data-start=\"319\" data-end=\"613\">Az <strong data-start=\"322\" data-end=\"340\">RWS EVO 9,3&#215;62<\/strong> a <strong data-start=\"343\" data-end=\"363\">n\u00e9met precizit\u00e1s<\/strong> \u00e9s a <strong data-start=\"369\" data-end=\"410\">legmodernebb ballisztikai technol\u00f3gia<\/strong> t\u00f6k\u00e9letes tal\u00e1lkoz\u00e1sa. Ez a l\u0151szer nem ismer kompromisszumot \u2013 <strong data-start=\"474\" data-end=\"522\">megb\u00edzhat\u00f3s\u00e1ga, pontoss\u00e1ga \u00e9s leter\u00edt\u0151 ereje<\/strong> miatt a <strong data-start=\"531\" data-end=\"600\">hivat\u00e1sos vad\u00e1szok \u00e9s ig\u00e9nyes sportl\u00f6v\u00e9szek els\u0151 sz\u00e1m\u00fa v\u00e1laszt\u00e1sa<\/strong> vil\u00e1gszerte.<\/p>\n<p class=\"\" data-start=\"615\" data-end=\"863\">A <strong data-start=\"617\" data-end=\"641\">Rapid-X l\u00f6ved\u00e9kcs\u00facs<\/strong> \u00e9s az <strong data-start=\"648\" data-end=\"672\">\u00faj gener\u00e1ci\u00f3s k\u00f6peny<\/strong> kialak\u00edt\u00e1sa r\u00e9v\u00e9n a l\u00f6ved\u00e9k <strong data-start=\"701\" data-end=\"769\">nagy t\u00e1vols\u00e1gon is megtartja ir\u00e1ny\u00e1t, energi\u00e1j\u00e1t \u00e9s stabilit\u00e1s\u00e1t<\/strong>. A <strong data-start=\"773\" data-end=\"810\">kiv\u00e1l\u00f3 ballisztikai tulajdons\u00e1gok<\/strong> garant\u00e1lj\u00e1k a pontos l\u00f6v\u00e9seket m\u00e9g neh\u00e9z terepen is.<\/p>\n<hr class=\"\" data-start=\"865\" data-end=\"868\" \/>\n<h3 class=\"\" data-start=\"870\" data-end=\"915\">\ud83d\ude80 <strong data-start=\"877\" data-end=\"915\">Amit az RWS EVO k\u00fcl\u00f6nlegess\u00e9 tesz:<\/strong><\/h3>\n<ul data-start=\"916\" data-end=\"1270\">\n<li class=\"\" data-start=\"916\" data-end=\"986\">\n<p class=\"\" data-start=\"918\" data-end=\"986\"><strong data-start=\"918\" data-end=\"942\">Rapid-X l\u00f6ved\u00e9kcs\u00facs<\/strong>: kiemelked\u0151 aerodinamika, prec\u00edz r\u00f6pp\u00e1lya<\/p>\n<\/li>\n<li class=\"\" data-start=\"987\" data-end=\"1058\">\n<p class=\"\" data-start=\"989\" data-end=\"1058\"><strong data-start=\"989\" data-end=\"1013\">Er\u0151s, pr\u00e9mium k\u00f6peny<\/strong>: c\u00e9lzott energia-lead\u00e1s, kiv\u00e1l\u00f3 gomb\u00e1sod\u00e1s<\/p>\n<\/li>\n<li class=\"\" data-start=\"1059\" data-end=\"1125\">\n<p class=\"\" data-start=\"1061\" data-end=\"1125\"><strong data-start=\"1061\" data-end=\"1086\">R\u00e9zb\u0151l k\u00e9sz\u00fclt h\u00fcvely<\/strong>: megb\u00edzhat\u00f3 m\u0171k\u00f6d\u00e9s, \u00fajrat\u00f6lthet\u0151s\u00e9g<\/p>\n<\/li>\n<li class=\"\" data-start=\"1126\" data-end=\"1193\">\n<p class=\"\" data-start=\"1128\" data-end=\"1193\"><strong data-start=\"1128\" data-end=\"1153\">Egyenletes l\u0151por \u00e9g\u00e9s<\/strong>: \u00e1lland\u00f3 teljes\u00edtm\u00e9ny minden l\u00f6v\u00e9sn\u00e9l<\/p>\n<\/li>\n<li class=\"\" data-start=\"1194\" data-end=\"1270\">\n<p class=\"\" data-start=\"1196\" data-end=\"1270\"><strong data-start=\"1196\" data-end=\"1224\">Pr\u00e9mium min\u0151s\u00e9g\u0171 gy\u00e1rt\u00e1s<\/strong>: N\u00e9metorsz\u00e1gban k\u00e9sz\u00fclt, kompromisszum n\u00e9lk\u00fcl<\/p>\n<\/li>\n<\/ul>\n<hr class=\"\" data-start=\"1272\" data-end=\"1275\" \/>\n<h3 class=\"\" data-start=\"1277\" data-end=\"1303\">\ud83d\udd0d <strong data-start=\"1284\" data-end=\"1303\">M\u0171szaki adatok:<\/strong><\/h3>\n<ul data-start=\"1304\" data-end=\"1564\">\n<li class=\"\" data-start=\"1304\" data-end=\"1327\">\n<p class=\"\" data-start=\"1306\" data-end=\"1327\"><strong data-start=\"1306\" data-end=\"1318\">Kaliber:<\/strong> 9,3&#215;62<\/p>\n<\/li>\n<li class=\"\" data-start=\"1328\" data-end=\"1375\">\n<p class=\"\" data-start=\"1330\" data-end=\"1375\"><strong data-start=\"1330\" data-end=\"1347\">L\u00f6ved\u00e9kt\u00edpus:<\/strong> \u00d3lomhegy\u0171, EVO kialak\u00edt\u00e1s<\/p>\n<\/li>\n<li class=\"\" data-start=\"1376\" data-end=\"1412\">\n<p class=\"\" data-start=\"1378\" data-end=\"1412\"><strong data-start=\"1378\" data-end=\"1394\">L\u00f6ved\u00e9ks\u00faly:<\/strong> 291 gr \/ 18,8 g<\/p>\n<\/li>\n<li class=\"\" data-start=\"1413\" data-end=\"1456\">\n<p class=\"\" data-start=\"1415\" data-end=\"1456\"><strong data-start=\"1415\" data-end=\"1448\">Ballisztikai egy\u00fctthat\u00f3 (BC):<\/strong> 0,400<\/p>\n<\/li>\n<li class=\"\" data-start=\"1457\" data-end=\"1495\">\n<p class=\"\" data-start=\"1459\" data-end=\"1495\"><strong data-start=\"1459\" data-end=\"1485\">Cs\u0151torkolati sebess\u00e9g:<\/strong> 690 m\/s<\/p>\n<\/li>\n<li class=\"\" data-start=\"1496\" data-end=\"1532\">\n<p class=\"\" data-start=\"1498\" data-end=\"1532\"><strong data-start=\"1498\" data-end=\"1523\">Cs\u0151torkolati energia:<\/strong> 4475 J<\/p>\n<\/li>\n<li class=\"\" data-start=\"1533\" data-end=\"1564\">\n<p class=\"\" data-start=\"1535\" data-end=\"1564\"><strong data-start=\"1535\" data-end=\"1550\">Kiszerel\u00e9s:<\/strong> 20 db\/doboz<\/p>\n<\/li>\n<\/ul>\n<hr class=\"\" data-start=\"1566\" data-end=\"1569\" \/>\n<h3 class=\"\" data-start=\"1571\" data-end=\"1617\">\ud83e\udd8c <strong data-start=\"1578\" data-end=\"1617\">Kiv\u00e1l\u00f3 v\u00e1laszt\u00e1s nagytest\u0171 vadakra:<\/strong><\/h3>\n<ul data-start=\"1618\" data-end=\"1673\">\n<li class=\"\" data-start=\"1618\" data-end=\"1632\">\n<p class=\"\" data-start=\"1620\" data-end=\"1632\">G\u00edmszarvas<\/p>\n<\/li>\n<li class=\"\" data-start=\"1633\" data-end=\"1646\">\n<p class=\"\" data-start=\"1635\" data-end=\"1646\">Vaddiszn\u00f3<\/p>\n<\/li>\n<li class=\"\" data-start=\"1647\" data-end=\"1656\">\n<p class=\"\" data-start=\"1649\" data-end=\"1656\">Medve<\/p>\n<\/li>\n<li class=\"\" data-start=\"1657\" data-end=\"1673\">\n<p class=\"\" data-start=\"1659\" data-end=\"1673\">J\u00e1vorszarvas<\/p>\n<\/li>\n<\/ul>\n<p class=\"\" data-start=\"1675\" data-end=\"1802\">Az <strong data-start=\"1678\" data-end=\"1696\">RWS EVO 9,3&#215;62<\/strong> nem csup\u00e1n egy l\u0151szer \u2013 ez egy <strong data-start=\"1728\" data-end=\"1759\">eszk\u00f6z a t\u00f6k\u00e9letes l\u00f6v\u00e9shez<\/strong>. V\u00e1laszd azt, amit a profik is haszn\u00e1lnak!<\/p>\n<p><iframe loading=\"lazy\" title=\"ID RWS\" width=\"1080\" height=\"608\" src=\"https:\/\/www.youtube.com\/embed\/y69-XnFO1p0?feature=oembed\"  allow=\"accelerometer; autoplay; clipboard-write; encrypted-media; gyroscope; picture-in-picture; web-share\" referrerpolicy=\"strict-origin-when-cross-origin\" allowfullscreen><\/iframe><\/p>\n<h5 style=\"text-align: center;\"><em><strong>A le\u00edr\u00e1sban szerepl\u0151 adatok t\u00e1j\u00e9koztat\u00f3 jelleg\u0171ek, t\u00edpusonk\u00e9nt v\u00e1ltozhat!<\/strong><\/em><br \/>\n<em><strong>Kaliberekr\u0151l, \u00e1rakr\u00f3l \u00e9s egy\u00e9b inform\u00e1ci\u00f3kr\u00f3l k\u00e9rj\u00fck \u00e9rdekl\u0151dj\u00f6n!<\/strong><\/em><br \/>\n<em><strong>A fegyvert\u00f6rv\u00e9ny \u00e9rtelm\u00e9ben, fegyvert, l\u0151szert kiz\u00e1r\u00f3lag szem\u00e9lyesen,az \u00fczletben fegyvertart\u00e1si enged\u00e9ly birtok\u00e1ban lehet v\u00e1s\u00e1rolni!<\/strong><\/em><br \/>\n<em><strong>A webshopban megrendelt fegyverek \u00e9s l\u0151szerek NEM ker\u00fclnek kisz\u00e1ll\u00edt\u00e1sra! Tov\u00e1bbi inform\u00e1ci\u00f3\u00e9rt l\u00e1togasson el boltunkba!<\/strong><\/em><br \/>\n<em><strong>Az \u00e1rak t\u00e1j\u00e9koztat\u00f3 jelleg\u0171ek nem min\u0151s\u00fcl hivatalos aj\u00e1nlat t\u00e9telnek!<\/strong><\/em><br \/>\n<em><strong>Az \u00e1rv\u00e1ltoz\u00e1s jog\u00e1t fenntartjuk!<\/strong><\/em><\/h5>\n<p>&nbsp;<\/p>\n<p>&nbsp;<\/p>\n","protected":false},"excerpt":{"rendered":"<p>RWS 9,3&#215;62 EVO 18,8g 291gr &nbsp; RWS EVO 9,3&#215;62 \u2013 Pr\u00e9mium l\u0151szer a profik kez\u00e9be Az RWS EVO 9,3&#215;62 a n\u00e9met precizit\u00e1s \u00e9s a legmodernebb ballisztikai technol\u00f3gia t\u00f6k\u00e9letes tal\u00e1lkoz\u00e1sa. Ez a l\u0151szer nem ismer kompromisszumot \u2013 megb\u00edzhat\u00f3s\u00e1ga, pontoss\u00e1ga \u00e9s leter\u00edt\u0151 ereje miatt a hivat\u00e1sos vad\u00e1szok \u00e9s ig\u00e9nyes sportl\u00f6v\u00e9szek els\u0151 sz\u00e1m\u00fa v\u00e1laszt\u00e1sa vil\u00e1gszerte. A Rapid-X l\u00f6ved\u00e9kcs\u00facs [&hellip;]<\/p>\n","protected":false},"featured_media":7233,"comment_status":"open","ping_status":"closed","template":"","meta":{"_et_pb_use_builder":"","_et_pb_old_content":"","_et_gb_content_width":"","om_disable_all_campaigns":false},"product_brand":[],"product_cat":[21,227,199,200],"product_tag":[213,70],"class_list":{"0":"post-5846","1":"product","2":"type-product","3":"status-publish","4":"has-post-thumbnail","6":"product_cat-uj","7":"product_cat-93x62","8":"product_cat-golyos-loszerek","9":"product_cat-kaliber","10":"product_tag-rws-loszer","11":"product_tag-vadaszat","13":"first","14":"instock","15":"sale","16":"taxable","17":"shipping-taxable","18":"purchasable","19":"product-type-simple"},"_links":{"self":[{"href":"https:\/\/www.vadaszboltcsorna.hu\/index.php\/wp-json\/wp\/v2\/product\/5846","targetHints":{"allow":["GET"]}}],"collection":[{"href":"https:\/\/www.vadaszboltcsorna.hu\/index.php\/wp-json\/wp\/v2\/product"}],"about":[{"href":"https:\/\/www.vadaszboltcsorna.hu\/index.php\/wp-json\/wp\/v2\/types\/product"}],"replies":[{"embeddable":true,"href":"https:\/\/www.vadaszboltcsorna.hu\/index.php\/wp-json\/wp\/v2\/comments?post=5846"}],"wp:featuredmedia":[{"embeddable":true,"href":"https:\/\/www.vadaszboltcsorna.hu\/index.php\/wp-json\/wp\/v2\/media\/7233"}],"wp:attachment":[{"href":"https:\/\/www.vadaszboltcsorna.hu\/index.php\/wp-json\/wp\/v2\/media?parent=5846"}],"wp:term":[{"taxonomy":"product_brand","embeddable":true,"href":"https:\/\/www.vadaszboltcsorna.hu\/index.php\/wp-json\/wp\/v2\/product_brand?post=5846"},{"taxonomy":"product_cat","embeddable":true,"href":"https:\/\/www.vadaszboltcsorna.hu\/index.php\/wp-json\/wp\/v2\/product_cat?post=5846"},{"taxonomy":"product_tag","embeddable":true,"href":"https:\/\/www.vadaszboltcsorna.hu\/index.php\/wp-json\/wp\/v2\/product_tag?post=5846"}],"curies":[{"name":"wp","href":"https:\/\/api.w.org\/{rel}","templated":true}]}}