{"id":5838,"date":"2024-07-02T09:37:45","date_gmt":"2024-07-02T09:37:45","guid":{"rendered":"https:\/\/www.vadaszboltcsorna.hu\/?post_type=product&#038;p=5838"},"modified":"2025-03-27T09:38:27","modified_gmt":"2025-03-27T09:38:27","slug":"norma-93x62-whitetail-185g-285gr","status":"publish","type":"product","link":"https:\/\/www.vadaszboltcsorna.hu\/index.php\/termek\/norma-93x62-whitetail-185g-285gr\/","title":{"rendered":"NORMA 9,3&#215;62 Whitetail 18,5g\/285gr"},"content":{"rendered":"<h2 style=\"text-align: center;\"><strong>NORMA 9,3&#215;62 Whitetail 18,5g\/285gr<\/strong><\/h2>\n<h2 class=\"\" data-start=\"316\" data-end=\"385\"><strong data-start=\"319\" data-end=\"385\">NORMA Whitetail\u2122 9,3&#215;62 SP \u2013 A megb\u00edzhat\u00f3 klasszikus nagyvadra<\/strong><\/h2>\n<p class=\"\" data-start=\"387\" data-end=\"697\">A <strong data-start=\"389\" data-end=\"426\">NORMA Whitetail 9,3&#215;62 Soft Point<\/strong> l\u0151szer a hagyom\u00e1nyos vad\u00e1szok kedvence \u2013 megb\u00edzhat\u00f3s\u00e1ga, puszt\u00edt\u00f3 hat\u00e1sa \u00e9s precizit\u00e1sa miatt. <strong data-start=\"522\" data-end=\"559\">Klasszikus Soft Point kialak\u00edt\u00e1sa<\/strong> gyors \u00e9s hat\u00e9kony energia-lead\u00e1st biztos\u00edt, \u00edgy k\u00fcl\u00f6n\u00f6sen alkalmas nagytest\u0171 vadakra, p\u00e9ld\u00e1ul szarvasra, vaddiszn\u00f3ra vagy j\u00e1vorszarvasra.<\/p>\n<p class=\"\" data-start=\"699\" data-end=\"945\">A <strong data-start=\"701\" data-end=\"722\">nyitott \u00f3lomcs\u00facs<\/strong> \u00e9s a <strong data-start=\"728\" data-end=\"754\">gyorsan t\u00e1gul\u00f3 \u00f3lommag<\/strong> kombin\u00e1ci\u00f3ja r\u00e9v\u00e9n a l\u00f6ved\u00e9k <strong data-start=\"784\" data-end=\"806\">azonnal gomb\u00e1sodik<\/strong> a vad test\u00e9ben, \u00e9s az energia a l\u00e9tfontoss\u00e1g\u00fa szervekn\u00e9l fejti ki hat\u00e1s\u00e1t \u2013 biztos\u00edtva a r\u00f6vid ut\u00e1nkeres\u00e9st vagy annak teljes elker\u00fcl\u00e9s\u00e9t.<\/p>\n<hr class=\"\" data-start=\"947\" data-end=\"950\" \/>\n<h3 class=\"\" data-start=\"952\" data-end=\"978\">\ud83c\udfaf <strong data-start=\"959\" data-end=\"978\">F\u0151bb jellemz\u0151k:<\/strong><\/h3>\n<ul data-start=\"979\" data-end=\"1346\">\n<li class=\"\" data-start=\"979\" data-end=\"1063\">\n<p class=\"\" data-start=\"981\" data-end=\"1063\"><strong data-start=\"981\" data-end=\"1004\">Soft Point\u2122 l\u00f6ved\u00e9k<\/strong>: nyitott \u00f3lomcs\u00facs a megn\u00f6velt gomb\u00e1sod\u00e1s\u00e9rt \u00e9s hat\u00e1s\u00e9rt<\/p>\n<\/li>\n<li class=\"\" data-start=\"1064\" data-end=\"1140\">\n<p class=\"\" data-start=\"1066\" data-end=\"1140\"><strong data-start=\"1066\" data-end=\"1089\">Gyors le\u00fct\u00e9si hat\u00e1s<\/strong>: r\u00f6vid reakci\u00f3id\u0151, minim\u00e1lis sebz\u00e9s ut\u00e1ni mozg\u00e1s<\/p>\n<\/li>\n<li class=\"\" data-start=\"1141\" data-end=\"1194\">\n<p class=\"\" data-start=\"1143\" data-end=\"1194\"><strong data-start=\"1143\" data-end=\"1164\">Nagy \u00e1thatol\u00f3 er\u0151<\/strong>: energia a megfelel\u0151 helyen<\/p>\n<\/li>\n<li class=\"\" data-start=\"1195\" data-end=\"1269\">\n<p class=\"\" data-start=\"1197\" data-end=\"1269\"><strong data-start=\"1197\" data-end=\"1226\">Pontoss\u00e1g minden l\u00f6v\u00e9sn\u00e9l<\/strong>: prec\u00edzen t\u00f6lt\u00f6tt l\u0151szer sv\u00e9d min\u0151s\u00e9gben<\/p>\n<\/li>\n<li class=\"\" data-start=\"1270\" data-end=\"1346\">\n<p class=\"\" data-start=\"1272\" data-end=\"1346\"><strong data-start=\"1272\" data-end=\"1313\">Kiv\u00e1l\u00f3 min\u0151s\u00e9g\u0171 NORMA s\u00e1rgar\u00e9z h\u00fcvely<\/strong>: \u00fajrat\u00f6lthet\u0151, hossz\u00fa \u00e9lettartam<\/p>\n<\/li>\n<\/ul>\n<hr class=\"\" data-start=\"1348\" data-end=\"1351\" \/>\n<h3 class=\"\" data-start=\"1353\" data-end=\"1379\">\ud83d\udd0d <strong data-start=\"1360\" data-end=\"1379\">M\u0171szaki adatok:<\/strong><\/h3>\n<ul data-start=\"1380\" data-end=\"1548\">\n<li class=\"\" data-start=\"1380\" data-end=\"1403\">\n<p class=\"\" data-start=\"1382\" data-end=\"1403\"><strong data-start=\"1382\" data-end=\"1394\">Kaliber:<\/strong> 9,3&#215;62<\/p>\n<\/li>\n<li class=\"\" data-start=\"1404\" data-end=\"1454\">\n<p class=\"\" data-start=\"1406\" data-end=\"1454\"><strong data-start=\"1406\" data-end=\"1423\">L\u00f6ved\u00e9kt\u00edpus:<\/strong> Soft Point (SP), \u00f3lomcs\u00facsos<\/p>\n<\/li>\n<li class=\"\" data-start=\"1455\" data-end=\"1491\">\n<p class=\"\" data-start=\"1457\" data-end=\"1491\"><strong data-start=\"1457\" data-end=\"1473\">L\u00f6ved\u00e9ks\u00faly:<\/strong> 285 gr \/ 18,5 g<\/p>\n<\/li>\n<li class=\"\" data-start=\"1492\" data-end=\"1523\">\n<p class=\"\" data-start=\"1494\" data-end=\"1523\"><strong data-start=\"1494\" data-end=\"1509\">Kiszerel\u00e9s:<\/strong> 20 db\/doboz<\/p>\n<\/li>\n<li class=\"\" data-start=\"1524\" data-end=\"1548\">\n<p class=\"\" data-start=\"1526\" data-end=\"1548\"><strong data-start=\"1526\" data-end=\"1543\">\u00d3lomtartalom:<\/strong> Igen<\/p>\n<\/li>\n<\/ul>\n<hr class=\"\" data-start=\"1550\" data-end=\"1553\" \/>\n<h3 class=\"\" data-start=\"1555\" data-end=\"1594\">\ud83e\udd8c <strong data-start=\"1562\" data-end=\"1594\">Ide\u00e1lis v\u00e1laszt\u00e1s nagyvadra:<\/strong><\/h3>\n<ul data-start=\"1595\" data-end=\"1647\">\n<li class=\"\" data-start=\"1595\" data-end=\"1609\">\n<p class=\"\" data-start=\"1597\" data-end=\"1609\">G\u00edmszarvas<\/p>\n<\/li>\n<li class=\"\" data-start=\"1610\" data-end=\"1623\">\n<p class=\"\" data-start=\"1612\" data-end=\"1623\">Vaddiszn\u00f3<\/p>\n<\/li>\n<li class=\"\" data-start=\"1624\" data-end=\"1630\">\n<p class=\"\" data-start=\"1626\" data-end=\"1630\">\u0150z<\/p>\n<\/li>\n<li class=\"\" data-start=\"1631\" data-end=\"1647\">\n<p class=\"\" data-start=\"1633\" data-end=\"1647\">J\u00e1vorszarvas<\/p>\n<\/li>\n<\/ul>\n<p class=\"\" data-start=\"1649\" data-end=\"1886\">A <strong data-start=\"1651\" data-end=\"1670\">NORMA Whitetail<\/strong> a <strong data-start=\"1673\" data-end=\"1724\">hagyom\u00e1nyos vad\u00e1sz\u00e9lm\u00e9ny t\u00f6k\u00e9letes kieg\u00e9sz\u00edt\u0151je<\/strong>, ahol a c\u00e9l nem csup\u00e1n a vad elejt\u00e9se, hanem a <strong data-start=\"1772\" data-end=\"1803\">tiszta, gyors, etikus l\u00f6v\u00e9s<\/strong>. Ak\u00e1r kezd\u0151, ak\u00e1r tapasztalt vad\u00e1sz vagy, ebben a l\u0151szerben biztosan nem csal\u00f3dsz.<\/p>\n<p>&nbsp;<\/p>\n<h6 style=\"text-align: center;\"><strong><em>A le\u00edr\u00e1sban szerepl\u0151 adatok t\u00e1j\u00e9koztat\u00f3 jelleg\u0171ek, t\u00edpusonk\u00e9nt v\u00e1ltozhat!<\/em><\/strong><br \/>\n<strong><em>Kaliberekr\u0151l, \u00e1rakr\u00f3l \u00e9s egy\u00e9b inform\u00e1ci\u00f3kr\u00f3l k\u00e9rj\u00fck \u00e9rdekl\u0151dj\u00f6n!<\/em><\/strong><br \/>\n<strong><em>A fegyvert\u00f6rv\u00e9ny \u00e9rtelm\u00e9ben, fegyvert, l\u0151szert kiz\u00e1r\u00f3lag szem\u00e9lyesen,az \u00fczletben fegyvertart\u00e1si enged\u00e9ly birtok\u00e1ban lehet v\u00e1s\u00e1rolni!<\/em><\/strong><br \/>\n<strong><em>A webshopban megrendelt fegyverek \u00e9s l\u0151szerek NEM ker\u00fclnek kisz\u00e1ll\u00edt\u00e1sra! Tov\u00e1bbi inform\u00e1ci\u00f3\u00e9rt l\u00e1togasson el boltunkba!<\/em><\/strong><br \/>\n<strong><em>Az \u00e1rak t\u00e1j\u00e9koztat\u00f3 jelleg\u0171ek nem min\u0151s\u00fcl hivatalos aj\u00e1nlat t\u00e9telnek!<\/em><\/strong><br \/>\n<strong><em>Az \u00e1rv\u00e1ltoz\u00e1s jog\u00e1t fenntartjuk!<\/em><\/strong><\/h6>\n","protected":false},"excerpt":{"rendered":"<p>NORMA 9,3&#215;62 Whitetail 18,5g\/285gr NORMA Whitetail\u2122 9,3&#215;62 SP \u2013 A megb\u00edzhat\u00f3 klasszikus nagyvadra A NORMA Whitetail 9,3&#215;62 Soft Point l\u0151szer a hagyom\u00e1nyos vad\u00e1szok kedvence \u2013 megb\u00edzhat\u00f3s\u00e1ga, puszt\u00edt\u00f3 hat\u00e1sa \u00e9s precizit\u00e1sa miatt. Klasszikus Soft Point kialak\u00edt\u00e1sa gyors \u00e9s hat\u00e9kony energia-lead\u00e1st biztos\u00edt, \u00edgy k\u00fcl\u00f6n\u00f6sen alkalmas nagytest\u0171 vadakra, p\u00e9ld\u00e1ul szarvasra, vaddiszn\u00f3ra vagy j\u00e1vorszarvasra. A nyitott \u00f3lomcs\u00facs \u00e9s a [&hellip;]<\/p>\n","protected":false},"featured_media":7212,"comment_status":"open","ping_status":"closed","template":"","meta":{"_et_pb_use_builder":"","_et_pb_old_content":"","_et_gb_content_width":"","om_disable_all_campaigns":false},"product_brand":[],"product_cat":[21,227,199,200],"product_tag":[1397,1396],"class_list":{"0":"post-5838","1":"product","2":"type-product","3":"status-publish","4":"has-post-thumbnail","6":"product_cat-uj","7":"product_cat-93x62","8":"product_cat-golyos-loszerek","9":"product_cat-kaliber","10":"product_tag-3x62-whitetail","11":"product_tag-norma-9","13":"first","14":"instock","15":"taxable","16":"shipping-taxable","17":"purchasable","18":"product-type-simple"},"_links":{"self":[{"href":"https:\/\/www.vadaszboltcsorna.hu\/index.php\/wp-json\/wp\/v2\/product\/5838","targetHints":{"allow":["GET"]}}],"collection":[{"href":"https:\/\/www.vadaszboltcsorna.hu\/index.php\/wp-json\/wp\/v2\/product"}],"about":[{"href":"https:\/\/www.vadaszboltcsorna.hu\/index.php\/wp-json\/wp\/v2\/types\/product"}],"replies":[{"embeddable":true,"href":"https:\/\/www.vadaszboltcsorna.hu\/index.php\/wp-json\/wp\/v2\/comments?post=5838"}],"wp:featuredmedia":[{"embeddable":true,"href":"https:\/\/www.vadaszboltcsorna.hu\/index.php\/wp-json\/wp\/v2\/media\/7212"}],"wp:attachment":[{"href":"https:\/\/www.vadaszboltcsorna.hu\/index.php\/wp-json\/wp\/v2\/media?parent=5838"}],"wp:term":[{"taxonomy":"product_brand","embeddable":true,"href":"https:\/\/www.vadaszboltcsorna.hu\/index.php\/wp-json\/wp\/v2\/product_brand?post=5838"},{"taxonomy":"product_cat","embeddable":true,"href":"https:\/\/www.vadaszboltcsorna.hu\/index.php\/wp-json\/wp\/v2\/product_cat?post=5838"},{"taxonomy":"product_tag","embeddable":true,"href":"https:\/\/www.vadaszboltcsorna.hu\/index.php\/wp-json\/wp\/v2\/product_tag?post=5838"}],"curies":[{"name":"wp","href":"https:\/\/api.w.org\/{rel}","templated":true}]}}