{"id":5825,"date":"2024-07-02T08:54:39","date_gmt":"2024-07-02T08:54:39","guid":{"rendered":"https:\/\/www.vadaszboltcsorna.hu\/?post_type=product&#038;p=5825"},"modified":"2025-03-27T09:32:13","modified_gmt":"2025-03-27T09:32:13","slug":"norma-vulkan-93x62-15g-232gr-2","status":"publish","type":"product","link":"https:\/\/www.vadaszboltcsorna.hu\/index.php\/termek\/norma-vulkan-93x62-15g-232gr-2\/","title":{"rendered":"Norma Vulkan 9,3&#215;62 15g\/232gr"},"content":{"rendered":"<h2 style=\"text-align: center;\"><strong>Norma Vulkan 9,3&#215;62 15g\/232gr<\/strong><\/h2>\n<p>&nbsp;<\/p>\n<h4><b>Term\u00e9k le\u00edr\u00e1s<\/b><\/h4>\n<h4 class=\"termek-leiras\">A l\u00f6ved\u00e9k kialak\u00edt\u00e1sa legink\u00e1bb az angolul Soft Pointnak h\u00edvott \u00f3lomhegy\u0171ekhez hasonlatos, de ennek a cs\u00facs\u00e1b\u00f3l az \u00f3lom nem l\u00f3g ki, a tombak k\u00f6penyt visszat\u0171rt\u00e9k. Ez\u00e1ltal kis \u00fcreget hoztak l\u00e9tre, mely n\u00e9mi k\u00e9pzel\u0151er\u0151vel egy vulk\u00e1n kr\u00e1ter\u00e9hez hasonl\u00edt. A visszahajtott k\u00f6peny v\u00e9di a l\u00f6ved\u00e9kcs\u00facsot, ami ennek k\u00f6sz\u00f6nhet\u0151en a puska h\u00e1trar\u00fag\u00e1sa sor\u00e1n a t\u00e1rban nem deform\u00e1l\u00f3dik. Vadtestet tal\u00e1lva a v\u00e9kony k\u00f6penynek k\u00f6sz\u00f6nhet\u0151en jelent\u0151s energia lead\u00e1s mellett gyorsan gomb\u00e1sodik, hamar \u00f6l. Nagyon n\u00e9pszer\u0171 l\u00f6ved\u00e9k vaddiszn\u00f3 \u00e9s szarvas vad\u00e1szat\u00e1ra egyar\u00e1nt.<\/h4>\n<h4>L\u00f6ved\u00e9k t\u00edpusa: \u00f3lom hegy\u0171 mag<br \/>\nL\u00f6ved\u00e9k t\u00f6mege: 232 gr\/ 15 g<br \/>\nB.C.(ballisztikai egy\u00fctthat\u00f3): .278<br \/>\nCs\u0151torkolati sebess\u00e9g: 800 m\/s<br \/>\nCs\u0151torkolati energia: 4802 J<br \/>\nKaliber: 9,3&#215;62<br \/>\nKiszerel\u00e9s: 20<\/h4>\n<div><\/div>\n<div>\n<h4 style=\"text-align: center;\"><em>A le\u00edr\u00e1sban szerepl\u0151 adatok t\u00e1j\u00e9koztat\u00f3 jelleg\u0171ek, t\u00edpusonk\u00e9nt v\u00e1ltozhat!<\/em><br \/>\n<em>Kaliberekr\u0151l, \u00e1rakr\u00f3l \u00e9s egy\u00e9b inform\u00e1ci\u00f3kr\u00f3l k\u00e9rj\u00fck \u00e9rdekl\u0151dj\u00f6n!<\/em><\/h4>\n<h4 style=\"text-align: center;\"><em><strong>A fegyvert\u00f6rv\u00e9ny \u00e9rtelm\u00e9ben, fegyvert, l\u0151szert kiz\u00e1r\u00f3lag szem\u00e9lyesen,az \u00fczletben fegyvertart\u00e1si enged\u00e9ly birtok\u00e1ban lehet v\u00e1s\u00e1rolni!<\/strong><\/em><br \/>\n<em><strong>A webshopban megrendelt fegyverek \u00e9s l\u0151szerek NEM ker\u00fclnek kisz\u00e1ll\u00edt\u00e1sra!\u00a0 Tov\u00e1bbi inform\u00e1ci\u00f3\u00e9rt l\u00e1togasson el boltunkba!<\/strong><\/em><\/h4>\n<h4 style=\"text-align: center;\"><em>Az \u00e1rak t\u00e1j\u00e9koztat\u00f3 jelleg\u0171ek nem min\u0151s\u00fcl hivatalos aj\u00e1nlat t\u00e9telnek!<\/em><br \/>\n<em>Az \u00e1rv\u00e1ltoz\u00e1s jog\u00e1t fenntartjuk!<\/em><\/h4>\n<\/div>\n<h4 style=\"text-align: center;\"><\/h4>\n<p>&nbsp;<\/p>\n","protected":false},"excerpt":{"rendered":"<p>Norma Vulkan 9,3&#215;62 15g\/232gr &nbsp; Term\u00e9k le\u00edr\u00e1s A l\u00f6ved\u00e9k kialak\u00edt\u00e1sa legink\u00e1bb az angolul Soft Pointnak h\u00edvott \u00f3lomhegy\u0171ekhez hasonlatos, de ennek a cs\u00facs\u00e1b\u00f3l az \u00f3lom nem l\u00f3g ki, a tombak k\u00f6penyt visszat\u0171rt\u00e9k. Ez\u00e1ltal kis \u00fcreget hoztak l\u00e9tre, mely n\u00e9mi k\u00e9pzel\u0151er\u0151vel egy vulk\u00e1n kr\u00e1ter\u00e9hez hasonl\u00edt. A visszahajtott k\u00f6peny v\u00e9di a l\u00f6ved\u00e9kcs\u00facsot, ami ennek k\u00f6sz\u00f6nhet\u0151en a puska h\u00e1trar\u00fag\u00e1sa [&hellip;]<\/p>\n","protected":false},"featured_media":7198,"comment_status":"open","ping_status":"closed","template":"","meta":{"_et_pb_use_builder":"","_et_pb_old_content":"","_et_gb_content_width":"","om_disable_all_campaigns":false},"product_brand":[],"product_cat":[21,227,199,200],"product_tag":[1394,1392],"class_list":{"0":"post-5825","1":"product","2":"type-product","3":"status-publish","4":"has-post-thumbnail","6":"product_cat-uj","7":"product_cat-93x62","8":"product_cat-golyos-loszerek","9":"product_cat-kaliber","10":"product_tag-3x62-15g-232gr","11":"product_tag-norma-vulkan-9","13":"first","14":"instock","15":"taxable","16":"shipping-taxable","17":"purchasable","18":"product-type-simple"},"_links":{"self":[{"href":"https:\/\/www.vadaszboltcsorna.hu\/index.php\/wp-json\/wp\/v2\/product\/5825","targetHints":{"allow":["GET"]}}],"collection":[{"href":"https:\/\/www.vadaszboltcsorna.hu\/index.php\/wp-json\/wp\/v2\/product"}],"about":[{"href":"https:\/\/www.vadaszboltcsorna.hu\/index.php\/wp-json\/wp\/v2\/types\/product"}],"replies":[{"embeddable":true,"href":"https:\/\/www.vadaszboltcsorna.hu\/index.php\/wp-json\/wp\/v2\/comments?post=5825"}],"wp:featuredmedia":[{"embeddable":true,"href":"https:\/\/www.vadaszboltcsorna.hu\/index.php\/wp-json\/wp\/v2\/media\/7198"}],"wp:attachment":[{"href":"https:\/\/www.vadaszboltcsorna.hu\/index.php\/wp-json\/wp\/v2\/media?parent=5825"}],"wp:term":[{"taxonomy":"product_brand","embeddable":true,"href":"https:\/\/www.vadaszboltcsorna.hu\/index.php\/wp-json\/wp\/v2\/product_brand?post=5825"},{"taxonomy":"product_cat","embeddable":true,"href":"https:\/\/www.vadaszboltcsorna.hu\/index.php\/wp-json\/wp\/v2\/product_cat?post=5825"},{"taxonomy":"product_tag","embeddable":true,"href":"https:\/\/www.vadaszboltcsorna.hu\/index.php\/wp-json\/wp\/v2\/product_tag?post=5825"}],"curies":[{"name":"wp","href":"https:\/\/api.w.org\/{rel}","templated":true}]}}