{"id":5820,"date":"2024-07-02T08:42:26","date_gmt":"2024-07-02T08:42:26","guid":{"rendered":"https:\/\/www.vadaszboltcsorna.hu\/?post_type=product&#038;p=5820"},"modified":"2025-03-27T09:28:49","modified_gmt":"2025-03-27T09:28:49","slug":"norma-vulkan-93x62-15g-232gr","status":"publish","type":"product","link":"https:\/\/www.vadaszboltcsorna.hu\/index.php\/termek\/norma-vulkan-93x62-15g-232gr\/","title":{"rendered":"Norma Vulkan 9,3&#215;62 15g\/232gr"},"content":{"rendered":"<h2 style=\"text-align: center;\"><strong>Norma Vulkan 9,3&#215;62 15g\/232gr<\/strong><\/h2>\n<h2 class=\"\" style=\"text-align: center;\" data-start=\"203\" data-end=\"278\"><strong data-start=\"206\" data-end=\"278\">\u00a0 Klasszikus vad\u00e1szmegold\u00e1s, modern hat\u00e9konys\u00e1ggal<\/strong><\/h2>\n<p class=\"\" data-start=\"280\" data-end=\"584\">Ez a klasszikus <strong data-start=\"296\" data-end=\"325\">Soft Point t\u00edpus\u00fa l\u00f6ved\u00e9k<\/strong> egy j\u00f3l bev\u00e1lt, megb\u00edzhat\u00f3 megold\u00e1s, amelyet gener\u00e1ci\u00f3k \u00f3ta haszn\u00e1lnak sikerrel nagyvad vad\u00e1szat\u00e1ra. A speci\u00e1lisan kialak\u00edtott, <strong data-start=\"454\" data-end=\"490\">vulk\u00e1nkr\u00e1terre eml\u00e9keztet\u0151 cs\u00facs<\/strong> nemcsak k\u00fcl\u00f6nlegess\u00e9 teszi ezt a l\u00f6ved\u00e9ket, de egy\u00fattal kiemelked\u0151 teljes\u00edtm\u00e9nyt is garant\u00e1l.<\/p>\n<p class=\"\" data-start=\"586\" data-end=\"849\">A <strong data-start=\"588\" data-end=\"619\">tombak k\u00f6peny visszahajt\u00e1sa<\/strong> v\u00e9di a l\u00f6ved\u00e9kcs\u00facsot, \u00edgy az <strong data-start=\"650\" data-end=\"679\">nem deform\u00e1l\u00f3dik a t\u00e1rban<\/strong> a fegyver h\u00e1trar\u00fag\u00e1sa sor\u00e1n. Tal\u00e1latkor a v\u00e9kony k\u00f6peny <strong data-start=\"736\" data-end=\"772\">gyors \u00e9s kontroll\u00e1lt gomb\u00e1sod\u00e1st<\/strong> tesz lehet\u0151v\u00e9, biztos\u00edtva a <strong data-start=\"801\" data-end=\"848\">magas energia-lead\u00e1st \u00e9s az azonnali hat\u00e1st<\/strong>.<\/p>\n<hr class=\"\" data-start=\"851\" data-end=\"854\" \/>\n<h3 class=\"\" data-start=\"856\" data-end=\"898\">\ud83d\udca1 <strong data-start=\"863\" data-end=\"898\">A Vulk\u00e1n\u00a0 9,3&#215;62 f\u0151 el\u0151nyei:<\/strong><\/h3>\n<ul data-start=\"899\" data-end=\"1218\">\n<li class=\"\" data-start=\"899\" data-end=\"988\">\n<p class=\"\" data-start=\"901\" data-end=\"988\"><strong data-start=\"901\" data-end=\"926\">Visszahajtott k\u00f6peny:<\/strong> v\u00e9delmet ny\u00fajt a l\u00f6ved\u00e9kcs\u00facsnak, \u00edgy mindig form\u00e1j\u00e1ban marad<\/p>\n<\/li>\n<li class=\"\" data-start=\"989\" data-end=\"1064\">\n<p class=\"\" data-start=\"991\" data-end=\"1064\"><strong data-start=\"991\" data-end=\"1012\">Gyors gomb\u00e1sod\u00e1s:<\/strong> hamar m\u0171k\u00f6d\u00e9sbe l\u00e9p, jelent\u0151s sz\u00f6vetroncsol\u00e1st okoz<\/p>\n<\/li>\n<li class=\"\" data-start=\"1065\" data-end=\"1132\">\n<p class=\"\" data-start=\"1067\" data-end=\"1132\"><strong data-start=\"1067\" data-end=\"1101\">Magas azonnali energia-lead\u00e1s:<\/strong> gyors, hat\u00e9kony leter\u00edt\u0151 hat\u00e1s<\/p>\n<\/li>\n<li class=\"\" data-start=\"1133\" data-end=\"1218\">\n<p class=\"\" data-start=\"1135\" data-end=\"1218\"><strong data-start=\"1135\" data-end=\"1157\">Ide\u00e1lis nagyvadra:<\/strong> k\u00fcl\u00f6n\u00f6sen aj\u00e1nlott <strong data-start=\"1177\" data-end=\"1190\">vaddiszn\u00f3<\/strong> \u00e9s <strong data-start=\"1194\" data-end=\"1205\">szarvas<\/strong> vad\u00e1szat\u00e1hoz<\/p>\n<\/li>\n<\/ul>\n<hr class=\"\" data-start=\"1220\" data-end=\"1223\" \/>\n<h3 class=\"\" data-start=\"1225\" data-end=\"1251\">\ud83d\udd0d <strong data-start=\"1232\" data-end=\"1251\">M\u0171szaki adatok:<\/strong><\/h3>\n<ul data-start=\"1252\" data-end=\"1525\">\n<li class=\"\" data-start=\"1252\" data-end=\"1313\">\n<p class=\"\" data-start=\"1254\" data-end=\"1313\"><strong data-start=\"1254\" data-end=\"1271\">L\u00f6ved\u00e9kt\u00edpus:<\/strong> \u00d3lomhegy\u0171 mag, Soft Point kialak\u00edt\u00e1ssal<\/p>\n<\/li>\n<li class=\"\" data-start=\"1314\" data-end=\"1351\">\n<p class=\"\" data-start=\"1316\" data-end=\"1351\"><strong data-start=\"1316\" data-end=\"1335\">L\u00f6ved\u00e9k t\u00f6mege:<\/strong> 232 gr \/ 15 g<\/p>\n<\/li>\n<li class=\"\" data-start=\"1352\" data-end=\"1395\">\n<p class=\"\" data-start=\"1354\" data-end=\"1395\"><strong data-start=\"1354\" data-end=\"1387\">Ballisztikai egy\u00fctthat\u00f3 (BC):<\/strong> 0,278<\/p>\n<\/li>\n<li class=\"\" data-start=\"1396\" data-end=\"1434\">\n<p class=\"\" data-start=\"1398\" data-end=\"1434\"><strong data-start=\"1398\" data-end=\"1424\">Cs\u0151torkolati sebess\u00e9g:<\/strong> 800 m\/s<\/p>\n<\/li>\n<li class=\"\" data-start=\"1435\" data-end=\"1471\">\n<p class=\"\" data-start=\"1437\" data-end=\"1471\"><strong data-start=\"1437\" data-end=\"1462\">Cs\u0151torkolati energia:<\/strong> 4802 J<\/p>\n<\/li>\n<li class=\"\" data-start=\"1472\" data-end=\"1495\">\n<p class=\"\" data-start=\"1474\" data-end=\"1495\"><strong data-start=\"1474\" data-end=\"1486\">Kaliber:<\/strong> 9,3&#215;62<\/p>\n<\/li>\n<li class=\"\" data-start=\"1496\" data-end=\"1525\">\n<p class=\"\" data-start=\"1498\" data-end=\"1525\"><strong data-start=\"1498\" data-end=\"1513\">Kiszerel\u00e9s:<\/strong> 20 db\/doboz<\/p>\n<\/li>\n<\/ul>\n<hr class=\"\" data-start=\"1527\" data-end=\"1530\" \/>\n<h3 class=\"\" data-start=\"1532\" data-end=\"1561\">\ud83e\udd8c <strong data-start=\"1539\" data-end=\"1561\">Aj\u00e1nlott vadfajok:<\/strong><\/h3>\n<ul data-start=\"1562\" data-end=\"1619\">\n<li class=\"\" data-start=\"1562\" data-end=\"1575\">\n<p class=\"\" data-start=\"1564\" data-end=\"1575\">Vaddiszn\u00f3<\/p>\n<\/li>\n<li class=\"\" data-start=\"1576\" data-end=\"1590\">\n<p class=\"\" data-start=\"1578\" data-end=\"1590\">G\u00edmszarvas<\/p>\n<\/li>\n<li class=\"\" data-start=\"1591\" data-end=\"1619\">\n<p class=\"\" data-start=\"1593\" data-end=\"1619\">\u0150z (megfelel\u0151 t\u00e1vols\u00e1gb\u00f3l)<\/p>\n<\/li>\n<\/ul>\n<p class=\"\" data-start=\"1621\" data-end=\"1761\">Ez a l\u0151szer azok sz\u00e1m\u00e1ra ide\u00e1lis, akik a <strong data-start=\"1662\" data-end=\"1760\">klasszikus megb\u00edzhat\u00f3s\u00e1gra esk\u00fcsznek, de nem akarnak kompromisszumot k\u00f6tni a hat\u00e9konys\u00e1g ter\u00e9n<\/strong>.<\/p>\n<p>&nbsp;<\/p>\n<h6><b>Term\u00e9k le\u00edr\u00e1s:<\/b><\/h6>\n<h6 class=\"termek-leiras\">A l\u00f6ved\u00e9k kialak\u00edt\u00e1sa legink\u00e1bb az angolul Soft Pointnak h\u00edvott \u00f3lomhegy\u0171ekhez hasonlatos, de ennek a cs\u00facs\u00e1b\u00f3l az \u00f3lom nem l\u00f3g ki, a tombak k\u00f6penyt visszat\u0171rt\u00e9k. Ez\u00e1ltal kis \u00fcreget hoztak l\u00e9tre, mely n\u00e9mi k\u00e9pzel\u0151er\u0151vel egy vulk\u00e1n kr\u00e1ter\u00e9hez hasonl\u00edt. A visszahajtott k\u00f6peny v\u00e9di a l\u00f6ved\u00e9kcs\u00facsot, ami ennek k\u00f6sz\u00f6nhet\u0151en a puska h\u00e1trar\u00fag\u00e1sa sor\u00e1n a t\u00e1rban nem deform\u00e1l\u00f3dik. Vadtestet tal\u00e1lva a v\u00e9kony k\u00f6penynek k\u00f6sz\u00f6nhet\u0151en jelent\u0151s energia lead\u00e1s mellett gyorsan gomb\u00e1sodik, hamar \u00f6l. Nagyon n\u00e9pszer\u0171 l\u00f6ved\u00e9k vaddiszn\u00f3 \u00e9s szarvas vad\u00e1szat\u00e1ra egyar\u00e1nt.<\/h6>\n<h4><\/h4>\n<div>\n<h4 style=\"text-align: center;\"><em>A le\u00edr\u00e1sban szerepl\u0151 adatok t\u00e1j\u00e9koztat\u00f3 jelleg\u0171ek, t\u00edpusonk\u00e9nt v\u00e1ltozhat!<\/em><br \/>\n<em>Kaliberekr\u0151l, \u00e1rakr\u00f3l \u00e9s egy\u00e9b inform\u00e1ci\u00f3kr\u00f3l k\u00e9rj\u00fck \u00e9rdekl\u0151dj\u00f6n!<\/em><\/h4>\n<h4 style=\"text-align: center;\"><em><strong>A fegyvert\u00f6rv\u00e9ny \u00e9rtelm\u00e9ben, fegyvert, l\u0151szert kiz\u00e1r\u00f3lag szem\u00e9lyesen,az \u00fczletben fegyvertart\u00e1si enged\u00e9ly birtok\u00e1ban lehet v\u00e1s\u00e1rolni!<\/strong><\/em><br \/>\n<em><strong>A webshopban megrendelt fegyverek \u00e9s l\u0151szerek NEM ker\u00fclnek kisz\u00e1ll\u00edt\u00e1sra!\u00a0 Tov\u00e1bbi inform\u00e1ci\u00f3\u00e9rt l\u00e1togasson el boltunkba!<\/strong><\/em><\/h4>\n<h4 style=\"text-align: center;\"><em>Az \u00e1rak t\u00e1j\u00e9koztat\u00f3 jelleg\u0171ek nem min\u0151s\u00fcl hivatalos aj\u00e1nlat t\u00e9telnek!<\/em><br \/>\n<em>Az \u00e1rv\u00e1ltoz\u00e1s jog\u00e1t fenntartjuk!<\/em><\/h4>\n<\/div>\n","protected":false},"excerpt":{"rendered":"<p>Norma Vulkan 9,3&#215;62 15g\/232gr \u00a0 Klasszikus vad\u00e1szmegold\u00e1s, modern hat\u00e9konys\u00e1ggal Ez a klasszikus Soft Point t\u00edpus\u00fa l\u00f6ved\u00e9k egy j\u00f3l bev\u00e1lt, megb\u00edzhat\u00f3 megold\u00e1s, amelyet gener\u00e1ci\u00f3k \u00f3ta haszn\u00e1lnak sikerrel nagyvad vad\u00e1szat\u00e1ra. A speci\u00e1lisan kialak\u00edtott, vulk\u00e1nkr\u00e1terre eml\u00e9keztet\u0151 cs\u00facs nemcsak k\u00fcl\u00f6nlegess\u00e9 teszi ezt a l\u00f6ved\u00e9ket, de egy\u00fattal kiemelked\u0151 teljes\u00edtm\u00e9nyt is garant\u00e1l. A tombak k\u00f6peny visszahajt\u00e1sa v\u00e9di a l\u00f6ved\u00e9kcs\u00facsot, \u00edgy az [&hellip;]<\/p>\n","protected":false},"featured_media":7198,"comment_status":"open","ping_status":"closed","template":"","meta":{"_et_pb_use_builder":"","_et_pb_old_content":"","_et_gb_content_width":"","om_disable_all_campaigns":false},"product_brand":[],"product_cat":[21,227,199,200],"product_tag":[1393,1392],"class_list":{"0":"post-5820","1":"product","2":"type-product","3":"status-publish","4":"has-post-thumbnail","6":"product_cat-uj","7":"product_cat-93x62","8":"product_cat-golyos-loszerek","9":"product_cat-kaliber","10":"product_tag-3x62","11":"product_tag-norma-vulkan-9","13":"first","14":"instock","15":"taxable","16":"shipping-taxable","17":"purchasable","18":"product-type-simple"},"_links":{"self":[{"href":"https:\/\/www.vadaszboltcsorna.hu\/index.php\/wp-json\/wp\/v2\/product\/5820","targetHints":{"allow":["GET"]}}],"collection":[{"href":"https:\/\/www.vadaszboltcsorna.hu\/index.php\/wp-json\/wp\/v2\/product"}],"about":[{"href":"https:\/\/www.vadaszboltcsorna.hu\/index.php\/wp-json\/wp\/v2\/types\/product"}],"replies":[{"embeddable":true,"href":"https:\/\/www.vadaszboltcsorna.hu\/index.php\/wp-json\/wp\/v2\/comments?post=5820"}],"wp:featuredmedia":[{"embeddable":true,"href":"https:\/\/www.vadaszboltcsorna.hu\/index.php\/wp-json\/wp\/v2\/media\/7198"}],"wp:attachment":[{"href":"https:\/\/www.vadaszboltcsorna.hu\/index.php\/wp-json\/wp\/v2\/media?parent=5820"}],"wp:term":[{"taxonomy":"product_brand","embeddable":true,"href":"https:\/\/www.vadaszboltcsorna.hu\/index.php\/wp-json\/wp\/v2\/product_brand?post=5820"},{"taxonomy":"product_cat","embeddable":true,"href":"https:\/\/www.vadaszboltcsorna.hu\/index.php\/wp-json\/wp\/v2\/product_cat?post=5820"},{"taxonomy":"product_tag","embeddable":true,"href":"https:\/\/www.vadaszboltcsorna.hu\/index.php\/wp-json\/wp\/v2\/product_tag?post=5820"}],"curies":[{"name":"wp","href":"https:\/\/api.w.org\/{rel}","templated":true}]}}