{"id":5801,"date":"2024-07-01T11:04:18","date_gmt":"2024-07-01T11:04:18","guid":{"rendered":"https:\/\/www.vadaszboltcsorna.hu\/?post_type=product&#038;p=5801"},"modified":"2025-03-27T08:56:59","modified_gmt":"2025-03-27T08:56:59","slug":"308win-power-shok-softpoint-180gr-federal","status":"publish","type":"product","link":"https:\/\/www.vadaszboltcsorna.hu\/index.php\/termek\/308win-power-shok-softpoint-180gr-federal\/","title":{"rendered":"308Win Power-Shok SoftPoint 180gr Federal"},"content":{"rendered":"<h2 style=\"text-align: center;\"><strong>308 Win Power-Shok SoftPoint 180gr Federal<\/strong><\/h2>\n<p>&nbsp;<\/p>\n<h4><b>Term\u00e9k le\u00edr\u00e1s<\/b><\/h4>\n<h4 class=\"termek-leiras\">308Win Power-Shok SoftPoint 150gr Federal &#8211; A gy\u00e1rt\u00f3 tradicion\u00e1lis vad\u00e1szl\u00f6ved\u00e9ke. Megb\u00edzhat\u00f3, \u00e1lland\u00f3 teljes\u00edtm\u00e9nyt ny\u00fajt, k\u00f6zepes \u00e9s nagym\u00e9ret\u0171 vad megl\u00f6v\u00e9s\u00e9re alkalmas. A r\u00e9zk\u00f6penyes, \u00f3lomhegy\u0171 mag gyorsan gomb\u00e1sodik, \u00edgy a lehet\u0151 legt\u00f6bb energi\u00e1t k\u00e9pes \u00e1tadni.<\/h4>\n<h4>S\u00faly: 180 gr<br \/>\nTorkolati sebess\u00e9g: 2570 fts<br \/>\nL\u00f6ved\u00e9k t\u00edpusa: Jacketed Soft Point<br \/>\nBallisztikai egy\u00fctthat\u00f3: .382<br \/>\nL\u00f6ved\u00e9k hossz: 29,59mm<br \/>\nAj\u00e1nlott: k\u00f6zepes m\u00e9ret\u0171 vadakra<\/h4>\n<div><\/div>\n<div>\n<h4 style=\"text-align: center;\"><em>A le\u00edr\u00e1sban szerepl\u0151 adatok t\u00e1j\u00e9koztat\u00f3 jelleg\u0171ek, t\u00edpusonk\u00e9nt v\u00e1ltozhat!<\/em><br \/>\n<em>Kaliberekr\u0151l, \u00e1rakr\u00f3l \u00e9s egy\u00e9b inform\u00e1ci\u00f3kr\u00f3l k\u00e9rj\u00fck \u00e9rdekl\u0151dj\u00f6n!<\/em><\/h4>\n<h4 style=\"text-align: center;\"><em><strong>A fegyvert\u00f6rv\u00e9ny \u00e9rtelm\u00e9ben, fegyvert, l\u0151szert kiz\u00e1r\u00f3lag szem\u00e9lyesen,az \u00fczletben fegyvertart\u00e1si enged\u00e9ly birtok\u00e1ban lehet v\u00e1s\u00e1rolni!<\/strong><\/em><br \/>\n<em><strong>A webshopban megrendelt fegyverek \u00e9s l\u0151szerek NEM ker\u00fclnek kisz\u00e1ll\u00edt\u00e1sra!\u00a0 Tov\u00e1bbi inform\u00e1ci\u00f3\u00e9rt l\u00e1togasson el boltunkba!<\/strong><\/em><\/h4>\n<h4 style=\"text-align: center;\"><em>Az \u00e1rak t\u00e1j\u00e9koztat\u00f3 jelleg\u0171ek nem min\u0151s\u00fcl hivatalos aj\u00e1nlat t\u00e9telnek!<\/em><br \/>\n<em>Az \u00e1rv\u00e1ltoz\u00e1s jog\u00e1t fenntartjuk!<\/em><\/h4>\n<\/div>\n","protected":false},"excerpt":{"rendered":"<p>308 Win Power-Shok SoftPoint 180gr Federal &nbsp; Term\u00e9k le\u00edr\u00e1s 308Win Power-Shok SoftPoint 150gr Federal &#8211; A gy\u00e1rt\u00f3 tradicion\u00e1lis vad\u00e1szl\u00f6ved\u00e9ke. Megb\u00edzhat\u00f3, \u00e1lland\u00f3 teljes\u00edtm\u00e9nyt ny\u00fajt, k\u00f6zepes \u00e9s nagym\u00e9ret\u0171 vad megl\u00f6v\u00e9s\u00e9re alkalmas. A r\u00e9zk\u00f6penyes, \u00f3lomhegy\u0171 mag gyorsan gomb\u00e1sodik, \u00edgy a lehet\u0151 legt\u00f6bb energi\u00e1t k\u00e9pes \u00e1tadni. S\u00faly: 180 gr Torkolati sebess\u00e9g: 2570 fts L\u00f6ved\u00e9k t\u00edpusa: Jacketed Soft Point Ballisztikai [&hellip;]<\/p>\n","protected":false},"featured_media":7226,"comment_status":"open","ping_status":"closed","template":"","meta":{"_et_pb_use_builder":"","_et_pb_old_content":"","_et_gb_content_width":"","om_disable_all_campaigns":false},"product_brand":[],"product_cat":[21,224,199,200],"product_tag":[1389],"class_list":{"0":"post-5801","1":"product","2":"type-product","3":"status-publish","4":"has-post-thumbnail","6":"product_cat-uj","7":"product_cat-224","8":"product_cat-golyos-loszerek","9":"product_cat-kaliber","10":"product_tag-308win-power-shok-softpoint-180gr-federal","12":"first","13":"instock","14":"taxable","15":"shipping-taxable","16":"purchasable","17":"product-type-simple"},"_links":{"self":[{"href":"https:\/\/www.vadaszboltcsorna.hu\/index.php\/wp-json\/wp\/v2\/product\/5801","targetHints":{"allow":["GET"]}}],"collection":[{"href":"https:\/\/www.vadaszboltcsorna.hu\/index.php\/wp-json\/wp\/v2\/product"}],"about":[{"href":"https:\/\/www.vadaszboltcsorna.hu\/index.php\/wp-json\/wp\/v2\/types\/product"}],"replies":[{"embeddable":true,"href":"https:\/\/www.vadaszboltcsorna.hu\/index.php\/wp-json\/wp\/v2\/comments?post=5801"}],"wp:featuredmedia":[{"embeddable":true,"href":"https:\/\/www.vadaszboltcsorna.hu\/index.php\/wp-json\/wp\/v2\/media\/7226"}],"wp:attachment":[{"href":"https:\/\/www.vadaszboltcsorna.hu\/index.php\/wp-json\/wp\/v2\/media?parent=5801"}],"wp:term":[{"taxonomy":"product_brand","embeddable":true,"href":"https:\/\/www.vadaszboltcsorna.hu\/index.php\/wp-json\/wp\/v2\/product_brand?post=5801"},{"taxonomy":"product_cat","embeddable":true,"href":"https:\/\/www.vadaszboltcsorna.hu\/index.php\/wp-json\/wp\/v2\/product_cat?post=5801"},{"taxonomy":"product_tag","embeddable":true,"href":"https:\/\/www.vadaszboltcsorna.hu\/index.php\/wp-json\/wp\/v2\/product_tag?post=5801"}],"curies":[{"name":"wp","href":"https:\/\/api.w.org\/{rel}","templated":true}]}}