{"id":5782,"date":"2024-07-01T10:13:37","date_gmt":"2024-07-01T10:13:37","guid":{"rendered":"https:\/\/www.vadaszboltcsorna.hu\/?post_type=product&#038;p=5782"},"modified":"2025-03-27T08:09:48","modified_gmt":"2025-03-27T08:09:48","slug":"norma-bondstrike-308-win-117g-180gr","status":"publish","type":"product","link":"https:\/\/www.vadaszboltcsorna.hu\/index.php\/termek\/norma-bondstrike-308-win-117g-180gr\/","title":{"rendered":"Norma Bondstrike  308 Win 11,7g\/180gr"},"content":{"rendered":"<h2 style=\"text-align: center;\"><strong>Norma Bondstrike 308 Win 11,7g\/180gr<\/strong><\/h2>\n<p>&nbsp;<\/p>\n<h2 class=\"\" style=\"text-align: center;\" data-start=\"297\" data-end=\"358\"><strong data-start=\"300\" data-end=\"358\">NORMA Bondstrike Extreme \u2013 A t\u00e1vols\u00e1gi l\u00f6v\u00e9sek kir\u00e1lya<\/strong><\/h2>\n<p class=\"\" style=\"text-align: center;\" data-start=\"360\" data-end=\"643\">A NORMA Bondstrike Extreme l\u0151szer a modern vad\u00e1szat \u00e9s sportl\u00f6v\u00e9szet legfejlettebb technol\u00f3gi\u00e1j\u00e1t testes\u00edti meg. <strong data-start=\"473\" data-end=\"527\">Kiemelked\u0151 0,615-\u00f6s ballisztikai egy\u00fctthat\u00f3ja (BC)<\/strong> p\u00e1ratlan pontoss\u00e1got biztos\u00edt <strong data-start=\"558\" data-end=\"581\">extr\u00e9m t\u00e1vols\u00e1gokon<\/strong> is \u2013 <strong data-start=\"587\" data-end=\"612\">ak\u00e1r 1000 m\u00e9teren t\u00fal<\/strong> is megb\u00edzhat\u00f3 teljes\u00edtm\u00e9nnyel.<\/p>\n<h3 class=\"\" data-start=\"645\" data-end=\"688\">\ud83d\udca5 <strong data-start=\"652\" data-end=\"688\">Mire k\u00e9pes a Bondstrike Extreme?<\/strong><\/h3>\n<ul data-start=\"689\" data-end=\"1035\">\n<li class=\"\" data-start=\"689\" data-end=\"739\">\n<p class=\"\" data-start=\"691\" data-end=\"739\"><strong data-start=\"691\" data-end=\"739\">Hihetetlen pontoss\u00e1g 50 \u00e9s 1000 m\u00e9ter k\u00f6z\u00f6tt<\/strong><\/p>\n<\/li>\n<li class=\"\" data-start=\"740\" data-end=\"807\">\n<p class=\"\" data-start=\"742\" data-end=\"807\"><strong data-start=\"742\" data-end=\"766\">Boat-Tail kialak\u00edt\u00e1s<\/strong>: stabilabb r\u00f6pp\u00e1lya, m\u00e9g er\u0151s sz\u00e9lben is<\/p>\n<\/li>\n<li class=\"\" data-start=\"808\" data-end=\"896\">\n<p class=\"\" data-start=\"810\" data-end=\"896\"><strong data-start=\"810\" data-end=\"836\">Kir\u00e1lyk\u00e9k polimer hegy<\/strong>: nem csak l\u00e1tv\u00e1nyos, hanem kiv\u00e1l\u00f3 aerodinamik\u00e1t is biztos\u00edt<\/p>\n<\/li>\n<li class=\"\" data-start=\"897\" data-end=\"981\">\n<p class=\"\" data-start=\"899\" data-end=\"981\"><strong data-start=\"899\" data-end=\"932\">Gyors, kontroll\u00e1lt gomb\u00e1sod\u00e1s<\/strong>: hal\u00e1los sebcsatorna minden sebess\u00e9gtartom\u00e1nyban<\/p>\n<\/li>\n<li class=\"\" data-start=\"982\" data-end=\"1035\">\n<p class=\"\" data-start=\"984\" data-end=\"1035\"><strong data-start=\"984\" data-end=\"1005\">Magas marad\u00e9ks\u00faly<\/strong>: biztos behatol\u00e1s, m\u00e9ly hat\u00e1s<\/p>\n<\/li>\n<\/ul>\n<h3 class=\"\" data-start=\"1037\" data-end=\"1093\">\ud83c\udfaf <strong data-start=\"1044\" data-end=\"1093\">Mi\u00e9rt v\u00e1lasztj\u00e1k a vad\u00e1szok \u00e9s sportl\u00f6v\u00e9szek?<\/strong><\/h3>\n<p class=\"\" data-start=\"1094\" data-end=\"1319\">A Bondstrike Extreme k\u00fcl\u00f6n\u00f6sen n\u00e9pszer\u0171 azok k\u00f6r\u00e9ben, akik nem el\u00e9gszenek meg a k\u00f6zeli c\u00e9lpontokkal. <strong data-start=\"1195\" data-end=\"1293\">Ez a l\u0151szer azoknak k\u00e9sz\u00fclt, akik 300, 500 vagy ak\u00e1r 900 m\u00e9teren is biztos tal\u00e1latot v\u00e1rnak el<\/strong> \u2013 kompromisszumok n\u00e9lk\u00fcl.<\/p>\n<h3 class=\"\" data-start=\"1321\" data-end=\"1347\">\ud83e\udd8c <strong data-start=\"1328\" data-end=\"1347\">Aj\u00e1nlott vadak:<\/strong><\/h3>\n<ul data-start=\"1348\" data-end=\"1500\">\n<li class=\"\" data-start=\"1348\" data-end=\"1352\">\n<p class=\"\" data-start=\"1350\" data-end=\"1352\">\u0150z<\/p>\n<\/li>\n<li class=\"\" data-start=\"1353\" data-end=\"1365\">\n<p class=\"\" data-start=\"1355\" data-end=\"1365\">G\u00edmszarvas<\/p>\n<\/li>\n<li class=\"\" data-start=\"1366\" data-end=\"1500\">\n<p class=\"\" data-start=\"1368\" data-end=\"1500\">J\u00e1vorszarvas<br data-start=\"1380\" data-end=\"1383\" \/><strong data-start=\"1383\" data-end=\"1421\">K\u00f6zepes \u00e9s nagy test\u0171 vadak eset\u00e9n<\/strong> meggy\u0151z\u0151 leter\u00edt\u0151 er\u0151, ak\u00e1r nagy t\u00e1vols\u00e1gban is \u2013 egyetlen, prec\u00edz l\u00f6v\u00e9s el\u00e9g.<\/p>\n<\/li>\n<\/ul>\n<hr class=\"\" data-start=\"1502\" data-end=\"1505\" \/>\n<h3 class=\"\" data-start=\"1507\" data-end=\"1531\">\u2705 <strong data-start=\"1513\" data-end=\"1531\">\u00d6sszefoglalva:<\/strong><\/h3>\n<p class=\"\" data-start=\"1532\" data-end=\"1706\">Ha olyan l\u0151szert keresel, ami <strong data-start=\"1562\" data-end=\"1654\">egyes\u00edti a cs\u00facsmin\u0151s\u00e9g\u0171 ballisztik\u00e1t, az azonnali hat\u00e1st \u00e9s a hosszt\u00e1v\u00fa megb\u00edzhat\u00f3s\u00e1got<\/strong>, akkor a NORMA Bondstrike Extreme a te v\u00e1laszt\u00e1sod.<\/p>\n<h4 class=\"termek-leiras\"><\/h4>\n<h5 style=\"text-align: center;\"><em>L\u00f6ved\u00e9k t\u00edpusa: m\u0171anyag hegy\u0171<\/em><br \/>\n<em>L\u00f6ved\u00e9k t\u00f6mege: 180 gr\/ 11,7 g<\/em><br \/>\n<em>B.C.(ballisztikai egy\u00fctthat\u00f3): .615<\/em><br \/>\n<em>Cs\u0151torkolati sebess\u00e9g: 800 m\/s<\/em><br \/>\n<em>Cs\u0151torkolati energia: 3746 J<\/em><br \/>\n<em>Kaliber: 308 Win.<\/em><br \/>\n<em>Kiszerel\u00e9s: 20<\/em><\/h5>\n<h6 class=\"termek-leiras\">A NORMA Bondstrike Extreme a vad\u00e1szl\u0151szerek leg\u00fajabb cs\u00facstechnol\u00f3gi\u00e1j\u00e1t k\u00e9pviseli, kiemelked\u0151 BC \u00e9rt\u00e9k\u00e9vel, ami ide\u00e1liss\u00e1 teszi nagy t\u00e1vols\u00e1g\u00fa l\u00f6v\u00e9sekre. A l\u00f6ved\u00e9k vil\u00e1g\u00edt\u00f3an kir\u00e1lyk\u00e9k polimer heggyel \u00e9s speci\u00e1lis Boat-Tail h\u00e1ts\u00f3 r\u00e9sz\u00e9vel azonnal mag\u00e1ra vonja a figyelmet. A vad\u00e1szok \u00e9s sportl\u00f6v\u00e9szek k\u00f6z\u00f6tt egyar\u00e1nt n\u00e9pszer\u0171v\u00e9 v\u00e1lt, k\u00fcl\u00f6n\u00f6sen azok k\u00f6r\u00e9ben, akik extr\u00e9m t\u00e1vols\u00e1gokra ir\u00e1ny\u00edtj\u00e1k figyelm\u00fcket. A Norma a sportl\u00f6v\u00e9szek ig\u00e9nyeit szem el\u0151tt tartva tervezte meg a &#8222;Boat-Tail&#8221; alak\u00fa h\u00e1ts\u00f3 r\u00e9szt, amely kimagasl\u00f3an teljes\u00edt minden vad\u00e1szhelyzetben, \u00e9s egyed\u00fcl\u00e1ll\u00f3 pontoss\u00e1got k\u00edn\u00e1l 50 m\u00e9tert\u0151l ak\u00e1r 1000 m\u00e9terig terjed\u0151 r\u00f6pp\u00e1ly\u00e1j\u00e1val. A Bondstrike Extreme nem csup\u00e1n a ballisztikai teljes\u00edtm\u00e9ny\u00e9vel t\u0171nik ki a t\u00f6bbi l\u00f6ved\u00e9k k\u00f6z\u00fcl, hanem a gomb\u00e1sod\u00e1si magatart\u00e1s\u00e1val is. Az 0,615-\u00f6s ballisztikai egy\u00fctthat\u00f3val b\u00fcszk\u00e9lkedik, ami a 30-as kaliberekben a legjobb a vil\u00e1gon. A l\u00f6ved\u00e9k fel\u00e9p\u00edt\u00e9s\u00e9nek k\u00f6sz\u00f6nhet\u0151en biztos\u00edtott a magas marad\u00e9ks\u00faly \u00e9s a megfelel\u0151 m\u00e9lys\u00e9ghat\u00e1s. A v\u00e9konyabb els\u0151 l\u00f6ved\u00e9k k\u00f6penynek k\u00f6sz\u00f6nhet\u0151en a gomb\u00e1sod\u00e1s gyors \u00e9s ir\u00e1ny\u00edtott, ez\u00e1ltal egy \u00e1lland\u00f3 sebcsatorna keletkezik a vad test\u00e9ben minden sebess\u00e9gtartom\u00e1nyban. A Bondstrike Extreme \u00e1lland\u00f3an magas leter\u00edt\u0151 ereje egy t\u00f6k\u00e9letes becsap\u00f3d\u00e1st biztos\u00edt a vad test\u00e9be. A l\u0151szer alkalmas k\u00f6zepesen nagy \u00e9s nagy vadakhoz, mint p\u00e9ld\u00e1ul \u0151zek, szarvasok, j\u00e1vorszarvasok. Az expand\u00e1l\u00e1si tulajdons\u00e1gai \u00e9s a kiemelked\u0151 stophat\u00e1sa a gy\u00e1rt\u00f3 szerint egy nagy j\u00e1vorszarvast m\u00e9g nagy t\u00e1vols\u00e1gokon is biztosan leter\u00edt egy l\u00f6v\u00e9ssel.<\/h6>\n<p><iframe loading=\"lazy\" title=\"Norma BONDSTRIKE Extreme Long-Range Hunting Ammunition\" width=\"1080\" height=\"608\" src=\"https:\/\/www.youtube.com\/embed\/HCiZoTq1D-A?feature=oembed\"  allow=\"accelerometer; autoplay; clipboard-write; encrypted-media; gyroscope; picture-in-picture; web-share\" referrerpolicy=\"strict-origin-when-cross-origin\" allowfullscreen><\/iframe><\/p>\n<h4 style=\"text-align: center;\"><em>A le\u00edr\u00e1sban szerepl\u0151 adatok t\u00e1j\u00e9koztat\u00f3 jelleg\u0171ek, t\u00edpusonk\u00e9nt v\u00e1ltozhat!<\/em><br \/>\n<em>Kaliberekr\u0151l, \u00e1rakr\u00f3l \u00e9s egy\u00e9b inform\u00e1ci\u00f3kr\u00f3l k\u00e9rj\u00fck \u00e9rdekl\u0151dj\u00f6n!<\/em><\/h4>\n<h4 style=\"text-align: center;\"><em><strong>A fegyvert\u00f6rv\u00e9ny \u00e9rtelm\u00e9ben, fegyvert, l\u0151szert kiz\u00e1r\u00f3lag szem\u00e9lyesen,az \u00fczletben fegyvertart\u00e1si enged\u00e9ly birtok\u00e1ban lehet v\u00e1s\u00e1rolni!<\/strong><\/em><br \/>\n<em><strong>A webshopban megrendelt fegyverek \u00e9s l\u0151szerek NEM ker\u00fclnek kisz\u00e1ll\u00edt\u00e1sra!\u00a0 Tov\u00e1bbi inform\u00e1ci\u00f3\u00e9rt l\u00e1togasson el boltunkba!<\/strong><\/em><\/h4>\n<h4 style=\"text-align: center;\"><em>Az \u00e1rak t\u00e1j\u00e9koztat\u00f3 jelleg\u0171ek nem min\u0151s\u00fcl hivatalos aj\u00e1nlat t\u00e9telnek!<\/em><br \/>\n<em>Az \u00e1rv\u00e1ltoz\u00e1s jog\u00e1t fenntartjuk!<\/em><\/h4>\n","protected":false},"excerpt":{"rendered":"<p>Norma Bondstrike 308 Win 11,7g\/180gr &nbsp; NORMA Bondstrike Extreme \u2013 A t\u00e1vols\u00e1gi l\u00f6v\u00e9sek kir\u00e1lya A NORMA Bondstrike Extreme l\u0151szer a modern vad\u00e1szat \u00e9s sportl\u00f6v\u00e9szet legfejlettebb technol\u00f3gi\u00e1j\u00e1t testes\u00edti meg. Kiemelked\u0151 0,615-\u00f6s ballisztikai egy\u00fctthat\u00f3ja (BC) p\u00e1ratlan pontoss\u00e1got biztos\u00edt extr\u00e9m t\u00e1vols\u00e1gokon is \u2013 ak\u00e1r 1000 m\u00e9teren t\u00fal is megb\u00edzhat\u00f3 teljes\u00edtm\u00e9nnyel. \ud83d\udca5 Mire k\u00e9pes a Bondstrike Extreme? Hihetetlen pontoss\u00e1g [&hellip;]<\/p>\n","protected":false},"featured_media":7221,"comment_status":"open","ping_status":"closed","template":"","meta":{"_et_pb_use_builder":"","_et_pb_old_content":"","_et_gb_content_width":"","om_disable_all_campaigns":false},"product_brand":[],"product_cat":[21,224,199,200],"product_tag":[1366,1385],"class_list":{"0":"post-5782","1":"product","2":"type-product","3":"status-publish","4":"has-post-thumbnail","6":"product_cat-uj","7":"product_cat-224","8":"product_cat-golyos-loszerek","9":"product_cat-kaliber","10":"product_tag-7g-180gr","11":"product_tag-norma-bondstrike-308-win-11","13":"first","14":"instock","15":"taxable","16":"shipping-taxable","17":"purchasable","18":"product-type-simple"},"_links":{"self":[{"href":"https:\/\/www.vadaszboltcsorna.hu\/index.php\/wp-json\/wp\/v2\/product\/5782","targetHints":{"allow":["GET"]}}],"collection":[{"href":"https:\/\/www.vadaszboltcsorna.hu\/index.php\/wp-json\/wp\/v2\/product"}],"about":[{"href":"https:\/\/www.vadaszboltcsorna.hu\/index.php\/wp-json\/wp\/v2\/types\/product"}],"replies":[{"embeddable":true,"href":"https:\/\/www.vadaszboltcsorna.hu\/index.php\/wp-json\/wp\/v2\/comments?post=5782"}],"wp:featuredmedia":[{"embeddable":true,"href":"https:\/\/www.vadaszboltcsorna.hu\/index.php\/wp-json\/wp\/v2\/media\/7221"}],"wp:attachment":[{"href":"https:\/\/www.vadaszboltcsorna.hu\/index.php\/wp-json\/wp\/v2\/media?parent=5782"}],"wp:term":[{"taxonomy":"product_brand","embeddable":true,"href":"https:\/\/www.vadaszboltcsorna.hu\/index.php\/wp-json\/wp\/v2\/product_brand?post=5782"},{"taxonomy":"product_cat","embeddable":true,"href":"https:\/\/www.vadaszboltcsorna.hu\/index.php\/wp-json\/wp\/v2\/product_cat?post=5782"},{"taxonomy":"product_tag","embeddable":true,"href":"https:\/\/www.vadaszboltcsorna.hu\/index.php\/wp-json\/wp\/v2\/product_tag?post=5782"}],"curies":[{"name":"wp","href":"https:\/\/api.w.org\/{rel}","templated":true}]}}