{"id":5775,"date":"2024-07-01T09:28:15","date_gmt":"2024-07-01T09:28:15","guid":{"rendered":"https:\/\/www.vadaszboltcsorna.hu\/?post_type=product&#038;p=5775"},"modified":"2025-03-27T07:36:54","modified_gmt":"2025-03-27T07:36:54","slug":"norma-evostrike-308-win-90g-139gr","status":"publish","type":"product","link":"https:\/\/www.vadaszboltcsorna.hu\/index.php\/termek\/norma-evostrike-308-win-90g-139gr\/","title":{"rendered":"Norma Evostrike 308 Win. 9,0g\/139gr"},"content":{"rendered":"<h2 style=\"text-align: center;\"><strong>Norma Evostrike 308 Win. 9,0g\/139gr<\/strong><\/h2>\n<p>&nbsp;<\/p>\n<h4><b>Term\u00e9k le\u00edr\u00e1s<\/b><\/h4>\n<h4 class=\"termek-leiras\">A Norma EVOSTRIKE\u2122 meggy\u0151z\u0151 teljes\u00edtm\u00e9ny\u00e9t az \u00f3nb\u00f3l k\u00e9sz\u00fclt kett\u0151s maggal \u00e9ri el, amelynek el\u00fcls\u0151 magja speci\u00e1lis el\u0151t\u00f6redezett, h\u00e1tuls\u00f3 pedig szil\u00e1rd a mag a jobb behatol\u00e1s \u00e9rdek\u00e9ben. Ennek k\u00f6sz\u00f6nhet\u0151en m\u00e9g nagyobb hat\u00f3t\u00e1von is kiemelked\u0151 meg\u00e1ll\u00edt\u00f3er\u0151t biztos\u00edt. Az EVOSTRIKE\u2122 t\u00f6k\u00e9letes v\u00e1laszt\u00e1s kis- \u00e9s k\u00f6zepes vad vad\u00e1szathoz, amikor az \u00f3lommentes l\u0151szer szempont a vad\u00e1szatban.<\/h4>\n<h4>L\u00f6ved\u00e9k t\u00edpusa: \u00f3lommentes mag<br \/>\nL\u00f6ved\u00e9k t\u00f6mege: 139 gr\/ 9,0 g<br \/>\nB.C.(ballisztikai egy\u00fctthat\u00f3): .318<br \/>\nCs\u0151torkolati sebess\u00e9g: 885 m\/s<br \/>\nCs\u0151torkolati energia: 3525 J<br \/>\nKaliber: 308 Win.<br \/>\nKiszerel\u00e9s: 20<\/h4>\n<p><iframe loading=\"lazy\" title=\"Norma EVOSTRIKE\u2122 infomercial\" width=\"1080\" height=\"608\" src=\"https:\/\/www.youtube.com\/embed\/mQH-NBiweXw?feature=oembed\"  allow=\"accelerometer; autoplay; clipboard-write; encrypted-media; gyroscope; picture-in-picture; web-share\" referrerpolicy=\"strict-origin-when-cross-origin\" allowfullscreen><\/iframe><\/p>\n<h4 style=\"text-align: center;\"><em>A le\u00edr\u00e1sban szerepl\u0151 adatok t\u00e1j\u00e9koztat\u00f3 jelleg\u0171ek, t\u00edpusonk\u00e9nt v\u00e1ltozhat!<\/em><br \/>\n<em>Kaliberekr\u0151l, \u00e1rakr\u00f3l \u00e9s egy\u00e9b inform\u00e1ci\u00f3kr\u00f3l k\u00e9rj\u00fck \u00e9rdekl\u0151dj\u00f6n!<\/em><\/h4>\n<h4 style=\"text-align: center;\"><em><strong>A fegyvert\u00f6rv\u00e9ny \u00e9rtelm\u00e9ben, fegyvert, l\u0151szert kiz\u00e1r\u00f3lag szem\u00e9lyesen,az \u00fczletben fegyvertart\u00e1si enged\u00e9ly birtok\u00e1ban lehet v\u00e1s\u00e1rolni!<\/strong><\/em><br \/>\n<em><strong>A webshopban megrendelt fegyverek \u00e9s l\u0151szerek NEM ker\u00fclnek kisz\u00e1ll\u00edt\u00e1sra!\u00a0 Tov\u00e1bbi inform\u00e1ci\u00f3\u00e9rt l\u00e1togasson el boltunkba!<\/strong><\/em><\/h4>\n<h4 style=\"text-align: center;\"><em>Az \u00e1rak t\u00e1j\u00e9koztat\u00f3 jelleg\u0171ek nem min\u0151s\u00fcl hivatalos aj\u00e1nlat t\u00e9telnek!<\/em><br \/>\n<em>Az \u00e1rv\u00e1ltoz\u00e1s jog\u00e1t fenntartjuk!<\/em><\/h4>\n","protected":false},"excerpt":{"rendered":"<p>Norma Evostrike 308 Win. 9,0g\/139gr &nbsp; Term\u00e9k le\u00edr\u00e1s A Norma EVOSTRIKE\u2122 meggy\u0151z\u0151 teljes\u00edtm\u00e9ny\u00e9t az \u00f3nb\u00f3l k\u00e9sz\u00fclt kett\u0151s maggal \u00e9ri el, amelynek el\u00fcls\u0151 magja speci\u00e1lis el\u0151t\u00f6redezett, h\u00e1tuls\u00f3 pedig szil\u00e1rd a mag a jobb behatol\u00e1s \u00e9rdek\u00e9ben. Ennek k\u00f6sz\u00f6nhet\u0151en m\u00e9g nagyobb hat\u00f3t\u00e1von is kiemelked\u0151 meg\u00e1ll\u00edt\u00f3er\u0151t biztos\u00edt. Az EVOSTRIKE\u2122 t\u00f6k\u00e9letes v\u00e1laszt\u00e1s kis- \u00e9s k\u00f6zepes vad vad\u00e1szathoz, amikor az \u00f3lommentes [&hellip;]<\/p>\n","protected":false},"featured_media":7217,"comment_status":"open","ping_status":"closed","template":"","meta":{"_et_pb_use_builder":"","_et_pb_old_content":"","_et_gb_content_width":"","om_disable_all_campaigns":false},"product_brand":[],"product_cat":[21,289,199,200],"product_tag":[1383,1382],"class_list":{"0":"post-5775","1":"product","2":"type-product","3":"status-publish","4":"has-post-thumbnail","6":"product_cat-uj","7":"product_cat-308-win","8":"product_cat-golyos-loszerek","9":"product_cat-kaliber","10":"product_tag-0g-139gr","11":"product_tag-norma-evostrike-308-win-9","13":"first","14":"instock","15":"taxable","16":"shipping-taxable","17":"purchasable","18":"product-type-simple"},"_links":{"self":[{"href":"https:\/\/www.vadaszboltcsorna.hu\/index.php\/wp-json\/wp\/v2\/product\/5775","targetHints":{"allow":["GET"]}}],"collection":[{"href":"https:\/\/www.vadaszboltcsorna.hu\/index.php\/wp-json\/wp\/v2\/product"}],"about":[{"href":"https:\/\/www.vadaszboltcsorna.hu\/index.php\/wp-json\/wp\/v2\/types\/product"}],"replies":[{"embeddable":true,"href":"https:\/\/www.vadaszboltcsorna.hu\/index.php\/wp-json\/wp\/v2\/comments?post=5775"}],"wp:featuredmedia":[{"embeddable":true,"href":"https:\/\/www.vadaszboltcsorna.hu\/index.php\/wp-json\/wp\/v2\/media\/7217"}],"wp:attachment":[{"href":"https:\/\/www.vadaszboltcsorna.hu\/index.php\/wp-json\/wp\/v2\/media?parent=5775"}],"wp:term":[{"taxonomy":"product_brand","embeddable":true,"href":"https:\/\/www.vadaszboltcsorna.hu\/index.php\/wp-json\/wp\/v2\/product_brand?post=5775"},{"taxonomy":"product_cat","embeddable":true,"href":"https:\/\/www.vadaszboltcsorna.hu\/index.php\/wp-json\/wp\/v2\/product_cat?post=5775"},{"taxonomy":"product_tag","embeddable":true,"href":"https:\/\/www.vadaszboltcsorna.hu\/index.php\/wp-json\/wp\/v2\/product_tag?post=5775"}],"curies":[{"name":"wp","href":"https:\/\/api.w.org\/{rel}","templated":true}]}}