{"id":5768,"date":"2024-07-01T09:12:53","date_gmt":"2024-07-01T09:12:53","guid":{"rendered":"https:\/\/www.vadaszboltcsorna.hu\/?post_type=product&#038;p=5768"},"modified":"2025-03-27T07:16:42","modified_gmt":"2025-03-27T07:16:42","slug":"norma-oryx-silencer-308-win-107g-165gr","status":"publish","type":"product","link":"https:\/\/www.vadaszboltcsorna.hu\/index.php\/termek\/norma-oryx-silencer-308-win-107g-165gr\/","title":{"rendered":"Norma Oryx Silencer 308 Win. 10,7g\/165gr"},"content":{"rendered":"<h2 style=\"text-align: center;\"><strong>Norma Oryx Silencer 308 Win. 10,7g\/165gr<\/strong><\/h2>\n<p>&nbsp;<\/p>\n<h3><b>Term\u00e9k le\u00edr\u00e1s<\/b><\/h3>\n<h4 class=\"termek-leiras\">A Norma Oryx egy \u00f3lommaghoz k\u00f6t\u00f6tt k\u00f6penyes Soft Point l\u00f6ved\u00e9k. Az Oryx egy kiss\u00e9 csapott hegy\u0171, \u00f3lomv\u00e9g\u0171 l\u00f6ved\u00e9k, ahol az \u00f3lommag k\u00e9miai elj\u00e1r\u00e1ssal k\u00f6t\u00f6tt a tombak burkolathoz. Pontoss\u00e1ga kiv\u00e1l\u00f3, becsap\u00f3d\u00e1skor ide\u00e1lisan gomb\u00e1sodik, teljes t\u00f6meg\u00e9b\u0151l t\u00f6bb mint 90%-ot meg\u0151riz, m\u00e9lyre hatol. A Norma Silencer sorozat kifejezetten hangtomp\u00edt\u00f3s fegyverekhez aj\u00e1nlott.<\/h4>\n<h4>L\u00f6ved\u00e9k t\u00edpusa: \u00f3lom hegy\u0171 mag<br \/>\nL\u00f6ved\u00e9k t\u00f6mege: 165 gr\/ 10,7 g<br \/>\nB.C.(ballisztikai egy\u00fctthat\u00f3): .333<br \/>\nCs\u0151torkolati sebess\u00e9g: 820 m\/s<br \/>\nCs\u0151torkolati energia: 3597 J<br \/>\nKaliber: 308 Win.<br \/>\nKiszerel\u00e9s: 20<\/h4>\n<p><iframe loading=\"lazy\" title=\"Norma Oryx Silencer - New for 2020\" width=\"1080\" height=\"608\" src=\"https:\/\/www.youtube.com\/embed\/2GgmIW0egO8?feature=oembed\"  allow=\"accelerometer; autoplay; clipboard-write; encrypted-media; gyroscope; picture-in-picture; web-share\" referrerpolicy=\"strict-origin-when-cross-origin\" allowfullscreen><\/iframe><\/p>\n<div>\n<h4 style=\"text-align: center;\"><em>A le\u00edr\u00e1sban szerepl\u0151 adatok t\u00e1j\u00e9koztat\u00f3 jelleg\u0171ek, t\u00edpusonk\u00e9nt v\u00e1ltozhat!<\/em><br \/>\n<em>Kaliberekr\u0151l, \u00e1rakr\u00f3l \u00e9s egy\u00e9b inform\u00e1ci\u00f3kr\u00f3l k\u00e9rj\u00fck \u00e9rdekl\u0151dj\u00f6n!<\/em><\/h4>\n<h4 style=\"text-align: center;\"><em><strong>A fegyvert\u00f6rv\u00e9ny \u00e9rtelm\u00e9ben, fegyvert, l\u0151szert kiz\u00e1r\u00f3lag szem\u00e9lyesen,az \u00fczletben fegyvertart\u00e1si enged\u00e9ly birtok\u00e1ban lehet v\u00e1s\u00e1rolni!<\/strong><\/em><br \/>\n<em><strong>A webshopban megrendelt fegyverek \u00e9s l\u0151szerek NEM ker\u00fclnek kisz\u00e1ll\u00edt\u00e1sra!\u00a0 Tov\u00e1bbi inform\u00e1ci\u00f3\u00e9rt l\u00e1togasson el boltunkba!<\/strong><\/em><\/h4>\n<h4 style=\"text-align: center;\"><em>Az \u00e1rak t\u00e1j\u00e9koztat\u00f3 jelleg\u0171ek nem min\u0151s\u00fcl hivatalos aj\u00e1nlat t\u00e9telnek!<\/em><br \/>\n<em>Az \u00e1rv\u00e1ltoz\u00e1s jog\u00e1t fenntartjuk!<\/em><\/h4>\n<\/div>\n","protected":false},"excerpt":{"rendered":"<p>Norma Oryx Silencer 308 Win. 10,7g\/165gr &nbsp; Term\u00e9k le\u00edr\u00e1s A Norma Oryx egy \u00f3lommaghoz k\u00f6t\u00f6tt k\u00f6penyes Soft Point l\u00f6ved\u00e9k. Az Oryx egy kiss\u00e9 csapott hegy\u0171, \u00f3lomv\u00e9g\u0171 l\u00f6ved\u00e9k, ahol az \u00f3lommag k\u00e9miai elj\u00e1r\u00e1ssal k\u00f6t\u00f6tt a tombak burkolathoz. Pontoss\u00e1ga kiv\u00e1l\u00f3, becsap\u00f3d\u00e1skor ide\u00e1lisan gomb\u00e1sodik, teljes t\u00f6meg\u00e9b\u0151l t\u00f6bb mint 90%-ot meg\u0151riz, m\u00e9lyre hatol. A Norma Silencer sorozat kifejezetten hangtomp\u00edt\u00f3s [&hellip;]<\/p>\n","protected":false},"featured_media":7198,"comment_status":"open","ping_status":"closed","template":"","meta":{"_et_pb_use_builder":"","_et_pb_old_content":"","_et_gb_content_width":"","om_disable_all_campaigns":false},"product_brand":[],"product_cat":[21,289,199,200],"product_tag":[1380,1379],"class_list":{"0":"post-5768","1":"product","2":"type-product","3":"status-publish","4":"has-post-thumbnail","6":"product_cat-uj","7":"product_cat-308-win","8":"product_cat-golyos-loszerek","9":"product_cat-kaliber","10":"product_tag-7g-165gr","11":"product_tag-norma-oryx-silencer-308-win-10","13":"first","14":"instock","15":"taxable","16":"shipping-taxable","17":"purchasable","18":"product-type-simple"},"_links":{"self":[{"href":"https:\/\/www.vadaszboltcsorna.hu\/index.php\/wp-json\/wp\/v2\/product\/5768","targetHints":{"allow":["GET"]}}],"collection":[{"href":"https:\/\/www.vadaszboltcsorna.hu\/index.php\/wp-json\/wp\/v2\/product"}],"about":[{"href":"https:\/\/www.vadaszboltcsorna.hu\/index.php\/wp-json\/wp\/v2\/types\/product"}],"replies":[{"embeddable":true,"href":"https:\/\/www.vadaszboltcsorna.hu\/index.php\/wp-json\/wp\/v2\/comments?post=5768"}],"wp:featuredmedia":[{"embeddable":true,"href":"https:\/\/www.vadaszboltcsorna.hu\/index.php\/wp-json\/wp\/v2\/media\/7198"}],"wp:attachment":[{"href":"https:\/\/www.vadaszboltcsorna.hu\/index.php\/wp-json\/wp\/v2\/media?parent=5768"}],"wp:term":[{"taxonomy":"product_brand","embeddable":true,"href":"https:\/\/www.vadaszboltcsorna.hu\/index.php\/wp-json\/wp\/v2\/product_brand?post=5768"},{"taxonomy":"product_cat","embeddable":true,"href":"https:\/\/www.vadaszboltcsorna.hu\/index.php\/wp-json\/wp\/v2\/product_cat?post=5768"},{"taxonomy":"product_tag","embeddable":true,"href":"https:\/\/www.vadaszboltcsorna.hu\/index.php\/wp-json\/wp\/v2\/product_tag?post=5768"}],"curies":[{"name":"wp","href":"https:\/\/api.w.org\/{rel}","templated":true}]}}