{"id":5750,"date":"2024-07-01T07:59:19","date_gmt":"2024-07-01T07:59:19","guid":{"rendered":"https:\/\/www.vadaszboltcsorna.hu\/?post_type=product&#038;p=5750"},"modified":"2025-03-26T12:51:22","modified_gmt":"2025-03-26T12:51:22","slug":"norma-tipstrike-7x64-104g-160gr","status":"publish","type":"product","link":"https:\/\/www.vadaszboltcsorna.hu\/index.php\/termek\/norma-tipstrike-7x64-104g-160gr\/","title":{"rendered":"Norma Tipstrike 7&#215;64 10,4g\/160gr"},"content":{"rendered":"<h2 style=\"text-align: center;\"><strong>Norma Tipstrike 7&#215;64 10,4g\/160gr<\/strong><\/h2>\n<p>&nbsp;<\/p>\n<h4><b>Term\u00e9k le\u00edr\u00e1s<\/b><\/h4>\n<h4 class=\"termek-leiras\">A Norma Tipstrike kifejezetten a magas stop hat\u00e1s el\u00e9r\u00e9s\u00e9re tervezett l\u00f6ved\u00e9k, mely nagy \u00e1t\u00fct\u0151 er\u0151vel p\u00e1rosul. A polimer tipp-nek k\u00f6sz\u00f6nhet\u0151en magas expand\u00e1ci\u00f3 jellemz\u0151, mely folyam\u00e1n a l\u00f6ved\u00e9k burok szerkezet v\u00e1ltoz\u00e1sa kimagasl\u00f3 sokkhat\u00e1st eredm\u00e9nyez. A magas t\u00f6megmegmarad\u00e1s \u00e9rdek\u00e9ben a burkot egy mechanikus z\u00e1rral er\u0151s\u00edtik meg. A Tipstrike\u2122 kiv\u00e1l\u00f3 v\u00e1laszt\u00e1s hajt\u00e1sokra, valamint olyan vad\u00e1szati form\u00e1khoz, ahol a magas stophat\u00e1s kritikus fontoss\u00e1g\u00fa, \u00edgy kiv\u00e1l\u00f3 v\u00e1laszt\u00e1s k\u00f6zepes \u00e9s nagyvadra.<\/h4>\n<h4>Jellemz\u0151k:<\/h4>\n<h4 class=\"termek-leiras\">&#8211; Polimer tipp a jav\u00edtott ballisztika \u00e9rdek\u00e9ben.<br \/>\n&#8211; A tipp besz\u00far\u00e1sa enyhe k\u00e9sleltet\u00e9st eredm\u00e9nyez az expand\u00e1ci\u00f3ban, jav\u00edtva ezzel az \u00e1thatol\u00e1st.<br \/>\n&#8211; Puszt\u00edt\u00f3 sokkhat\u00e1s<br \/>\n&#8211; Az \u00e1thatol\u00e1st egy er\u0151s \u00e9s egyenes h\u00e1ts\u00f3 r\u00e9sz biztos\u00edtja a l\u00f6ved\u00e9kburkon k\u00edv\u00fcl egy bels\u0151 mechanikus \u00f3lomz\u00e1rral kombin\u00e1lva.<\/h4>\n<p><iframe loading=\"lazy\" title=\"Norma TIPSTRIKE\u2122 promotion video\" width=\"1080\" height=\"608\" src=\"https:\/\/www.youtube.com\/embed\/ff4kWzTQ2LU?feature=oembed\"  allow=\"accelerometer; autoplay; clipboard-write; encrypted-media; gyroscope; picture-in-picture; web-share\" referrerpolicy=\"strict-origin-when-cross-origin\" allowfullscreen><\/iframe><\/p>\n<h4>L\u00f6ved\u00e9k t\u00edpusa: m\u0171anyag hegy\u0171 mag<br \/>\nL\u00f6ved\u00e9k t\u00f6mege: 160 gr\/ 10,4 g<br \/>\nB.C.(ballisztikai egy\u00fctthat\u00f3): .510<br \/>\nCs\u0151torkolati sebess\u00e9g: 890 m\/s<br \/>\nCs\u0151torkolati energia: 4121 J<br \/>\nKaliber: 7&#215;64<br \/>\nKiszerel\u00e9s: 20<\/h4>\n<h4><\/h4>\n<h3 style=\"text-align: center;\"><em>A le\u00edr\u00e1sban szerepl\u0151 adatok t\u00e1j\u00e9koztat\u00f3 jelleg\u0171ek, t\u00edpusonk\u00e9nt v\u00e1ltozhat!<\/em><br \/>\n<em>Kaliberekr\u0151l, \u00e1rakr\u00f3l \u00e9s egy\u00e9b inform\u00e1ci\u00f3kr\u00f3l k\u00e9rj\u00fck \u00e9rdekl\u0151dj\u00f6n!<\/em><\/h3>\n<h3 style=\"text-align: center;\"><em><strong>A fegyvert\u00f6rv\u00e9ny \u00e9rtelm\u00e9ben, fegyvert, l\u0151szert kiz\u00e1r\u00f3lag szem\u00e9lyesen,az \u00fczletben fegyvertart\u00e1si enged\u00e9ly birtok\u00e1ban lehet v\u00e1s\u00e1rolni!<\/strong><\/em><br \/>\n<em><strong>A webshopban megrendelt fegyverek \u00e9s l\u0151szerek NEM ker\u00fclnek kisz\u00e1ll\u00edt\u00e1sra!\u00a0 Tov\u00e1bbi inform\u00e1ci\u00f3\u00e9rt l\u00e1togasson el boltunkba!<\/strong><\/em><\/h3>\n<h3 style=\"text-align: center;\"><em>Az \u00e1rak t\u00e1j\u00e9koztat\u00f3 jelleg\u0171ek nem min\u0151s\u00fcl hivatalos aj\u00e1nlat t\u00e9telnek!<\/em><br \/>\n<em>Az \u00e1rv\u00e1ltoz\u00e1s jog\u00e1t fenntartjuk!<\/em><\/h3>\n<h4><\/h4>\n<p>&nbsp;<\/p>\n","protected":false},"excerpt":{"rendered":"<p>Norma Tipstrike 7&#215;64 10,4g\/160gr &nbsp; Term\u00e9k le\u00edr\u00e1s A Norma Tipstrike kifejezetten a magas stop hat\u00e1s el\u00e9r\u00e9s\u00e9re tervezett l\u00f6ved\u00e9k, mely nagy \u00e1t\u00fct\u0151 er\u0151vel p\u00e1rosul. A polimer tipp-nek k\u00f6sz\u00f6nhet\u0151en magas expand\u00e1ci\u00f3 jellemz\u0151, mely folyam\u00e1n a l\u00f6ved\u00e9k burok szerkezet v\u00e1ltoz\u00e1sa kimagasl\u00f3 sokkhat\u00e1st eredm\u00e9nyez. A magas t\u00f6megmegmarad\u00e1s \u00e9rdek\u00e9ben a burkot egy mechanikus z\u00e1rral er\u0151s\u00edtik meg. A Tipstrike\u2122 kiv\u00e1l\u00f3 v\u00e1laszt\u00e1s [&hellip;]<\/p>\n","protected":false},"featured_media":7193,"comment_status":"open","ping_status":"closed","template":"","meta":{"_et_pb_use_builder":"","_et_pb_old_content":"","_et_gb_content_width":"","om_disable_all_campaigns":false},"product_brand":[],"product_cat":[21,226,199],"product_tag":[1373,1372],"class_list":{"0":"post-5750","1":"product","2":"type-product","3":"status-publish","4":"has-post-thumbnail","6":"product_cat-uj","7":"product_cat-7x64","8":"product_cat-golyos-loszerek","9":"product_tag-4g-160gr","10":"product_tag-norma-tipstrike-7x64-10","12":"first","13":"instock","14":"taxable","15":"shipping-taxable","16":"purchasable","17":"product-type-simple"},"_links":{"self":[{"href":"https:\/\/www.vadaszboltcsorna.hu\/index.php\/wp-json\/wp\/v2\/product\/5750","targetHints":{"allow":["GET"]}}],"collection":[{"href":"https:\/\/www.vadaszboltcsorna.hu\/index.php\/wp-json\/wp\/v2\/product"}],"about":[{"href":"https:\/\/www.vadaszboltcsorna.hu\/index.php\/wp-json\/wp\/v2\/types\/product"}],"replies":[{"embeddable":true,"href":"https:\/\/www.vadaszboltcsorna.hu\/index.php\/wp-json\/wp\/v2\/comments?post=5750"}],"wp:featuredmedia":[{"embeddable":true,"href":"https:\/\/www.vadaszboltcsorna.hu\/index.php\/wp-json\/wp\/v2\/media\/7193"}],"wp:attachment":[{"href":"https:\/\/www.vadaszboltcsorna.hu\/index.php\/wp-json\/wp\/v2\/media?parent=5750"}],"wp:term":[{"taxonomy":"product_brand","embeddable":true,"href":"https:\/\/www.vadaszboltcsorna.hu\/index.php\/wp-json\/wp\/v2\/product_brand?post=5750"},{"taxonomy":"product_cat","embeddable":true,"href":"https:\/\/www.vadaszboltcsorna.hu\/index.php\/wp-json\/wp\/v2\/product_cat?post=5750"},{"taxonomy":"product_tag","embeddable":true,"href":"https:\/\/www.vadaszboltcsorna.hu\/index.php\/wp-json\/wp\/v2\/product_tag?post=5750"}],"curies":[{"name":"wp","href":"https:\/\/api.w.org\/{rel}","templated":true}]}}