{"id":5740,"date":"2024-06-28T11:52:21","date_gmt":"2024-06-28T11:52:21","guid":{"rendered":"https:\/\/www.vadaszboltcsorna.hu\/?post_type=product&#038;p=5740"},"modified":"2025-03-26T12:45:54","modified_gmt":"2025-03-26T12:45:54","slug":"brenekke-tog-7x64","status":"publish","type":"product","link":"https:\/\/www.vadaszboltcsorna.hu\/index.php\/termek\/brenekke-tog-7x64\/","title":{"rendered":"Brenekke TOG 7&#215;64"},"content":{"rendered":"<h2 style=\"text-align: center;\"><strong>Brenekke TOG 7&#215;64<\/strong><\/h2>\n<h3><strong>Le\u00edr\u00e1s:<\/strong>Brenekke TOG 7&#215;64<br \/>\n9,7 g.\/150 grs<\/h3>\n<h4>Expanz\u00edv, f\u00fart hegy\u0171 l\u0151szer, a v\u00e1g\u00f3\u00e9leknek k\u00f6sz\u00f6nhet\u0151en nagy bemeneti ny\u00edl\u00e1s keletkezik.<\/h4>\n<h4>A le\u00edr\u00e1sban szerepl\u0151 adatok t\u00e1j\u00e9koztat\u00f3 jelleg\u0171ek, t\u00edpusonk\u00e9nt v\u00e1ltozhat!<br \/>\nKaliberekr\u0151l aktu\u00e1lis \u00e1rakr\u00f3l \u00e9s egy\u00e9b inform\u00e1ci\u00f3kr\u00f3l k\u00e9rj\u00fck<br \/>\n\u00e9rdekl\u0151dj\u00f6n!<br \/>\nA fegyvert\u00f6rv\u00e9ny \u00e9rtelm\u00e9ben, fegyvert, l\u0151szert kiz\u00e1r\u00f3lag szem\u00e9lyesen,az \u00fczletben fegyvertart\u00e1si enged\u00e9ly birtok\u00e1ban lehet v\u00e1s\u00e1rolni!<br \/>\nA webshopban megrendelt fegyverek \u00e9s l\u0151szerek NEM ker\u00fclnek kisz\u00e1ll\u00edt\u00e1sra! Tov\u00e1bbi inform\u00e1ci\u00f3\u00e9rt l\u00e1togasson el boltunkba!<br \/>\nAz \u00e1rak t\u00e1j\u00e9koztat\u00f3<br \/>\njelleg\u0171ek nem min\u0151s\u00fcl hivatalos aj\u00e1nlat t\u00e9telnek!<br \/>\nAz \u00e1rv\u00e1ltoz\u00e1s jog\u00e1t fenntartjuk!<\/h4>\n","protected":false},"excerpt":{"rendered":"<p>Brenekke TOG 7&#215;64 Le\u00edr\u00e1s:Brenekke TOG 7&#215;64 9,7 g.\/150 grs Expanz\u00edv, f\u00fart hegy\u0171 l\u0151szer, a v\u00e1g\u00f3\u00e9leknek k\u00f6sz\u00f6nhet\u0151en nagy bemeneti ny\u00edl\u00e1s keletkezik. A le\u00edr\u00e1sban szerepl\u0151 adatok t\u00e1j\u00e9koztat\u00f3 jelleg\u0171ek, t\u00edpusonk\u00e9nt v\u00e1ltozhat! Kaliberekr\u0151l aktu\u00e1lis \u00e1rakr\u00f3l \u00e9s egy\u00e9b inform\u00e1ci\u00f3kr\u00f3l k\u00e9rj\u00fck \u00e9rdekl\u0151dj\u00f6n! A fegyvert\u00f6rv\u00e9ny \u00e9rtelm\u00e9ben, fegyvert, l\u0151szert kiz\u00e1r\u00f3lag szem\u00e9lyesen,az \u00fczletben fegyvertart\u00e1si enged\u00e9ly birtok\u00e1ban lehet v\u00e1s\u00e1rolni! A webshopban megrendelt fegyverek \u00e9s l\u0151szerek [&hellip;]<\/p>\n","protected":false},"featured_media":7190,"comment_status":"open","ping_status":"closed","template":"","meta":{"_et_pb_use_builder":"","_et_pb_old_content":"","_et_gb_content_width":"","om_disable_all_campaigns":false},"product_brand":[],"product_cat":[21,226,203,199,200],"product_tag":[1370,205,70],"class_list":{"0":"post-5740","1":"product","2":"type-product","3":"status-publish","4":"has-post-thumbnail","6":"product_cat-uj","7":"product_cat-7x64","8":"product_cat-brenekke","9":"product_cat-golyos-loszerek","10":"product_cat-kaliber","11":"product_tag-brenekke-tog-7x64","12":"product_tag-golyos-loszer","13":"product_tag-vadaszat","15":"first","16":"instock","17":"taxable","18":"shipping-taxable","19":"purchasable","20":"product-type-simple"},"_links":{"self":[{"href":"https:\/\/www.vadaszboltcsorna.hu\/index.php\/wp-json\/wp\/v2\/product\/5740","targetHints":{"allow":["GET"]}}],"collection":[{"href":"https:\/\/www.vadaszboltcsorna.hu\/index.php\/wp-json\/wp\/v2\/product"}],"about":[{"href":"https:\/\/www.vadaszboltcsorna.hu\/index.php\/wp-json\/wp\/v2\/types\/product"}],"replies":[{"embeddable":true,"href":"https:\/\/www.vadaszboltcsorna.hu\/index.php\/wp-json\/wp\/v2\/comments?post=5740"}],"wp:featuredmedia":[{"embeddable":true,"href":"https:\/\/www.vadaszboltcsorna.hu\/index.php\/wp-json\/wp\/v2\/media\/7190"}],"wp:attachment":[{"href":"https:\/\/www.vadaszboltcsorna.hu\/index.php\/wp-json\/wp\/v2\/media?parent=5740"}],"wp:term":[{"taxonomy":"product_brand","embeddable":true,"href":"https:\/\/www.vadaszboltcsorna.hu\/index.php\/wp-json\/wp\/v2\/product_brand?post=5740"},{"taxonomy":"product_cat","embeddable":true,"href":"https:\/\/www.vadaszboltcsorna.hu\/index.php\/wp-json\/wp\/v2\/product_cat?post=5740"},{"taxonomy":"product_tag","embeddable":true,"href":"https:\/\/www.vadaszboltcsorna.hu\/index.php\/wp-json\/wp\/v2\/product_tag?post=5740"}],"curies":[{"name":"wp","href":"https:\/\/api.w.org\/{rel}","templated":true}]}}