{"id":5736,"date":"2024-06-28T10:19:13","date_gmt":"2024-06-28T10:19:13","guid":{"rendered":"https:\/\/www.vadaszboltcsorna.hu\/?post_type=product&#038;p=5736"},"modified":"2024-06-28T10:19:13","modified_gmt":"2024-06-28T10:19:13","slug":"norma-plastic-point-30-06-spring-117g-180gr","status":"publish","type":"product","link":"https:\/\/www.vadaszboltcsorna.hu\/index.php\/termek\/norma-plastic-point-30-06-spring-117g-180gr\/","title":{"rendered":"Norma Plastic Point 30-06 Spring. 11,7g\/180gr"},"content":{"rendered":"<h2 style=\"text-align: center;\"><strong>Norma Plastic Point 30-06 Spring. 11,7g\/180gr<\/strong><\/h2>\n<p>&nbsp;<\/p>\n<div id=\"artdet__short-descrition\" class=\"artdet__short-descripton my-4\">\n<div class=\"artdet__short-descripton-content js-short-descripton__content font-s font-sm-m\">\n<h3>A Norma Plastic Point egy hat\u00e9kony \u00e9s n\u00e9pszer\u0171 l\u0151szer, k\u00fcl\u00f6n\u00f6sen az eur\u00f3pai vad\u00e1szok k\u00f6r\u00e9ben. Kiv\u00e1l\u00f3 pontoss\u00e1g, gyors expand\u00e1ci\u00f3 \u00e9s magas stophat\u00e1s biztos\u00edtja a k\u00edv\u00e1nt eredm\u00e9nyt a c\u00e9lponton. Emellett a Plastic Point v\u00e9delmet ny\u00fajt a l\u00f6ved\u00e9knek a t\u00e1rban fell\u00e9p\u0151 visszacsap\u00f3d\u00e1s ellen, ezzel garant\u00e1lva a probl\u00e9mamentes m\u0171k\u00f6d\u00e9st f\u00e9lautomata fegyverekben is.<\/p>\n<p>L\u00f6ved\u00e9k t\u00edpusa: m\u0171anyag hegy\u0171<br \/>\nL\u00f6ved\u00e9k t\u00f6mege: 180 gr\/ 11,7 g<br \/>\nB.C.(ballisztikai egy\u00fctthat\u00f3): .366<br \/>\nCs\u0151torkolati sebess\u00e9g: 823 m\/s<br \/>\nCs\u0151torkolati energia: 3964 J<br \/>\nKaliber: 30-06 Spring.<br \/>\nKiszerel\u00e9s: 20<\/h3>\n<\/div>\n<p>&nbsp;<\/p>\n<div class=\"artdet__short-descripton-content js-short-descripton__content font-s font-sm-m\">\n<h4>A le\u00edr\u00e1sban szerepl\u0151 adatok t\u00e1j\u00e9koztat\u00f3 jelleg\u0171ek, t\u00edpusonk\u00e9nt v\u00e1ltozhat!<br \/>\nKaliberekr\u0151l aktu\u00e1lis \u00e1rakr\u00f3l \u00e9s egy\u00e9b inform\u00e1ci\u00f3kr\u00f3l k\u00e9rj\u00fck \u00e9rdekl\u0151dj\u00f6n!<\/h4>\n<h4><strong>A fegyvert\u00f6rv\u00e9ny \u00e9rtelm\u00e9ben, fegyvert, l\u0151szert kiz\u00e1r\u00f3lag szem\u00e9lyesen,az \u00fczletben fegyvertart\u00e1si enged\u00e9ly birtok\u00e1ban lehet v\u00e1s\u00e1rolni!<\/strong><br \/>\n<strong>A webshopban megrendelt fegyverek \u00e9s l\u0151szerek NEM ker\u00fclnek kisz\u00e1ll\u00edt\u00e1sra!\u00a0 Tov\u00e1bbi inform\u00e1ci\u00f3\u00e9rt l\u00e1togasson el boltunkba!<\/strong><\/h4>\n<h4>Az \u00e1rak t\u00e1j\u00e9koztat\u00f3 jelleg\u0171ek nem min\u0151s\u00fcl hivatalos aj\u00e1nlat t\u00e9telnek!<br \/>\nAz \u00e1rv\u00e1ltoz\u00e1s jog\u00e1t fenntartjuk!<\/h4>\n<\/div>\n<\/div>\n<div id=\"artdet__param-spec\" class=\"artdet__spec-params font-s font-sm-m mb-4\">\n<div id=\"page_artdet_product_param_spec_569702\" class=\"artdet__spec-param product_param_type_text\">\n<div class=\"row no-gutters align-items-center\"><\/div>\n<\/div>\n<\/div>\n","protected":false},"excerpt":{"rendered":"<p>Norma Plastic Point 30-06 Spring. 11,7g\/180gr &nbsp; A Norma Plastic Point egy hat\u00e9kony \u00e9s n\u00e9pszer\u0171 l\u0151szer, k\u00fcl\u00f6n\u00f6sen az eur\u00f3pai vad\u00e1szok k\u00f6r\u00e9ben. Kiv\u00e1l\u00f3 pontoss\u00e1g, gyors expand\u00e1ci\u00f3 \u00e9s magas stophat\u00e1s biztos\u00edtja a k\u00edv\u00e1nt eredm\u00e9nyt a c\u00e9lponton. Emellett a Plastic Point v\u00e9delmet ny\u00fajt a l\u00f6ved\u00e9knek a t\u00e1rban fell\u00e9p\u0151 visszacsap\u00f3d\u00e1s ellen, ezzel garant\u00e1lva a probl\u00e9mamentes m\u0171k\u00f6d\u00e9st f\u00e9lautomata fegyverekben is. [&hellip;]<\/p>\n","protected":false},"featured_media":5737,"comment_status":"open","ping_status":"closed","template":"","meta":{"_et_pb_use_builder":"","_et_pb_old_content":"","_et_gb_content_width":"","om_disable_all_campaigns":false},"product_brand":[],"product_cat":[21,202,199,200,218],"product_tag":[],"class_list":{"0":"post-5736","1":"product","2":"type-product","3":"status-publish","4":"has-post-thumbnail","6":"product_cat-uj","7":"product_cat-30-06","8":"product_cat-golyos-loszerek","9":"product_cat-kaliber","10":"product_cat-norma","12":"first","13":"instock","14":"taxable","15":"shipping-taxable","16":"purchasable","17":"product-type-simple"},"_links":{"self":[{"href":"https:\/\/www.vadaszboltcsorna.hu\/index.php\/wp-json\/wp\/v2\/product\/5736","targetHints":{"allow":["GET"]}}],"collection":[{"href":"https:\/\/www.vadaszboltcsorna.hu\/index.php\/wp-json\/wp\/v2\/product"}],"about":[{"href":"https:\/\/www.vadaszboltcsorna.hu\/index.php\/wp-json\/wp\/v2\/types\/product"}],"replies":[{"embeddable":true,"href":"https:\/\/www.vadaszboltcsorna.hu\/index.php\/wp-json\/wp\/v2\/comments?post=5736"}],"wp:featuredmedia":[{"embeddable":true,"href":"https:\/\/www.vadaszboltcsorna.hu\/index.php\/wp-json\/wp\/v2\/media\/5737"}],"wp:attachment":[{"href":"https:\/\/www.vadaszboltcsorna.hu\/index.php\/wp-json\/wp\/v2\/media?parent=5736"}],"wp:term":[{"taxonomy":"product_brand","embeddable":true,"href":"https:\/\/www.vadaszboltcsorna.hu\/index.php\/wp-json\/wp\/v2\/product_brand?post=5736"},{"taxonomy":"product_cat","embeddable":true,"href":"https:\/\/www.vadaszboltcsorna.hu\/index.php\/wp-json\/wp\/v2\/product_cat?post=5736"},{"taxonomy":"product_tag","embeddable":true,"href":"https:\/\/www.vadaszboltcsorna.hu\/index.php\/wp-json\/wp\/v2\/product_tag?post=5736"}],"curies":[{"name":"wp","href":"https:\/\/api.w.org\/{rel}","templated":true}]}}