{"id":5732,"date":"2024-06-28T09:52:56","date_gmt":"2024-06-28T09:52:56","guid":{"rendered":"https:\/\/www.vadaszboltcsorna.hu\/?post_type=product&#038;p=5732"},"modified":"2025-03-26T12:44:17","modified_gmt":"2025-03-26T12:44:17","slug":"norma-30-06-spr-oryx-130g-200gr","status":"publish","type":"product","link":"https:\/\/www.vadaszboltcsorna.hu\/index.php\/termek\/norma-30-06-spr-oryx-130g-200gr\/","title":{"rendered":"Norma 30-06 Spr. Oryx 13,0g\/200gr"},"content":{"rendered":"<h2 style=\"text-align: center;\"><strong>Norma 30-06 Spr. Oryx 13,0g\/200gr<\/strong><\/h2>\n<p>&nbsp;<\/p>\n<h3><b>Term\u00e9k le\u00edr\u00e1s<\/b><\/h3>\n<h4 class=\"termek-leiras\">A Norma Oryx egy \u00f3lommaghoz k\u00f6t\u00f6tt k\u00f6penyes Soft Point l\u00f6ved\u00e9k. Az Oryx egy kiss\u00e9 csapott hegy\u0171, \u00f3lomv\u00e9g\u0171 l\u00f6ved\u00e9k, ahol az \u00f3lommag k\u00e9miai elj\u00e1r\u00e1ssal k\u00f6t\u00f6tt a tombak burkolathoz. Pontoss\u00e1ga kiv\u00e1l\u00f3, becsap\u00f3d\u00e1skor ide\u00e1lisan gomb\u00e1sodik, teljes t\u00f6meg\u00e9b\u0151l t\u00f6bb mint 90%-ot meg\u0151riz, m\u00e9lyre hatol.<\/h4>\n<h4>L\u00f6ved\u00e9k t\u00edpusa: \u00f3lom hegy\u0171 mag<br \/>\nL\u00f6ved\u00e9k t\u00f6mege: 200 gr\/ 13,0 g<br \/>\nB.C.(ballisztikai egy\u00fctthat\u00f3): .338<br \/>\nCs\u0151torkolati sebess\u00e9g: 800 m\/s<br \/>\nCs\u0151torkolati energia: 4162 J<br \/>\nKaliber: 30-06 Spring.<br \/>\nKiszerel\u00e9s: 20<\/h4>\n<h4 style=\"text-align: center;\"><em>A le\u00edr\u00e1sban szerepl\u0151 adatok t\u00e1j\u00e9koztat\u00f3 jelleg\u0171ek, t\u00edpusonk\u00e9nt v\u00e1ltozhat!<\/em><br \/>\n<em>Kaliberekr\u0151l aktu\u00e1lis \u00e1rakr\u00f3l \u00e9s egy\u00e9b inform\u00e1ci\u00f3kr\u00f3l k\u00e9rj\u00fck \u00e9rdekl\u0151dj\u00f6n!<\/em><\/h4>\n<h4 style=\"text-align: center;\"><em><strong>A fegyvert\u00f6rv\u00e9ny \u00e9rtelm\u00e9ben, fegyvert, l\u0151szert kiz\u00e1r\u00f3lag szem\u00e9lyesen,az \u00fczletben fegyvertart\u00e1si enged\u00e9ly birtok\u00e1ban lehet v\u00e1s\u00e1rolni!<\/strong><\/em><br \/>\n<em><strong>A webshopban megrendelt fegyverek \u00e9s l\u0151szerek NEM ker\u00fclnek kisz\u00e1ll\u00edt\u00e1sra!\u00a0 Tov\u00e1bbi inform\u00e1ci\u00f3\u00e9rt l\u00e1togasson el boltunkba!<\/strong><\/em><\/h4>\n<h4 style=\"text-align: center;\"><em>Az \u00e1rak t\u00e1j\u00e9koztat\u00f3 jelleg\u0171ek nem min\u0151s\u00fcl hivatalos aj\u00e1nlat t\u00e9telnek!<\/em><br \/>\n<em>Az \u00e1rv\u00e1ltoz\u00e1s jog\u00e1t fenntartjuk!<\/em><\/h4>\n<h4><\/h4>\n","protected":false},"excerpt":{"rendered":"<p>Norma 30-06 Spr. Oryx 13,0g\/200gr &nbsp; Term\u00e9k le\u00edr\u00e1s A Norma Oryx egy \u00f3lommaghoz k\u00f6t\u00f6tt k\u00f6penyes Soft Point l\u00f6ved\u00e9k. Az Oryx egy kiss\u00e9 csapott hegy\u0171, \u00f3lomv\u00e9g\u0171 l\u00f6ved\u00e9k, ahol az \u00f3lommag k\u00e9miai elj\u00e1r\u00e1ssal k\u00f6t\u00f6tt a tombak burkolathoz. Pontoss\u00e1ga kiv\u00e1l\u00f3, becsap\u00f3d\u00e1skor ide\u00e1lisan gomb\u00e1sodik, teljes t\u00f6meg\u00e9b\u0151l t\u00f6bb mint 90%-ot meg\u0151riz, m\u00e9lyre hatol. L\u00f6ved\u00e9k t\u00edpusa: \u00f3lom hegy\u0171 mag L\u00f6ved\u00e9k t\u00f6mege: [&hellip;]<\/p>\n","protected":false},"featured_media":7193,"comment_status":"open","ping_status":"closed","template":"","meta":{"_et_pb_use_builder":"","_et_pb_old_content":"","_et_gb_content_width":"","om_disable_all_campaigns":false},"product_brand":[],"product_cat":[21,202,199,200,218],"product_tag":[1369,1368],"class_list":{"0":"post-5732","1":"product","2":"type-product","3":"status-publish","4":"has-post-thumbnail","6":"product_cat-uj","7":"product_cat-30-06","8":"product_cat-golyos-loszerek","9":"product_cat-kaliber","10":"product_cat-norma","11":"product_tag-0g-200gr","12":"product_tag-norma-30-06-spr-oryx-13","14":"first","15":"instock","16":"taxable","17":"shipping-taxable","18":"purchasable","19":"product-type-simple"},"_links":{"self":[{"href":"https:\/\/www.vadaszboltcsorna.hu\/index.php\/wp-json\/wp\/v2\/product\/5732","targetHints":{"allow":["GET"]}}],"collection":[{"href":"https:\/\/www.vadaszboltcsorna.hu\/index.php\/wp-json\/wp\/v2\/product"}],"about":[{"href":"https:\/\/www.vadaszboltcsorna.hu\/index.php\/wp-json\/wp\/v2\/types\/product"}],"replies":[{"embeddable":true,"href":"https:\/\/www.vadaszboltcsorna.hu\/index.php\/wp-json\/wp\/v2\/comments?post=5732"}],"wp:featuredmedia":[{"embeddable":true,"href":"https:\/\/www.vadaszboltcsorna.hu\/index.php\/wp-json\/wp\/v2\/media\/7193"}],"wp:attachment":[{"href":"https:\/\/www.vadaszboltcsorna.hu\/index.php\/wp-json\/wp\/v2\/media?parent=5732"}],"wp:term":[{"taxonomy":"product_brand","embeddable":true,"href":"https:\/\/www.vadaszboltcsorna.hu\/index.php\/wp-json\/wp\/v2\/product_brand?post=5732"},{"taxonomy":"product_cat","embeddable":true,"href":"https:\/\/www.vadaszboltcsorna.hu\/index.php\/wp-json\/wp\/v2\/product_cat?post=5732"},{"taxonomy":"product_tag","embeddable":true,"href":"https:\/\/www.vadaszboltcsorna.hu\/index.php\/wp-json\/wp\/v2\/product_tag?post=5732"}],"curies":[{"name":"wp","href":"https:\/\/api.w.org\/{rel}","templated":true}]}}