{"id":5728,"date":"2024-06-28T09:47:17","date_gmt":"2024-06-28T09:47:17","guid":{"rendered":"https:\/\/www.vadaszboltcsorna.hu\/?post_type=product&#038;p=5728"},"modified":"2025-06-18T11:26:31","modified_gmt":"2025-06-18T11:26:31","slug":"norma-whitetail-sp-30-06-spring-117g-180gr","status":"publish","type":"product","link":"https:\/\/www.vadaszboltcsorna.hu\/index.php\/termek\/norma-whitetail-sp-30-06-spring-117g-180gr\/","title":{"rendered":"Norma Whitetail SP 30-06 Spring. 11,7g\/180gr"},"content":{"rendered":"<h2 style=\"text-align: center;\"><strong>Norma Whitetail SP 30-06 Spring. 11,7g\/180gr<\/strong><\/h2>\n<h3 style=\"text-align: center;\"><b>Term\u00e9k le\u00edr\u00e1s<\/b><\/h3>\n<h4 class=\"termek-leiras\" style=\"text-align: center;\">A Norma Whitetail l\u0151szerek kiv\u00e1l\u00f3 v\u00e1laszt\u00e1st jelentenek a szarvasvad\u00e1szathoz, biztos\u00edtva a megb\u00edzhat\u00f3s\u00e1got, a pontoss\u00e1got \u00e9s a hat\u00e9konys\u00e1got, amelyek elengedhetetlenek a sikeres vad\u00e1szathoz. A NORMA Whitetail l\u0151szercsal\u00e1dja a legjobb min\u0151s\u00e9g\u0171 s\u00e1rgar\u00e9zzel van megt\u00f6ltve, amely megfelel \u00e9s meghaladja az \u00fajrat\u00f6lt\u0151k \u00e1ltal meghat\u00e1rozott szabv\u00e1nyokat. A NORMA Whitetail-t \u00fagy tervezt\u00e9k, hogy l\u00f6v\u00e9st\u0151l l\u00f6v\u00e9sig terjed\u0151 teljes\u00edtm\u00e9nyt ny\u00fajtson, amelyre sz\u00fcks\u00e9ge van ahhoz, hogy a k\u00f6vetkez\u0151 vad\u00e1szat mindig sikeres legyen.<\/h4>\n<p><iframe loading=\"lazy\" title=\"Norma Whitetail | That\u2019s how our new Whitetail line performs  | Precise, effective, affordable\" width=\"1080\" height=\"608\" src=\"https:\/\/www.youtube.com\/embed\/7H4Alj6Co_Q?feature=oembed\"  allow=\"accelerometer; autoplay; clipboard-write; encrypted-media; gyroscope; picture-in-picture; web-share\" referrerpolicy=\"strict-origin-when-cross-origin\" allowfullscreen><\/iframe><\/p>\n<h4>L\u00f6ved\u00e9k t\u00edpusa: \u00f3lom hegy\u0171 mag<br \/>\nL\u00f6ved\u00e9k t\u00f6mege: 180 gr\/ 11,7 g<br \/>\nB.C.(ballisztikai egy\u00fctthat\u00f3): .257<br \/>\nCs\u0151torkolati sebess\u00e9g: 823 m\/s<br \/>\nCs\u0151torkolati energia: 3964 J<br \/>\nKaliber: 30-06 Spring.<br \/>\nKiszerel\u00e9s: 20<\/h4>\n<p><iframe loading=\"lazy\" title=\"A Whitetail l\u0151szerek bemutat\u00e1sa, tesztje - NORMA Vlog\" width=\"1080\" height=\"608\" src=\"https:\/\/www.youtube.com\/embed\/gam8VkVrpc4?feature=oembed\"  allow=\"accelerometer; autoplay; clipboard-write; encrypted-media; gyroscope; picture-in-picture; web-share\" referrerpolicy=\"strict-origin-when-cross-origin\" allowfullscreen><\/iframe><\/p>\n<div class=\"row termek-reszletek-container\">\n<div class=\"col-sm-3 price-col\">\n<div class=\"bordered-box\">\n<h4 class=\"info\" style=\"text-align: center;\"><em><b>Az \u00e1rak \u00e9s k\u00e9szlet inform\u00e1ci\u00f3k t\u00e1j\u00e9koztat\u00f3 jelleg\u0171ek, nyilv\u00e1nos aj\u00e1nlatt\u00e9telnek nem min\u0151s\u00fclnek!<br \/>\nAz \u00e1rv\u00e1ltoz\u00e1s jog\u00e1t fenntartjuk!<\/b><\/em><\/h4>\n<\/div>\n<\/div>\n<\/div>\n<h4 class=\"clear\" style=\"text-align: center;\"><\/h4>\n<div class=\"back\">\n<h4 style=\"text-align: center;\"><em><strong>A fegyvert\u00f6rv\u00e9ny \u00e9rtelm\u00e9ben, fegyvert, l\u0151szert kiz\u00e1r\u00f3lag szem\u00e9lyesen,az \u00fczletben fegyvertart\u00e1si enged\u00e9ly birtok\u00e1ban lehet v\u00e1s\u00e1rolni!<\/strong><\/em><br \/>\n<em><strong>A webshopban megrendelt fegyverek \u00e9s l\u0151szerek NEM ker\u00fclnek kisz\u00e1ll\u00edt\u00e1sra!\u00a0 Tov\u00e1bbi inform\u00e1ci\u00f3\u00e9rt l\u00e1togasson el boltunkba!<\/strong><\/em><\/h4>\n<\/div>\n","protected":false},"excerpt":{"rendered":"<p>Norma Whitetail SP 30-06 Spring. 11,7g\/180gr Term\u00e9k le\u00edr\u00e1s A Norma Whitetail l\u0151szerek kiv\u00e1l\u00f3 v\u00e1laszt\u00e1st jelentenek a szarvasvad\u00e1szathoz, biztos\u00edtva a megb\u00edzhat\u00f3s\u00e1got, a pontoss\u00e1got \u00e9s a hat\u00e9konys\u00e1got, amelyek elengedhetetlenek a sikeres vad\u00e1szathoz. A NORMA Whitetail l\u0151szercsal\u00e1dja a legjobb min\u0151s\u00e9g\u0171 s\u00e1rgar\u00e9zzel van megt\u00f6ltve, amely megfelel \u00e9s meghaladja az \u00fajrat\u00f6lt\u0151k \u00e1ltal meghat\u00e1rozott szabv\u00e1nyokat. A NORMA Whitetail-t \u00fagy tervezt\u00e9k, hogy [&hellip;]<\/p>\n","protected":false},"featured_media":7212,"comment_status":"open","ping_status":"closed","template":"","meta":{"_et_pb_use_builder":"","_et_pb_old_content":"","_et_gb_content_width":"","om_disable_all_campaigns":false},"product_brand":[],"product_cat":[21,202,199,200,218],"product_tag":[1366,1367],"class_list":{"0":"post-5728","1":"product","2":"type-product","3":"status-publish","4":"has-post-thumbnail","6":"product_cat-uj","7":"product_cat-30-06","8":"product_cat-golyos-loszerek","9":"product_cat-kaliber","10":"product_cat-norma","11":"product_tag-7g-180gr","12":"product_tag-norma-whitetail-sp-30-06-spring-11","14":"first","15":"instock","16":"taxable","17":"shipping-taxable","18":"purchasable","19":"product-type-simple"},"_links":{"self":[{"href":"https:\/\/www.vadaszboltcsorna.hu\/index.php\/wp-json\/wp\/v2\/product\/5728","targetHints":{"allow":["GET"]}}],"collection":[{"href":"https:\/\/www.vadaszboltcsorna.hu\/index.php\/wp-json\/wp\/v2\/product"}],"about":[{"href":"https:\/\/www.vadaszboltcsorna.hu\/index.php\/wp-json\/wp\/v2\/types\/product"}],"replies":[{"embeddable":true,"href":"https:\/\/www.vadaszboltcsorna.hu\/index.php\/wp-json\/wp\/v2\/comments?post=5728"}],"wp:featuredmedia":[{"embeddable":true,"href":"https:\/\/www.vadaszboltcsorna.hu\/index.php\/wp-json\/wp\/v2\/media\/7212"}],"wp:attachment":[{"href":"https:\/\/www.vadaszboltcsorna.hu\/index.php\/wp-json\/wp\/v2\/media?parent=5728"}],"wp:term":[{"taxonomy":"product_brand","embeddable":true,"href":"https:\/\/www.vadaszboltcsorna.hu\/index.php\/wp-json\/wp\/v2\/product_brand?post=5728"},{"taxonomy":"product_cat","embeddable":true,"href":"https:\/\/www.vadaszboltcsorna.hu\/index.php\/wp-json\/wp\/v2\/product_cat?post=5728"},{"taxonomy":"product_tag","embeddable":true,"href":"https:\/\/www.vadaszboltcsorna.hu\/index.php\/wp-json\/wp\/v2\/product_tag?post=5728"}],"curies":[{"name":"wp","href":"https:\/\/api.w.org\/{rel}","templated":true}]}}