{"id":5724,"date":"2024-06-28T09:39:24","date_gmt":"2024-06-28T09:39:24","guid":{"rendered":"https:\/\/www.vadaszboltcsorna.hu\/?post_type=product&#038;p=5724"},"modified":"2025-03-26T12:32:56","modified_gmt":"2025-03-26T12:32:56","slug":"norma-oryx-silencer-30-06-spring-117g-180gr","status":"publish","type":"product","link":"https:\/\/www.vadaszboltcsorna.hu\/index.php\/termek\/norma-oryx-silencer-30-06-spring-117g-180gr\/","title":{"rendered":"Norma Oryx Silencer 30-06 Spring. 11,7g\/180gr"},"content":{"rendered":"<h2 style=\"text-align: center;\"><strong>Norma Oryx Silencer 30-06 Spring. 11,7g\/180gr<\/strong><\/h2>\n<p>&nbsp;<\/p>\n<h3><b>Term\u00e9k le\u00edr\u00e1s<\/b><\/h3>\n<h3 class=\"termek-leiras\">A Norma Oryx egy \u00f3lommaghoz k\u00f6t\u00f6tt k\u00f6penyes Soft Point l\u00f6ved\u00e9k. Az Oryx egy kiss\u00e9 csapott hegy\u0171, \u00f3lomv\u00e9g\u0171 l\u00f6ved\u00e9k, ahol az \u00f3lommag k\u00e9miai elj\u00e1r\u00e1ssal k\u00f6t\u00f6tt a tombak burkolathoz. Pontoss\u00e1ga kiv\u00e1l\u00f3, becsap\u00f3d\u00e1skor ide\u00e1lisan gomb\u00e1sodik, teljes t\u00f6meg\u00e9b\u0151l t\u00f6bb mint 90%-ot meg\u0151riz, m\u00e9lyre hatol. A Norma Silencer sorozat kifejezetten hangtomp\u00edt\u00f3s fegyverekhez aj\u00e1nlott.<\/h3>\n<h3>L\u00f6ved\u00e9k t\u00edpusa: \u00f3lom hegy\u0171 mag<br \/>\nL\u00f6ved\u00e9k t\u00f6mege: 180 gr\/ 11,7 g<br \/>\nB.C.(ballisztikai egy\u00fctthat\u00f3): .354<br \/>\nCs\u0151torkolati sebess\u00e9g: 820 m\/s<br \/>\nCs\u0151torkolati energia: 3934 J<br \/>\nKaliber: 30-06 Spring.<br \/>\nKiszerel\u00e9s: 20<\/h3>\n<p><iframe loading=\"lazy\" title=\"Norma Oryx Silencer - New for 2020\" width=\"1080\" height=\"608\" src=\"https:\/\/www.youtube.com\/embed\/2GgmIW0egO8?feature=oembed\"  allow=\"accelerometer; autoplay; clipboard-write; encrypted-media; gyroscope; picture-in-picture; web-share\" referrerpolicy=\"strict-origin-when-cross-origin\" allowfullscreen><\/iframe><\/p>\n<div class=\"row termek-reszletek-container\">\n<div class=\"col-sm-3 price-col\">\n<div class=\"bordered-box\">\n<div class=\"info\" style=\"text-align: center;\"><em><b>Az \u00e1rak \u00e9s k\u00e9szlet inform\u00e1ci\u00f3k t\u00e1j\u00e9koztat\u00f3 jelleg\u0171ek, nyilv\u00e1nos aj\u00e1nlatt\u00e9telnek nem min\u0151s\u00fclnek!<br \/>\nAz \u00e1rv\u00e1ltoz\u00e1s jog\u00e1t fenntartjuk!<\/b><\/em><\/div>\n<\/div>\n<div style=\"text-align: center;\">\n<h4><em><strong>A fegyvert\u00f6rv\u00e9ny \u00e9rtelm\u00e9ben, fegyvert, l\u0151szert kiz\u00e1r\u00f3lag szem\u00e9lyesen,az \u00fczletben fegyvertart\u00e1si enged\u00e9ly birtok\u00e1ban lehet v\u00e1s\u00e1rolni!<\/strong><\/em><br \/>\n<em><strong>A webshopban megrendelt fegyverek \u00e9s l\u0151szerek NEM ker\u00fclnek kisz\u00e1ll\u00edt\u00e1sra!\u00a0 Tov\u00e1bbi inform\u00e1ci\u00f3\u00e9rt l\u00e1togasson el boltunkba!<\/strong><\/em><\/h4>\n<\/div>\n<\/div>\n<\/div>\n<div class=\"clear\" style=\"text-align: center;\"><\/div>\n<p>&nbsp;<\/p>\n<p>&nbsp;<\/p>\n","protected":false},"excerpt":{"rendered":"<p>Norma Oryx Silencer 30-06 Spring. 11,7g\/180gr &nbsp; Term\u00e9k le\u00edr\u00e1s A Norma Oryx egy \u00f3lommaghoz k\u00f6t\u00f6tt k\u00f6penyes Soft Point l\u00f6ved\u00e9k. Az Oryx egy kiss\u00e9 csapott hegy\u0171, \u00f3lomv\u00e9g\u0171 l\u00f6ved\u00e9k, ahol az \u00f3lommag k\u00e9miai elj\u00e1r\u00e1ssal k\u00f6t\u00f6tt a tombak burkolathoz. Pontoss\u00e1ga kiv\u00e1l\u00f3, becsap\u00f3d\u00e1skor ide\u00e1lisan gomb\u00e1sodik, teljes t\u00f6meg\u00e9b\u0151l t\u00f6bb mint 90%-ot meg\u0151riz, m\u00e9lyre hatol. A Norma Silencer sorozat kifejezetten hangtomp\u00edt\u00f3s [&hellip;]<\/p>\n","protected":false},"featured_media":7198,"comment_status":"open","ping_status":"closed","template":"","meta":{"_et_pb_use_builder":"","_et_pb_old_content":"","_et_gb_content_width":"","om_disable_all_campaigns":false},"product_brand":[],"product_cat":[21,202,199,200,218],"product_tag":[1366,1365],"class_list":{"0":"post-5724","1":"product","2":"type-product","3":"status-publish","4":"has-post-thumbnail","6":"product_cat-uj","7":"product_cat-30-06","8":"product_cat-golyos-loszerek","9":"product_cat-kaliber","10":"product_cat-norma","11":"product_tag-7g-180gr","12":"product_tag-norma-oryx-silencer-30-06-spring-11","14":"first","15":"instock","16":"taxable","17":"shipping-taxable","18":"purchasable","19":"product-type-simple"},"_links":{"self":[{"href":"https:\/\/www.vadaszboltcsorna.hu\/index.php\/wp-json\/wp\/v2\/product\/5724","targetHints":{"allow":["GET"]}}],"collection":[{"href":"https:\/\/www.vadaszboltcsorna.hu\/index.php\/wp-json\/wp\/v2\/product"}],"about":[{"href":"https:\/\/www.vadaszboltcsorna.hu\/index.php\/wp-json\/wp\/v2\/types\/product"}],"replies":[{"embeddable":true,"href":"https:\/\/www.vadaszboltcsorna.hu\/index.php\/wp-json\/wp\/v2\/comments?post=5724"}],"wp:featuredmedia":[{"embeddable":true,"href":"https:\/\/www.vadaszboltcsorna.hu\/index.php\/wp-json\/wp\/v2\/media\/7198"}],"wp:attachment":[{"href":"https:\/\/www.vadaszboltcsorna.hu\/index.php\/wp-json\/wp\/v2\/media?parent=5724"}],"wp:term":[{"taxonomy":"product_brand","embeddable":true,"href":"https:\/\/www.vadaszboltcsorna.hu\/index.php\/wp-json\/wp\/v2\/product_brand?post=5724"},{"taxonomy":"product_cat","embeddable":true,"href":"https:\/\/www.vadaszboltcsorna.hu\/index.php\/wp-json\/wp\/v2\/product_cat?post=5724"},{"taxonomy":"product_tag","embeddable":true,"href":"https:\/\/www.vadaszboltcsorna.hu\/index.php\/wp-json\/wp\/v2\/product_tag?post=5724"}],"curies":[{"name":"wp","href":"https:\/\/api.w.org\/{rel}","templated":true}]}}