{"id":5718,"date":"2024-06-28T09:23:28","date_gmt":"2024-06-28T09:23:28","guid":{"rendered":"https:\/\/www.vadaszboltcsorna.hu\/?post_type=product&#038;p=5718"},"modified":"2025-03-26T12:26:01","modified_gmt":"2025-03-26T12:26:01","slug":"winchester-power-point-30-06-springfield","status":"publish","type":"product","link":"https:\/\/www.vadaszboltcsorna.hu\/index.php\/termek\/winchester-power-point-30-06-springfield\/","title":{"rendered":"Winchester Power Point 30-06 Springfield"},"content":{"rendered":"<h1 class=\"text-left stack-m\" style=\"text-align: center;\">Winchester Power Point 30-06 Springfield<\/h1>\n<p>&nbsp;<\/p>\n<h3>Patron: 30-06 Springfield<br \/>\nLegjobb felhaszn\u00e1l\u00e1s: Vad\u00e1szat<br \/>\nL\u00f6ved\u00e9k s\u00falya: 180 grain<br \/>\nTorkolati sebess\u00e9g: 2700 l\u00e1b m\u00e1sodpercenk\u00e9nt<br \/>\nTorkolati energia: 2913 l\u00e1bfont<br \/>\nL\u00f6ved\u00e9k t\u00edpusa: K\u00f6penyes l\u00e1gy hegy\u0171<br \/>\nL\u00f6ved\u00e9k m\u00e1rk\u00e1ja \u00e9s t\u00edpusa: Winchester Power-Point<br \/>\n\u00d3lommentes: Nem<br \/>\nH\u00fcvely t\u00edpusa: R\u00e9z<br \/>\nKorroz\u00edv: Nem<br \/>\n\u00dajrat\u00f6lthet\u0151: Igen<br \/>\nG1 ballisztikai egy\u00fctthat\u00f3: 0.381<br \/>\nSebess\u00e9g besorol\u00e1sa: Szuperszonikus<br \/>\nSz\u00e1rmaz\u00e1si orsz\u00e1g: Amerikai Egyes\u00fclt \u00c1llamok<\/h3>\n<p>&nbsp;<\/p>\n<h4 style=\"text-align: center;\"><em>A le\u00edr\u00e1sban szerepl\u0151 adatok t\u00e1j\u00e9koztat\u00f3 jelleg\u0171ek, t\u00edpusonk\u00e9nt v\u00e1ltozhat!<\/em><br \/>\n<em>Kaliberekr\u0151l aktu\u00e1lis \u00e1rakr\u00f3l \u00e9s egy\u00e9b inform\u00e1ci\u00f3kr\u00f3l k\u00e9rj\u00fck \u00e9rdekl\u0151dj\u00f6n!<\/em><\/h4>\n<h4 style=\"text-align: center;\"><em><strong>A fegyvert\u00f6rv\u00e9ny \u00e9rtelm\u00e9ben, fegyvert, l\u0151szert kiz\u00e1r\u00f3lag szem\u00e9lyesen,az \u00fczletben fegyvertart\u00e1si enged\u00e9ly birtok\u00e1ban lehet v\u00e1s\u00e1rolni!<\/strong><\/em><br \/>\n<em><strong>A webshopban megrendelt fegyverek \u00e9s l\u0151szerek NEM ker\u00fclnek kisz\u00e1ll\u00edt\u00e1sra!\u00a0 Tov\u00e1bbi inform\u00e1ci\u00f3\u00e9rt l\u00e1togasson el boltunkba!<\/strong><\/em><\/h4>\n<h4 style=\"text-align: center;\"><em>Az \u00e1rak t\u00e1j\u00e9koztat\u00f3 jelleg\u0171ek nem min\u0151s\u00fcl hivatalos aj\u00e1nlat t\u00e9telnek!<\/em><br \/>\n<em>Az \u00e1rv\u00e1ltoz\u00e1s jog\u00e1t fenntartjuk!<\/em><\/h4>\n","protected":false},"excerpt":{"rendered":"<p>Winchester Power Point 30-06 Springfield &nbsp; Patron: 30-06 Springfield Legjobb felhaszn\u00e1l\u00e1s: Vad\u00e1szat L\u00f6ved\u00e9k s\u00falya: 180 grain Torkolati sebess\u00e9g: 2700 l\u00e1b m\u00e1sodpercenk\u00e9nt Torkolati energia: 2913 l\u00e1bfont L\u00f6ved\u00e9k t\u00edpusa: K\u00f6penyes l\u00e1gy hegy\u0171 L\u00f6ved\u00e9k m\u00e1rk\u00e1ja \u00e9s t\u00edpusa: Winchester Power-Point \u00d3lommentes: Nem H\u00fcvely t\u00edpusa: R\u00e9z Korroz\u00edv: Nem \u00dajrat\u00f6lthet\u0151: Igen G1 ballisztikai egy\u00fctthat\u00f3: 0.381 Sebess\u00e9g besorol\u00e1sa: Szuperszonikus Sz\u00e1rmaz\u00e1si orsz\u00e1g: Amerikai [&hellip;]<\/p>\n","protected":false},"featured_media":7211,"comment_status":"open","ping_status":"closed","template":"","meta":{"_et_pb_use_builder":"","_et_pb_old_content":"","_et_gb_content_width":"","om_disable_all_campaigns":false},"product_brand":[],"product_cat":[21,202,199,201,293],"product_tag":[205,1363],"class_list":{"0":"post-5718","1":"product","2":"type-product","3":"status-publish","4":"has-post-thumbnail","6":"product_cat-uj","7":"product_cat-30-06","8":"product_cat-golyos-loszerek","9":"product_cat-marka-golyos-loszerek","10":"product_cat-winchester-marka-golyos-loszerek","11":"product_tag-golyos-loszer","12":"product_tag-winchester-power-point-30-06-springfield","14":"first","15":"instock","16":"taxable","17":"shipping-taxable","18":"purchasable","19":"product-type-simple"},"_links":{"self":[{"href":"https:\/\/www.vadaszboltcsorna.hu\/index.php\/wp-json\/wp\/v2\/product\/5718","targetHints":{"allow":["GET"]}}],"collection":[{"href":"https:\/\/www.vadaszboltcsorna.hu\/index.php\/wp-json\/wp\/v2\/product"}],"about":[{"href":"https:\/\/www.vadaszboltcsorna.hu\/index.php\/wp-json\/wp\/v2\/types\/product"}],"replies":[{"embeddable":true,"href":"https:\/\/www.vadaszboltcsorna.hu\/index.php\/wp-json\/wp\/v2\/comments?post=5718"}],"wp:featuredmedia":[{"embeddable":true,"href":"https:\/\/www.vadaszboltcsorna.hu\/index.php\/wp-json\/wp\/v2\/media\/7211"}],"wp:attachment":[{"href":"https:\/\/www.vadaszboltcsorna.hu\/index.php\/wp-json\/wp\/v2\/media?parent=5718"}],"wp:term":[{"taxonomy":"product_brand","embeddable":true,"href":"https:\/\/www.vadaszboltcsorna.hu\/index.php\/wp-json\/wp\/v2\/product_brand?post=5718"},{"taxonomy":"product_cat","embeddable":true,"href":"https:\/\/www.vadaszboltcsorna.hu\/index.php\/wp-json\/wp\/v2\/product_cat?post=5718"},{"taxonomy":"product_tag","embeddable":true,"href":"https:\/\/www.vadaszboltcsorna.hu\/index.php\/wp-json\/wp\/v2\/product_tag?post=5718"}],"curies":[{"name":"wp","href":"https:\/\/api.w.org\/{rel}","templated":true}]}}