{"id":5691,"date":"2024-06-26T10:31:43","date_gmt":"2024-06-26T10:31:43","guid":{"rendered":"https:\/\/www.vadaszboltcsorna.hu\/?post_type=product&#038;p=5691"},"modified":"2025-06-23T11:10:05","modified_gmt":"2025-06-23T11:10:05","slug":"nitecore-akkumulator-tolto-um2-usb-c","status":"publish","type":"product","link":"https:\/\/www.vadaszboltcsorna.hu\/index.php\/termek\/nitecore-akkumulator-tolto-um2-usb-c\/","title":{"rendered":"Nitecore Akkumul\u00e1tor T\u00f6lt\u0151 UM2 USB-C"},"content":{"rendered":"<h2 style=\"text-align: center;\">Nitecore Akkumul\u00e1tor T\u00f6lt\u0151 UM2 USB-C<\/h2>\n<p>&nbsp;<\/p>\n<p>Nitecore UM2 dupla foglalatos t\u00f6lt\u0151\u00a0LCD kijelz\u0151vel \u00e9s magas t\u00f6lt\u0151\u00e1rammal friss\u00edtett, USB-C csatlakoz\u00f3val ell\u00e1tva!<\/p>\n<p><img loading=\"lazy\" decoding=\"async\" class=\"alignnone wp-image-7757 size-large\" src=\"https:\/\/www.vadaszboltcsorna.hu\/wp-content\/uploads\/2024\/06\/um2_usb-c_02-1024x640.jpg\" alt=\"\" width=\"1024\" height=\"640\" srcset=\"https:\/\/www.vadaszboltcsorna.hu\/wp-content\/uploads\/2024\/06\/um2_usb-c_02-1024x640.jpg 1024w, https:\/\/www.vadaszboltcsorna.hu\/wp-content\/uploads\/2024\/06\/um2_usb-c_02-980x613.jpg 980w, https:\/\/www.vadaszboltcsorna.hu\/wp-content\/uploads\/2024\/06\/um2_usb-c_02-480x300.jpg 480w\" sizes=\"(min-width: 0px) and (max-width: 480px) 480px, (min-width: 481px) and (max-width: 980px) 980px, (min-width: 981px) 1024px, 100vw\" \/><\/p>\n<p>&nbsp;<\/p>\n<ul class=\"detail-tabs detail-tab-content\">\n<li class=\"content-item active qualities\" data-key=\"qualities\">\n<h2 class=\"like-h1\">Tulajdons\u00e1gok<\/h2>\n<p>A<strong>\u00a0Nitecore UM2<\/strong>\u00a0akkut\u00f6lt\u0151\u00a0<strong>kett\u0151 akkumul\u00e1tor<\/strong>\u00a0egyszerre t\u00f6rt\u00e9n\u0151, de\u00a0<strong>egym\u00e1st\u00f3l f\u00fcggetlen t\u00f6lt\u00e9s<\/strong>i folyamat\u00e1t teszi lehet\u0151v\u00e9. Szinte\u00a0<strong>minden k\u00e9miai \u00f6sszet\u00e9tel\u0171 akkumul\u00e1tort<\/strong>\u00a0k\u00e9pes\u00a0<strong>felt\u00f6lt<\/strong>eni, ez\u00e1ltal a haszn\u00e1l\u00f3 sz\u00e1m\u00e1ra igen nagyfok\u00fa szabads\u00e1got ny\u00fajt. Aki nem csak l\u00edtium-ion akkumul\u00e1torokat haszn\u00e1l a h\u00e1ztart\u00e1s\u00e1ban, annak\u00a0kiv\u00e1l\u00f3 v\u00e1laszt\u00e1s lehet az\u00a0<strong>LCD kijelz\u0151<\/strong>vel rendelkez\u0151 UM2 t\u00f6lt\u0151.<\/p>\n<p>Az akkumul\u00e1torok jelent\u0151s r\u00e9sz\u00e9t\u00a0<strong>automatikusan felismeri<\/strong>\u00a0<strong>\u00e9s<\/strong>\u00a0el is kezdi\u00a0<strong>t\u00f6lt<\/strong>eni a kapacit\u00e1s\u00e1nak\u00a0<strong>megfelel\u0151<\/strong>\u00a0\u00e9rt\u00e9k\u0171\u00a0<strong>t\u00f6lt\u0151\u00e1rammal<\/strong>. A k\u00e9t kezel\u0151 gomb seg\u00edts\u00e9g\u00e9vel nem csak\u00a0<strong>teljesen automata,<\/strong>\u00a0hanem\u00a0<strong>manu\u00e1lis m\u00f3d<\/strong>ban is tudjuk haszn\u00e1lni! Be\u00e1ll\u00edthatjuk a t\u00f6ltend\u0151 akkumul\u00e1tor fesz\u00fclts\u00e9g\u00e9t, valamint a t\u00f6lt\u0151\u00e1ram \u00e9t\u00e9k\u00e9t is manu\u00e1lisan, \u00edgy k\u00e9ptelens\u00e9g, hogy hib\u00e1san azonos\u00edtsa be az akkumul\u00e1tort a t\u00f6lt\u0151nk!<br \/>\nMegfelel\u0151\u00a0<strong>QC 2.0 szabv\u00e1ny<\/strong>\u00fa fali adapteren \u00e1t t\u00e1pl\u00e1lva\u00a0<strong>USB-C\u00a0csatlakoz\u00f3<\/strong>n kereszt\u00fcl, ak\u00e1r\u00a0<strong>k\u00e9t akkumul\u00e1tort egyszerre<\/strong>\u00a0tud\u00a0<strong>darabonk\u00e9nt 1,5A t\u00f6lt\u0151\u00e1am<\/strong>mal ell\u00e1tni, ez\u00e9rt b\u00e1tran nevezhetj\u00fck\u00a0<strong>gyorst\u00f6lt\u0151<\/strong>nek.<br \/>\nDe nem csak gyors, okos is, ugyanis a behelyezett akku elemz\u00e9se ut\u00e1n\u00a0<strong>ki\u00edrja az akkumul\u00e1tor \u00e1llapot\u00e1t \u00e9s bels\u0151 ellen\u00e1ll\u00e1s\u00e1nak \u00e9rt\u00e9k\u00e9t<\/strong>\u00a0is a kijelz\u0151n!<br \/>\nA biztons\u00e1g is els\u0151dleges szempont a Nitecore t\u00f6lt\u0151kn\u00e9l, ez a modell is renedlkezik\u00a0<strong>r\u00f6vidz\u00e1rlat, ford\u00edtott plarit\u00e1s, \u00e9s t\u00falmeleged\u00e9s<\/strong>\u00a0elleni\u00a0<strong>v\u00e9delem<\/strong>mel, valamint rendelkezik\u00a0<strong>t\u00f6lt\u00e9si id\u0151 figyel\u00e9s<\/strong>sel is! A t\u00f6lt\u0151 ellen\u00e1ll\u00f3 \u00e9s\u00a0<strong>t\u0171z\u00e1ll\u00f3<\/strong>\u00a0polikarbon\u00e1t\u00a0<strong>h\u00e1z<\/strong>ba lett be\u00e9p\u00edtve.<\/p>\n<p><img loading=\"lazy\" decoding=\"async\" class=\"alignnone wp-image-7758 size-large\" src=\"https:\/\/www.vadaszboltcsorna.hu\/wp-content\/uploads\/2024\/06\/um2_usb-c_06-1024x640.gif\" alt=\"\" width=\"1024\" height=\"640\" srcset=\"https:\/\/www.vadaszboltcsorna.hu\/wp-content\/uploads\/2024\/06\/um2_usb-c_06-1024x640.gif 1024w, https:\/\/www.vadaszboltcsorna.hu\/wp-content\/uploads\/2024\/06\/um2_usb-c_06-980x613.gif 980w, https:\/\/www.vadaszboltcsorna.hu\/wp-content\/uploads\/2024\/06\/um2_usb-c_06-480x300.gif 480w\" sizes=\"(min-width: 0px) and (max-width: 480px) 480px, (min-width: 481px) and (max-width: 980px) 980px, (min-width: 981px) 1024px, 100vw\" \/><\/li>\n<li class=\"content-item active qualities\" data-key=\"qualities\">&nbsp;\n<p><strong>Tulajdons\u00e1gok:<\/strong><\/p>\n<ul>\n<li>egy vagy k\u00e9t akkumul\u00e1tor egym\u00e1st\u00f3l f\u00fcggetlen t\u00f6lt\u00e9se<\/li>\n<li>l\u00edtium-ion, IMR, LiFePO4, NiMH \u00e9s NiCd akkumul\u00e1torokkal kompatibilis<\/li>\n<li>kompatibilis 1,2V, 3,7V, 4,2V, 4,35V akkumul\u00e1tor fesz\u00fclts\u00e9gekkel<\/li>\n<li>QC 2.0 kompatibilis<\/li>\n<li>friss\u00edtett v\u00e1ltozat USB-C csatlakoz\u00f3val<\/li>\n<li>0V IMR akku aktiv\u00e1l\u00e1s<\/li>\n<li>t\u00falmer\u00edtett v\u00e9dett l\u00edtium-ion akku vissza\u00e1ll\u00edt\u00e1s<\/li>\n<li>automatikus CC-CV t\u00f6lt\u00e9si folyamat l\u00edtium alap\u00fa akkumul\u00e1torok set\u00e9n<\/li>\n<li>-dV\/dt t\u00f6lt\u00e9si folyamat NiMH \u00e9s NiCd akkumul\u00e1torok eset\u00e9n<\/li>\n<li>maximum 2x 1,5A t\u00f6lt\u0151\u00e1ram<\/li>\n<li>t\u00f6lt\u0151\u00e1ram \u00e9s t\u00f6lt\u00e9si v\u00e9gfesz\u00fclts\u00e9g manu\u00e1lisan is be\u00e1ll\u00edthat\u00f3<\/li>\n<li>kompatibilis a\u00a0hossz\u00fa, v\u00e9dett 21700 akkumul\u00e1torokkal<\/li>\n<li>ford\u00edtott polarit\u00e1s r\u00f6vidz\u00e1rlat \u00e9s t\u00falmeleged\u00e9s v\u00e9delem<\/li>\n<li>t\u00f6lt\u00e9si id\u0151 figyel\u00e9se, t\u00fal hossz\u00fa t\u00f6lt\u00e9si id\u0151 sor\u00e1n automatikusan kikapcsol<\/li>\n<li>t\u00f6lt\u00e9s v\u00e9g\u00e9n automatikusan lekapcsolja a t\u00f6lt\u0151elektronik\u00e1t<\/li>\n<li>val\u00f3s idej\u0171 visszajelz\u00e9s a t\u00f6lt\u00e9si folyamatr\u00f3l<\/li>\n<li>egyszer\u0171en leolvashat\u00f3, energiatakar\u00e9kos LCD\u00a0kijelz\u0151<\/li>\n<li>kijelzi az akkuba bet\u00f6lt\u00f6tt kapacit\u00e1st (nem az akku kapacit\u00e1s\u00e1t!)<\/li>\n<li>kijelzi az akkumul\u00e1tor \u00e1llapot\u00e1t \u00e9s bels\u0151 ellen\u00e1ll\u00e1s\u00e1t<\/li>\n<li>ellen\u00e1ll\u00f3 \u00e9s t\u0171z\u00e1ll\u00f3 PC h\u00e1z<\/li>\n<\/ul>\n<p><strong>A csomag tartalma:<\/strong><\/p>\n<ul>\n<li>Nitecore\u00a0UM2 akkut\u00f6lt\u0151<\/li>\n<li>USB-A &#8211; USB-C\u00a0t\u00f6lt\u0151k\u00e1bel<\/li>\n<\/ul>\n<p>&nbsp;<\/p>\n<p><strong>A gyorst\u00f6lt\u00e9s funkci\u00f3 el\u00e9r\u00e9s\u00e9hez a term\u00e9keink k\u00f6zt el\u00e9rhet\u0151\u00a0<a href=\"https:\/\/www.mylitee.com\/kiegeszitok\/nitecore-kellek-halozati-adapter-eu-qc30\" target=\"_blank\" rel=\"noopener\">EU QC3.0 H\u00e1l\u00f3zati Adapter<\/a>\u00a0haszn\u00e1lat\u00e1t javasoljuk a t\u00f6lt\u0151h\u00f6z tartoz\u00f3 USB k\u00e1bellel!<\/strong><\/li>\n<\/ul>\n<p><img loading=\"lazy\" decoding=\"async\" class=\"alignnone wp-image-7759 size-large\" src=\"https:\/\/www.vadaszboltcsorna.hu\/wp-content\/uploads\/2024\/06\/um2_usb-c_01-1024x640.jpg\" alt=\"\" width=\"1024\" height=\"640\" srcset=\"https:\/\/www.vadaszboltcsorna.hu\/wp-content\/uploads\/2024\/06\/um2_usb-c_01-1024x640.jpg 1024w, https:\/\/www.vadaszboltcsorna.hu\/wp-content\/uploads\/2024\/06\/um2_usb-c_01-980x613.jpg 980w, https:\/\/www.vadaszboltcsorna.hu\/wp-content\/uploads\/2024\/06\/um2_usb-c_01-480x300.jpg 480w\" sizes=\"(min-width: 0px) and (max-width: 480px) 480px, (min-width: 481px) and (max-width: 980px) 980px, (min-width: 981px) 1024px, 100vw\" \/><\/p>\n<ul class=\"detail-tabs detail-tab-content\">\n<li class=\"content-item  specification\" data-key=\"specification\">\n<h2 class=\"like-h1\">Specifik\u00e1ci\u00f3<\/h2>\n<p><strong>T\u00f6lthet\u0151 akkumul\u00e1tor k\u00e9mi\u00e1ja:<\/strong><\/p>\n<ul>\n<li>L\u00edtium-ion\/IMR<\/li>\n<li>NiMH\/NiCd<\/li>\n<li>LiFePO4<\/li>\n<\/ul>\n<p><strong>T\u00f6lthet\u0151 akkum\u00e9retek:<\/strong><\/p>\n<ul>\n<li><strong>Li-ion\/IMR\/LiFePO4:<\/strong>\u00a010440, 14500, 14650, 16500, 16340(RCR123), 16650, 17350, 17500, 17650, 17670, 17700, 18350, 18490, 18500, 18650, 18700, 20700, 21700, 22500, 22650, 25500, 26500, 26650, 26700<\/li>\n<li><strong>Ni-MH(NiCd):<\/strong>\u00a0AA, AAA, AAAA, C, D<\/li>\n<\/ul>\n<p><strong>T\u00f6lt\u0151\u00e1ram \u00e9rt\u00e9ke:\u00a0<\/strong>QC Mode: 1,500mA*2 (MAX), Standard Mode: 1,000mA*2 (MAX)<\/p>\n<p><strong>T\u00f6lt\u0151 bemenete:\u00a0<\/strong>USB-C\u00a0&#8211;<strong>\u00a0<\/strong>DC 5V\/2A, 9V\/2A, 18W (MAX) (QC k\u00e9pes fali adapter eset\u00e9n)<\/p>\n<p><strong>Extra tulajdons\u00e1g:<\/strong><\/p>\n<ul>\n<li>kompatibilis a hossz\u00fa, v\u00e9delemmel rendelkez\u0151 21700 akkumul\u00e1torokkal<\/li>\n<li>kompatibilis a QC szabv\u00e1ny\u00fa t\u00e1pegyss\u00e9gekkel<\/li>\n<li>2x 1,5A gyorst\u00f6lt\u00e9s (megfelel\u0151 QC adapterrel)<\/li>\n<li>bet\u00f6lt\u00f6tt kapacit\u00e1s kijelz\u00e9s<\/li>\n<li>akku \u00e1llapot\u00e1nak \u00e9s bels\u0151 ellen\u00e1ll\u00e1s\u00e1nak kijelz\u00e9se<\/li>\n<\/ul>\n<\/li>\n<li><\/li>\n<li><img loading=\"lazy\" decoding=\"async\" class=\"alignnone wp-image-7760 size-large\" src=\"https:\/\/www.vadaszboltcsorna.hu\/wp-content\/uploads\/2024\/06\/um2_usb-c_16-1024x640.jpg\" alt=\"\" width=\"1024\" height=\"640\" srcset=\"https:\/\/www.vadaszboltcsorna.hu\/wp-content\/uploads\/2024\/06\/um2_usb-c_16-1024x640.jpg 1024w, https:\/\/www.vadaszboltcsorna.hu\/wp-content\/uploads\/2024\/06\/um2_usb-c_16-980x613.jpg 980w, https:\/\/www.vadaszboltcsorna.hu\/wp-content\/uploads\/2024\/06\/um2_usb-c_16-480x300.jpg 480w\" sizes=\"(min-width: 0px) and (max-width: 480px) 480px, (min-width: 481px) and (max-width: 980px) 980px, (min-width: 981px) 1024px, 100vw\" \/><\/li>\n<\/ul>\n<p>&nbsp;<\/p>\n<h2 class=\"like-h1\">Specifik\u00e1ci\u00f3<\/h2>\n<p><strong>T\u00f6lthet\u0151 akkumul\u00e1tor k\u00e9mi\u00e1ja:<\/strong><\/p>\n<ul>\n<li>L\u00edtium-ion\/IMR<\/li>\n<li>NiMH\/NiCd<\/li>\n<li>LiFePO4<\/li>\n<\/ul>\n<p><strong>T\u00f6lthet\u0151 akkum\u00e9retek:<\/strong><\/p>\n<ul>\n<li><strong>Li-ion\/IMR\/LiFePO4:<\/strong>\u00a010440, 14500, 14650, 16500, 16340(RCR123), 16650, 17350, 17500, 17650, 17670, 17700, 18350, 18490, 18500, 18650, 18700, 20700, 21700, 22500, 22650, 25500, 26500, 26650, 26700<\/li>\n<li><strong>Ni-MH(NiCd):<\/strong>\u00a0AA, AAA, AAAA, C, D<\/li>\n<\/ul>\n<p><strong>T\u00f6lt\u0151\u00e1ram \u00e9rt\u00e9ke:\u00a0<\/strong>QC Mode: 1,500mA*2 (MAX), Standard Mode: 1,000mA*2 (MAX)<\/p>\n<p><strong>T\u00f6lt\u0151 bemenete:\u00a0<\/strong>USB-C\u00a0&#8211;<strong>\u00a0<\/strong>DC 5V\/2A, 9V\/2A, 18W (MAX) (QC k\u00e9pes fali adapter eset\u00e9n)<\/p>\n<p><strong>Extra tulajdons\u00e1g:<\/strong><\/p>\n<ul>\n<li>kompatibilis a hossz\u00fa, v\u00e9delemmel rendelkez\u0151 21700 akkumul\u00e1torokkal<\/li>\n<li>kompatibilis a QC szabv\u00e1ny\u00fa t\u00e1pegyss\u00e9gekkel<\/li>\n<li>2x 1,5A gyorst\u00f6lt\u00e9s (megfelel\u0151 QC adapterrel)<\/li>\n<li>bet\u00f6lt\u00f6tt kapacit\u00e1s kijelz\u00e9s<\/li>\n<li>akku \u00e1llapot\u00e1nak \u00e9s bels\u0151 ellen\u00e1ll\u00e1s\u00e1nak kijelz\u00e9se<\/li>\n<\/ul>\n<h4><em><strong>Az \u00e1rv\u00e1ltoz\u00e1s jog\u00e1t fenntartjuk!<\/strong><\/em><\/h4>\n<p>&nbsp;<\/p>\n<p>&nbsp;<\/p>\n","protected":false},"excerpt":{"rendered":"<p>Nitecore Akkumul\u00e1tor T\u00f6lt\u0151 UM2 USB-C &nbsp; Nitecore UM2 dupla foglalatos t\u00f6lt\u0151\u00a0LCD kijelz\u0151vel \u00e9s magas t\u00f6lt\u0151\u00e1rammal friss\u00edtett, USB-C csatlakoz\u00f3val ell\u00e1tva! &nbsp; Tulajdons\u00e1gok A\u00a0Nitecore UM2\u00a0akkut\u00f6lt\u0151\u00a0kett\u0151 akkumul\u00e1tor\u00a0egyszerre t\u00f6rt\u00e9n\u0151, de\u00a0egym\u00e1st\u00f3l f\u00fcggetlen t\u00f6lt\u00e9si folyamat\u00e1t teszi lehet\u0151v\u00e9. Szinte\u00a0minden k\u00e9miai \u00f6sszet\u00e9tel\u0171 akkumul\u00e1tort\u00a0k\u00e9pes\u00a0felt\u00f6lteni, ez\u00e1ltal a haszn\u00e1l\u00f3 sz\u00e1m\u00e1ra igen nagyfok\u00fa szabads\u00e1got ny\u00fajt. Aki nem csak l\u00edtium-ion akkumul\u00e1torokat haszn\u00e1l a h\u00e1ztart\u00e1s\u00e1ban, annak\u00a0kiv\u00e1l\u00f3 v\u00e1laszt\u00e1s lehet az\u00a0LCD [&hellip;]<\/p>\n","protected":false},"featured_media":7756,"comment_status":"open","ping_status":"closed","template":"","meta":{"_et_pb_use_builder":"","_et_pb_old_content":"","_et_gb_content_width":"","om_disable_all_campaigns":false},"product_brand":[],"product_cat":[21,1358,722],"product_tag":[1839],"class_list":{"0":"post-5691","1":"product","2":"type-product","3":"status-publish","4":"has-post-thumbnail","6":"product_cat-uj","7":"product_cat-akkumlator-toltoakkumlatorok","8":"product_cat-vadasz-felszereles","9":"product_tag-nitecore-akkumulator-tolto-um2-usb-c","11":"first","12":"instock","13":"taxable","14":"shipping-taxable","15":"purchasable","16":"product-type-simple"},"_links":{"self":[{"href":"https:\/\/www.vadaszboltcsorna.hu\/index.php\/wp-json\/wp\/v2\/product\/5691","targetHints":{"allow":["GET"]}}],"collection":[{"href":"https:\/\/www.vadaszboltcsorna.hu\/index.php\/wp-json\/wp\/v2\/product"}],"about":[{"href":"https:\/\/www.vadaszboltcsorna.hu\/index.php\/wp-json\/wp\/v2\/types\/product"}],"replies":[{"embeddable":true,"href":"https:\/\/www.vadaszboltcsorna.hu\/index.php\/wp-json\/wp\/v2\/comments?post=5691"}],"wp:featuredmedia":[{"embeddable":true,"href":"https:\/\/www.vadaszboltcsorna.hu\/index.php\/wp-json\/wp\/v2\/media\/7756"}],"wp:attachment":[{"href":"https:\/\/www.vadaszboltcsorna.hu\/index.php\/wp-json\/wp\/v2\/media?parent=5691"}],"wp:term":[{"taxonomy":"product_brand","embeddable":true,"href":"https:\/\/www.vadaszboltcsorna.hu\/index.php\/wp-json\/wp\/v2\/product_brand?post=5691"},{"taxonomy":"product_cat","embeddable":true,"href":"https:\/\/www.vadaszboltcsorna.hu\/index.php\/wp-json\/wp\/v2\/product_cat?post=5691"},{"taxonomy":"product_tag","embeddable":true,"href":"https:\/\/www.vadaszboltcsorna.hu\/index.php\/wp-json\/wp\/v2\/product_tag?post=5691"}],"curies":[{"name":"wp","href":"https:\/\/api.w.org\/{rel}","templated":true}]}}