{"id":5653,"date":"2024-06-24T07:36:03","date_gmt":"2024-06-24T07:36:03","guid":{"rendered":"https:\/\/www.vadaszboltcsorna.hu\/?post_type=product&#038;p=5653"},"modified":"2026-03-02T13:20:16","modified_gmt":"2026-03-02T13:20:16","slug":"weihrauch-hw-35-s-standard-legpuska","status":"publish","type":"product","link":"https:\/\/www.vadaszboltcsorna.hu\/index.php\/termek\/weihrauch-hw-35-s-standard-legpuska\/","title":{"rendered":"Weihrauch HW 35 S Standard L\u00e9gpuska"},"content":{"rendered":"<h2 style=\"text-align: center;\"><strong>Weihrauch HW 35 S Standard L\u00e9gp<\/strong><strong>uska<\/strong><\/h2>\n<p>&nbsp;<\/p>\n<h3 style=\"text-align: center;\"><b>Weihrauch HW 35 S Standard L\u00e9gpuska &#8211; Klasszikus \u00e9s Bev\u00e1lt Teljes\u00edtm\u00e9ny<\/b><\/h3>\n<p>&nbsp;<\/p>\n<h3 style=\"text-align: center;\"><b>A Weihrauch HW 35 Standard l\u00e9gpuska egy klasszikus \u00e9s bev\u00e1lt fegyver, amely sz\u00e1mos d\u00edjat nyert el a vil\u00e1g k\u00fcl\u00f6nb\u00f6z\u0151 pontjain. A vil\u00e1gszerte elismert \u201eRekord\u201d match els\u00fct\u0151szerkezettel van felszerelve, amely kiv\u00e1l\u00f3 l\u00f6v\u00e9si teljes\u00edtm\u00e9nyt \u00e9s stabil szerkezetet biztos\u00edt.<\/b><\/h3>\n<p>&nbsp;<\/p>\n<h4><strong>F\u0151bb Jellemz\u0151k:<\/strong><\/h4>\n<h4><strong>Laufverriegelung mit Keilverschluss: Biztos\u00edtja a cs\u0151 stabil lez\u00e1r\u00e1s\u00e1t a l\u00f6v\u00e9s sor\u00e1n, n\u00f6velve ezzel a pontoss\u00e1got \u00e9s a biztons\u00e1got.<\/strong><\/h4>\n<h4><strong>Automatikus Biztos\u00edt\u00e1s : Az automatikusan bekapcsol\u00f3 biztos\u00edt\u00e9k a biztons\u00e1g \u00e9rdek\u00e9ben, megakad\u00e1lyozva a v\u00e9letlen els\u00fcl\u00e9st.<\/strong><\/h4>\n<h4><strong>Tunnelkornfu\u00df : \u00a0Cser\u00e9lhet\u0151 c\u00e9lz\u00f3lemezekkel ell\u00e1tott c\u00e9lcs\u0151, amely lehet\u0151v\u00e9 teszi a k\u00fcl\u00f6nb\u00f6z\u0151 l\u00f6v\u00e9si helyzetekhez val\u00f3 alkalmazkod\u00e1st.<\/strong><\/h4>\n<h4><strong>Mikrometervisier : Finoman \u00e1ll\u00edthat\u00f3 ir\u00e1nyz\u00e9k n\u00e9gy k\u00fcl\u00f6nb\u00f6z\u0151 h\u00e1ts\u00f3 ir\u00e1nyz\u00e9k profillal, amely pontos c\u00e9lz\u00e1st biztos\u00edt.<\/strong><\/h4>\n<h4><strong>K\u00e9nyelmes \u00e9s K\u00e9zre\u00e1ll\u00f3 Tus : A di\u00f3sz\u00edn\u0171re p\u00e1colt kem\u00e9nyfa tus pofad\u00e9kkal van ell\u00e1tva, k\u00e9nyelmes fog\u00e1st biztos\u00edt mindk\u00e9t k\u00e9z sz\u00e1m\u00e1ra.<\/strong><\/h4>\n<h4><strong>Fischhaut D\u00edsz\u00edt\u00e9s : A pisztolymarkolat \u00e9s a sport el\u0151agy r\u00e9sz\u00e9n tal\u00e1lhat\u00f3 d\u00edsz\u00edt\u0151 bemar\u00e1sok, amelyek eszt\u00e9tikailag vonz\u00f3ak \u00e9s praktikusak is.<\/strong><\/h4>\n<h4><strong>Gumiv\u00e1ll : A stabilit\u00e1st biztos\u00edt\u00f3 gumiv\u00e1ll cs\u00f6kkenti a visszar\u00fag\u00e1st, n\u00f6velve ezzel a l\u00f6v\u00e9sz k\u00e9nyelm\u00e9t \u00e9s pontoss\u00e1g\u00e1t.<\/strong><\/h4>\n<h4><strong>M\u0171szaki Adatok \u00e9s M\u00e9retek:<\/strong><\/h4>\n<h4 style=\"font-weight: 400;\"><strong>&#8211; M\u00e1rka : Weihrauch<\/strong><\/h4>\n<h4 style=\"font-weight: 400;\"><strong>&#8211; Modell : HW 35 Standard<\/strong><\/h4>\n<h4 style=\"font-weight: 400;\"><strong>&#8211; Rendszer : Rug\u00f3s, t\u00f6r\u0151cs\u00f6v\u0171<\/strong><\/h4>\n<h4 style=\"font-weight: 400;\"><strong>&#8211; Kaliber : 4.5 mm (.177) Diabolo<\/strong><\/h4>\n<h4 style=\"font-weight: 400;\"><strong>&#8211; Magazinkapacit\u00e1s : 1 l\u00f6v\u00e9s<\/strong><\/h4>\n<h4 style=\"font-weight: 400;\"><strong>&#8211; S\u00faly : kb. 3800 g<\/strong><\/h4>\n<h4 style=\"font-weight: 400;\"><strong>&#8211; Cs\u0151hossz : 470 mm<\/strong><\/h4>\n<h4 style=\"font-weight: 400;\"><strong>&#8211; Teljes Hossz : kb. 1110 mm<\/strong><\/h4>\n<h4 style=\"font-weight: 400;\"><strong>&#8211; Energia : &lt; 7,5 Joule<\/strong><\/h4>\n<h4 style=\"font-weight: 400;\"><strong>&#8211; L\u00f6ved\u00e9k Sebess\u00e9ge : max. 170 m\/s<\/strong><\/h4>\n<h4 style=\"font-weight: 400;\"><strong>&#8211; Els\u00fct\u0151szerkezet : \u201eRekord\u201d match els\u00fct\u0151szerkezet, \u00e1ll\u00edthat\u00f3<\/strong><\/h4>\n<h4 style=\"font-weight: 400;\"><strong>&#8211; Biztos\u00edt\u00e1s : Automatikus<\/strong><\/h4>\n<h4 style=\"font-weight: 400;\"><strong>&#8211; Ir\u00e1nyz\u00e9k : Cser\u00e9lhet\u0151 c\u00e9lz\u00f3lemezekkel ell\u00e1tott c\u00e9lcs\u0151, mikrom\u00e9teres ir\u00e1nyz\u00e9k n\u00e9gy k\u00fcl\u00f6nb\u00f6z\u0151 h\u00e1ts\u00f3 ir\u00e1nyz\u00e9k profillal<\/strong><\/h4>\n<h4 style=\"font-weight: 400;\"><strong>\u00a0<\/strong><\/h4>\n<h4 style=\"font-weight: 400;\"><strong>Term\u00e9kle\u00edr\u00e1s<\/strong><\/h4>\n<h4 style=\"font-weight: 400;\"><strong>\u00a0<\/strong><\/h4>\n<h4 style=\"font-weight: 400;\"><strong>A Weihrauch HW 35 S Standard l\u00e9gpuska egy stabil, prec\u00edz \u00e9s megb\u00edzhat\u00f3 fegyver, amely t\u00f6k\u00e9letes v\u00e1laszt\u00e1s mind a kezd\u0151, mind a tapasztalt l\u00f6v\u00e9szek sz\u00e1m\u00e1ra. A k\u00e9pen l\u00e1that\u00f3 t\u00e1vcs\u0151 nem r\u00e9sze a csomagnak.<\/strong><\/h4>\n<h4 style=\"font-weight: 400;\"><strong>\u00a0<\/strong><\/h4>\n<h4 style=\"font-weight: 400;\"><strong>Ez a l\u00e9gpuska ide\u00e1lis v\u00e1laszt\u00e1s azoknak, akik egy id\u0151t\u00e1ll\u00f3, magas min\u0151s\u00e9g\u0171 l\u00e9gfegyvert keresnek, amely megfelel mind sportl\u00f6v\u00e9szetre, mind hobby l\u00f6v\u00e9szetre.<\/strong><\/h4>\n<p>&nbsp;<\/p>\n<h4><strong>A l\u00e9gfegyvereket 7,5 joule alatt \u00e1ruljuk. V\u00e1s\u00e1rl\u00e1suk csak szem\u00e9lyesen, 18 \u00e9v felett lehets\u00e9ges. Helysz\u00edn: Hanyi Vad\u00e1szbolt, 9300 Csorna, Arany J\u00e1nos utca 8. Telefonsz\u00e1m: 06 96 261 847. K\u00e9szletinform\u00e1ci\u00f3: telefonon vagy e-mailben az\u00a0<a href=\"mailto:info@magyarvadaszbolt.hu\" target=\"_blank\" rel=\"noopener\">info@magyarvadaszbolt.hu<\/a>\u00a0c\u00edmen. Ha nincs k\u00e9szleten, a sz\u00e1ll\u00edt\u00e1s \u00e1ltal\u00e1ban 2-3 h\u00e9t.<\/strong><\/h4>\n<p style=\"font-weight: 400;\">https:\/\/www.versandhaus-schneider.de\/product_info.php\/cPath\/40_1678_942_944_950_2035\/products_id\/44281<\/p>\n<p style=\"font-weight: 400;\"><strong>\u00a0<\/strong><\/p>\n","protected":false},"excerpt":{"rendered":"<p>Weihrauch HW 35 S Standard L\u00e9gpuska &nbsp; Weihrauch HW 35 S Standard L\u00e9gpuska &#8211; Klasszikus \u00e9s Bev\u00e1lt Teljes\u00edtm\u00e9ny &nbsp; A Weihrauch HW 35 Standard l\u00e9gpuska egy klasszikus \u00e9s bev\u00e1lt fegyver, amely sz\u00e1mos d\u00edjat nyert el a vil\u00e1g k\u00fcl\u00f6nb\u00f6z\u0151 pontjain. A vil\u00e1gszerte elismert \u201eRekord\u201d match els\u00fct\u0151szerkezettel van felszerelve, amely kiv\u00e1l\u00f3 l\u00f6v\u00e9si teljes\u00edtm\u00e9nyt \u00e9s stabil szerkezetet biztos\u00edt. [&hellip;]<\/p>\n","protected":false},"featured_media":5654,"comment_status":"open","ping_status":"closed","template":"","meta":{"_et_pb_use_builder":"","_et_pb_old_content":"","_et_gb_content_width":"","om_disable_all_campaigns":false},"product_brand":[],"product_cat":[21,566,827],"product_tag":[1334],"class_list":{"0":"post-5653","1":"product","2":"type-product","3":"status-publish","4":"has-post-thumbnail","6":"product_cat-uj","7":"product_cat-engedelymentes-fegyverek","8":"product_cat-legpuska","9":"product_tag-weihrauch-hw-35-s-standard-legpuska","11":"first","12":"instock","13":"sale","14":"taxable","15":"shipping-taxable","16":"purchasable","17":"product-type-simple"},"_links":{"self":[{"href":"https:\/\/www.vadaszboltcsorna.hu\/index.php\/wp-json\/wp\/v2\/product\/5653","targetHints":{"allow":["GET"]}}],"collection":[{"href":"https:\/\/www.vadaszboltcsorna.hu\/index.php\/wp-json\/wp\/v2\/product"}],"about":[{"href":"https:\/\/www.vadaszboltcsorna.hu\/index.php\/wp-json\/wp\/v2\/types\/product"}],"replies":[{"embeddable":true,"href":"https:\/\/www.vadaszboltcsorna.hu\/index.php\/wp-json\/wp\/v2\/comments?post=5653"}],"wp:featuredmedia":[{"embeddable":true,"href":"https:\/\/www.vadaszboltcsorna.hu\/index.php\/wp-json\/wp\/v2\/media\/5654"}],"wp:attachment":[{"href":"https:\/\/www.vadaszboltcsorna.hu\/index.php\/wp-json\/wp\/v2\/media?parent=5653"}],"wp:term":[{"taxonomy":"product_brand","embeddable":true,"href":"https:\/\/www.vadaszboltcsorna.hu\/index.php\/wp-json\/wp\/v2\/product_brand?post=5653"},{"taxonomy":"product_cat","embeddable":true,"href":"https:\/\/www.vadaszboltcsorna.hu\/index.php\/wp-json\/wp\/v2\/product_cat?post=5653"},{"taxonomy":"product_tag","embeddable":true,"href":"https:\/\/www.vadaszboltcsorna.hu\/index.php\/wp-json\/wp\/v2\/product_tag?post=5653"}],"curies":[{"name":"wp","href":"https:\/\/api.w.org\/{rel}","templated":true}]}}