{"id":5617,"date":"2024-06-14T10:47:36","date_gmt":"2024-06-14T10:47:36","guid":{"rendered":"https:\/\/www.vadaszboltcsorna.hu\/?post_type=product&#038;p=5617"},"modified":"2024-06-14T10:47:37","modified_gmt":"2024-06-14T10:47:37","slug":"carp-zoom-camou-magasitott-csizma","status":"publish","type":"product","link":"https:\/\/www.vadaszboltcsorna.hu\/index.php\/termek\/carp-zoom-camou-magasitott-csizma\/","title":{"rendered":"Carp Zoom Camou magas\u00edtott csizma"},"content":{"rendered":"<h2 class=\"product_title entry-title\" style=\"text-align: center;\"><strong>Carp Zoom Camou magas\u00edtott csizma<\/strong><\/h2>\n<p>&nbsp;<\/p>\n<h3 style=\"text-align: center;\">Az \u0151szi \u00e9s tavaszi nedves id\u0151ben, de a ny\u00e1ri z\u00e1porrok alkalm\u00e1val is hasznos kieg\u00e9sz\u00edt\u0151. Klasszikus fazon\u00fa, v\u00edzmentes gumicsizma, melyre a t\u00e9rd felett r\u00f6gz\u00edthet\u0151, v\u00edzhatlan r\u00e9sz ker\u00fclt. A terepsz\u00edn\u0171 r\u00e9sz puha anyag\u00e1n\u00e1l fogva k\u00e9nyelmes viselet, ig\u00e9ny szerint le is hajthat\u00f3. A talpr\u00e9sz bord\u00e1zott, \u00edgy biztons\u00e1gos k\u00f6zleked\u00e9st tesz lehet\u0151v\u00e9 cs\u00fasz\u00f3s talajon is. Horg\u00e1szathoz, vad\u00e1szathoz, \u0151szi gombakeres\u00e9shez is remek v\u00e1laszt\u00e1s.<\/h3>\n","protected":false},"excerpt":{"rendered":"<p>Carp Zoom Camou magas\u00edtott csizma &nbsp; Az \u0151szi \u00e9s tavaszi nedves id\u0151ben, de a ny\u00e1ri z\u00e1porrok alkalm\u00e1val is hasznos kieg\u00e9sz\u00edt\u0151. Klasszikus fazon\u00fa, v\u00edzmentes gumicsizma, melyre a t\u00e9rd felett r\u00f6gz\u00edthet\u0151, v\u00edzhatlan r\u00e9sz ker\u00fclt. A terepsz\u00edn\u0171 r\u00e9sz puha anyag\u00e1n\u00e1l fogva k\u00e9nyelmes viselet, ig\u00e9ny szerint le is hajthat\u00f3. A talpr\u00e9sz bord\u00e1zott, \u00edgy biztons\u00e1gos k\u00f6zleked\u00e9st tesz lehet\u0151v\u00e9 cs\u00fasz\u00f3s talajon [&hellip;]<\/p>\n","protected":false},"featured_media":5619,"comment_status":"open","ping_status":"closed","template":"","meta":{"_et_pb_use_builder":"","_et_pb_old_content":"","_et_gb_content_width":"","om_disable_all_campaigns":false},"product_brand":[],"product_cat":[21,162,160],"product_tag":[1326],"class_list":{"0":"post-5617","1":"product","2":"type-product","3":"status-publish","4":"has-post-thumbnail","6":"product_cat-uj","7":"product_cat-csizma","8":"product_cat-labbelik","9":"product_tag-carp-zoom-camou-magasitott-csizma","11":"first","12":"instock","13":"taxable","14":"shipping-taxable","15":"purchasable","16":"product-type-variable"},"_links":{"self":[{"href":"https:\/\/www.vadaszboltcsorna.hu\/index.php\/wp-json\/wp\/v2\/product\/5617","targetHints":{"allow":["GET"]}}],"collection":[{"href":"https:\/\/www.vadaszboltcsorna.hu\/index.php\/wp-json\/wp\/v2\/product"}],"about":[{"href":"https:\/\/www.vadaszboltcsorna.hu\/index.php\/wp-json\/wp\/v2\/types\/product"}],"replies":[{"embeddable":true,"href":"https:\/\/www.vadaszboltcsorna.hu\/index.php\/wp-json\/wp\/v2\/comments?post=5617"}],"wp:featuredmedia":[{"embeddable":true,"href":"https:\/\/www.vadaszboltcsorna.hu\/index.php\/wp-json\/wp\/v2\/media\/5619"}],"wp:attachment":[{"href":"https:\/\/www.vadaszboltcsorna.hu\/index.php\/wp-json\/wp\/v2\/media?parent=5617"}],"wp:term":[{"taxonomy":"product_brand","embeddable":true,"href":"https:\/\/www.vadaszboltcsorna.hu\/index.php\/wp-json\/wp\/v2\/product_brand?post=5617"},{"taxonomy":"product_cat","embeddable":true,"href":"https:\/\/www.vadaszboltcsorna.hu\/index.php\/wp-json\/wp\/v2\/product_cat?post=5617"},{"taxonomy":"product_tag","embeddable":true,"href":"https:\/\/www.vadaszboltcsorna.hu\/index.php\/wp-json\/wp\/v2\/product_tag?post=5617"}],"curies":[{"name":"wp","href":"https:\/\/api.w.org\/{rel}","templated":true}]}}