{"id":5612,"date":"2024-06-14T10:09:21","date_gmt":"2024-06-14T10:09:21","guid":{"rendered":"https:\/\/www.vadaszboltcsorna.hu\/?post_type=product&#038;p=5612"},"modified":"2024-06-14T10:09:21","modified_gmt":"2024-06-14T10:09:21","slug":"pine-shoulder-polo-ber052-ts881t1557-072a","status":"publish","type":"product","link":"https:\/\/www.vadaszboltcsorna.hu\/index.php\/termek\/pine-shoulder-polo-ber052-ts881t1557-072a\/","title":{"rendered":"Pine Shoulder p\u00f3l\u00f3 -BER052 \/ TS881T1557\/072A"},"content":{"rendered":"<p>&nbsp;<\/p>\n<h2 style=\"text-align: center;\"><strong>Pine Shoulder p\u00f3l\u00f3 -BER052 \/ TS881T1557\/072A<\/strong><\/h2>\n<p>&nbsp;<\/p>\n<h3>F\u00e9rfi Camo p\u00f3l\u00f3 180gr\/m2 pamutb\u00f3l.<\/h3>\n<h3><u><b>Jellemz\u0151k:<\/b><\/u><\/h3>\n<ul>\n<li>\n<h3>Beretta grafika az elej\u00e9n<\/h3>\n<\/li>\n<li>\n<h3>A h\u00e1toldalon nyomott Beretta log\u00f3<\/h3>\n<\/li>\n<li>\n<h3>Illeszt\u00e9s: norm\u00e1l szab\u00e1s\u00fa<\/h3>\n<\/li>\n<\/ul>\n<p>&nbsp;<\/p>\n","protected":false},"excerpt":{"rendered":"<p>&nbsp; Pine Shoulder p\u00f3l\u00f3 -BER052 \/ TS881T1557\/072A &nbsp; F\u00e9rfi Camo p\u00f3l\u00f3 180gr\/m2 pamutb\u00f3l. Jellemz\u0151k: Beretta grafika az elej\u00e9n A h\u00e1toldalon nyomott Beretta log\u00f3 Illeszt\u00e9s: norm\u00e1l szab\u00e1s\u00fa &nbsp;<\/p>\n","protected":false},"featured_media":5614,"comment_status":"open","ping_status":"closed","template":"","meta":{"_et_pb_use_builder":"","_et_pb_old_content":"","_et_gb_content_width":"","om_disable_all_campaigns":false},"product_brand":[],"product_cat":[21,640,159],"product_tag":[1324],"class_list":{"0":"post-5612","1":"product","2":"type-product","3":"status-publish","4":"has-post-thumbnail","6":"product_cat-uj","7":"product_cat-polo","8":"product_cat-vadasz-ruhazat","9":"product_tag-pine-shoulder-polo-ber052-ts881t1557-072a","11":"first","12":"instock","13":"taxable","14":"shipping-taxable","15":"purchasable","16":"product-type-variable"},"_links":{"self":[{"href":"https:\/\/www.vadaszboltcsorna.hu\/index.php\/wp-json\/wp\/v2\/product\/5612","targetHints":{"allow":["GET"]}}],"collection":[{"href":"https:\/\/www.vadaszboltcsorna.hu\/index.php\/wp-json\/wp\/v2\/product"}],"about":[{"href":"https:\/\/www.vadaszboltcsorna.hu\/index.php\/wp-json\/wp\/v2\/types\/product"}],"replies":[{"embeddable":true,"href":"https:\/\/www.vadaszboltcsorna.hu\/index.php\/wp-json\/wp\/v2\/comments?post=5612"}],"wp:featuredmedia":[{"embeddable":true,"href":"https:\/\/www.vadaszboltcsorna.hu\/index.php\/wp-json\/wp\/v2\/media\/5614"}],"wp:attachment":[{"href":"https:\/\/www.vadaszboltcsorna.hu\/index.php\/wp-json\/wp\/v2\/media?parent=5612"}],"wp:term":[{"taxonomy":"product_brand","embeddable":true,"href":"https:\/\/www.vadaszboltcsorna.hu\/index.php\/wp-json\/wp\/v2\/product_brand?post=5612"},{"taxonomy":"product_cat","embeddable":true,"href":"https:\/\/www.vadaszboltcsorna.hu\/index.php\/wp-json\/wp\/v2\/product_cat?post=5612"},{"taxonomy":"product_tag","embeddable":true,"href":"https:\/\/www.vadaszboltcsorna.hu\/index.php\/wp-json\/wp\/v2\/product_tag?post=5612"}],"curies":[{"name":"wp","href":"https:\/\/api.w.org\/{rel}","templated":true}]}}