{"id":5606,"date":"2024-06-14T09:42:33","date_gmt":"2024-06-14T09:42:33","guid":{"rendered":"https:\/\/www.vadaszboltcsorna.hu\/?post_type=product&#038;p=5606"},"modified":"2024-06-14T09:42:34","modified_gmt":"2024-06-14T09:42:34","slug":"teljes-bor-exclusive-hatizsak-35-l","status":"publish","type":"product","link":"https:\/\/www.vadaszboltcsorna.hu\/index.php\/termek\/teljes-bor-exclusive-hatizsak-35-l\/","title":{"rendered":"Teljes b\u0151r Exclusive h\u00e1tizs\u00e1k 35 L"},"content":{"rendered":"<h2 class=\"h2 mb-4\" style=\"text-align: center;\"><strong>Teljes b\u0151r Exclusive h\u00e1tizs\u00e1k<\/strong><\/h2>\n<p>&nbsp;<\/p>\n<h3 style=\"text-align: center;\">Magas min\u0151s\u00e9g\u0171, val\u00f3di bivalyb\u0151rb\u0151l k\u00e9sz\u00fclt h\u00e1tizs\u00e1k a BETALOV gy\u00e1rt\u00f3t\u00f3l. A h\u00e1tizs\u00e1k minen r\u00e9sze b\u0151rb\u0151l k\u00e9sz\u00fclt. \u00d6sszesen 2 el\u00fcls\u0151 \u00e9s egy nagy zsebet tartalmaz. A h\u00e1tizs\u00e1k 35L.<\/h3>\n<h3 style=\"text-align: center;\">98% bivaly b\u0151r<\/h3>\n<h3 style=\"text-align: center;\">2% f\u00e9m<\/h3>\n<p>&nbsp;<\/p>\n<p>&nbsp;<\/p>\n","protected":false},"excerpt":{"rendered":"<p>Teljes b\u0151r Exclusive h\u00e1tizs\u00e1k &nbsp; Magas min\u0151s\u00e9g\u0171, val\u00f3di bivalyb\u0151rb\u0151l k\u00e9sz\u00fclt h\u00e1tizs\u00e1k a BETALOV gy\u00e1rt\u00f3t\u00f3l. A h\u00e1tizs\u00e1k minen r\u00e9sze b\u0151rb\u0151l k\u00e9sz\u00fclt. \u00d6sszesen 2 el\u00fcls\u0151 \u00e9s egy nagy zsebet tartalmaz. A h\u00e1tizs\u00e1k 35L. 98% bivaly b\u0151r 2% f\u00e9m &nbsp; &nbsp;<\/p>\n","protected":false},"featured_media":5610,"comment_status":"open","ping_status":"closed","template":"","meta":{"_et_pb_use_builder":"","_et_pb_old_content":"","_et_gb_content_width":"","om_disable_all_campaigns":false},"product_brand":[],"product_cat":[21,741],"product_tag":[1323,70],"class_list":{"0":"post-5606","1":"product","2":"type-product","3":"status-publish","4":"has-post-thumbnail","6":"product_cat-uj","7":"product_cat-vadasz-hatizsakok-taskak","8":"product_tag-teljes-bor-exclusive-hatizsak-35-l","9":"product_tag-vadaszat","11":"first","12":"instock","13":"taxable","14":"shipping-taxable","15":"purchasable","16":"product-type-simple"},"_links":{"self":[{"href":"https:\/\/www.vadaszboltcsorna.hu\/index.php\/wp-json\/wp\/v2\/product\/5606","targetHints":{"allow":["GET"]}}],"collection":[{"href":"https:\/\/www.vadaszboltcsorna.hu\/index.php\/wp-json\/wp\/v2\/product"}],"about":[{"href":"https:\/\/www.vadaszboltcsorna.hu\/index.php\/wp-json\/wp\/v2\/types\/product"}],"replies":[{"embeddable":true,"href":"https:\/\/www.vadaszboltcsorna.hu\/index.php\/wp-json\/wp\/v2\/comments?post=5606"}],"wp:featuredmedia":[{"embeddable":true,"href":"https:\/\/www.vadaszboltcsorna.hu\/index.php\/wp-json\/wp\/v2\/media\/5610"}],"wp:attachment":[{"href":"https:\/\/www.vadaszboltcsorna.hu\/index.php\/wp-json\/wp\/v2\/media?parent=5606"}],"wp:term":[{"taxonomy":"product_brand","embeddable":true,"href":"https:\/\/www.vadaszboltcsorna.hu\/index.php\/wp-json\/wp\/v2\/product_brand?post=5606"},{"taxonomy":"product_cat","embeddable":true,"href":"https:\/\/www.vadaszboltcsorna.hu\/index.php\/wp-json\/wp\/v2\/product_cat?post=5606"},{"taxonomy":"product_tag","embeddable":true,"href":"https:\/\/www.vadaszboltcsorna.hu\/index.php\/wp-json\/wp\/v2\/product_tag?post=5606"}],"curies":[{"name":"wp","href":"https:\/\/api.w.org\/{rel}","templated":true}]}}