{"id":5600,"date":"2024-06-14T09:22:28","date_gmt":"2024-06-14T09:22:28","guid":{"rendered":"https:\/\/www.vadaszboltcsorna.hu\/?post_type=product&#038;p=5600"},"modified":"2024-06-14T09:22:28","modified_gmt":"2024-06-14T09:22:28","slug":"bor-hatizsak-olive-exclusive-40l","status":"publish","type":"product","link":"https:\/\/www.vadaszboltcsorna.hu\/index.php\/termek\/bor-hatizsak-olive-exclusive-40l\/","title":{"rendered":"B\u0151r h\u00e1tizs\u00e1k OLIVE Exclusive 40L"},"content":{"rendered":"<h2 style=\"text-align: center;\"><strong>B\u0151r h\u00e1tizs\u00e1k OLIVE Exclusive 40L<\/strong><\/h2>\n<p>&nbsp;<\/p>\n<h3 style=\"text-align: center;\">Bivalyb\u0151rb\u0151l k\u00e9sz\u00fclt h\u00e1tizs\u00e1k.<br \/>\nTermoszrekesz a h\u00e1tizs\u00e1k k\u00f6zep\u00e9n.<br \/>\nt\u00e9rfogat: 40l<\/h3>\n","protected":false},"excerpt":{"rendered":"<p>B\u0151r h\u00e1tizs\u00e1k OLIVE Exclusive 40L &nbsp; Bivalyb\u0151rb\u0151l k\u00e9sz\u00fclt h\u00e1tizs\u00e1k. Termoszrekesz a h\u00e1tizs\u00e1k k\u00f6zep\u00e9n. t\u00e9rfogat: 40l<\/p>\n","protected":false},"featured_media":5603,"comment_status":"open","ping_status":"closed","template":"","meta":{"_et_pb_use_builder":"","_et_pb_old_content":"","_et_gb_content_width":"","om_disable_all_campaigns":false},"product_brand":[],"product_cat":[21,741],"product_tag":[1322,537,70],"class_list":{"0":"post-5600","1":"product","2":"type-product","3":"status-publish","4":"has-post-thumbnail","6":"product_cat-uj","7":"product_cat-vadasz-hatizsakok-taskak","8":"product_tag-bor-hatizsak-olive-exclusive-40l","9":"product_tag-turazas","10":"product_tag-vadaszat","12":"first","13":"instock","14":"taxable","15":"shipping-taxable","16":"purchasable","17":"product-type-simple"},"_links":{"self":[{"href":"https:\/\/www.vadaszboltcsorna.hu\/index.php\/wp-json\/wp\/v2\/product\/5600","targetHints":{"allow":["GET"]}}],"collection":[{"href":"https:\/\/www.vadaszboltcsorna.hu\/index.php\/wp-json\/wp\/v2\/product"}],"about":[{"href":"https:\/\/www.vadaszboltcsorna.hu\/index.php\/wp-json\/wp\/v2\/types\/product"}],"replies":[{"embeddable":true,"href":"https:\/\/www.vadaszboltcsorna.hu\/index.php\/wp-json\/wp\/v2\/comments?post=5600"}],"wp:featuredmedia":[{"embeddable":true,"href":"https:\/\/www.vadaszboltcsorna.hu\/index.php\/wp-json\/wp\/v2\/media\/5603"}],"wp:attachment":[{"href":"https:\/\/www.vadaszboltcsorna.hu\/index.php\/wp-json\/wp\/v2\/media?parent=5600"}],"wp:term":[{"taxonomy":"product_brand","embeddable":true,"href":"https:\/\/www.vadaszboltcsorna.hu\/index.php\/wp-json\/wp\/v2\/product_brand?post=5600"},{"taxonomy":"product_cat","embeddable":true,"href":"https:\/\/www.vadaszboltcsorna.hu\/index.php\/wp-json\/wp\/v2\/product_cat?post=5600"},{"taxonomy":"product_tag","embeddable":true,"href":"https:\/\/www.vadaszboltcsorna.hu\/index.php\/wp-json\/wp\/v2\/product_tag?post=5600"}],"curies":[{"name":"wp","href":"https:\/\/api.w.org\/{rel}","templated":true}]}}