{"id":5589,"date":"2024-06-14T08:39:07","date_gmt":"2024-06-14T08:39:07","guid":{"rendered":"https:\/\/www.vadaszboltcsorna.hu\/?post_type=product&#038;p=5589"},"modified":"2025-04-04T06:41:25","modified_gmt":"2025-04-04T06:41:25","slug":"hart-rando-t-xsf-nadrag","status":"publish","type":"product","link":"https:\/\/www.vadaszboltcsorna.hu\/index.php\/termek\/hart-rando-t-xsf-nadrag\/","title":{"rendered":"HART Rando-T XSF nadr\u00e1g"},"content":{"rendered":"<h2 style=\"text-align: center;\"><strong>\u00a0HART Rando-T XSF nadr\u00e1g<\/strong><\/h2>\n<p>&nbsp;<\/p>\n<h3>A HART Rando-T XSF nadr\u00e1g sokoldal\u00fa vad\u00e1sznadr\u00e1g, \u00e9s a bev\u00e1lt Rando-T nadr\u00e1g tov\u00e1bbfejlesztett ut\u00f3dja.<\/h3>\n<h3>A vad\u00e1sznadr\u00e1g t\u00f6k\u00e9letesen \u00f6tv\u00f6zi a rugalmass\u00e1got \u00e9s a v\u00e9delmet. Ezek rendk\u00edv\u00fcl strapab\u00edr\u00f3 nadr\u00e1gok, nagyfok\u00fa k\u00e9nyelemmel \u00e9s nagy mozg\u00e1sszabads\u00e1ggal, \u00e9s az al\u00e1bbiak szerint lettek optimaliz\u00e1lva: A meger\u0151s\u00edtett l\u00e1bsz\u00e1rv\u00e9d\u0151k az \u00faj Oxford nylonsz\u00f6vetb\u0151l k\u00e9sz\u00fclnek, ami m\u00e9g robusztusabb\u00e1 teszi a nadr\u00e1got. A rugalmas anyagot meger\u0151s\u00edtett rip-stop konstrukci\u00f3val er\u0151s\u00edtett\u00e9k meg. Ezenk\u00edv\u00fcl a nadr\u00e1g kett\u0151s varr\u00e1ssal rendelkezik a kritikus ter\u00fcleteken, hogy m\u00e9g tart\u00f3sabb\u00e1 \u00e9s tart\u00f3sabb\u00e1 tegye \u0151ket. A cipz\u00e1rakat kiv\u00e1l\u00f3 min\u0151s\u00e9g\u0171 YKK cipz\u00e1rra cser\u00e9lt\u00e9k.<\/h3>\n<h3>A Fit modern \u00e9s k\u00fapos, ami azt jelenti, hogy t\u00f6k\u00e9letesen illeszkedik, nem korl\u00e1tozza \u00e9s nem t\u00fal sz\u00e9les. A derek\u00e1n gumi tal\u00e1lhat\u00f3, a t\u00e9rde form\u00e1zott. A HART hardver \u00e9s az EDS koncepci\u00f3 biztos\u00edtja az optim\u00e1lis h\u0151szab\u00e1lyoz\u00e1st. A t\u00e9rd \u00e9s a szeg\u00e9ly ter\u00fclet\u00e9n a Rando XSF magas szeg\u00e9lyekkel rendelkezik, amelyek v\u00e9denek a bokrok \u00e9s t\u00f6visek ellen.<\/h3>\n<p>&nbsp;<\/p>\n<p>&nbsp;<\/p>\n","protected":false},"excerpt":{"rendered":"<p>\u00a0HART Rando-T XSF nadr\u00e1g &nbsp; A HART Rando-T XSF nadr\u00e1g sokoldal\u00fa vad\u00e1sznadr\u00e1g, \u00e9s a bev\u00e1lt Rando-T nadr\u00e1g tov\u00e1bbfejlesztett ut\u00f3dja. A vad\u00e1sznadr\u00e1g t\u00f6k\u00e9letesen \u00f6tv\u00f6zi a rugalmass\u00e1got \u00e9s a v\u00e9delmet. Ezek rendk\u00edv\u00fcl strapab\u00edr\u00f3 nadr\u00e1gok, nagyfok\u00fa k\u00e9nyelemmel \u00e9s nagy mozg\u00e1sszabads\u00e1ggal, \u00e9s az al\u00e1bbiak szerint lettek optimaliz\u00e1lva: A meger\u0151s\u00edtett l\u00e1bsz\u00e1rv\u00e9d\u0151k az \u00faj Oxford nylonsz\u00f6vetb\u0151l k\u00e9sz\u00fclnek, ami m\u00e9g robusztusabb\u00e1 teszi [&hellip;]<\/p>\n","protected":false},"featured_media":5591,"comment_status":"open","ping_status":"closed","template":"","meta":{"_et_pb_use_builder":"","_et_pb_old_content":"","_et_gb_content_width":"","om_disable_all_campaigns":false},"product_brand":[],"product_cat":[21,664,159],"product_tag":[1205,1320],"class_list":{"0":"post-5589","1":"product","2":"type-product","3":"status-publish","4":"has-post-thumbnail","6":"product_cat-uj","7":"product_cat-nadrag","8":"product_cat-vadasz-ruhazat","9":"product_tag-ferfi-vadaszruhazat","10":"product_tag-hart-rando-t-xsf-nadrag","12":"first","13":"instock","14":"taxable","15":"shipping-taxable","16":"purchasable","17":"product-type-variable"},"_links":{"self":[{"href":"https:\/\/www.vadaszboltcsorna.hu\/index.php\/wp-json\/wp\/v2\/product\/5589","targetHints":{"allow":["GET"]}}],"collection":[{"href":"https:\/\/www.vadaszboltcsorna.hu\/index.php\/wp-json\/wp\/v2\/product"}],"about":[{"href":"https:\/\/www.vadaszboltcsorna.hu\/index.php\/wp-json\/wp\/v2\/types\/product"}],"replies":[{"embeddable":true,"href":"https:\/\/www.vadaszboltcsorna.hu\/index.php\/wp-json\/wp\/v2\/comments?post=5589"}],"wp:featuredmedia":[{"embeddable":true,"href":"https:\/\/www.vadaszboltcsorna.hu\/index.php\/wp-json\/wp\/v2\/media\/5591"}],"wp:attachment":[{"href":"https:\/\/www.vadaszboltcsorna.hu\/index.php\/wp-json\/wp\/v2\/media?parent=5589"}],"wp:term":[{"taxonomy":"product_brand","embeddable":true,"href":"https:\/\/www.vadaszboltcsorna.hu\/index.php\/wp-json\/wp\/v2\/product_brand?post=5589"},{"taxonomy":"product_cat","embeddable":true,"href":"https:\/\/www.vadaszboltcsorna.hu\/index.php\/wp-json\/wp\/v2\/product_cat?post=5589"},{"taxonomy":"product_tag","embeddable":true,"href":"https:\/\/www.vadaszboltcsorna.hu\/index.php\/wp-json\/wp\/v2\/product_tag?post=5589"}],"curies":[{"name":"wp","href":"https:\/\/api.w.org\/{rel}","templated":true}]}}