{"id":5583,"date":"2024-06-14T07:52:34","date_gmt":"2024-06-14T07:52:34","guid":{"rendered":"https:\/\/www.vadaszboltcsorna.hu\/?post_type=product&#038;p=5583"},"modified":"2025-11-05T13:20:39","modified_gmt":"2025-11-05T13:20:39","slug":"noblex-nz8-inception-25-20x50-ffp","status":"publish","type":"product","link":"https:\/\/www.vadaszboltcsorna.hu\/index.php\/termek\/noblex-nz8-inception-25-20x50-ffp\/","title":{"rendered":"NOBLEX NZ8 Inception 2,5-20&#215;50 FFP"},"content":{"rendered":"<h2 style=\"text-align: center;\"><strong>NOBLEX NZ8 Inception 2,5-20&#215;50 FFP<\/strong><\/h2>\n<h2 style=\"text-align: center;\"><strong>C\u00e9lt\u00e1vcs\u0151<\/strong><\/h2>\n<h4><strong>A NOBLEX m\u00e1rka:<\/strong><\/h4>\n<h4>A NOBLEX E-Optics GmbH az optoelektronikai term\u00e9kek fejleszt\u00e9s\u00e9ben egy b\u00fcszke hagyom\u00e1nyt folytat az Ernst Abbe \u00e9s Carl Zeiss jena, majd k\u00e9s\u0151bb a t\u00fcringiai Eisfeldben tal\u00e1lhat\u00f3 gy\u00e1rt\u00f3helyein.<\/h4>\n<h4>150 \u00e9ves sikert\u00f6rt\u00e9net az optikai eszk\u00f6z\u00f6k ter\u00e9n, amely a nagy tapasztalatot t\u00fckr\u00f6zi az optika, a mechanika, az elektronika \u00e9s a fel\u00fcletkezel\u00e9s ter\u00fclet\u00e9n. A NOBLEX E-Optics sz\u00e1m\u00e1ra \u00f6szt\u00f6nz\u0151 \u00e9s k\u00f6telezetts\u00e9g is egyben, hogy ezt a Zeiss, Docter \u00e9s Analytik Jena \u00e1ltal megkezdett hagyom\u00e1nyt szenved\u00e9llyel \u00e9s innov\u00e1ci\u00f3s szellemmel folytassa.<\/h4>\n<h4>A szenved\u00e9lyt \u00e9s az id\u0151z\u00edt\u00e9st nem tudjuk befoly\u00e1solni, de a felszerel\u00e9st igen. J\u00f3, ha b\u00edzhat a felszerel\u00e9s\u00e9ben. A NOBLEX E-Optics megfigyel\u0151 \u00e9s c\u00e9lz\u00f3 optik\u00e1kat k\u00edn\u00e1l, amelyek a legmagasabb min\u0151s\u00e9gi szabv\u00e1nyok szerint k\u00e9sz\u00fclnek. Az optoelektronikai szak\u00e9rtelem \u00e9s a finommechanikai precizit\u00e1s \u00f6sszj\u00e1t\u00e9ka alkotja ezen nagy teljes\u00edtm\u00e9ny\u0171 term\u00e9kek alapj\u00e1t.<\/h4>\n<h4><strong>Tulajdons\u00e1gok:<\/strong><\/h4>\n<ul>\n<li>\n<h4>8-szoros nagy\u00edt\u00e1si tartom\u00e1ny 2,5-20-szorosig<\/h4>\n<\/li>\n<li>\n<h4>Els\u0151 k\u00e9ps\u00edkon l\u00e9v\u0151, egy\u00fcttnagy\u00edt\u00f3 finom MHR sz\u00e1lkereszt<\/h4>\n<\/li>\n<li>\n<h4>Hibrid t\u00e1vcs\u0151 vad\u00e1szathoz \u00e9s sportl\u00f6v\u00e9szethez<\/h4>\n<\/li>\n<li>\n<h4>Nincs tal\u00e1lati pont eltol\u00f3d\u00e1s nagy\u00edt\u00e1sv\u00e1lt\u00e1s k\u00f6zben<\/h4>\n<\/li>\n<li>\n<h4>\u00daj magass\u00e1g\u00e1ll\u00edt\u00e1s (ak\u00e1r 3 fordulat) \u00e9rezhet\u0151 \u201ekattint\u00e1sokkal\u201d (opcion\u00e1lis r\u00f6gz\u00edt\u00e9s egy fordulatra)<\/h4>\n<\/li>\n<li>\n<h4>Parallaxis \u00e1ll\u00edt\u00e1ssal \u00e9jjell\u00e1t\u00f3 \u00e9s h\u0151kamer\u00e1s k\u00e9sz\u00fcl\u00e9kekhez<\/h4>\n<\/li>\n<li>\n<h4>Zero Stop<\/h4>\n<\/li>\n<li>\n<h4>20%-kal meghosszabb\u00edtott zoom kar<\/h4>\n<\/li>\n<li>\n<h4>Tartalmazza a &#8222;Flip&#8221; objekt\u00edv- \u00e9s okul\u00e1rv\u00e9d\u0151 sapk\u00e1kat<\/h4>\n<\/li>\n<li>\n<h4>Meger\u0151s\u00edtett k\u00fcls\u0151 h\u00e1z &#8211; el\u0151k\u00e9sz\u00edtve \u00e9jjell\u00e1t\u00f3 \u00e9s h\u0151kamer\u00e1s k\u00e9sz\u00fcl\u00e9kekhez (kieg\u00e9sz\u00edt\u0151 adapter n\u00e9lk\u00fcl)<\/h4>\n<\/li>\n<\/ul>\n<h4><strong>M\u0171szaki adatok:<\/strong><\/h4>\n<ul>\n<li>\n<h4>Nagy\u00edt\u00e1s: 2,5 &#8211; 20x<\/h4>\n<\/li>\n<li>\n<h4>Objekt\u00edvny\u00edl\u00e1s \u00e1tm\u00e9r\u0151je: 50 mm<\/h4>\n<\/li>\n<li>\n<h4>K\u00fcls\u0151 \u00e1tm\u00e9r\u0151: 59 mm<\/h4>\n<\/li>\n<li>\n<h4>K\u00f6z\u00e9pcs\u0151 \u00e1tm\u00e9r\u0151je: 34 mm<\/h4>\n<\/li>\n<li>\n<h4>Sz\u00e1lkereszt: MHR<\/h4>\n<\/li>\n<li>\n<h4>Kil\u00e9p\u0151 pupilla \u00e1tm\u00e9r\u0151je: 20 &#8211; 2,5 mm<\/h4>\n<\/li>\n<li>\n<h4>L\u00e1t\u00f3mez\u0151 2,5-20x (100 m-en): 14 &#8211; 2,2 m<\/h4>\n<\/li>\n<li>\n<h4>S\u00faly: 815 g<\/h4>\n<\/li>\n<li>\n<h4>\u00c1ll\u00edt\u00e1s (magass\u00e1g\/oldal, 100 m-en): 1\/10 mils (1 cm)<\/h4>\n<\/li>\n<li>\n<h4>Magass\u00e1g\u00e1ll\u00edt\u00e1s tartom\u00e1nya (100 m-en): max. 32 mils (320 cm)<\/h4>\n<\/li>\n<li>\n<h4>Magass\u00e1g\u00e1ll\u00edt\u00e1s tartom\u00e1nya egy fordulattal (100 m-en): max. 9,5 mils (95 cm)<\/h4>\n<\/li>\n<li>\n<h4>Oldal\u00e1ll\u00edt\u00e1s tartom\u00e1nya (100 m-en): 30 mils (300 cm) (15 mils balra \/ 15 mils jobbra)<\/h4>\n<\/li>\n<\/ul>\n<h4>MHR sz\u00e1lkereszt: Az \u00faj MHR (Mil-Hunting-Reticle) az els\u0151 k\u00e9ps\u00edkban helyezkedik el, \u00e9s sz\u00e1mos lehet\u0151s\u00e9get k\u00edn\u00e1l a l\u00f6v\u00e9sz sz\u00e1m\u00e1ra, hogy a fedett ter\u00fcletek alapj\u00e1n fontos param\u00e9tereket becs\u00fclhessen vagy m\u00e9rhessen. Az els\u0151 k\u00e9ps\u00edkon val\u00f3 elhelyez\u00e9s megakad\u00e1lyozza b\u00e1rmilyen tal\u00e1lati pont eltol\u00f3d\u00e1st a nagy\u00edt\u00e1sv\u00e1lt\u00e1s sor\u00e1n. Ez\u00e1ltal rendszer\u00e9b\u0151l ad\u00f3d\u00f3an ebben a diszcipl\u00edn\u00e1ban jelent\u0151sen fel\u00fclm\u00falja a m\u00e1sodik k\u00e9ps\u00edkban l\u00e9v\u0151 sz\u00e1lkereszt\u0171 modelleket. A kor\u00e1bbi modellekben az egy\u00fcttnagy\u00edt\u00f3 sz\u00e1lkereszt gyakran takarta a c\u00e9lpontot. Az \u00faj gy\u00e1rt\u00e1si elj\u00e1r\u00e1snak k\u00f6sz\u00f6nhet\u0151en a sz\u00e1lkereszt annyira finoman k\u00e9sz\u00fclt, hogy maxim\u00e1lis nagy\u00edt\u00e1sn\u00e1l sem takarja el a c\u00e9lpontot. Kis nagy\u00edt\u00e1sn\u00e1l egy plexi sz\u00e1lkereszthez hasonl\u00edt, finom c\u00e9lkereszttel a k\u00f6zep\u00e9n. Nagy nagy\u00edt\u00e1sn\u00e1l a kieg\u00e9sz\u00edt\u0151 MRAD jel\u00f6l\u00e9sek j\u00f3l l\u00e1that\u00f3ak, \u00e9s seg\u00edtik a sportl\u00f6v\u00e9szt a legjobb teljes\u00edtm\u00e9ny el\u00e9r\u00e9s\u00e9ben.<\/h4>\n","protected":false},"excerpt":{"rendered":"<p>NOBLEX NZ8 Inception 2,5-20&#215;50 FFP C\u00e9lt\u00e1vcs\u0151 A NOBLEX m\u00e1rka: A NOBLEX E-Optics GmbH az optoelektronikai term\u00e9kek fejleszt\u00e9s\u00e9ben egy b\u00fcszke hagyom\u00e1nyt folytat az Ernst Abbe \u00e9s Carl Zeiss jena, majd k\u00e9s\u0151bb a t\u00fcringiai Eisfeldben tal\u00e1lhat\u00f3 gy\u00e1rt\u00f3helyein. 150 \u00e9ves sikert\u00f6rt\u00e9net az optikai eszk\u00f6z\u00f6k ter\u00e9n, amely a nagy tapasztalatot t\u00fckr\u00f6zi az optika, a mechanika, az elektronika \u00e9s a [&hellip;]<\/p>\n","protected":false},"featured_media":5585,"comment_status":"open","ping_status":"closed","template":"","meta":{"_et_pb_use_builder":"","_et_pb_old_content":"","_et_gb_content_width":"","om_disable_all_campaigns":false},"product_brand":[],"product_cat":[21,50,418],"product_tag":[1319,1318,86],"class_list":{"0":"post-5583","1":"product","2":"type-product","3":"status-publish","4":"has-post-thumbnail","6":"product_cat-uj","7":"product_cat-celtavcso","8":"product_cat-noblex-celtavcso","9":"product_tag-5-20x50-ffp","10":"product_tag-noblex-nz8-inception-2","11":"product_tag-vadaszoptika","13":"first","14":"instock","15":"taxable","16":"shipping-taxable","17":"purchasable","18":"product-type-simple"},"_links":{"self":[{"href":"https:\/\/www.vadaszboltcsorna.hu\/index.php\/wp-json\/wp\/v2\/product\/5583","targetHints":{"allow":["GET"]}}],"collection":[{"href":"https:\/\/www.vadaszboltcsorna.hu\/index.php\/wp-json\/wp\/v2\/product"}],"about":[{"href":"https:\/\/www.vadaszboltcsorna.hu\/index.php\/wp-json\/wp\/v2\/types\/product"}],"replies":[{"embeddable":true,"href":"https:\/\/www.vadaszboltcsorna.hu\/index.php\/wp-json\/wp\/v2\/comments?post=5583"}],"wp:featuredmedia":[{"embeddable":true,"href":"https:\/\/www.vadaszboltcsorna.hu\/index.php\/wp-json\/wp\/v2\/media\/5585"}],"wp:attachment":[{"href":"https:\/\/www.vadaszboltcsorna.hu\/index.php\/wp-json\/wp\/v2\/media?parent=5583"}],"wp:term":[{"taxonomy":"product_brand","embeddable":true,"href":"https:\/\/www.vadaszboltcsorna.hu\/index.php\/wp-json\/wp\/v2\/product_brand?post=5583"},{"taxonomy":"product_cat","embeddable":true,"href":"https:\/\/www.vadaszboltcsorna.hu\/index.php\/wp-json\/wp\/v2\/product_cat?post=5583"},{"taxonomy":"product_tag","embeddable":true,"href":"https:\/\/www.vadaszboltcsorna.hu\/index.php\/wp-json\/wp\/v2\/product_tag?post=5583"}],"curies":[{"name":"wp","href":"https:\/\/api.w.org\/{rel}","templated":true}]}}