{"id":5576,"date":"2024-06-11T11:10:11","date_gmt":"2024-06-11T11:10:11","guid":{"rendered":"https:\/\/www.vadaszboltcsorna.hu\/?post_type=product&#038;p=5576"},"modified":"2024-06-11T11:10:59","modified_gmt":"2024-06-11T11:10:59","slug":"os-trachten-polok-2-db-csomag-128000-2710","status":"publish","type":"product","link":"https:\/\/www.vadaszboltcsorna.hu\/index.php\/termek\/os-trachten-polok-2-db-csomag-128000-2710\/","title":{"rendered":"OS Trachten p\u00f3l\u00f3k, 2 db\/csomag 128000-2710"},"content":{"rendered":"<h2 style=\"text-align: center;\"><strong>OS Trachten p\u00f3l\u00f3k, 2 db\/csomag 128000-2710<\/strong><\/h2>\n<p>&nbsp;<\/p>\n<h3>K\u00f6nnyen kezelhet\u0151 pamut jersey anyagb\u00f3l k\u00e9sz\u00fcltek. K\u00e9nyelmes szab\u00e1s\u00faak \u00e9s \u00f6r\u00f6m \u0151ket viselni.<\/h3>\n<h3>Sz\u00edn: kekiz\u00f6ld<\/h3>\n<p>&nbsp;<\/p>\n<p>&nbsp;<\/p>\n","protected":false},"excerpt":{"rendered":"<p>OS Trachten p\u00f3l\u00f3k, 2 db\/csomag 128000-2710 &nbsp; K\u00f6nnyen kezelhet\u0151 pamut jersey anyagb\u00f3l k\u00e9sz\u00fcltek. K\u00e9nyelmes szab\u00e1s\u00faak \u00e9s \u00f6r\u00f6m \u0151ket viselni. Sz\u00edn: kekiz\u00f6ld &nbsp; &nbsp;<\/p>\n","protected":false},"featured_media":5577,"comment_status":"open","ping_status":"closed","template":"","meta":{"_et_pb_use_builder":"","_et_pb_old_content":"","_et_gb_content_width":"","om_disable_all_campaigns":false},"product_brand":[],"product_cat":[21,640,159],"product_tag":[1317,1316,70,555],"class_list":{"0":"post-5576","1":"product","2":"type-product","3":"status-publish","4":"has-post-thumbnail","6":"product_cat-uj","7":"product_cat-polo","8":"product_cat-vadasz-ruhazat","9":"product_tag-2-db-csomag-128000-2710","10":"product_tag-os-trachten-polok","11":"product_tag-vadaszat","12":"product_tag-vadaszruhazat","14":"first","15":"instock","16":"taxable","17":"shipping-taxable","18":"purchasable","19":"product-type-variable"},"_links":{"self":[{"href":"https:\/\/www.vadaszboltcsorna.hu\/index.php\/wp-json\/wp\/v2\/product\/5576","targetHints":{"allow":["GET"]}}],"collection":[{"href":"https:\/\/www.vadaszboltcsorna.hu\/index.php\/wp-json\/wp\/v2\/product"}],"about":[{"href":"https:\/\/www.vadaszboltcsorna.hu\/index.php\/wp-json\/wp\/v2\/types\/product"}],"replies":[{"embeddable":true,"href":"https:\/\/www.vadaszboltcsorna.hu\/index.php\/wp-json\/wp\/v2\/comments?post=5576"}],"wp:featuredmedia":[{"embeddable":true,"href":"https:\/\/www.vadaszboltcsorna.hu\/index.php\/wp-json\/wp\/v2\/media\/5577"}],"wp:attachment":[{"href":"https:\/\/www.vadaszboltcsorna.hu\/index.php\/wp-json\/wp\/v2\/media?parent=5576"}],"wp:term":[{"taxonomy":"product_brand","embeddable":true,"href":"https:\/\/www.vadaszboltcsorna.hu\/index.php\/wp-json\/wp\/v2\/product_brand?post=5576"},{"taxonomy":"product_cat","embeddable":true,"href":"https:\/\/www.vadaszboltcsorna.hu\/index.php\/wp-json\/wp\/v2\/product_cat?post=5576"},{"taxonomy":"product_tag","embeddable":true,"href":"https:\/\/www.vadaszboltcsorna.hu\/index.php\/wp-json\/wp\/v2\/product_tag?post=5576"}],"curies":[{"name":"wp","href":"https:\/\/api.w.org\/{rel}","templated":true}]}}