{"id":5546,"date":"2024-06-07T09:20:42","date_gmt":"2024-06-07T09:20:42","guid":{"rendered":"https:\/\/www.vadaszboltcsorna.hu\/?post_type=product&#038;p=5546"},"modified":"2025-04-14T10:25:41","modified_gmt":"2025-04-14T10:25:41","slug":"pinewood-hunters-sapka-1244-135","status":"publish","type":"product","link":"https:\/\/www.vadaszboltcsorna.hu\/index.php\/termek\/pinewood-hunters-sapka-1244-135\/","title":{"rendered":"PINEWOOD\u00ae HUNTERS SAPKA 1244\/135"},"content":{"rendered":"<h2 style=\"text-align: center;\"><strong>PINEWOOD\u00ae HUNTERS SAPKA 1244\/135<\/strong><\/h2>\n<p>&nbsp;<\/p>\n<h4>Bemutatjuk a vad\u00e1szsapk\u00e1t, amely h\u00e1tul h\u0171s\u00edt\u0151 h\u00e1l\u00f3s sz\u00f6vettel, el\u00f6l pedig Pinewood\u00ae log\u00f3val rendelkezik szintetikus b\u0151rb\u0151l. K\u00f6nnyed\u00e9n \u00e1ll\u00edthat\u00f3 az illeszked\u00e9s a h\u00e1tul l\u00e9v\u0151 m\u0171anyag csattal. Ezenk\u00edv\u00fcl k\u00f6rnyezetbar\u00e1t megold\u00e1ssal kezelt\u00e9k, hogy v\u00edzleperget\u0151 tulajdons\u00e1gokat biztos\u00edtson, \u00edgy biztos\u00edtva, hogy k\u00e9nyelmesen \u00e9rezze mag\u00e1t a szabadt\u00e9ri kalandok sor\u00e1n.<\/h4>\n<h4>\u2022 H\u00e1l\u00f3s sz\u00f6vet a j\u00f3 l\u00e9g\u00e1tereszt\u00e9s\u00e9rt<br \/>\n\u2022 H\u00e1tul m\u0171anyag csattal \u00e1ll\u00edthat\u00f3<br \/>\n\u2022 K\u00f6rnyezetbar\u00e1t kezel\u00e9s: Bionic Finish\u00ae Eco \u2013 Organikus fluor-karbon-mentes impregn\u00e1l\u00e1s \u2013 az extra v\u00edztasz\u00edt\u00f3 tulajdons\u00e1gok\u00e9rt<\/h4>\n<h4>Anyaga: 100% poli\u00e9szter<br \/>\nS\u00faly: 6 gramm (egy m\u00e9retben)<br \/>\nTev\u00e9kenys\u00e9g: vad\u00e1szat, szabadban<\/h4>\n<h4>M\u00e9ret n\u00e9lk\u00fcli<\/h4>\n","protected":false},"excerpt":{"rendered":"<p>PINEWOOD\u00ae HUNTERS SAPKA 1244\/135 &nbsp; Bemutatjuk a vad\u00e1szsapk\u00e1t, amely h\u00e1tul h\u0171s\u00edt\u0151 h\u00e1l\u00f3s sz\u00f6vettel, el\u00f6l pedig Pinewood\u00ae log\u00f3val rendelkezik szintetikus b\u0151rb\u0151l. K\u00f6nnyed\u00e9n \u00e1ll\u00edthat\u00f3 az illeszked\u00e9s a h\u00e1tul l\u00e9v\u0151 m\u0171anyag csattal. Ezenk\u00edv\u00fcl k\u00f6rnyezetbar\u00e1t megold\u00e1ssal kezelt\u00e9k, hogy v\u00edzleperget\u0151 tulajdons\u00e1gokat biztos\u00edtson, \u00edgy biztos\u00edtva, hogy k\u00e9nyelmesen \u00e9rezze mag\u00e1t a szabadt\u00e9ri kalandok sor\u00e1n. \u2022 H\u00e1l\u00f3s sz\u00f6vet a j\u00f3 l\u00e9g\u00e1tereszt\u00e9s\u00e9rt \u2022 H\u00e1tul [&hellip;]<\/p>\n","protected":false},"featured_media":5547,"comment_status":"open","ping_status":"closed","template":"","meta":{"_et_pb_use_builder":"","_et_pb_old_content":"","_et_gb_content_width":"","om_disable_all_campaigns":false},"product_brand":[],"product_cat":[21,771,159],"product_tag":[1310],"class_list":{"0":"post-5546","1":"product","2":"type-product","3":"status-publish","4":"has-post-thumbnail","6":"product_cat-uj","7":"product_cat-sapka-sal-kesztyu-zokni","8":"product_cat-vadasz-ruhazat","9":"product_tag-pinewood-hunters-sapka-1244-135","11":"first","12":"instock","13":"taxable","14":"shipping-taxable","15":"purchasable","16":"product-type-simple"},"_links":{"self":[{"href":"https:\/\/www.vadaszboltcsorna.hu\/index.php\/wp-json\/wp\/v2\/product\/5546","targetHints":{"allow":["GET"]}}],"collection":[{"href":"https:\/\/www.vadaszboltcsorna.hu\/index.php\/wp-json\/wp\/v2\/product"}],"about":[{"href":"https:\/\/www.vadaszboltcsorna.hu\/index.php\/wp-json\/wp\/v2\/types\/product"}],"replies":[{"embeddable":true,"href":"https:\/\/www.vadaszboltcsorna.hu\/index.php\/wp-json\/wp\/v2\/comments?post=5546"}],"wp:featuredmedia":[{"embeddable":true,"href":"https:\/\/www.vadaszboltcsorna.hu\/index.php\/wp-json\/wp\/v2\/media\/5547"}],"wp:attachment":[{"href":"https:\/\/www.vadaszboltcsorna.hu\/index.php\/wp-json\/wp\/v2\/media?parent=5546"}],"wp:term":[{"taxonomy":"product_brand","embeddable":true,"href":"https:\/\/www.vadaszboltcsorna.hu\/index.php\/wp-json\/wp\/v2\/product_brand?post=5546"},{"taxonomy":"product_cat","embeddable":true,"href":"https:\/\/www.vadaszboltcsorna.hu\/index.php\/wp-json\/wp\/v2\/product_cat?post=5546"},{"taxonomy":"product_tag","embeddable":true,"href":"https:\/\/www.vadaszboltcsorna.hu\/index.php\/wp-json\/wp\/v2\/product_tag?post=5546"}],"curies":[{"name":"wp","href":"https:\/\/api.w.org\/{rel}","templated":true}]}}