{"id":5540,"date":"2024-06-07T09:09:35","date_gmt":"2024-06-07T09:09:35","guid":{"rendered":"https:\/\/www.vadaszboltcsorna.hu\/?post_type=product&#038;p=5540"},"modified":"2025-04-14T10:24:28","modified_gmt":"2025-04-14T10:24:28","slug":"pinewood-camou-sapka-8994-990","status":"publish","type":"product","link":"https:\/\/www.vadaszboltcsorna.hu\/index.php\/termek\/pinewood-camou-sapka-8994-990\/","title":{"rendered":"PINEWOOD\u00ae CAMOU SAPKA 8994\/990"},"content":{"rendered":"<h2 style=\"text-align: center;\"><strong>PINEWOOD\u00ae CAMOU SAPKA 8994\/990<\/strong><\/h2>\n<h3>Sz\u00e9p \u00e9s st\u00edlusos narancs\/terepsz\u00edn\u0171 sapka.<br \/>\nFog\u00f3r\u00f6gz\u00edt\u0151vel \u00e1ll\u00edthat\u00f3. 100% poli\u00e9szter.<\/h3>\n<p>&nbsp;<\/p>\n","protected":false},"excerpt":{"rendered":"<p>PINEWOOD\u00ae CAMOU SAPKA 8994\/990 Sz\u00e9p \u00e9s st\u00edlusos narancs\/terepsz\u00edn\u0171 sapka. Fog\u00f3r\u00f6gz\u00edt\u0151vel \u00e1ll\u00edthat\u00f3. 100% poli\u00e9szter. &nbsp;<\/p>\n","protected":false},"featured_media":5545,"comment_status":"open","ping_status":"closed","template":"","meta":{"_et_pb_use_builder":"","_et_pb_old_content":"","_et_gb_content_width":"","om_disable_all_campaigns":false},"product_brand":[],"product_cat":[21,771,159],"product_tag":[1309],"class_list":{"0":"post-5540","1":"product","2":"type-product","3":"status-publish","4":"has-post-thumbnail","6":"product_cat-uj","7":"product_cat-sapka-sal-kesztyu-zokni","8":"product_cat-vadasz-ruhazat","9":"product_tag-pinewood-camou-sapka-8994-990","11":"first","12":"instock","13":"taxable","14":"shipping-taxable","15":"purchasable","16":"product-type-simple"},"_links":{"self":[{"href":"https:\/\/www.vadaszboltcsorna.hu\/index.php\/wp-json\/wp\/v2\/product\/5540","targetHints":{"allow":["GET"]}}],"collection":[{"href":"https:\/\/www.vadaszboltcsorna.hu\/index.php\/wp-json\/wp\/v2\/product"}],"about":[{"href":"https:\/\/www.vadaszboltcsorna.hu\/index.php\/wp-json\/wp\/v2\/types\/product"}],"replies":[{"embeddable":true,"href":"https:\/\/www.vadaszboltcsorna.hu\/index.php\/wp-json\/wp\/v2\/comments?post=5540"}],"wp:featuredmedia":[{"embeddable":true,"href":"https:\/\/www.vadaszboltcsorna.hu\/index.php\/wp-json\/wp\/v2\/media\/5545"}],"wp:attachment":[{"href":"https:\/\/www.vadaszboltcsorna.hu\/index.php\/wp-json\/wp\/v2\/media?parent=5540"}],"wp:term":[{"taxonomy":"product_brand","embeddable":true,"href":"https:\/\/www.vadaszboltcsorna.hu\/index.php\/wp-json\/wp\/v2\/product_brand?post=5540"},{"taxonomy":"product_cat","embeddable":true,"href":"https:\/\/www.vadaszboltcsorna.hu\/index.php\/wp-json\/wp\/v2\/product_cat?post=5540"},{"taxonomy":"product_tag","embeddable":true,"href":"https:\/\/www.vadaszboltcsorna.hu\/index.php\/wp-json\/wp\/v2\/product_tag?post=5540"}],"curies":[{"name":"wp","href":"https:\/\/api.w.org\/{rel}","templated":true}]}}