{"id":5536,"date":"2024-06-07T08:54:37","date_gmt":"2024-06-07T08:54:37","guid":{"rendered":"https:\/\/www.vadaszboltcsorna.hu\/?post_type=product&#038;p=5536"},"modified":"2024-06-07T08:54:37","modified_gmt":"2024-06-07T08:54:37","slug":"deerhunter-sapka-6016-669-narancs","status":"publish","type":"product","link":"https:\/\/www.vadaszboltcsorna.hu\/index.php\/termek\/deerhunter-sapka-6016-669-narancs\/","title":{"rendered":"Deerhunter sapka 6016\/669 \/narancs\/"},"content":{"rendered":"<h2 style=\"text-align: center;\"><strong>Deerhunter sapka 6016\/669 \/narancs\/<\/strong><\/h2>\n<h3>3D pajzs log\u00f3 el\u00f6l<br \/>\nDeerhunter log\u00f3 h\u00e1tul<br \/>\nH\u00e1tul \u00e1ll\u00edthat\u00f3<br \/>\nOldal\u00e1n \u00e1gsz\u00edj<\/h3>\n<h3>M\u00e9ret n\u00e9lk\u00fcli<\/h3>\n<h3>B\u0151v\u00edtse vad\u00e1szati \u200b\u200balapjait a Shield Cap seg\u00edts\u00e9g\u00e9vel. A Deerhunter pajzs log\u00f3ja st\u00edlusoss\u00e1 teszi ezt az \u00e1ll\u00edthat\u00f3 sapk\u00e1t.\u00a0 Maradjon praktikus a Shield Cap seg\u00edts\u00e9g\u00e9vel, \u00edgy biztos lehet benne, hogy minden vad\u00e1szati \u200b\u200bkalandra felk\u00e9sz\u00fclt.<\/h3>\n","protected":false},"excerpt":{"rendered":"<p>Deerhunter sapka 6016\/669 \/narancs\/ 3D pajzs log\u00f3 el\u00f6l Deerhunter log\u00f3 h\u00e1tul H\u00e1tul \u00e1ll\u00edthat\u00f3 Oldal\u00e1n \u00e1gsz\u00edj M\u00e9ret n\u00e9lk\u00fcli B\u0151v\u00edtse vad\u00e1szati \u200b\u200balapjait a Shield Cap seg\u00edts\u00e9g\u00e9vel. A Deerhunter pajzs log\u00f3ja st\u00edlusoss\u00e1 teszi ezt az \u00e1ll\u00edthat\u00f3 sapk\u00e1t.\u00a0 Maradjon praktikus a Shield Cap seg\u00edts\u00e9g\u00e9vel, \u00edgy biztos lehet benne, hogy minden vad\u00e1szati \u200b\u200bkalandra felk\u00e9sz\u00fclt.<\/p>\n","protected":false},"featured_media":5538,"comment_status":"open","ping_status":"closed","template":"","meta":{"_et_pb_use_builder":"","_et_pb_old_content":"","_et_gb_content_width":"","om_disable_all_campaigns":false},"product_brand":[],"product_cat":[21,771,159],"product_tag":[1308,70],"class_list":{"0":"post-5536","1":"product","2":"type-product","3":"status-publish","4":"has-post-thumbnail","6":"product_cat-uj","7":"product_cat-sapka-sal-kesztyu-zokni","8":"product_cat-vadasz-ruhazat","9":"product_tag-deerhunter-sapka-6016-669-narancs","10":"product_tag-vadaszat","12":"first","13":"instock","14":"taxable","15":"shipping-taxable","16":"purchasable","17":"product-type-simple"},"_links":{"self":[{"href":"https:\/\/www.vadaszboltcsorna.hu\/index.php\/wp-json\/wp\/v2\/product\/5536","targetHints":{"allow":["GET"]}}],"collection":[{"href":"https:\/\/www.vadaszboltcsorna.hu\/index.php\/wp-json\/wp\/v2\/product"}],"about":[{"href":"https:\/\/www.vadaszboltcsorna.hu\/index.php\/wp-json\/wp\/v2\/types\/product"}],"replies":[{"embeddable":true,"href":"https:\/\/www.vadaszboltcsorna.hu\/index.php\/wp-json\/wp\/v2\/comments?post=5536"}],"wp:featuredmedia":[{"embeddable":true,"href":"https:\/\/www.vadaszboltcsorna.hu\/index.php\/wp-json\/wp\/v2\/media\/5538"}],"wp:attachment":[{"href":"https:\/\/www.vadaszboltcsorna.hu\/index.php\/wp-json\/wp\/v2\/media?parent=5536"}],"wp:term":[{"taxonomy":"product_brand","embeddable":true,"href":"https:\/\/www.vadaszboltcsorna.hu\/index.php\/wp-json\/wp\/v2\/product_brand?post=5536"},{"taxonomy":"product_cat","embeddable":true,"href":"https:\/\/www.vadaszboltcsorna.hu\/index.php\/wp-json\/wp\/v2\/product_cat?post=5536"},{"taxonomy":"product_tag","embeddable":true,"href":"https:\/\/www.vadaszboltcsorna.hu\/index.php\/wp-json\/wp\/v2\/product_tag?post=5536"}],"curies":[{"name":"wp","href":"https:\/\/api.w.org\/{rel}","templated":true}]}}