{"id":550,"date":"2021-04-26T12:50:15","date_gmt":"2021-04-26T12:50:15","guid":{"rendered":"http:\/\/www.vadaszboltcsorna.hu\/?post_type=product&#038;p=550"},"modified":"2025-05-27T11:23:50","modified_gmt":"2025-05-27T11:23:50","slug":"cz-457-22-wmr","status":"publish","type":"product","link":"https:\/\/www.vadaszboltcsorna.hu\/index.php\/termek\/cz-457-22-wmr\/","title":{"rendered":"CZ 457 .22 Wmr Syntetic vad\u00e1szfegyver"},"content":{"rendered":"<h2><strong>CZ 457 .22 WMR Syntetic 5-\u00f6s kiv.t\u00e1r 52 cm, goly\u00f3s vad\u00e1szfegyver<\/strong><\/h2>\n<h3>Kaliber: .22 WMR.<\/h3>\n<h3><span data-sheets-value=\"{\" data-sheets-userformat=\"{\">A fegyver jellemz\u0151i:<br \/>\n<\/span><\/h3>\n<h3><span data-sheets-value=\"{\" data-sheets-userformat=\"{\">&#8211; Kaliber: .22 WMR<br \/>\n&#8211; \u00c1llapot: \u00daj<br \/>\n&#8211; T\u00e1r kapacit\u00e1s: 5<br \/>\n&#8211; T\u00e1r t\u00edpusa: Kivehet\u0151<br \/>\n&#8211; Els\u00fct\u0151szerkezet m\u0171k\u00f6d\u00e9se: \u00c1ll\u00edthat\u00f3<br \/>\n&#8211; Ir\u00e1nyz\u00e9kok: Nincs<br \/>\n&#8211; Teljes hossz:98 cm<br \/>\n&#8211; Cs\u0151 hossza: 52 cm<br \/>\n&#8211; S\u00faly: 2,4 kg<\/span><\/h3>\n<h3>A CZ 457 Synthetic egy rendk\u00edv\u00fcl k\u00f6nny\u0171 peremgy\u00fajt\u00e1s\u00fa puska, amely kialak\u00edt\u00e1s\u00e1n\u00e1l fogva ellen\u00e1ll\u00f3 a legkedvez\u0151tlenebb id\u0151j\u00e1r\u00e1si k\u00f6r\u00fclm\u00e9nyekkel szemben .Az \u00fcres t\u00e1rral mind\u00f6ssze 2,4 kg s\u00faly\u00fa fegyver agyaz\u00e1sa rendk\u00edv\u00fcl tart\u00f3s sz\u00e1ler\u0151s\u00edt\u00e9s\u0171 polimer alapanyagb\u00f3l k\u00e9sz\u00fcl, amely a CZ SOFT-TOUCH bevonat\u00e1val biztos\u00edtja a k\u00e9nyelmes \u00e9s megb\u00edzhat\u00f3 fog\u00e1st, m\u00e9g akkor is, ha a kedvez\u0151tlen k\u00f6rnyezeti k\u00f6r\u00fclm\u00e9nyeknek, p\u00e9ld\u00e1ul fagynak, forr\u00f3s\u00e1gnak vagy magas p\u00e1ratartalomnak van kit\u00e9ve. Az agyaz\u00e1s szimmetrikus tervez\u00e9s\u00e9nek k\u00f6sz\u00f6nhet\u0151en, mind a jobbkezes, mind a balkezes l\u00f6v\u00e9szek sz\u00e1m\u00e1ra ide\u00e1lis. A 457 tart\u00f3ss\u00e1g\u00e1t tov\u00e1bb n\u00f6veli a f\u00e9m alkatr\u00e9szek fejlett korr\u00f3zi\u00f3g\u00e1tl\u00f3 fel\u00fclete, amely ellen\u00e1ll\u00f3 a rozsd\u00e1val szemben \u00e9s magas szint\u0171 v\u00e9delmet ny\u00fajt a term\u00e9szeti elemekkel szemben. A kiv\u00e1l\u00f3 min\u0151s\u00e9g\u0171, hidegen kov\u00e1csolt 20&#8243;-os cs\u0151 .22LR, .17 HMR vagy .22 WMR kaliberekben el\u00e9rhet\u0151 vagy v\u00e1laszthat\u00f3 16\u201d-os cs\u0151 .22 LRR-hez. Az \u00bd x 20 UNF menetes cs\u0151v\u00e9gre moder\u00e1tor vagy cs\u0151sz\u00e1jf\u00e9k is felszerelhet\u0151. A k\u00e9szletben tal\u00e1lhat\u00f3 egy 5 l\u0151szer befogad\u00e1s\u00e1ra alkalmas polimer t\u00e1r, a megfelel\u0151 kaliberhez, imbuszkulcs \u00e9s kezel\u00e9si \u00fatmutat\u00f3.<\/h3>\n<h3>A le\u00edr\u00e1sban szerepl\u0151 adatok t\u00e1j\u00e9koztat\u00f3 jelleg\u0171ek, t\u00edpusonk\u00e9nt v\u00e1ltozhat!<br \/>\n<strong>Kaliberekr\u0151l, \u00e1rr\u00f3l \u00e9s egy\u00e9b inform\u00e1ci\u00f3kr\u00f3l k\u00e9rj\u00fck \u00e9rdekl\u0151dj\u00f6n!<\/strong><\/h3>\n<h3><strong>A fegyvert\u00f6rv\u00e9ny \u00e9rtelm\u00e9ben, fegyvert, l\u0151szert kiz\u00e1r\u00f3lag szem\u00e9lyesen,az \u00fczletben fegyvertart\u00e1si enged\u00e9ly birtok\u00e1ban lehet v\u00e1s\u00e1rolni!<\/strong><br \/>\n<strong>A webshopban megrendelt fegyverek NEM ker\u00fclnek kisz\u00e1ll\u00edt\u00e1sra!\u00a0 Tov\u00e1bbi inform\u00e1ci\u00f3\u00e9rt l\u00e1togasson el boltunkba!<\/strong><\/h3>\n<h3>Az \u00e1rak t\u00e1j\u00e9koztat\u00f3 jelleg\u0171ek nem min\u0151s\u00fcl hivatalos aj\u00e1nlat t\u00e9telnek!<br \/>\nAz \u00e1rv\u00e1ltoz\u00e1s jog\u00e1t fenntartjuk!<\/h3>\n<p>&nbsp;<\/p>\n<h2><strong>\u00a0<\/strong><\/h2>\n<p>&nbsp;<\/p>\n","protected":false},"excerpt":{"rendered":"<p><strong>CZ 457 .22 WMR Syntetic 5-\u00f6s kiv.t\u00e1r 52 cm, goly\u00f3s vad\u00e1szfegyver<\/strong><\/p>\n<p>https:\/\/www.youtube.com\/watch?v=Vptk9OrvVl8<\/p>\n","protected":false},"featured_media":555,"comment_status":"open","ping_status":"closed","template":"","meta":{"_et_pb_use_builder":"","_et_pb_old_content":"","_et_gb_content_width":"","om_disable_all_campaigns":false},"product_brand":[],"product_cat":[28,16,21,1826],"product_tag":[187,186,120,188,70,40],"class_list":{"0":"post-550","1":"product","2":"type-product","3":"status-publish","4":"has-post-thumbnail","6":"product_cat-cz","7":"product_cat-fegyver","8":"product_cat-uj","9":"product_cat-uj-golyos-fegyver","10":"product_tag-cz","11":"product_tag-cz-457-22wmr","12":"product_tag-golyos-puska","13":"product_tag-syntetic-tus","14":"product_tag-vadaszat","15":"product_tag-vadaszfegyver","17":"first","18":"instock","19":"taxable","20":"shipping-taxable","21":"product-type-simple"},"_links":{"self":[{"href":"https:\/\/www.vadaszboltcsorna.hu\/index.php\/wp-json\/wp\/v2\/product\/550","targetHints":{"allow":["GET"]}}],"collection":[{"href":"https:\/\/www.vadaszboltcsorna.hu\/index.php\/wp-json\/wp\/v2\/product"}],"about":[{"href":"https:\/\/www.vadaszboltcsorna.hu\/index.php\/wp-json\/wp\/v2\/types\/product"}],"replies":[{"embeddable":true,"href":"https:\/\/www.vadaszboltcsorna.hu\/index.php\/wp-json\/wp\/v2\/comments?post=550"}],"wp:featuredmedia":[{"embeddable":true,"href":"https:\/\/www.vadaszboltcsorna.hu\/index.php\/wp-json\/wp\/v2\/media\/555"}],"wp:attachment":[{"href":"https:\/\/www.vadaszboltcsorna.hu\/index.php\/wp-json\/wp\/v2\/media?parent=550"}],"wp:term":[{"taxonomy":"product_brand","embeddable":true,"href":"https:\/\/www.vadaszboltcsorna.hu\/index.php\/wp-json\/wp\/v2\/product_brand?post=550"},{"taxonomy":"product_cat","embeddable":true,"href":"https:\/\/www.vadaszboltcsorna.hu\/index.php\/wp-json\/wp\/v2\/product_cat?post=550"},{"taxonomy":"product_tag","embeddable":true,"href":"https:\/\/www.vadaszboltcsorna.hu\/index.php\/wp-json\/wp\/v2\/product_tag?post=550"}],"curies":[{"name":"wp","href":"https:\/\/api.w.org\/{rel}","templated":true}]}}