{"id":5454,"date":"2024-06-03T11:09:01","date_gmt":"2024-06-03T11:09:01","guid":{"rendered":"https:\/\/www.vadaszboltcsorna.hu\/?post_type=product&#038;p=5454"},"modified":"2024-06-05T06:44:40","modified_gmt":"2024-06-05T06:44:40","slug":"sytong-ht-77-16mm-ejjellato-tavolsagmerovel","status":"publish","type":"product","link":"https:\/\/www.vadaszboltcsorna.hu\/index.php\/termek\/sytong-ht-77-16mm-ejjellato-tavolsagmerovel\/","title":{"rendered":"SYTONG HT-77 16mm \u00e9jjell\u00e1t\u00f3 t\u00e1vols\u00e1gm\u00e9r\u0151vel"},"content":{"rendered":"<h2 class=\"product_title entry-title elementor-heading-title elementor-size-default\"><strong>SYTONG HT-77 16mm \u00e9jjell\u00e1t\u00f3 t\u00e1vols\u00e1gm\u00e9r\u0151vel<\/strong><\/h2>\n<p><img loading=\"lazy\" decoding=\"async\" class=\"alignnone size-medium wp-image-5455\" src=\"https:\/\/www.vadaszboltcsorna.hu\/wp-content\/uploads\/2024\/06\/SYTONG-NIGHT-VISION-.eu-Logo-Rot-Weiser-Hintergrund-1024x241-1-300x71.png\" alt=\"\" width=\"300\" height=\"71\" \/><\/p>\n<div class=\"elementor-element elementor-element-04a5d34 elementor-widget elementor-widget-heading\" data-id=\"04a5d34\" data-element_type=\"widget\" data-widget_type=\"heading.default\">\n<div class=\"elementor-widget-container\">\n<h3 class=\"elementor-heading-title elementor-size-default\">A Sytong HT-77 el\u0151nyei<\/h3>\n<\/div>\n<\/div>\n<div class=\"elementor-element elementor-element-dd78658 elementor-align-left elementor-icon-list--layout-traditional elementor-list-item-link-full_width elementor-widget elementor-widget-icon-list\" data-id=\"dd78658\" data-element_type=\"widget\" data-widget_type=\"icon-list.default\">\n<div class=\"elementor-widget-container\">\n<ul class=\"elementor-icon-list-items\">\n<li class=\"elementor-icon-list-item\"><i class=\"fas fa-check\" aria-hidden=\"true\"><\/i><span class=\"elementor-icon-list-text\">Az IR-vil\u00e1g\u00edt\u00f3 nem \u00e1lland\u00f3an a k\u00e9sz\u00fcl\u00e9kbe van be\u00e9p\u00edtve, \u00e9s kieg\u00e9sz\u00edt\u0151 opci\u00f3k\u00e9nt megv\u00e1s\u00e1rolhat\u00f3 t\u0151l\u00fcnk &#8211; a fegyvertart\u00e1si jogszab\u00e1lyoknak megfelel\u0151 haszn\u00e1lat lehets\u00e9ges.<\/span><\/li>\n<li class=\"elementor-icon-list-item\"><i class=\"fas fa-check\" aria-hidden=\"true\"><\/i><span class=\"elementor-icon-list-text\">Hosszabb akkumul\u00e1tor-\u00fczemid\u0151, mivel az opcion\u00e1lisan rendelhet\u0151 IR-vil\u00e1g\u00edt\u00f3 saj\u00e1t akkumul\u00e1torr\u00f3l m\u0171k\u00f6dik.<\/span><\/li>\n<li class=\"elementor-icon-list-item\"><i class=\"fas fa-check\" aria-hidden=\"true\"><\/i><span class=\"elementor-icon-list-text\">A Sytong tov\u00e1bbra is haszn\u00e1lhat\u00f3, ahol a Pard IR-vil\u00e1g\u00edt\u00f3 n\u00e9lk\u00fcl m\u00e1r nem l\u00e1that\u00f3.<\/span><\/li>\n<li class=\"elementor-icon-list-item\"><i class=\"fas fa-check\" aria-hidden=\"true\"><\/i><span class=\"elementor-icon-list-text\">A k\u00e9perny\u0151 egy gombnyom\u00e1ssal 10%-ig tomp\u00edthat\u00f3, azaz az &#8222;extra s\u00f6t\u00e9tb\u0151l&#8221; az &#8222;extra vil\u00e1gosba&#8221;. (A Pardn\u00e1l ez csak a men\u00fcben lehets\u00e9ges, \u00e9s csak 50%-ig).<\/span><\/li>\n<li class=\"elementor-icon-list-item\"><i class=\"fas fa-check\" aria-hidden=\"true\"><\/i><span class=\"elementor-icon-list-text\">Be\u00e9p\u00edtett giroszk\u00f3pos \u00e9rz\u00e9kel\u0151 forg\u00e1s- \u00e9s d\u0151l\u00e9ssz\u00f6g-kijelz\u00e9ssel.<\/span><\/li>\n<li class=\"elementor-icon-list-item\"><i class=\"fas fa-check\" aria-hidden=\"true\"><\/i><span class=\"elementor-icon-list-text\">Dedik\u00e1lt alkalmaz\u00e1s az \u00e9l\u0151 k\u00e9p\u00e1tvitelhez, k\u00f6zvetlen hozz\u00e1f\u00e9r\u00e9ssel a kor\u00e1bban t\u00e1rolt f\u00e9nyk\u00e9pekhez \u00e9s vide\u00f3khoz, amelyek k\u00f6zvetlen\u00fcl az okostelefonra t\u00f6lthet\u0151k le.<\/span><\/li>\n<li class=\"elementor-icon-list-item\"><i class=\"fas fa-check\" aria-hidden=\"true\"><\/i><span class=\"elementor-icon-list-text\">A jobban elhelyezett gombok egyszer\u0171s\u00edtik a m\u0171k\u00f6d\u00e9st, k\u00fcl\u00f6n\u00f6sen k\u00e9zi \u00fczemm\u00f3dban.<\/span><\/li>\n<li class=\"elementor-icon-list-item\"><i class=\"fas fa-check\" aria-hidden=\"true\"><\/i><span class=\"elementor-icon-list-text\">SD-k\u00e1rty\u00e1t sokkal k\u00f6nnyebb cser\u00e9lni.<\/span><\/li>\n<li class=\"elementor-icon-list-item\"><i class=\"fas fa-check\" aria-hidden=\"true\"><\/i><span class=\"elementor-icon-list-text\">K\u00e9p a k\u00e9pben funkci\u00f3.<\/span><\/li>\n<li class=\"elementor-icon-list-item\"><i class=\"fas fa-check\" aria-hidden=\"true\"><\/i><span class=\"elementor-icon-list-text\">Mivel ez egy ut\u00f3lag szerelhet\u0151 eszk\u00f6z, a felszerel\u00e9se nem v\u00e1ltoztatja meg a c\u00e9lt\u00e1vcs\u0151 \u00fctk\u00f6z\u00e9si pontj\u00e1t &#8211; ellent\u00e9tben a tartoz\u00e9kokkal -, azaz nem kell bel\u00f6v\u00e9sbe helyezni. Amint a c\u00e9lt\u00e1bl\u00e1hoz igaz\u00edtja a retik\u00fclj\u00e9t, akkor is eltal\u00e1lja a c\u00e9lt, m\u00e9g akkor is, ha a k\u00e9sz\u00fcl\u00e9ket ferd\u00e9n szerelte fel.<\/span><\/li>\n<li class=\"elementor-icon-list-item\"><i class=\"fas fa-check\" aria-hidden=\"true\"><\/i><span class=\"elementor-icon-list-text\">Lej\u00e1tsz\u00e1s funkci\u00f3: f\u00e9nyk\u00e9pekhez \u00e9s vide\u00f3khoz El\u0151n\u00e9zet a k\u00e9sz\u00fcl\u00e9kben.<\/span><\/li>\n<li class=\"elementor-icon-list-item\"><i class=\"fas fa-check\" aria-hidden=\"true\"><\/i><span class=\"elementor-icon-list-text\">Az okul\u00e1rra t\u00f6rt\u00e9n\u0151 felszerel\u00e9s el\u0151ny\u00f6s az objekt\u00edvre t\u00f6rt\u00e9n\u0151 felszerel\u00e9ssel szemben, mivel az ut\u00f3bbi eset\u00e9ben az optika bevonatos lencs\u00e9i nagyobb transzmisszi\u00f3s vesztes\u00e9get okozn\u00e1nak. \u00cdgy azonban m\u00e9g rossz l\u00e1t\u00e1si viszonyok k\u00f6z\u00f6tt is k\u00f6nnyen felismerhet\u0151 \u00e9s megk\u00f6zel\u00edthet\u0151 a vad.<\/span><\/li>\n<li class=\"elementor-icon-list-item\"><i class=\"fas fa-check\" aria-hidden=\"true\"><\/i><span class=\"elementor-icon-list-text\">A dioptriakompenz\u00e1ci\u00f3nak k\u00f6sz\u00f6nhet\u0151en szem\u00fcvegesek sz\u00e1m\u00e1ra is alkalmas, szem\u00fcveg n\u00e9lk\u00fcli felv\u00e9telk\u00e9sz\u00edt\u00e9s lehets\u00e9ges.<\/span><\/li>\n<li class=\"elementor-icon-list-item\"><i class=\"fas fa-check\" aria-hidden=\"true\"><\/i><span class=\"elementor-icon-list-text\">A f\u00f3kusz\u00e1lhat\u00f3 16 mm-es objekt\u00edv borotva\u00e9les k\u00e9peket biztos\u00edt k\u00fcl\u00f6nb\u00f6z\u0151 t\u00e1vols\u00e1gokb\u00f3l is.<\/span><\/li>\n<li class=\"elementor-icon-list-item\"><i class=\"fas fa-check\" aria-hidden=\"true\"><\/i><span class=\"elementor-icon-list-text\">A vide\u00f3- \u00e9s f\u00e9nyk\u00e9pfelv\u00e9teli funkci\u00f3k lehet\u0151v\u00e9 teszik, hogy dokument\u00e1lja az \u00e9jszakai vadmegfigyel\u00e9s vagy vad\u00e1szat pillanatait a k\u00e9s\u0151bbi megtekint\u00e9s \u00e9rdek\u00e9ben, \u00e9s t\u00e1rolja azokat a 32 GB-os micro SD k\u00e1rty\u00e1n.<\/span><\/li>\n<li class=\"elementor-icon-list-item\"><i class=\"fas fa-check\" aria-hidden=\"true\"><\/i><span class=\"elementor-icon-list-text\">\u00c9l\u0151 k\u00e9p\u00e1tvitel a v\u00e9gk\u00e9sz\u00fcl\u00e9kkel WLAN-kapcsolaton kereszt\u00fcl lehets\u00e9ges &#8211; az \u00e9l\u0151 felv\u00e9tel megtekint\u00e9se \u00e9s elment\u00e9se telefonon vagy t\u00e1blag\u00e9pen egy speci\u00e1lis Sytong App seg\u00edts\u00e9g\u00e9vel t\u00f6rt\u00e9nik (IOS \u00e9s Android kompatibilis).<\/span><\/li>\n<li class=\"elementor-icon-list-item\"><i class=\"fas fa-check\" aria-hidden=\"true\"><\/i><span class=\"elementor-icon-list-text\">A mell\u00e9kelt bajonettz\u00e1ras okul\u00e1radapternek k\u00f6sz\u00f6nhet\u0151en a k\u00e9sz\u00fcl\u00e9k m\u00e1sodpercek alatt, egy csukl\u00f3mozdulattal felszerelhet\u0151 \u00e9s leszerelhet\u0151.<\/span><\/li>\n<li class=\"elementor-icon-list-item\"><i class=\"fas fa-check\" aria-hidden=\"true\"><\/i><span class=\"elementor-icon-list-text\">Lej\u00e1tsz\u00e1s funkci\u00f3: f\u00e9nyk\u00e9pekhez \u00e9s vide\u00f3khoz El\u0151n\u00e9zet a k\u00e9sz\u00fcl\u00e9kben<\/span><\/li>\n<\/ul>\n<p>&nbsp;<\/p>\n<\/div>\n<\/div>\n<section class=\"elementor-section elementor-top-section elementor-element elementor-element-b4c2bd8 elementor-section-boxed elementor-section-height-default elementor-section-height-default\" data-id=\"b4c2bd8\" data-element_type=\"section\" data-settings=\"{&quot;jet_parallax_layout_list&quot;:[]}\">\n<div class=\"elementor-container elementor-column-gap-default\">\n<div class=\"elementor-column elementor-col-100 elementor-top-column elementor-element elementor-element-aa7d9b9\" data-id=\"aa7d9b9\" data-element_type=\"column\">\n<div class=\"elementor-widget-wrap elementor-element-populated\">\n<div class=\"elementor-element elementor-element-32b72c5 elementor-widget elementor-widget-heading\" data-id=\"32b72c5\" data-element_type=\"widget\" data-widget_type=\"heading.default\">\n<div class=\"elementor-widget-container\">\n<h3 class=\"elementor-heading-title elementor-size-default\">TULAJDONS\u00c1GOK:<\/h3>\n<\/div>\n<\/div>\n<\/div>\n<\/div>\n<\/div>\n<\/section>\n<section class=\"elementor-section elementor-top-section elementor-element elementor-element-f11237a elementor-section-boxed elementor-section-height-default elementor-section-height-default\" data-id=\"f11237a\" data-element_type=\"section\" data-settings=\"{&quot;jet_parallax_layout_list&quot;:[]}\">\n<div class=\"elementor-container elementor-column-gap-default\">\n<div class=\"elementor-column elementor-col-50 elementor-top-column elementor-element elementor-element-060be10\" data-id=\"060be10\" data-element_type=\"column\" data-settings=\"{&quot;background_background&quot;:&quot;classic&quot;}\">\n<div class=\"elementor-widget-wrap elementor-element-populated\">\n<div class=\"elementor-element elementor-element-371cdf0 elementor-widget elementor-widget-text-editor\" data-id=\"371cdf0\" data-element_type=\"widget\" data-widget_type=\"text-editor.default\">\n<div class=\"elementor-widget-container\">\n<p><strong>Visszah\u00faz\u00f3 er\u0151 (\u00fct\u00e9s\u00e1ll\u00f3s\u00e1g)<\/strong>\u00a06000 joule-ig<br \/>\n<strong>Optikai nagy\u00edt\u00e1s<\/strong>\u00a02x<br \/>\n<strong>Digit\u00e1lis nagy\u00edt\u00e1s (zoom)<\/strong>\u00a01x \u2013 3,5x<br \/>\n<strong>Sony CMOS<\/strong>\u00a0Igen<br \/>\n<strong>Objekt\u00edv<\/strong>\u00a0\u00d8 (mm) 16<br \/>\n<strong>L\u00e1t\u00f3t\u00e1vols\u00e1g (100 m)<\/strong>\u00a0kb. 32 m<br \/>\n<strong>F\u00f3kusz\u00e1l\u00e1si tartom\u00e1ny (cm)<\/strong>\u00a03 \u2013 v\u00e9gtelen<br \/>\n<strong>M\u00e9ret HxSzxK (mm)<\/strong>\u00a0111x62x106<br \/>\n<strong>Nett\u00f3 t\u00f6meg (g)<\/strong>\u00a0330<br \/>\n<strong>F\u00e9nyk\u00e9pfelbont\u00e1s (pixel)<\/strong>\u00a02608\u00d71944 (5 megapixel)<br \/>\n<strong>Mem\u00f3riak\u00e1rtya<\/strong>\u00a0Micro-SD Max. 32 GB<br \/>\n<strong>W-Lan (WiFi)<\/strong>\u00a0<strong>interf\u00e9sz<\/strong>\u00a0\/ alkalmaz\u00e1s Igen<br \/>\n<strong>Csatlakoz\u00e1sok<\/strong>\u00a0USB C t\u00edpus\u00fa<br \/>\n<strong>Az akkumul\u00e1tor \u00e9lettartama<\/strong>\u00a0(az akkumul\u00e1tor kapacit\u00e1s\u00e1t\u00f3l f\u00fcgg\u0151en) 4 \u2013 8 \u00f3ra<\/p>\n<\/div>\n<\/div>\n<\/div>\n<\/div>\n<div class=\"elementor-column elementor-col-50 elementor-top-column elementor-element elementor-element-806f40e\" data-id=\"806f40e\" data-element_type=\"column\" data-settings=\"{&quot;background_background&quot;:&quot;classic&quot;}\">\n<div class=\"elementor-widget-wrap elementor-element-populated\">\n<div class=\"elementor-element elementor-element-ac2d3b6 elementor-widget elementor-widget-text-editor\" data-id=\"ac2d3b6\" data-element_type=\"widget\" data-widget_type=\"text-editor.default\">\n<div class=\"elementor-widget-container\">\n<p><strong>Vide\u00f3felbont\u00e1s (pixel)<\/strong>\u00a01920\u00d71080 (Full HD)<br \/>\n<strong>Nappali \u00fczemm\u00f3dok + 2 \u00e9jszakai \u00fczemm\u00f3d<\/strong>\u00a0(S-W + z\u00f6ld) Igen<br \/>\n<strong>K\u00e9pkockasebess\u00e9g (k\u00e9pkocka\/m\u00e1sodperc)<\/strong>\u00a030 fps<br \/>\n<strong>Vide\u00f3 form\u00e1tum<\/strong>\u00a0MP4<br \/>\n<strong>Vide\u00f3 t\u00edpusa<\/strong>\u00a0AVI<br \/>\n<strong>OLED k\u00e9perny\u0151<\/strong>\u00a01280\u00d7960-as felbont\u00e1ssal (okul\u00e1r)<br \/>\n<strong>Alkalmas<\/strong>\u00a025-47 mm-es okul\u00e1rhoz (mm)<br \/>\n<strong>Dioptria be\u00e1ll\u00edt\u00e1s<\/strong>\u00a0+5 ~ -5<br \/>\n<strong>H\u0151m\u00e9rs\u00e9klet-tartom\u00e1ny<\/strong>\u00a0-20 \u00b0C \u00e9s +50 \u00b0C k\u00f6z\u00f6tt<br \/>\n<strong>Sz\u00edn<\/strong>\u00a0Fekete matt<br \/>\n<strong>\u00c9l\u0151 k\u00e9p\u00e1tvitel okostelefonra vagy t\u00e1blag\u00e9pre<\/strong>\u00a0Igen<br \/>\n<strong>Men\u00fc t\u00f6bb nyelven<\/strong>\u00a0(bele\u00e9rtve a n\u00e9metet is) Igen<br \/>\n<strong>PIP<\/strong>\u00a0(k\u00e9p a k\u00e9pben) \u2013\u00a0<strong>\u00daj!<\/strong>\u00a0Igen<br \/>\n<strong>\u00c1llv\u00e1ny aljzat rendelkez\u00e9sre \u00e1ll<\/strong>\u00a0Igen<br \/>\n<strong>IPX6 szerinti id\u0151j\u00e1r\u00e1s\u00e1ll\u00f3<\/strong>\u00a0Igen<br \/>\n<strong>Integr\u00e1lt l\u00e9zeres t\u00e1vols\u00e1gm\u00e9r\u0151 (LRF)<\/strong>\u00a0Igen<br \/>\n<strong>LRF-tartom\u00e1ny (m)<\/strong>\u00a0600m<br \/>\n<strong>Nappali \u00fczemm\u00f3dok<\/strong>\u00a0+ 2 \u00e9jszakai \u00fczemm\u00f3d (S-W + z\u00f6ld) Igen<br \/>\n<strong>Integr\u00e1lt IR l\u00e1mpa<\/strong>\u00a0Nem<br \/>\n<strong>Picatinny ny\u00edl\u00e1s el\u00e9rhet\u0151<\/strong>\u00a0Igen<\/p>\n<section class=\"elementor-section elementor-top-section elementor-element elementor-element-d8884e3 elementor-section-boxed elementor-section-height-default elementor-section-height-default\" data-id=\"d8884e3\" data-element_type=\"section\" data-settings=\"{&quot;jet_parallax_layout_list&quot;:[]}\">\n<div class=\"elementor-container elementor-column-gap-default\">\n<div class=\"elementor-column elementor-col-100 elementor-top-column elementor-element elementor-element-eecf62a\" data-id=\"eecf62a\" data-element_type=\"column\">\n<div class=\"elementor-widget-wrap elementor-element-populated\">\n<div class=\"elementor-element elementor-element-4ff12cf elementor-widget elementor-widget-heading\" data-id=\"4ff12cf\" data-element_type=\"widget\" data-widget_type=\"heading.default\">\n<div class=\"elementor-widget-container\">\n<h3 class=\"elementor-heading-title elementor-size-default\">TARTOZ\u00c9KOK:<\/h3>\n<\/div>\n<\/div>\n<\/div>\n<\/div>\n<\/div>\n<\/section>\n<section class=\"elementor-section elementor-top-section elementor-element elementor-element-3b8f323 elementor-section-boxed elementor-section-height-default elementor-section-height-default\" data-id=\"3b8f323\" data-element_type=\"section\" data-settings=\"{&quot;jet_parallax_layout_list&quot;:[]}\">\n<div class=\"elementor-container elementor-column-gap-default\">\n<div class=\"elementor-column elementor-col-50 elementor-top-column elementor-element elementor-element-a76b19e\" data-id=\"a76b19e\" data-element_type=\"column\" data-settings=\"{&quot;background_background&quot;:&quot;classic&quot;}\">\n<div class=\"elementor-widget-wrap elementor-element-populated\">\n<div class=\"elementor-element elementor-element-0179ab3 elementor-widget elementor-widget-text-editor\" data-id=\"0179ab3\" data-element_type=\"widget\" data-widget_type=\"text-editor.default\">\n<div class=\"elementor-widget-container\">\n<p>18650-Li-Ion\u00a0<strong>szabv\u00e1nyos akkumul\u00e1tor<\/strong><br \/>\nExtra er\u0151s\u00a0<strong>csereakkumul\u00e1tor<\/strong>\u00a0Samsung vagy LG 18650-Li-Ion 3450 mAh kapacit\u00e1s\u00fa 18650-Li-Ion akkumul\u00e1tort\u00f3l<br \/>\nXstar<strong>\u00a0USB t\u00f6lt\u0151<\/strong>\u00a0szintjelz\u0151vel 18650-Li-Ion akkumul\u00e1torokhoz<br \/>\n<strong>Univerz\u00e1lis gyors adapter<\/strong>\u00a036-47 mm-es okul\u00e1rokhoz<br \/>\n2\u00a0<strong>t\u00f6m\u00edt\u0151gy\u0171r\u0171<\/strong>\u00a0a bajonett r\u00f6gz\u00edt\u00e9shez \u00e9s az akkumul\u00e1torfed\u00e9lhez<br \/>\nSz\u00e1mla 2 \u00e9v\u00a0<strong>garanci\u00e1val<\/strong><br \/>\nN\u00e9met \u00e9s angol nyelv\u0171\u00a0<strong>haszn\u00e1lati utas\u00edt\u00e1s<\/strong><\/p>\n<\/div>\n<\/div>\n<\/div>\n<\/div>\n<div class=\"elementor-column elementor-col-50 elementor-top-column elementor-element elementor-element-1e0c697\" data-id=\"1e0c697\" data-element_type=\"column\" data-settings=\"{&quot;background_background&quot;:&quot;classic&quot;}\">\n<div class=\"elementor-widget-wrap elementor-element-populated\">\n<div class=\"elementor-element elementor-element-b76ffb5 elementor-widget elementor-widget-text-editor\" data-id=\"b76ffb5\" data-element_type=\"widget\" data-widget_type=\"text-editor.default\">\n<div class=\"elementor-widget-container\">\n<p>2\u00a0<strong>t\u00f6m\u00edt\u0151gy\u0171r\u0171<\/strong>\u00a0a bajonett r\u00f6gz\u00edt\u00e9shez \u00e9s az elemfed\u00e9lhez<br \/>\n<strong>Kompenz\u00e1l\u00f3 szalag<\/strong>\u00a0az okul\u00e1rhoz (az \u00e1tm\u00e9r\u0151 be\u00e1ll\u00edt\u00e1s\u00e1hoz \u00e9s a karcol\u00e1sok elleni v\u00e9delemhez)<br \/>\n<strong>T\u00e1rol\u00f3 t\u00e1ska<\/strong><br \/>\n<strong>\u00c1llv\u00e1ny adapter<\/strong><br \/>\nUSB t\u00f6lt\u0151k\u00e1bel \/ adatk\u00e1bel<br \/>\n<strong>Inbuszkulcs<\/strong><br \/>\n<strong>Tiszt\u00edt\u00f3 kend\u0151<\/strong><\/p>\n<p><img loading=\"lazy\" decoding=\"async\" class=\"alignnone size-medium wp-image-5456\" src=\"https:\/\/www.vadaszboltcsorna.hu\/wp-content\/uploads\/2024\/06\/Sytong-HT-77-LRF-nachtschichtgeraet-02-300x300.jpg\" alt=\"\" width=\"300\" height=\"300\" \/><\/p>\n<p><img loading=\"lazy\" decoding=\"async\" class=\"alignnone size-medium wp-image-5457\" src=\"https:\/\/www.vadaszboltcsorna.hu\/wp-content\/uploads\/2024\/06\/Sytong-HT-77-LRF-nachtschichtgeraet-03-1-1-288x300.jpg\" alt=\"\" width=\"288\" height=\"300\" \/><\/p>\n<p>&nbsp;<\/p>\n<\/div>\n<\/div>\n<\/div>\n<\/div>\n<\/div>\n<\/section>\n<\/div>\n<\/div>\n<\/div>\n<\/div>\n<\/div>\n<\/section>\n","protected":false},"excerpt":{"rendered":"<p>SYTONG HT-77 16mm \u00e9jjell\u00e1t\u00f3 t\u00e1vols\u00e1gm\u00e9r\u0151vel A Sytong HT-77 el\u0151nyei Az IR-vil\u00e1g\u00edt\u00f3 nem \u00e1lland\u00f3an a k\u00e9sz\u00fcl\u00e9kbe van be\u00e9p\u00edtve, \u00e9s kieg\u00e9sz\u00edt\u0151 opci\u00f3k\u00e9nt megv\u00e1s\u00e1rolhat\u00f3 t\u0151l\u00fcnk &#8211; a fegyvertart\u00e1si jogszab\u00e1lyoknak megfelel\u0151 haszn\u00e1lat lehets\u00e9ges. Hosszabb akkumul\u00e1tor-\u00fczemid\u0151, mivel az opcion\u00e1lisan rendelhet\u0151 IR-vil\u00e1g\u00edt\u00f3 saj\u00e1t akkumul\u00e1torr\u00f3l m\u0171k\u00f6dik. A Sytong tov\u00e1bbra is haszn\u00e1lhat\u00f3, ahol a Pard IR-vil\u00e1g\u00edt\u00f3 n\u00e9lk\u00fcl m\u00e1r nem l\u00e1that\u00f3. A k\u00e9perny\u0151 egy [&hellip;]<\/p>\n","protected":false},"featured_media":5462,"comment_status":"open","ping_status":"closed","template":"","meta":{"_et_pb_use_builder":"","_et_pb_old_content":"","_et_gb_content_width":"","om_disable_all_campaigns":false},"product_brand":[],"product_cat":[21,136],"product_tag":[1299,86],"class_list":{"0":"post-5454","1":"product","2":"type-product","3":"status-publish","4":"has-post-thumbnail","6":"product_cat-uj","7":"product_cat-ejjellato-elotet","8":"product_tag-sytong-ht-77-16mm-ejjellato-tavolsagmerovel","9":"product_tag-vadaszoptika","11":"first","12":"instock","13":"sale","14":"taxable","15":"shipping-taxable","16":"purchasable","17":"product-type-simple"},"_links":{"self":[{"href":"https:\/\/www.vadaszboltcsorna.hu\/index.php\/wp-json\/wp\/v2\/product\/5454","targetHints":{"allow":["GET"]}}],"collection":[{"href":"https:\/\/www.vadaszboltcsorna.hu\/index.php\/wp-json\/wp\/v2\/product"}],"about":[{"href":"https:\/\/www.vadaszboltcsorna.hu\/index.php\/wp-json\/wp\/v2\/types\/product"}],"replies":[{"embeddable":true,"href":"https:\/\/www.vadaszboltcsorna.hu\/index.php\/wp-json\/wp\/v2\/comments?post=5454"}],"wp:featuredmedia":[{"embeddable":true,"href":"https:\/\/www.vadaszboltcsorna.hu\/index.php\/wp-json\/wp\/v2\/media\/5462"}],"wp:attachment":[{"href":"https:\/\/www.vadaszboltcsorna.hu\/index.php\/wp-json\/wp\/v2\/media?parent=5454"}],"wp:term":[{"taxonomy":"product_brand","embeddable":true,"href":"https:\/\/www.vadaszboltcsorna.hu\/index.php\/wp-json\/wp\/v2\/product_brand?post=5454"},{"taxonomy":"product_cat","embeddable":true,"href":"https:\/\/www.vadaszboltcsorna.hu\/index.php\/wp-json\/wp\/v2\/product_cat?post=5454"},{"taxonomy":"product_tag","embeddable":true,"href":"https:\/\/www.vadaszboltcsorna.hu\/index.php\/wp-json\/wp\/v2\/product_tag?post=5454"}],"curies":[{"name":"wp","href":"https:\/\/api.w.org\/{rel}","templated":true}]}}