{"id":5448,"date":"2024-06-03T10:55:26","date_gmt":"2024-06-03T10:55:26","guid":{"rendered":"https:\/\/www.vadaszboltcsorna.hu\/?post_type=product&#038;p=5448"},"modified":"2026-05-14T20:43:48","modified_gmt":"2026-05-14T20:43:48","slug":"sytong-ht-66-digitalis-ejjellato-moge-tet-16mm-940-nm","status":"publish","type":"product","link":"https:\/\/www.vadaszboltcsorna.hu\/index.php\/termek\/sytong-ht-66-digitalis-ejjellato-moge-tet-16mm-940-nm\/","title":{"rendered":"Sytong HT-66 digit\u00e1lis \u00e9jjell\u00e1t\u00f3 m\u00f6g\u00e9-t\u00e9t 16mm, 940 nm"},"content":{"rendered":"<h2><strong>Sytong HT-66 digit\u00e1lis \u00e9jjell\u00e1t\u00f3 m\u00f6g\u00e9-t\u00e9t 16mm, 940 nm<\/strong><\/h2>\n<h3><strong>Fedezze fel az \u00c9jszak\u00e1t a Sytong HT-66 Digit\u00e1lis \u00c9jjell\u00e1t\u00f3 M\u00f6g\u00e9-t\u00e9ttel!<\/strong><\/h3>\n<h3>K\u00fcl\u00f6nleges \u00e9jszakai kalandok v\u00e1rj\u00e1k \u00d6nt a Sytong HT-66 digit\u00e1lis \u00e9jjell\u00e1t\u00f3 m\u00f6g\u00e9-t\u00e9ttel. Ez a k\u00e9sz\u00fcl\u00e9k t\u00f6k\u00e9letes kombin\u00e1ci\u00f3ja a modern technol\u00f3gi\u00e1nak \u00e9s kiv\u00e1l\u00f3 teljes\u00edtm\u00e9nynek, mindez egy rendk\u00edv\u00fcl k\u00f6nny\u0171, mind\u00f6ssze 250g-os csomagban.<\/h3>\n<h3><strong>F\u0151bb Jellemz\u0151k:<\/strong><\/h3>\n<ul>\n<li>\n<h3><strong>K\u00f6nny\u0171 \u00e9s Hat\u00e9kony<\/strong>: A Sytong HT-66 csup\u00e1n 250g, \u00edgy nem terheli a felhaszn\u00e1l\u00f3t a hossz\u00fa \u00e9jszakai exped\u00edci\u00f3k sor\u00e1n.<\/h3>\n<\/li>\n<li>\n<h3><strong>Nagy\u00edt\u00e1s Min\u0151s\u00e9groml\u00e1s N\u00e9lk\u00fcl<\/strong>: A parallax \u00e1ll\u00edt\u00e1si lehet\u0151s\u00e9ggel rendelkez\u0151 c\u00e9lt\u00e1vcs\u00f6vekkel a k\u00e9p b\u00e1rmekkora nagy\u00edt\u00e1sn\u00e1l \u00e9les marad.<\/h3>\n<\/li>\n<li>\n<h3><strong>Biztons\u00e1gos \u00e9s K\u00e9nyelmes<\/strong>: A m\u00f6g\u00e9t\u00e9t olyan t\u00e1vols\u00e1gra helyezi a c\u00e9lt\u00e1vcs\u0151h\u00f6z, ami biztos\u00edtja a felhaszn\u00e1l\u00f3 k\u00e9nyelm\u00e9t \u00e9s biztons\u00e1g\u00e1t.<\/h3>\n<\/li>\n<li>\n<h3><strong>Kiv\u00e1l\u00f3 K\u00e9pmin\u0151s\u00e9g<\/strong>: A f\u00f3kusz\u00e1lhat\u00f3 12 vagy 16 mm-es objekt\u00edv \u00e9les k\u00e9peket biztos\u00edt.<\/h3>\n<\/li>\n<\/ul>\n<h3><strong>Tov\u00e1bbi Funkci\u00f3k:<\/strong><\/h3>\n<ul>\n<li>\n<h3><strong>\u00c9l\u0151 K\u00e9p\u00e1tvitel \u00e9s Felv\u00e9tel<\/strong>: R\u00f6gz\u00edtse az \u00e9jszakai kalandokat vide\u00f3n vagy f\u00e9nyk\u00e9pen, \u00e9s ossza meg \u0151ket \u00e9l\u0151ben a Sytong App seg\u00edts\u00e9g\u00e9vel.<\/h3>\n<\/li>\n<li>\n<h3><strong>Be\u00e9p\u00edtett Infravet\u0151<\/strong>: A 150 m\u00e9terig hat\u00f3, 3 fokozatban \u00e1ll\u00edthat\u00f3 infravet\u0151vel kiv\u00e1l\u00f3 l\u00e1that\u00f3s\u00e1got biztos\u00edt.<\/h3>\n<\/li>\n<li>\n<h3><strong>Robusztus Kialak\u00edt\u00e1s<\/strong>: L\u00f6v\u00e9s\u00e1ll\u00f3 max. 6000J-ig, \u00e9s m\u0171k\u00f6dik -20 \u00b0C \u00e9s +50 \u00b0C k\u00f6z\u00f6tti h\u0151m\u00e9rs\u00e9kleten.<\/h3>\n<\/li>\n<\/ul>\n<h3><strong>Technikai Adatok:<\/strong><\/h3>\n<ul>\n<li>\n<h3>Optikai nagy\u00edt\u00e1s: 1x, Digit\u00e1lis nagy\u00edt\u00e1s: 1x \u2013 3,5x<\/h3>\n<\/li>\n<li>\n<h3>Sony CMOS szenzor<\/h3>\n<\/li>\n<li>\n<h3>F\u00e9nyk\u00e9pfelbont\u00e1s: 2608\u00d71944 pixel, Vide\u00f3felbont\u00e1s: 1920\u00d71080 (Full HD)<\/h3>\n<\/li>\n<li>\n<h3>Akkumul\u00e1tor \u00e9lettartama: 4 \u2013 8 \u00f3ra (akkumul\u00e1tor kapacit\u00e1s\u00e1t\u00f3l f\u00fcgg\u0151en)<\/h3>\n<\/li>\n<\/ul>\n<h3><\/h3>\n<h3><strong>Vad\u00e1szat \u00e9s Term\u00e9szetj\u00e1r\u00e1s \u00daj Szinten: A Sytong HT-66 \u00c9jjell\u00e1t\u00f3 M\u00f6g\u00e9-t\u00e9t<\/strong><\/h3>\n<h3>A Sytong HT-66 digit\u00e1lis \u00e9jjell\u00e1t\u00f3 m\u00f6g\u00e9-t\u00e9t nem csak egy eszk\u00f6z \u2013 ez egy innov\u00e1ci\u00f3, amely \u00faj perspekt\u00edv\u00e1t nyit a term\u00e9szet \u00e9s a vad\u00e1szat \u00e9jszakai vil\u00e1g\u00e1ban. Minden r\u00e9szlet\u00e9t \u00fagy tervezt\u00e9k, hogy maximaliz\u00e1lja a teljes\u00edtm\u00e9nyt \u00e9s a k\u00e9nyelmet, mik\u00f6zben minim\u00e1lisra cs\u00f6kkenti a s\u00falyt.<\/h3>\n<h3><strong>Egyed\u00fcl\u00e1ll\u00f3 El\u0151ny\u00f6k:<\/strong><\/h3>\n<ul>\n<li>\n<h3><strong>C\u00e9lt\u00e1vcs\u0151 Integr\u00e1ci\u00f3<\/strong>: A megl\u00e9v\u0151 c\u00e9lt\u00e1vcs\u0151vel k\u00f6nnyed\u00e9n integr\u00e1lhat\u00f3, \u00edgy nincs sz\u00fcks\u00e9g k\u00fcl\u00f6n be\u00e1ll\u00edt\u00e1sra.<\/h3>\n<\/li>\n<li>\n<h3><strong>Hat\u00e9kony Infrav\u00f6r\u00f6s Technol\u00f3gia<\/strong>: Az \u00e9jszakai k\u00e9pmin\u0151s\u00e9get a be\u00e9p\u00edtett 940nm-es infravet\u0151vel tov\u00e1bb jav\u00edtja, amely ak\u00e1r 150 m\u00e9teres t\u00e1vols\u00e1gban is tiszta k\u00e9pet biztos\u00edt.<\/h3>\n<\/li>\n<li>\n<h3><strong>Intuit\u00edv Felhaszn\u00e1l\u00f3i \u00c9lm\u00e9ny<\/strong>: A Sytong App-on kereszt\u00fcli \u00e9l\u0151 k\u00e9p\u00e1tvitellel \u00e9s a k\u00f6nnyen kezelhet\u0151 fel\u00fcletekkel a term\u00e9k haszn\u00e1lata egyszer\u0171 \u00e9s \u00e9lvezetes.<\/h3>\n<\/li>\n<\/ul>\n<h3><strong>Technikai Param\u00e9terek:<\/strong><\/h3>\n<ul>\n<li>\n<h3>K\u00e9perny\u0151: 1024\u00d7768 OLED a krist\u00e1lytiszta k\u00e9pek\u00e9rt<\/h3>\n<\/li>\n<li>\n<h3>Dioptria \u00e1ll\u00edt\u00e1s: +5 ~ -5, \u00edgy minden l\u00e1t\u00e1si ig\u00e9nyhez igazodik<\/h3>\n<\/li>\n<li>\n<h3>Mem\u00f3riak\u00e1rtya: microSD (max. 32 GB), hogy minden fontos pillanatot meg\u00f6r\u00f6k\u00edthessen<\/h3>\n<\/li>\n<li>\n<h3>PIP (k\u00e9p a k\u00e9pben) funkci\u00f3: a r\u00e9szletek m\u00e9g nagyobb hangs\u00falyoz\u00e1s\u00e1hoz<\/h3>\n<\/li>\n<li>\n<h3>USB C t\u00edpus\u00fa csatlakoz\u00f3: a modern \u00e9s gyors csatlakoztat\u00e1s\u00e9rt<\/h3>\n<\/li>\n<\/ul>\n<h3><\/h3>\n<h3>A Sytong HT-66-os modelj\u00e9n\u00e9l az alacsony s\u00faly (250g) \u00e9s a kimagasl\u00f3 teljes\u00edtm\u00e9ny rendk\u00edv\u00fcl kedvez\u0151 \u00e1rral p\u00e1rosul.<br \/>\nA m\u00f6g\u00e9t\u00e9tekre jellemz\u0151en, a k\u00e9sz\u00fcl\u00e9kben, a t\u00e1vcs\u0151 \u00e1ltal k\u00f6zvet\u00edtett k\u00e9pet l\u00e1tjuk azaz, ha c\u00e9lt\u00e1vcs\u00f6v\u00fcnk pontos, k\u00fcl\u00f6n a m\u00f6g\u00e9t\u00e9tet m\u00e1r nem kell bel\u0151n\u00fcnk.<br \/>\nMivel a k\u00e9sz\u00fcl\u00e9kben a c\u00e9lt\u00e1vcs\u0151 k\u00e9p\u00e9t l\u00e1tjuk, egy megfelel\u0151 parallax \u00e1ll\u00edt\u00e1si lehet\u0151s\u00e9g\u0171 c\u00e9lt\u00e1vcs\u0151vel b\u00e1rmeddig nagy\u00edthatjuk a k\u00e9pet, min\u0151s\u00e9groml\u00e1s n\u00e9lk\u00fcl.<br \/>\nA m\u00f6g\u00e9t\u00e9t nagyj\u00e1b\u00f3l annyit tesz hozz\u00e1 t\u00e1vols\u00e1gaban a c\u00e9lt\u00e1vcs\u0151h\u00f6z, amilyen t\u00e1volr\u00f3l egy\u00e9bk\u00e9nt is n\u00e9zn\u00e9 a c\u00e9lt\u00e1vcs\u00f6vet, \u00edgy nem kell att\u00f3l f\u00e9lni, hogy homlokon v\u00e1gja. A f\u00f3kusz\u00e1lhat\u00f3 12 vagy 16 mm-es objekt\u00edv borotva\u00e9les k\u00e9peket biztos\u00edt k\u00fcl\u00f6nb\u00f6z\u0151. A vide\u00f3- \u00e9s f\u00e9nyk\u00e9pfelv\u00e9teli funkci\u00f3k lehet\u0151v\u00e9 teszi, hogy microSD k\u00e1rty\u00e1ra r\u00f6gz\u00edtse az \u00e9jszakai vadmegfigyel\u00e9s vagy vad\u00e1szat pillanatait. \u00c9l\u0151 k\u00e9p\u00e1tvitel WiFi-n kereszt\u00fcl lehets\u00e9ges \u2013 az \u00e9l\u0151 felv\u00e9tel megtekint\u00e9se \u00e9s elment\u00e9se telefonon vagy t\u00e1blag\u00e9pen a Sytong App seg\u00edts\u00e9g\u00e9vel t\u00f6rt\u00e9nik (IOS \u00e9s Android).<br \/>\nNincs sz\u00fcks\u00e9g k\u00fcls\u0151 infravet\u0151re: a be\u00e9p\u00edtett, 3 fokozatban \u00e1ll\u00edthat\u00f3, f\u00f3kusz\u00e1lhat\u00f3 vet\u0151 150 m-es t\u00e1vols\u00e1gig tiszta l\u00e1that\u00f3s\u00e1got biztos\u00edt.<\/h3>\n<h3>L\u00f6v\u00e9s\u00e1ll\u00f3s\u00e1g: max. 6000J<br \/>\nOptikai nagy\u00edt\u00e1s: 1x<br \/>\nDigit\u00e1lis nagy\u00edt\u00e1s: 1x \u2013 3,5x<br \/>\nSony CMOS szenzor<br \/>\nObjekt\u00edv \u00d8 (mm) 16<br \/>\nM\u00e9ret: 111x47x97mm<br \/>\nNett\u00f3 t\u00f6meg: 250g<br \/>\nF\u00e9nyk\u00e9pfelbont\u00e1s: 2608\u00d71944 pixel<br \/>\nAz infrav\u00f6r\u00f6s vet\u0151 \u00e1ll\u00edthat\u00f3s\u00e1ga: 3<br \/>\nInfrav\u00f6r\u00f6s vet\u0151 f\u00f3kusz\u00e1lhat\u00f3: Igen<br \/>\nMem\u00f3riak\u00e1rtya: microSD Max. 32 GB<br \/>\nWiFi: Igen<br \/>\nCsatlakoz\u00f3: USB C t\u00edpus\u00fa<br \/>\nAz akkumul\u00e1tor \u00e9lettartama: (az akkumul\u00e1tor kapacit\u00e1s\u00e1t\u00f3l f\u00fcgg\u0151en) 4 \u2013 8 \u00f3ra<br \/>\nVide\u00f3felbont\u00e1s (pixel) 1920\u00d71080 (Full HD)<br \/>\n\u00dczemm\u00f3dok: Nappali, \u00e9jszakai, \u00e9jszakai z\u00f6ld<br \/>\nK\u00e9perny\u0151: 1024\u00d7768 OLED<br \/>\nAlkalmas 25-48 mm-es okul\u00e1rhoz (mm)<br \/>\nDioptria \u00e1ll\u00edt\u00e1s: +5 ~ -5<br \/>\nA be\u00e9p\u00edtett infra vet\u0151 teljes\u00edtm\u00e9nye: 5 w<br \/>\nBe\u00e9p\u00edtett infravet\u0151 hull\u00e1mhossza:940nm<br \/>\nAkkumul\u00e1tor t\u00edpusa: 18650<br \/>\nM\u0171k\u00f6d\u00e9si h\u0151m\u00e9rs\u00e9klet: -20 \u00b0C \u00e9s +50 \u00b0C k\u00f6z\u00f6tt<br \/>\n\u00c9l\u0151 k\u00e9p\u00e1tvitel okostelefonra vagy t\u00e1blag\u00e9pre: Igen<br \/>\nPIP (k\u00e9p a k\u00e9pben) \u2013 Igen<\/h3>\n","protected":false},"excerpt":{"rendered":"<p>Sytong HT-66 digit\u00e1lis \u00e9jjell\u00e1t\u00f3 m\u00f6g\u00e9-t\u00e9t 16mm, 940 nm Fedezze fel az \u00c9jszak\u00e1t a Sytong HT-66 Digit\u00e1lis \u00c9jjell\u00e1t\u00f3 M\u00f6g\u00e9-t\u00e9ttel! K\u00fcl\u00f6nleges \u00e9jszakai kalandok v\u00e1rj\u00e1k \u00d6nt a Sytong HT-66 digit\u00e1lis \u00e9jjell\u00e1t\u00f3 m\u00f6g\u00e9-t\u00e9ttel. Ez a k\u00e9sz\u00fcl\u00e9k t\u00f6k\u00e9letes kombin\u00e1ci\u00f3ja a modern technol\u00f3gi\u00e1nak \u00e9s kiv\u00e1l\u00f3 teljes\u00edtm\u00e9nynek, mindez egy rendk\u00edv\u00fcl k\u00f6nny\u0171, mind\u00f6ssze 250g-os csomagban. F\u0151bb Jellemz\u0151k: K\u00f6nny\u0171 \u00e9s Hat\u00e9kony: A Sytong HT-66 [&hellip;]<\/p>\n","protected":false},"featured_media":5452,"comment_status":"open","ping_status":"closed","template":"","meta":{"_et_pb_use_builder":"","_et_pb_old_content":"","_et_gb_content_width":"","om_disable_all_campaigns":false},"product_brand":[],"product_cat":[21,136],"product_tag":[1298,632,1297],"class_list":{"0":"post-5448","1":"product","2":"type-product","3":"status-publish","4":"has-post-thumbnail","6":"product_cat-uj","7":"product_cat-ejjellato-elotet","8":"product_tag-940-nm","9":"product_tag-optika","10":"product_tag-sytong-ht-66-digitalis-ejjellato-moge-tet-16mm","12":"first","13":"instock","14":"sale","15":"taxable","16":"shipping-taxable","17":"purchasable","18":"product-type-simple"},"_links":{"self":[{"href":"https:\/\/www.vadaszboltcsorna.hu\/index.php\/wp-json\/wp\/v2\/product\/5448","targetHints":{"allow":["GET"]}}],"collection":[{"href":"https:\/\/www.vadaszboltcsorna.hu\/index.php\/wp-json\/wp\/v2\/product"}],"about":[{"href":"https:\/\/www.vadaszboltcsorna.hu\/index.php\/wp-json\/wp\/v2\/types\/product"}],"replies":[{"embeddable":true,"href":"https:\/\/www.vadaszboltcsorna.hu\/index.php\/wp-json\/wp\/v2\/comments?post=5448"}],"wp:featuredmedia":[{"embeddable":true,"href":"https:\/\/www.vadaszboltcsorna.hu\/index.php\/wp-json\/wp\/v2\/media\/5452"}],"wp:attachment":[{"href":"https:\/\/www.vadaszboltcsorna.hu\/index.php\/wp-json\/wp\/v2\/media?parent=5448"}],"wp:term":[{"taxonomy":"product_brand","embeddable":true,"href":"https:\/\/www.vadaszboltcsorna.hu\/index.php\/wp-json\/wp\/v2\/product_brand?post=5448"},{"taxonomy":"product_cat","embeddable":true,"href":"https:\/\/www.vadaszboltcsorna.hu\/index.php\/wp-json\/wp\/v2\/product_cat?post=5448"},{"taxonomy":"product_tag","embeddable":true,"href":"https:\/\/www.vadaszboltcsorna.hu\/index.php\/wp-json\/wp\/v2\/product_tag?post=5448"}],"curies":[{"name":"wp","href":"https:\/\/api.w.org\/{rel}","templated":true}]}}