{"id":54,"date":"2021-04-12T08:14:11","date_gmt":"2021-04-12T08:14:11","guid":{"rendered":"http:\/\/www.vadaszboltcsorna.hu\/?post_type=product&#038;p=54"},"modified":"2026-05-07T20:18:21","modified_gmt":"2026-05-07T20:18:21","slug":"akah-celtavcso-sportloveszethez-10-40x56la","status":"publish","type":"product","link":"https:\/\/www.vadaszboltcsorna.hu\/index.php\/termek\/akah-celtavcso-sportloveszethez-10-40x56la\/","title":{"rendered":"AKAH c\u00e9lt\u00e1vcs\u0151 sportl\u00f6v\u00e9szethez 10-40x56LA"},"content":{"rendered":"<h1><strong>AKAH c\u00e9lt\u00e1vcs\u0151 sportl\u00f6v\u00e9szethez 10-40x56LA<\/strong><\/h1>\n<h4><span class=\"product_desc\">Pr\u00e9mium kateg\u00f3ri\u00e1s t\u00e1vcs\u0151 megfizethet\u0151 \u00e1ron, \u00edgy jellemezhetj\u00fck az AKAH t\u00e1vcs\u00f6veit! A kompromisszummentes megjelen\u00e9s pontos mechanik\u00e1val p\u00e1rosul. Vad\u00e1szoknak \u00e9s sportl\u00f6v\u0151knek egyar\u00e1nt t\u00f6k\u00e9letes v\u00e1laszt\u00e1s. A tubus elox\u00e1lt alum\u00edniumb\u00f3l k\u00e9sz\u00fclt, a lencs\u00e9k \u00fcvegb\u0151l k\u00e9sz\u00fcltek, az anyagv\u00e1laszt\u00e1sn\u00e1l a gy\u00e1rt\u00f3 nem k\u00f6t\u00f6tt kompromisszumot. Term\u00e9szetesen a lencs\u00e9k t\u00f6bbr\u00e9teg\u0171 bevonatot kaptak, maximaliz\u00e1lva a f\u00e9ny\u00e1tereszt\u00e9st \u00e9s az optikai teljes\u00edtm\u00e9nyt. A tubus term\u00e9szetesen nitrog\u00e9n g\u00e1zzal ker\u00fclt felt\u00f6lt\u00e9sre, \u00edgy kiz\u00e1rt a lencs\u00e9k p\u00e1r\u00e1sod\u00e1sa. Sz\u00e1lkereszt megvil\u00e1g\u00edt\u00e1ssal rendelkezik, az 11 l\u00e9p\u00e9sben \u00e1ll\u00edthat\u00f3, \u00edgy a f\u00e9nyviszonyoknak megfelel\u0151en \u00e9rhetj\u00fck el a sz\u00e1lkereszt t\u00f6k\u00e9letes l\u00e1that\u00f3s\u00e1g\u00e1t. A sz\u00e1lkereszt \u00bc MOA l\u00e9p\u00e9sekben \u00e1ll\u00edthat\u00f3. <\/span><\/h4>\n<h4>-A t\u00e1vcs\u0151 mil-dot sz\u00e1lkeresztes.<\/h4>\n<h4>-Az egy darabb\u00f3l k\u00e9sz\u00fclt 30 mm-es alum\u00ednium cs\u0151 \u00fct\u00e9s- \u00e9s l\u00f6v\u00e9s\u00e1ll\u00f3.<\/h4>\n<h4>-A nagy objekt\u00edvnek, a kiv\u00e1l\u00f3 optikai rendszernek \u00e9s a magas f\u00e9ny\u00e1tereszt\u00e9snek k\u00f6sz\u00f6nhet\u0151en egy ragyog\u00f3, tiszta \u00e9s \u00e9les k\u00e9p \u00e9rhet\u0151 el ak\u00e1r sz\u00fcrk\u00fclet vagy \u00e9jjel is.<\/h4>\n<h4>-Az oldals\u00f3 parallaxis be\u00e1ll\u00edt\u00e1s sz\u00e9lesebb t\u00e1vols\u00e1gtartom\u00e1nyban optim\u00e1lis pontoss\u00e1got biztos\u00edt.<\/h4>\n<h4>-A Mil-Dot t\u00edpus\u00fa sz\u00e1lkereszt vil\u00e1g\u00edt\u00e1sa 11 intenzit\u00e1si fokozatban \u00e1ll\u00edthat\u00f3.<\/h4>\n<h4>-Az Akah 10-40&#215;56 \u00e1r-\u00e9rt\u00e9k ar\u00e1nyban \u00e9s felhaszn\u00e1l\u00e1si lehet\u0151s\u00e9geiben is magasan veri a piacon a hasonl\u00f3 t\u00e1vcs\u00f6veket.<\/h4>\n<h4><strong>Az AKAH 10-40&#215;56 LA c\u00e9lt\u00e1vcs\u0151 tulajdons\u00e1gai:<\/strong><\/h4>\n<ul>\n<li>\n<h4>magas min\u0151s\u00e9g\u0171 lencs\u00e9k<\/h4>\n<\/li>\n<li>\n<h4>fejlett lencsev\u00e9d\u0151 bevonat<\/h4>\n<\/li>\n<li>\n<h4>ellen\u00e1ll\u00f3 \u00f6tv\u00f6zetb\u0151l k\u00e9sz\u00fclt egybe\u00f6nt\u00f6tt test<\/h4>\n<\/li>\n<li>\n<h4>k\u00e9zre\u00e1ll\u00f3 kezel\u0151szervek, extra nagy tornyok<\/h4>\n<\/li>\n<li>\n<h4>nitrog\u00e9n g\u00e1zzal t\u00f6ltve, p\u00e1ra, v\u00edz \u00e9s k\u00f6d\u00e1ll\u00f3<\/h4>\n<\/li>\n<li>\n<h4>visszar\u00fag\u00e1s\u00e1ll\u00f3, kifejezetten er\u0151s, rug\u00f3s l\u00e9gfegyverekre is aj\u00e1nlott<\/h4>\n<\/li>\n<li>\n<h4>10-40-szeres nagy\u00edt\u00e1s, ZOOMOS<\/h4>\n<\/li>\n<li>\n<h4>56 mm-es gy\u0171jt\u0151lencse<\/h4>\n<\/li>\n<li>\n<h4>paralaxis \u00e1ll\u00edt\u00e1s<\/h4>\n<\/li>\n<li>\n<h4>MIL DOT sz\u00e1lkereszt<\/h4>\n<\/li>\n<li>\n<h4>megvil\u00e1g\u00edtott sz\u00e1lkereszt (z\u00f6ld \u00e9s piros sz\u00edn)<\/h4>\n<\/li>\n<li>\n<h4>l\u00e1t\u00f3t\u00e9r 100 m\u00e9teren: 12 &#8211; 3,2 m\u00e9ter<\/h4>\n<\/li>\n<li>\n<h4>tubus \u00e1tm\u00e9r\u0151: 30 mm<\/h4>\n<\/li>\n<li>\n<h4>hossz: 430 mm<\/h4>\n<\/li>\n<li>\n<h4>t\u00f6meg: 0.93 kg<\/h4>\n<\/li>\n<li>\n<h4>lencsev\u00e9d\u0151kkel<\/h4>\n<\/li>\n<\/ul>\n<h3>Az \u00e1rak t\u00e1j\u00e9koztat\u00f3 jelleg\u0171ek,az \u00e1rv\u00e1ltoz\u00e1s jog\u00e1t fenntartjuk!<\/h3>\n","protected":false},"excerpt":{"rendered":"<p>https:\/\/www.youtube.com\/watch?v=Fo6qfw5EFo8<\/p>\n","protected":false},"featured_media":55,"comment_status":"open","ping_status":"closed","template":"","meta":{"_et_pb_use_builder":"","_et_pb_old_content":"","_et_gb_content_width":"","om_disable_all_campaigns":false},"product_brand":[],"product_cat":[21,57,50],"product_tag":[63,61,64,62,60],"class_list":{"0":"post-54","1":"product","2":"type-product","3":"status-publish","4":"has-post-thumbnail","6":"product_cat-uj","7":"product_cat-akah","8":"product_cat-celtavcso","9":"product_tag-akah-10-40x56la","10":"product_tag-akah-celtavcso","11":"product_tag-mil-dot","12":"product_tag-sportloveszet","13":"product_tag-vilagitopontos-celtavcso","15":"first","16":"instock","17":"sale","18":"taxable","19":"shipping-taxable","20":"purchasable","21":"product-type-simple"},"_links":{"self":[{"href":"https:\/\/www.vadaszboltcsorna.hu\/index.php\/wp-json\/wp\/v2\/product\/54","targetHints":{"allow":["GET"]}}],"collection":[{"href":"https:\/\/www.vadaszboltcsorna.hu\/index.php\/wp-json\/wp\/v2\/product"}],"about":[{"href":"https:\/\/www.vadaszboltcsorna.hu\/index.php\/wp-json\/wp\/v2\/types\/product"}],"replies":[{"embeddable":true,"href":"https:\/\/www.vadaszboltcsorna.hu\/index.php\/wp-json\/wp\/v2\/comments?post=54"}],"wp:featuredmedia":[{"embeddable":true,"href":"https:\/\/www.vadaszboltcsorna.hu\/index.php\/wp-json\/wp\/v2\/media\/55"}],"wp:attachment":[{"href":"https:\/\/www.vadaszboltcsorna.hu\/index.php\/wp-json\/wp\/v2\/media?parent=54"}],"wp:term":[{"taxonomy":"product_brand","embeddable":true,"href":"https:\/\/www.vadaszboltcsorna.hu\/index.php\/wp-json\/wp\/v2\/product_brand?post=54"},{"taxonomy":"product_cat","embeddable":true,"href":"https:\/\/www.vadaszboltcsorna.hu\/index.php\/wp-json\/wp\/v2\/product_cat?post=54"},{"taxonomy":"product_tag","embeddable":true,"href":"https:\/\/www.vadaszboltcsorna.hu\/index.php\/wp-json\/wp\/v2\/product_tag?post=54"}],"curies":[{"name":"wp","href":"https:\/\/api.w.org\/{rel}","templated":true}]}}