{"id":5356,"date":"2024-04-05T09:50:15","date_gmt":"2024-04-05T09:50:15","guid":{"rendered":"https:\/\/www.vadaszboltcsorna.hu\/?post_type=product&#038;p=5356"},"modified":"2025-05-27T11:41:10","modified_gmt":"2025-05-27T11:41:10","slug":"ruger-american-243-win-mag","status":"publish","type":"product","link":"https:\/\/www.vadaszboltcsorna.hu\/index.php\/termek\/ruger-american-243-win-mag\/","title":{"rendered":"Ruger American .243 Win.Mag."},"content":{"rendered":"<h2><strong>Ruger American .243 Win.Mag.<\/strong><\/h2>\n<h3><strong>Le\u00edr\u00e1s:<\/strong><\/h3>\n<p>Ruger American szintetikus tussal, nagyon kedvez\u0151 \u00e1ron! T\u00f6k\u00e9letes v\u00e1laszt\u00e1s els\u0151, vagy bel\u00e9p\u0151 kezd\u0151 vad\u00e1szok r\u00e9sz\u00e9re is!<\/p>\n<p>Az ergon\u00f3mikus, k\u00f6nny\u0171 szintetikus anyagb\u00f3l k\u00e9sz\u00fclt, gyors \u00e9s k\u00f6nny\u0171 kezelhet\u0151s\u00e9get biztos\u00edt\u00f3 anyag \u00f6tv\u00f6zi a klasszikus megjelen\u00e9st a modern el\u00fcls\u0151 kont\u00faroz\u00e1ssal \u00e9s a markolat fogazat\u00e1val.<\/p>\n<p>A hidegen kov\u00e1csolt cs\u0151 rendk\u00edv\u00fcl prec\u00edz pusk\u00e1t eredm\u00e9nyez, amely kiv\u00e9teles pontoss\u00e1got \u00e9s hossz\u00fa \u00e9lettartamot biztos\u00edt.<\/p>\n<h3><em><strong>AZ AKCI\u00d3S \u00c1R A K\u00c9SZLET EREJ\u00c9IG \u00c9RV\u00c9NYES!!<\/strong><\/em><\/h3>\n<p>A le\u00edr\u00e1sban szerepl\u0151 adatok t\u00e1j\u00e9koztat\u00f3 jelleg\u0171ek, t\u00edpusonk\u00e9nt v\u00e1ltozhat!<br \/>\nKaliberekr\u0151l aktu\u00e1lis \u00e1rakr\u00f3l \u00e9s egy\u00e9b inform\u00e1ci\u00f3kr\u00f3l k\u00e9rj\u00fck \u00e9rdekl\u0151dj\u00f6n!<br \/>\n<strong>A fegyvert\u00f6rv\u00e9ny \u00e9rtelm\u00e9ben, fegyvert, l\u0151szert kiz\u00e1r\u00f3lag szem\u00e9lyesen,az \u00fczletben fegyvertart\u00e1si enged\u00e9ly birtok\u00e1ban lehet v\u00e1s\u00e1rolni!<\/strong><br \/>\nA webshopban megrendelt fegyverek \u00e9s l\u0151szerek NEM ker\u00fclnek kisz\u00e1ll\u00edt\u00e1sra!\u00a0 Tov\u00e1bbi inform\u00e1ci\u00f3\u00e9rt l\u00e1togasson el boltunkba!<\/p>\n<h4 style=\"text-align: center;\"><em><strong>Az \u00e1rak t\u00e1j\u00e9koztat\u00f3 jelleg\u0171ek nem min\u0151s\u00fcl hivatalos aj\u00e1nlat t\u00e9telnek!<\/strong><\/em><br \/>\n<em><strong>Az \u00e1rv\u00e1ltoz\u00e1s jog\u00e1t fenntartjuk!<\/strong><\/em><\/h4>\n","protected":false},"excerpt":{"rendered":"<p>Ruger American .243 Win.Mag. Le\u00edr\u00e1s: Ruger American szintetikus tussal, nagyon kedvez\u0151 \u00e1ron! T\u00f6k\u00e9letes v\u00e1laszt\u00e1s els\u0151, vagy bel\u00e9p\u0151 kezd\u0151 vad\u00e1szok r\u00e9sz\u00e9re is! Az ergon\u00f3mikus, k\u00f6nny\u0171 szintetikus anyagb\u00f3l k\u00e9sz\u00fclt, gyors \u00e9s k\u00f6nny\u0171 kezelhet\u0151s\u00e9get biztos\u00edt\u00f3 anyag \u00f6tv\u00f6zi a klasszikus megjelen\u00e9st a modern el\u00fcls\u0151 kont\u00faroz\u00e1ssal \u00e9s a markolat fogazat\u00e1val. A hidegen kov\u00e1csolt cs\u0151 rendk\u00edv\u00fcl prec\u00edz pusk\u00e1t eredm\u00e9nyez, amely kiv\u00e9teles [&hellip;]<\/p>\n","protected":false},"featured_media":5357,"comment_status":"open","ping_status":"closed","template":"","meta":{"_et_pb_use_builder":"","_et_pb_old_content":"","_et_gb_content_width":"","om_disable_all_campaigns":false},"product_brand":[],"product_cat":[21,16,17,1826],"product_tag":[1120,48,1286,70],"class_list":{"0":"post-5356","1":"product","2":"type-product","3":"status-publish","4":"has-post-thumbnail","6":"product_cat-uj","7":"product_cat-fegyver","8":"product_cat-golyos-fegyver","9":"product_cat-uj-golyos-fegyver","10":"product_tag-akcio","11":"product_tag-golyos-fegyver","12":"product_tag-ruger-american-243-win-mag","13":"product_tag-vadaszat","15":"first","16":"instock","17":"sale","18":"taxable","19":"shipping-taxable","20":"purchasable","21":"product-type-simple"},"_links":{"self":[{"href":"https:\/\/www.vadaszboltcsorna.hu\/index.php\/wp-json\/wp\/v2\/product\/5356","targetHints":{"allow":["GET"]}}],"collection":[{"href":"https:\/\/www.vadaszboltcsorna.hu\/index.php\/wp-json\/wp\/v2\/product"}],"about":[{"href":"https:\/\/www.vadaszboltcsorna.hu\/index.php\/wp-json\/wp\/v2\/types\/product"}],"replies":[{"embeddable":true,"href":"https:\/\/www.vadaszboltcsorna.hu\/index.php\/wp-json\/wp\/v2\/comments?post=5356"}],"wp:featuredmedia":[{"embeddable":true,"href":"https:\/\/www.vadaszboltcsorna.hu\/index.php\/wp-json\/wp\/v2\/media\/5357"}],"wp:attachment":[{"href":"https:\/\/www.vadaszboltcsorna.hu\/index.php\/wp-json\/wp\/v2\/media?parent=5356"}],"wp:term":[{"taxonomy":"product_brand","embeddable":true,"href":"https:\/\/www.vadaszboltcsorna.hu\/index.php\/wp-json\/wp\/v2\/product_brand?post=5356"},{"taxonomy":"product_cat","embeddable":true,"href":"https:\/\/www.vadaszboltcsorna.hu\/index.php\/wp-json\/wp\/v2\/product_cat?post=5356"},{"taxonomy":"product_tag","embeddable":true,"href":"https:\/\/www.vadaszboltcsorna.hu\/index.php\/wp-json\/wp\/v2\/product_tag?post=5356"}],"curies":[{"name":"wp","href":"https:\/\/api.w.org\/{rel}","templated":true}]}}