{"id":5328,"date":"2024-03-18T10:11:36","date_gmt":"2024-03-18T10:11:36","guid":{"rendered":"https:\/\/www.vadaszboltcsorna.hu\/?post_type=product&#038;p=5328"},"modified":"2024-03-18T10:13:30","modified_gmt":"2024-03-18T10:13:30","slug":"icotec-gc300-bluetooth-elektromos-vadhivo","status":"publish","type":"product","link":"https:\/\/www.vadaszboltcsorna.hu\/index.php\/termek\/icotec-gc300-bluetooth-elektromos-vadhivo\/","title":{"rendered":"iCOtec GC300+ Bluetooth elektromos vadh\u00edv\u00f3"},"content":{"rendered":"<h2><strong>iCOtec GC300+ Bluetooth elektromos vadh\u00edv\u00f3<\/strong><\/h2>\n<h3><strong>Le\u00edr\u00e1s:<\/strong><\/h3>\n<h3>ICOtec GC300+ Bluetooth elektromos vadh\u00edv\u00f3 Mobiltelefonr\u00f3l \u00e9s t\u00e1vir\u00e1ny\u00edt\u00f3val is.<\/h3>\n<p>Fedezd fel az ICOtec GC300+ Bluetooth elektromos vadh\u00edv\u00f3 \u00faj dimenzi\u00f3it, amely forradalmas\u00edtja a vad\u00e1szati \u00e9lm\u00e9nyt. Az ICOtec GC300+ nem csup\u00e1n egy vadh\u00edv\u00f3; ez egy magas technol\u00f3gi\u00e1j\u00fa eszk\u00f6z, ami lehet\u0151v\u00e9 teszi a vad\u00e1szok sz\u00e1m\u00e1ra, hogy pontosabban, hat\u00e9konyabban \u00e9s etikusabban csalogass\u00e1k el\u0151 a vadat.<\/p>\n<p>Az integr\u00e1lt Bluetooth funkci\u00f3 r\u00e9v\u00e9n k\u00f6nnyed\u00e9n \u00f6sszekapcsolhat\u00f3 okostelefonokkal vagy m\u00e1s Bluetooth-k\u00e9pes eszk\u00f6z\u00f6kkel, \u00edgy a vad\u00e1szok t\u00e1volr\u00f3l, ak\u00e1r t\u00f6bb sz\u00e1z m\u00e9teres t\u00e1vols\u00e1gb\u00f3l is ir\u00e1ny\u00edthatj\u00e1k. Az el\u0151re telep\u00edtett h\u00edv\u00e1sok k\u00f6z\u00f6tt olyanok tal\u00e1lhat\u00f3k, amelyek k\u00fcl\u00f6nb\u00f6z\u0151 fajokra \u2013 p\u00e9ld\u00e1ul r\u00f3k\u00e1kra, nyulakra, vagy szarvasokra \u2013 jellemz\u0151 hangokat reproduk\u00e1lnak, maximaliz\u00e1lva ezzel a siker es\u00e9ly\u00e9t minden egyes vad\u00e1szat alkalm\u00e1val.<\/p>\n<p>Az ICOtec GC300+ kiv\u00e9teles jellemz\u0151i k\u00f6z\u00f6tt szerepel:<\/p>\n<p>K\u00f6nny\u0171 hordozhat\u00f3s\u00e1g: Kompakt m\u00e9rete \u00e9s k\u00f6nny\u0171s\u00e9ge r\u00e9v\u00e9n a GC300+ k\u00e9nyelmesen mag\u00e1val vihet\u0151 b\u00e1rhov\u00e1, nem jelent terhet a hosszabb vad\u00e1szatok sor\u00e1n sem.<br \/>\nMagas hat\u00f3t\u00e1vols\u00e1g: A Bluetooth kapcsolat \u00e9s a hat\u00e9kony hangsz\u00f3r\u00f3 rendszer kombin\u00e1ci\u00f3ja lehet\u0151v\u00e9 teszi, hogy a h\u00edv\u00f3hangok sz\u00e9les k\u00f6rzetben hallhat\u00f3ak legyenek.<br \/>\nSokoldal\u00fas\u00e1g: Az el\u0151re telep\u00edtett hangok sz\u00e9les sk\u00e1l\u00e1ja biztos\u00edtja, hogy minden vad\u00e1szati helyzetre tal\u00e1lhassunk megfelel\u0151 h\u00edv\u00e1st, n\u00f6velve a vad\u00e1szatok sokoldal\u00fas\u00e1g\u00e1t \u00e9s hat\u00e9konys\u00e1g\u00e1t.<br \/>\nEgyszer\u0171 haszn\u00e1lat: A felhaszn\u00e1l\u00f3bar\u00e1t interf\u00e9sznek k\u00f6sz\u00f6nhet\u0151en a GC300+ k\u00f6nnyen kezelhet\u0151, m\u00e9g a kev\u00e9sb\u00e9 technikailag affinit\u00e1ssal rendelkez\u0151 felhaszn\u00e1l\u00f3k sz\u00e1m\u00e1ra is.<br \/>\nA vadh\u00edv\u00f3 ide\u00e1lis eszk\u00f6z minden vad\u00e1sz sz\u00e1m\u00e1ra, aki szeretn\u00e9 n\u00f6velni vad\u00e1szatai sikeress\u00e9g\u00e9t, mik\u00f6zben cs\u00f6kkenti az \u00e1llatokra gyakorolt stresszt. Az ICOtec GC300+ lehet\u0151s\u00e9get biztos\u00edt a vad\u00e1szok sz\u00e1m\u00e1ra, hogy etikusabb \u00e9s hat\u00e9konyabb m\u00f3don k\u00f6zel\u00edtsenek a vad\u00e1szathoz, kihaszn\u00e1lva a modern technol\u00f3gia adta el\u0151ny\u00f6ket.<\/p>\n<p><iframe loading=\"lazy\" title=\"ICOtec GEN2 GC300 Predator Game Call.\" width=\"1080\" height=\"608\" src=\"https:\/\/www.youtube.com\/embed\/nYXghcA92XE?feature=oembed\"  allow=\"accelerometer; autoplay; clipboard-write; encrypted-media; gyroscope; picture-in-picture; web-share\" allowfullscreen><\/iframe><\/p>\n<p>&nbsp;<\/p>\n","protected":false},"excerpt":{"rendered":"<p>iCOtec GC300+ Bluetooth elektromos vadh\u00edv\u00f3 Le\u00edr\u00e1s: ICOtec GC300+ Bluetooth elektromos vadh\u00edv\u00f3 Mobiltelefonr\u00f3l \u00e9s t\u00e1vir\u00e1ny\u00edt\u00f3val is. Fedezd fel az ICOtec GC300+ Bluetooth elektromos vadh\u00edv\u00f3 \u00faj dimenzi\u00f3it, amely forradalmas\u00edtja a vad\u00e1szati \u00e9lm\u00e9nyt. Az ICOtec GC300+ nem csup\u00e1n egy vadh\u00edv\u00f3; ez egy magas technol\u00f3gi\u00e1j\u00fa eszk\u00f6z, ami lehet\u0151v\u00e9 teszi a vad\u00e1szok sz\u00e1m\u00e1ra, hogy pontosabban, hat\u00e9konyabban \u00e9s etikusabban csalogass\u00e1k el\u0151 [&hellip;]<\/p>\n","protected":false},"featured_media":5329,"comment_status":"open","ping_status":"closed","template":"","meta":{"_et_pb_use_builder":"","_et_pb_old_content":"","_et_gb_content_width":"","om_disable_all_campaigns":false},"product_brand":[],"product_cat":[21,722],"product_tag":[1283,70],"class_list":{"0":"post-5328","1":"product","2":"type-product","3":"status-publish","4":"has-post-thumbnail","6":"product_cat-uj","7":"product_cat-vadasz-felszereles","8":"product_tag-icotec-gc300-bluetooth-elektromos-vadhivo","9":"product_tag-vadaszat","11":"first","12":"instock","13":"sale","14":"taxable","15":"shipping-taxable","16":"purchasable","17":"product-type-simple"},"_links":{"self":[{"href":"https:\/\/www.vadaszboltcsorna.hu\/index.php\/wp-json\/wp\/v2\/product\/5328","targetHints":{"allow":["GET"]}}],"collection":[{"href":"https:\/\/www.vadaszboltcsorna.hu\/index.php\/wp-json\/wp\/v2\/product"}],"about":[{"href":"https:\/\/www.vadaszboltcsorna.hu\/index.php\/wp-json\/wp\/v2\/types\/product"}],"replies":[{"embeddable":true,"href":"https:\/\/www.vadaszboltcsorna.hu\/index.php\/wp-json\/wp\/v2\/comments?post=5328"}],"wp:featuredmedia":[{"embeddable":true,"href":"https:\/\/www.vadaszboltcsorna.hu\/index.php\/wp-json\/wp\/v2\/media\/5329"}],"wp:attachment":[{"href":"https:\/\/www.vadaszboltcsorna.hu\/index.php\/wp-json\/wp\/v2\/media?parent=5328"}],"wp:term":[{"taxonomy":"product_brand","embeddable":true,"href":"https:\/\/www.vadaszboltcsorna.hu\/index.php\/wp-json\/wp\/v2\/product_brand?post=5328"},{"taxonomy":"product_cat","embeddable":true,"href":"https:\/\/www.vadaszboltcsorna.hu\/index.php\/wp-json\/wp\/v2\/product_cat?post=5328"},{"taxonomy":"product_tag","embeddable":true,"href":"https:\/\/www.vadaszboltcsorna.hu\/index.php\/wp-json\/wp\/v2\/product_tag?post=5328"}],"curies":[{"name":"wp","href":"https:\/\/api.w.org\/{rel}","templated":true}]}}