{"id":5312,"date":"2024-03-06T11:40:20","date_gmt":"2024-03-06T11:40:20","guid":{"rendered":"https:\/\/www.vadaszboltcsorna.hu\/?post_type=product&#038;p=5312"},"modified":"2024-03-06T11:46:43","modified_gmt":"2024-03-06T11:46:43","slug":"walther-ppq-co2-pisztoly","status":"publish","type":"product","link":"https:\/\/www.vadaszboltcsorna.hu\/index.php\/termek\/walther-ppq-co2-pisztoly\/","title":{"rendered":"Walther PPQ CO2 pisztoly"},"content":{"rendered":"<h2 id=\"productDescription\" class=\"description biggerText\"><strong>Walther PPQ CO2 pisztoly<\/strong><\/h2>\n<div><\/div>\n<h3 class=\"description biggerText\"><strong>Le\u00edr\u00e1s:<\/strong>Walther PPQ CO2 GUMIL\u00d6VED\u00c9KES<\/h3>\n<h3>T\u00e1rkapacit\u00e1s : 8 db<br \/>\nS\u00faly : 618 g<br \/>\nHossz : 180 mm<br \/>\nCs\u0151hossz : 86 mm<\/h3>\n<h3>Huzagolt cs\u0151 , \u00e1ll\u00edthat\u00f3 ir\u00e1nyz\u00e9k , ergonomikus markolat , hiteles m\u00e1solat.<\/h3>\n<h3><\/h3>\n<h3>Ez a term\u00e9k 18 \u00e9v felett szabadon megv\u00e1s\u00e1rolhat\u00f3, de csak szem\u00e9lyesen vehet\u0151 \u00e1t \u00fczlet\u00fcnkben. H\u00e1zhoz sz\u00e1ll\u00edt\u00e1s\u00e1t sajnos nem tudjuk megoldani.<\/h3>\n<h3>Az \u00e1r tartalmazza a bevizsg\u00e1l\u00f3 tan\u00fas\u00edtv\u00e1nyt (MKH k\u00e1rtya) !<\/h3>\n<h3>A felt\u00fcntetett \u00e1rak t\u00e1j\u00e9koztat\u00f3 jelleg\u0171ek, aktu\u00e1lis \u00e1rainkr\u00f3l k\u00e9rj\u00fck \u00e9rdekl\u0151dj\u00f6n!<br \/>\nAz \u00e1rv\u00e1ltoztat\u00e1s jog\u00e1t fenntartjuk!<\/h3>\n<h3 class=\"wrapper bot-border\"><\/h3>\n","protected":false},"excerpt":{"rendered":"<p>Walther PPQ CO2 pisztoly Le\u00edr\u00e1s:Walther PPQ CO2 GUMIL\u00d6VED\u00c9KES T\u00e1rkapacit\u00e1s : 8 db S\u00faly : 618 g Hossz : 180 mm Cs\u0151hossz : 86 mm Huzagolt cs\u0151 , \u00e1ll\u00edthat\u00f3 ir\u00e1nyz\u00e9k , ergonomikus markolat , hiteles m\u00e1solat. Ez a term\u00e9k 18 \u00e9v felett szabadon megv\u00e1s\u00e1rolhat\u00f3, de csak szem\u00e9lyesen vehet\u0151 \u00e1t \u00fczlet\u00fcnkben. H\u00e1zhoz sz\u00e1ll\u00edt\u00e1s\u00e1t sajnos nem tudjuk megoldani. [&hellip;]<\/p>\n","protected":false},"featured_media":5310,"comment_status":"open","ping_status":"closed","template":"","meta":{"_et_pb_use_builder":"","_et_pb_old_content":"","_et_gb_content_width":"","om_disable_all_campaigns":false},"product_brand":[],"product_cat":[21,566],"product_tag":[571,1281],"class_list":{"0":"post-5312","1":"product","2":"type-product","3":"status-publish","4":"has-post-thumbnail","6":"product_cat-uj","7":"product_cat-engedelymentes-fegyverek","8":"product_tag-onvedelem","9":"product_tag-walther-ppq-co2-pisztoly","11":"first","12":"instock","13":"taxable","14":"shipping-taxable","15":"purchasable","16":"product-type-simple"},"_links":{"self":[{"href":"https:\/\/www.vadaszboltcsorna.hu\/index.php\/wp-json\/wp\/v2\/product\/5312","targetHints":{"allow":["GET"]}}],"collection":[{"href":"https:\/\/www.vadaszboltcsorna.hu\/index.php\/wp-json\/wp\/v2\/product"}],"about":[{"href":"https:\/\/www.vadaszboltcsorna.hu\/index.php\/wp-json\/wp\/v2\/types\/product"}],"replies":[{"embeddable":true,"href":"https:\/\/www.vadaszboltcsorna.hu\/index.php\/wp-json\/wp\/v2\/comments?post=5312"}],"wp:featuredmedia":[{"embeddable":true,"href":"https:\/\/www.vadaszboltcsorna.hu\/index.php\/wp-json\/wp\/v2\/media\/5310"}],"wp:attachment":[{"href":"https:\/\/www.vadaszboltcsorna.hu\/index.php\/wp-json\/wp\/v2\/media?parent=5312"}],"wp:term":[{"taxonomy":"product_brand","embeddable":true,"href":"https:\/\/www.vadaszboltcsorna.hu\/index.php\/wp-json\/wp\/v2\/product_brand?post=5312"},{"taxonomy":"product_cat","embeddable":true,"href":"https:\/\/www.vadaszboltcsorna.hu\/index.php\/wp-json\/wp\/v2\/product_cat?post=5312"},{"taxonomy":"product_tag","embeddable":true,"href":"https:\/\/www.vadaszboltcsorna.hu\/index.php\/wp-json\/wp\/v2\/product_tag?post=5312"}],"curies":[{"name":"wp","href":"https:\/\/api.w.org\/{rel}","templated":true}]}}