{"id":5309,"date":"2024-03-06T11:34:08","date_gmt":"2024-03-06T11:34:08","guid":{"rendered":"https:\/\/www.vadaszboltcsorna.hu\/?post_type=product&#038;p=5309"},"modified":"2024-03-06T11:34:09","modified_gmt":"2024-03-06T11:34:09","slug":"walther-ppq-9mm-gazriasztopisztoly","status":"publish","type":"product","link":"https:\/\/www.vadaszboltcsorna.hu\/index.php\/termek\/walther-ppq-9mm-gazriasztopisztoly\/","title":{"rendered":"Walther PPQ 9MM g\u00e1zriaszt\u00f3pisztoly"},"content":{"rendered":"<h2><strong>Walther PPQ 9MM g\u00e1zriaszt\u00f3pisztoly<\/strong><\/h2>\n<h3 id=\"productDescription\" class=\"description biggerText\"><strong>Le\u00edr\u00e1s:<\/strong>Walther PPQ 9MM g\u00e1zriaszt\u00f3pisztoly<\/p>\n<p>T\u00e1rkapacit\u00e1s : 8 db<br \/>\nS\u00faly : 618 g<br \/>\nHossz : 180 mm<br \/>\nCs\u0151hossz : 86 mm<\/p>\n<p>Huzagolt cs\u0151 , \u00e1ll\u00edthat\u00f3 ir\u00e1nyz\u00e9k , ergonomikus markolat , hiteles m\u00e1solat.<\/p>\n<p>Ez a term\u00e9k 18 \u00e9v felett szabadon megv\u00e1s\u00e1rolhat\u00f3, de csak szem\u00e9lyesen vehet\u0151 \u00e1t \u00fczlet\u00fcnkben. H\u00e1zhoz sz\u00e1ll\u00edt\u00e1s\u00e1t sajnos nem tudjuk megoldani.<\/p>\n<p>Az \u00e1r tartalmazza a bevizsg\u00e1l\u00f3 tan\u00fas\u00edtv\u00e1nyt (MKH k\u00e1rtya) !<\/p>\n<p>A felt\u00fcntetett \u00e1rak t\u00e1j\u00e9koztat\u00f3 jelleg\u0171ek, aktu\u00e1lis \u00e1rainkr\u00f3l k\u00e9rj\u00fck \u00e9rdekl\u0151dj\u00f6n!<br \/>\nAz \u00e1rv\u00e1ltoztat\u00e1s jog\u00e1t fenntartjuk!<\/h3>\n<div class=\"wrapper bot-border\"><\/div>\n","protected":false},"excerpt":{"rendered":"<p>Walther PPQ 9MM g\u00e1zriaszt\u00f3pisztoly Le\u00edr\u00e1s:Walther PPQ 9MM g\u00e1zriaszt\u00f3pisztoly T\u00e1rkapacit\u00e1s : 8 db S\u00faly : 618 g Hossz : 180 mm Cs\u0151hossz : 86 mm Huzagolt cs\u0151 , \u00e1ll\u00edthat\u00f3 ir\u00e1nyz\u00e9k , ergonomikus markolat , hiteles m\u00e1solat. Ez a term\u00e9k 18 \u00e9v felett szabadon megv\u00e1s\u00e1rolhat\u00f3, de csak szem\u00e9lyesen vehet\u0151 \u00e1t \u00fczlet\u00fcnkben. H\u00e1zhoz sz\u00e1ll\u00edt\u00e1s\u00e1t sajnos nem tudjuk megoldani. [&hellip;]<\/p>\n","protected":false},"featured_media":5310,"comment_status":"open","ping_status":"closed","template":"","meta":{"_et_pb_use_builder":"","_et_pb_old_content":"","_et_gb_content_width":"","om_disable_all_campaigns":false},"product_brand":[],"product_cat":[21,566],"product_tag":[571,1279,1280],"class_list":{"0":"post-5309","1":"product","2":"type-product","3":"status-publish","4":"has-post-thumbnail","6":"product_cat-uj","7":"product_cat-engedelymentes-fegyverek","8":"product_tag-onvedelem","9":"product_tag-riasztopisztoly","10":"product_tag-walther-ppq-9mm-gazriasztopisztoly","12":"first","13":"instock","14":"taxable","15":"shipping-taxable","16":"purchasable","17":"product-type-simple"},"_links":{"self":[{"href":"https:\/\/www.vadaszboltcsorna.hu\/index.php\/wp-json\/wp\/v2\/product\/5309","targetHints":{"allow":["GET"]}}],"collection":[{"href":"https:\/\/www.vadaszboltcsorna.hu\/index.php\/wp-json\/wp\/v2\/product"}],"about":[{"href":"https:\/\/www.vadaszboltcsorna.hu\/index.php\/wp-json\/wp\/v2\/types\/product"}],"replies":[{"embeddable":true,"href":"https:\/\/www.vadaszboltcsorna.hu\/index.php\/wp-json\/wp\/v2\/comments?post=5309"}],"wp:featuredmedia":[{"embeddable":true,"href":"https:\/\/www.vadaszboltcsorna.hu\/index.php\/wp-json\/wp\/v2\/media\/5310"}],"wp:attachment":[{"href":"https:\/\/www.vadaszboltcsorna.hu\/index.php\/wp-json\/wp\/v2\/media?parent=5309"}],"wp:term":[{"taxonomy":"product_brand","embeddable":true,"href":"https:\/\/www.vadaszboltcsorna.hu\/index.php\/wp-json\/wp\/v2\/product_brand?post=5309"},{"taxonomy":"product_cat","embeddable":true,"href":"https:\/\/www.vadaszboltcsorna.hu\/index.php\/wp-json\/wp\/v2\/product_cat?post=5309"},{"taxonomy":"product_tag","embeddable":true,"href":"https:\/\/www.vadaszboltcsorna.hu\/index.php\/wp-json\/wp\/v2\/product_tag?post=5309"}],"curies":[{"name":"wp","href":"https:\/\/api.w.org\/{rel}","templated":true}]}}