{"id":5307,"date":"2024-03-06T11:20:53","date_gmt":"2024-03-06T11:20:53","guid":{"rendered":"https:\/\/www.vadaszboltcsorna.hu\/?post_type=product&#038;p=5307"},"modified":"2025-03-27T07:40:51","modified_gmt":"2025-03-27T07:40:51","slug":"rohm-gaz-riaszto-rg-89-9-mm-2","status":"publish","type":"product","link":"https:\/\/www.vadaszboltcsorna.hu\/index.php\/termek\/rohm-gaz-riaszto-rg-89-9-mm-2\/","title":{"rendered":"R\u00d6HM G\u00c1Z RIASZT\u00d3 RG 89 9 MM"},"content":{"rendered":"<h2 style=\"text-align: center;\"><strong>R\u00d6HM G\u00c1Z RIASZT\u00d3 RG 89 9 MM<\/strong><\/h2>\n<h3 class=\"description biggerText\"><\/h3>\n<h3 style=\"text-align: center;\"><em><strong>Ez a term\u00e9k 18 \u00e9v felett szabadon megv\u00e1s\u00e1rolhat\u00f3, de csak szem\u00e9lyesen vehet\u0151 \u00e1t \u00fczlet\u00fcnkben. H\u00e1zhoz sz\u00e1ll\u00edt\u00e1s\u00e1t sajnos nem tudjuk megoldani.<\/strong><\/em><\/h3>\n<p>&nbsp;<\/p>\n<h3 style=\"text-align: center;\">A R\u00f6hm RG89N az egyik legr\u00e9gebben gy\u00e1rtott \u00e9s legsikeresebb n\u00e9met g\u00e1z,- riaszt\u00f3 revolver a piacon. Kiv\u00e1l\u00f3 min\u0151s\u00e9g\u00e9nek k\u00f6sz\u00f6nhet\u0151en a fegyver rendk\u00edv\u00fcl megb\u00edzhat\u00f3 m\u0171k\u00f6d\u00e9s\u0171, ez\u00e9rt \u00f6nv\u00e9delemre kiv\u00e1l\u00f3 v\u00e1laszt\u00e1s. Fel\u00e9p\u00edt\u00e9se klasszikus Smith&amp;Wesson-rendszer\u0171, els\u00fct\u0151szerkezete egyszeres \u00e9s kett\u0151s (SA\/DA) m\u0171k\u00f6d\u00e9s\u0171.<\/h3>\n<h3>A forg\u00f3t\u00e1r balra billenthet\u0151, melybe 6 db 9 mm-es RK patron t\u00e1razhat\u00f3. A patronok egyidej\u0171 gyors \u00fcr\u00edt\u00e9se az ejektorr\u00fad megnyom\u00e1s\u00e1val t\u00f6rt\u00e9nik. Els\u00fct\u0151szerkezete passz\u00edv \u00fct\u0151szeg-biztos\u00edt\u00e1ssal is rendelkezik, mely n\u00f6veli a fegyver biztons\u00e1gos haszn\u00e1lat\u00e1t. A fegyver legf\u0151bb forg\u00f3-kop\u00f3 alkatr\u00e9sze, a dobforgat\u00f3 koszor\u00fa valamint legf\u0151bb tehervisel\u0151 eleme a t\u0171zfal, ac\u00e9lb\u00f3l k\u00e9sz\u00fcltek. Amennyiben id\u0151t\u00e1ll\u00f3 \u00e9s megb\u00edzhat\u00f3 m\u0171k\u00f6d\u00e9s\u0171 \u00f6nv\u00e9delmi fegyvert szeretne v\u00e1lasztani, \u00fagy felt\u00e9tlen\u00fcl aj\u00e1nljuk figyelm\u00e9be a R\u00f6hm RG89N revolvert!<\/h3>\n<h5>Az MKH k\u00e1rtya k\u00f6lts\u00e9g\u00e9t az \u00e1r tartalmazza, visel\u00e9si enged\u00e9ly k\u00e9rhet\u0151 r\u00e1.<\/h5>\n<h3 style=\"text-align: center;\"><em><strong>A felt\u00fcntetett \u00e1rak t\u00e1j\u00e9koztat\u00f3 jelleg\u0171ek, aktu\u00e1lis \u00e1rainkr\u00f3l k\u00e9rj\u00fck \u00e9rdekl\u0151dj\u00f6n!<\/strong><\/em><br \/>\n<em><strong>Az \u00e1rv\u00e1ltoztat\u00e1s jog\u00e1t fenntartjuk!<\/strong><\/em><\/h3>\n<div class=\"wrapper bot-border\"><\/div>\n","protected":false},"excerpt":{"rendered":"<p>R\u00d6HM G\u00c1Z RIASZT\u00d3 RG 89 9 MM Ez a term\u00e9k 18 \u00e9v felett szabadon megv\u00e1s\u00e1rolhat\u00f3, de csak szem\u00e9lyesen vehet\u0151 \u00e1t \u00fczlet\u00fcnkben. H\u00e1zhoz sz\u00e1ll\u00edt\u00e1s\u00e1t sajnos nem tudjuk megoldani. &nbsp; A R\u00f6hm RG89N az egyik legr\u00e9gebben gy\u00e1rtott \u00e9s legsikeresebb n\u00e9met g\u00e1z,- riaszt\u00f3 revolver a piacon. Kiv\u00e1l\u00f3 min\u0151s\u00e9g\u00e9nek k\u00f6sz\u00f6nhet\u0151en a fegyver rendk\u00edv\u00fcl megb\u00edzhat\u00f3 m\u0171k\u00f6d\u00e9s\u0171, ez\u00e9rt \u00f6nv\u00e9delemre kiv\u00e1l\u00f3 v\u00e1laszt\u00e1s. [&hellip;]<\/p>\n","protected":false},"featured_media":5308,"comment_status":"open","ping_status":"closed","template":"","meta":{"_et_pb_use_builder":"","_et_pb_old_content":"","_et_gb_content_width":"","om_disable_all_campaigns":false},"product_brand":[],"product_cat":[21,566],"product_tag":[571,1279,569],"class_list":{"0":"post-5307","1":"product","2":"type-product","3":"status-publish","4":"has-post-thumbnail","6":"product_cat-uj","7":"product_cat-engedelymentes-fegyverek","8":"product_tag-onvedelem","9":"product_tag-riasztopisztoly","10":"product_tag-rohm-gaz-riaszto-rg-89-9-mm","12":"first","13":"instock","14":"sale","15":"taxable","16":"shipping-taxable","17":"purchasable","18":"product-type-simple"},"_links":{"self":[{"href":"https:\/\/www.vadaszboltcsorna.hu\/index.php\/wp-json\/wp\/v2\/product\/5307","targetHints":{"allow":["GET"]}}],"collection":[{"href":"https:\/\/www.vadaszboltcsorna.hu\/index.php\/wp-json\/wp\/v2\/product"}],"about":[{"href":"https:\/\/www.vadaszboltcsorna.hu\/index.php\/wp-json\/wp\/v2\/types\/product"}],"replies":[{"embeddable":true,"href":"https:\/\/www.vadaszboltcsorna.hu\/index.php\/wp-json\/wp\/v2\/comments?post=5307"}],"wp:featuredmedia":[{"embeddable":true,"href":"https:\/\/www.vadaszboltcsorna.hu\/index.php\/wp-json\/wp\/v2\/media\/5308"}],"wp:attachment":[{"href":"https:\/\/www.vadaszboltcsorna.hu\/index.php\/wp-json\/wp\/v2\/media?parent=5307"}],"wp:term":[{"taxonomy":"product_brand","embeddable":true,"href":"https:\/\/www.vadaszboltcsorna.hu\/index.php\/wp-json\/wp\/v2\/product_brand?post=5307"},{"taxonomy":"product_cat","embeddable":true,"href":"https:\/\/www.vadaszboltcsorna.hu\/index.php\/wp-json\/wp\/v2\/product_cat?post=5307"},{"taxonomy":"product_tag","embeddable":true,"href":"https:\/\/www.vadaszboltcsorna.hu\/index.php\/wp-json\/wp\/v2\/product_tag?post=5307"}],"curies":[{"name":"wp","href":"https:\/\/api.w.org\/{rel}","templated":true}]}}