{"id":5304,"date":"2024-03-06T11:16:12","date_gmt":"2024-03-06T11:16:12","guid":{"rendered":"https:\/\/www.vadaszboltcsorna.hu\/?post_type=product&#038;p=5304"},"modified":"2025-03-27T07:11:37","modified_gmt":"2025-03-27T07:11:37","slug":"rohm-rg59-gazrevolver","status":"publish","type":"product","link":"https:\/\/www.vadaszboltcsorna.hu\/index.php\/termek\/rohm-rg59-gazrevolver\/","title":{"rendered":"R\u00d6HM RG59 G\u00c1ZREVOLVER"},"content":{"rendered":"<h2><strong>R\u00d6HM RG59 G\u00c1ZREVOLVER<\/strong><\/h2>\n<h3 class=\"description biggerText\"><strong>Le\u00edr\u00e1s:<\/strong>5 l\u00f6vet\u0171<br \/>\n9mm-es<br \/>\nn\u00e9met g\u00e1zfegyver<br \/>\nkis m\u00e9ret<\/h3>\n<p>Le\u00edr\u00e1s<br \/>\nGy\u00e1rt\u00f3: R\u00f6hm GMBH<br \/>\nTeljes hossz: 155mm<br \/>\nKaliber: .380<br \/>\nHat\u00f3t\u00e1vols\u00e1g: 4m<br \/>\nAnyaga: ac\u00e9l dobforgat\u00f3 koszor\u00fa, t\u0171zfal, \u00fct\u0151szeg,<br \/>\nT\u00e1rkapacit\u00e1s: 5db<br \/>\nS\u00faly: 462g<br \/>\nN\u00e9met, 5 l\u00f6vet\u0171 forg\u00f3t\u00e1ras fegyver. Kis m\u00e9rete miatt k\u00f6nnyen hordhat\u00f3, rendszere \u00e9s a gy\u00e1rt\u00e1s min\u0151s\u00e9ge miatt abszol\u00fat megb\u00edzhat\u00f3 \u00f6nv\u00e9delmi eszk\u00f6z.<\/p>\n<p>Minden \u201e9R\u201d jel\u00f6l\u00e9s\u0171 t\u00f6lt\u00e9nnyel haszn\u00e1lhat\u00f3.<\/p>\n<p>Ez a term\u00e9k 18 \u00e9v felett szabadon megv\u00e1s\u00e1rolhat\u00f3, de csak szem\u00e9lyesen vehet\u0151 \u00e1t \u00fczlet\u00fcnkben. H\u00e1zhoz sz\u00e1ll\u00edt\u00e1s\u00e1t sajnos nem tudjuk megoldani.<\/p>\n<p>Az \u00e1r tartalmazza a bevizsg\u00e1l\u00f3 tan\u00fas\u00edtv\u00e1nyt (MKH k\u00e1rtya) !<\/p>\n<p>A felt\u00fcntetett \u00e1rak t\u00e1j\u00e9koztat\u00f3 jelleg\u0171ek, aktu\u00e1lis \u00e1rainkr\u00f3l k\u00e9rj\u00fck \u00e9rdekl\u0151dj\u00f6n!<br \/>\nAz \u00e1rv\u00e1ltoztat\u00e1s jog\u00e1t fenntartjuk!<\/p>\n<div class=\"wrapper bot-border\"><\/div>\n","protected":false},"excerpt":{"rendered":"<p>R\u00d6HM RG59 G\u00c1ZREVOLVER Le\u00edr\u00e1s:5 l\u00f6vet\u0171 9mm-es n\u00e9met g\u00e1zfegyver kis m\u00e9ret Le\u00edr\u00e1s Gy\u00e1rt\u00f3: R\u00f6hm GMBH Teljes hossz: 155mm Kaliber: .380 Hat\u00f3t\u00e1vols\u00e1g: 4m Anyaga: ac\u00e9l dobforgat\u00f3 koszor\u00fa, t\u0171zfal, \u00fct\u0151szeg, T\u00e1rkapacit\u00e1s: 5db S\u00faly: 462g N\u00e9met, 5 l\u00f6vet\u0171 forg\u00f3t\u00e1ras fegyver. Kis m\u00e9rete miatt k\u00f6nnyen hordhat\u00f3, rendszere \u00e9s a gy\u00e1rt\u00e1s min\u0151s\u00e9ge miatt abszol\u00fat megb\u00edzhat\u00f3 \u00f6nv\u00e9delmi eszk\u00f6z. Minden \u201e9R\u201d jel\u00f6l\u00e9s\u0171 t\u00f6lt\u00e9nnyel [&hellip;]<\/p>\n","protected":false},"featured_media":5305,"comment_status":"open","ping_status":"closed","template":"","meta":{"_et_pb_use_builder":"","_et_pb_old_content":"","_et_gb_content_width":"","om_disable_all_campaigns":false},"product_brand":[],"product_cat":[21,566],"product_tag":[571,1279,1278],"class_list":{"0":"post-5304","1":"product","2":"type-product","3":"status-publish","4":"has-post-thumbnail","6":"product_cat-uj","7":"product_cat-engedelymentes-fegyverek","8":"product_tag-onvedelem","9":"product_tag-riasztopisztoly","10":"product_tag-rohm-rg59-gazrevolver","12":"first","13":"instock","14":"taxable","15":"shipping-taxable","16":"purchasable","17":"product-type-simple"},"_links":{"self":[{"href":"https:\/\/www.vadaszboltcsorna.hu\/index.php\/wp-json\/wp\/v2\/product\/5304","targetHints":{"allow":["GET"]}}],"collection":[{"href":"https:\/\/www.vadaszboltcsorna.hu\/index.php\/wp-json\/wp\/v2\/product"}],"about":[{"href":"https:\/\/www.vadaszboltcsorna.hu\/index.php\/wp-json\/wp\/v2\/types\/product"}],"replies":[{"embeddable":true,"href":"https:\/\/www.vadaszboltcsorna.hu\/index.php\/wp-json\/wp\/v2\/comments?post=5304"}],"wp:featuredmedia":[{"embeddable":true,"href":"https:\/\/www.vadaszboltcsorna.hu\/index.php\/wp-json\/wp\/v2\/media\/5305"}],"wp:attachment":[{"href":"https:\/\/www.vadaszboltcsorna.hu\/index.php\/wp-json\/wp\/v2\/media?parent=5304"}],"wp:term":[{"taxonomy":"product_brand","embeddable":true,"href":"https:\/\/www.vadaszboltcsorna.hu\/index.php\/wp-json\/wp\/v2\/product_brand?post=5304"},{"taxonomy":"product_cat","embeddable":true,"href":"https:\/\/www.vadaszboltcsorna.hu\/index.php\/wp-json\/wp\/v2\/product_cat?post=5304"},{"taxonomy":"product_tag","embeddable":true,"href":"https:\/\/www.vadaszboltcsorna.hu\/index.php\/wp-json\/wp\/v2\/product_tag?post=5304"}],"curies":[{"name":"wp","href":"https:\/\/api.w.org\/{rel}","templated":true}]}}